{"id":135,"date":"2019-02-18T11:22:53","date_gmt":"2019-02-18T10:22:53","guid":{"rendered":"http:\/\/patrimoine-avesnois.fr\/censes\/?page_id=135"},"modified":"2019-03-04T17:52:12","modified_gmt":"2019-03-04T16:52:12","slug":"la-cense-de-labbaye-st-denis-en-broqueroie","status":"publish","type":"page","link":"http:\/\/patrimoine-avesnois.fr\/censes\/la-cense-de-labbaye-st-denis-en-broqueroie\/","title":{"rendered":"La cense de l\u2019abbaye St Denis en Broqueroie"},"content":{"rendered":"\n<p class=\"has-text-color has-medium-font-size has-bright-red-color\">Obrechies<\/p>\n\n\n\n<p>L\u2019abbaye St Denis en Broqueroie avait droit de haute,\nmoyenne et basse justice \u00e0 Obrechies.<\/p>\n\n\n\n<p>Elle poss\u00e9dait de temps imm\u00e9morial une exploitation importante\nau fond de la vall\u00e9e de la Solre. Un moulin y \u00e9tait annex\u00e9. La ferme s\u2019appelait\nla court ou cense Saint-Denis. Elle comprenait, outre l\u2019habitation du fermier,\nun logement destin\u00e9 \u00e0 servir de pied-\u00e0-terre soit aux religieux de Saint-Denis,\nsoit \u00e0 leurs commis. Elle fut r\u00e9par\u00e9e en 1493 par les soins de l\u2019abb\u00e9 dom Jean\nLefort. D\u00e9vast\u00e9e par la guerre de 1637, elle fut relev\u00e9e mais fut en 1658 la\nproie d\u2019un incendie qui d\u00e9truisit la grange et les \u00e9curies. Les moines\nreconnurent la n\u00e9cessit\u00e9 de poss\u00e9der une autre ferme et dix ans apr\u00e8s en firent\nconstruire une autre dans le haut du village. (Recherches historiques sur\nMaubeuge, son canton et les communes limitrophes&#8230; de Z. J. Pi\u00e9rart)<\/p>\n\n\n\n<p>Cette ferme et les moulins furent vendus comme biens nationaux et achet\u00e9s en 1796 par Elie Pierard demeurant \u00e0 Saint-Aubin (ADN 1 Q 14). La ferme fut rachet\u00e9e le 16 germinal An VI  par Antoine Mallet (1758 1814 \u00e0 Maubeuge) et son \u00e9pouse Louise Carlier (1752 + 1804) (ADN 1 Q 146). <\/p>\n\n\n\n<div class=\"wp-block-image\"><figure class=\"aligncenter\"><img data-recalc-dims=\"1\" loading=\"lazy\" decoding=\"async\" width=\"611\" height=\"407\" data-attachment-id=\"136\" data-permalink=\"http:\/\/patrimoine-avesnois.fr\/censes\/la-cense-de-labbaye-st-denis-en-broqueroie\/capture-61\/\" data-orig-file=\"https:\/\/i0.wp.com\/patrimoine-avesnois.fr\/censes\/wp-content\/uploads\/2019\/02\/Capture-60.png?fit=611%2C407\" data-orig-size=\"611,407\" data-comments-opened=\"1\" data-image-meta=\"{&quot;aperture&quot;:&quot;0&quot;,&quot;credit&quot;:&quot;&quot;,&quot;camera&quot;:&quot;&quot;,&quot;caption&quot;:&quot;&quot;,&quot;created_timestamp&quot;:&quot;0&quot;,&quot;copyright&quot;:&quot;&quot;,&quot;focal_length&quot;:&quot;0&quot;,&quot;iso&quot;:&quot;0&quot;,&quot;shutter_speed&quot;:&quot;0&quot;,&quot;title&quot;:&quot;&quot;,&quot;orientation&quot;:&quot;0&quot;}\" data-image-title=\"Capture\" data-image-description=\"\" data-image-caption=\"\" data-large-file=\"https:\/\/i0.wp.com\/patrimoine-avesnois.fr\/censes\/wp-content\/uploads\/2019\/02\/Capture-60.png?fit=611%2C407\" src=\"https:\/\/i0.wp.com\/patrimoine-avesnois.fr\/censes\/wp-content\/uploads\/2019\/02\/Capture-60.png?resize=611%2C407\" alt=\"\" class=\"wp-image-136\" srcset=\"https:\/\/i0.wp.com\/patrimoine-avesnois.fr\/censes\/wp-content\/uploads\/2019\/02\/Capture-60.png?w=611 611w, https:\/\/i0.wp.com\/patrimoine-avesnois.fr\/censes\/wp-content\/uploads\/2019\/02\/Capture-60.png?resize=300%2C200 300w\" sizes=\"auto, (max-width: 611px) 85vw, 611px\" \/><figcaption>Cadastre Obrechies de 1847<\/figcaption><\/figure><\/div>\n\n\n\n<div class=\"wp-block-image\"><figure class=\"aligncenter\"><img data-recalc-dims=\"1\" loading=\"lazy\" decoding=\"async\" width=\"746\" height=\"497\" data-attachment-id=\"137\" data-permalink=\"http:\/\/patrimoine-avesnois.fr\/censes\/la-cense-de-labbaye-st-denis-en-broqueroie\/capture-62\/\" data-orig-file=\"https:\/\/i0.wp.com\/patrimoine-avesnois.fr\/censes\/wp-content\/uploads\/2019\/02\/Capture-61.png?fit=746%2C497\" data-orig-size=\"746,497\" data-comments-opened=\"1\" data-image-meta=\"{&quot;aperture&quot;:&quot;0&quot;,&quot;credit&quot;:&quot;&quot;,&quot;camera&quot;:&quot;&quot;,&quot;caption&quot;:&quot;&quot;,&quot;created_timestamp&quot;:&quot;0&quot;,&quot;copyright&quot;:&quot;&quot;,&quot;focal_length&quot;:&quot;0&quot;,&quot;iso&quot;:&quot;0&quot;,&quot;shutter_speed&quot;:&quot;0&quot;,&quot;title&quot;:&quot;&quot;,&quot;orientation&quot;:&quot;0&quot;}\" data-image-title=\"Capture\" data-image-description=\"\" data-image-caption=\"\" data-large-file=\"https:\/\/i0.wp.com\/patrimoine-avesnois.fr\/censes\/wp-content\/uploads\/2019\/02\/Capture-61.png?fit=746%2C497\" src=\"https:\/\/i0.wp.com\/patrimoine-avesnois.fr\/censes\/wp-content\/uploads\/2019\/02\/Capture-61.png?resize=746%2C497\" alt=\"\" class=\"wp-image-137\" srcset=\"https:\/\/i0.wp.com\/patrimoine-avesnois.fr\/censes\/wp-content\/uploads\/2019\/02\/Capture-61.png?w=746 746w, https:\/\/i0.wp.com\/patrimoine-avesnois.fr\/censes\/wp-content\/uploads\/2019\/02\/Capture-61.png?resize=300%2C200 300w\" sizes=\"auto, (max-width: 746px) 85vw, 746px\" \/><figcaption>Donn\u00e9es cartographiques Google 2019<\/figcaption><\/figure><\/div>\n\n\n\n<div class=\"wp-block-image\"><figure class=\"aligncenter is-resized\"><img data-recalc-dims=\"1\" loading=\"lazy\" decoding=\"async\" data-attachment-id=\"138\" data-permalink=\"http:\/\/patrimoine-avesnois.fr\/censes\/la-cense-de-labbaye-st-denis-en-broqueroie\/capture-63\/\" data-orig-file=\"https:\/\/i0.wp.com\/patrimoine-avesnois.fr\/censes\/wp-content\/uploads\/2019\/02\/Capture-62.png?fit=569%2C380\" data-orig-size=\"569,380\" data-comments-opened=\"1\" data-image-meta=\"{&quot;aperture&quot;:&quot;0&quot;,&quot;credit&quot;:&quot;&quot;,&quot;camera&quot;:&quot;&quot;,&quot;caption&quot;:&quot;&quot;,&quot;created_timestamp&quot;:&quot;0&quot;,&quot;copyright&quot;:&quot;&quot;,&quot;focal_length&quot;:&quot;0&quot;,&quot;iso&quot;:&quot;0&quot;,&quot;shutter_speed&quot;:&quot;0&quot;,&quot;title&quot;:&quot;&quot;,&quot;orientation&quot;:&quot;0&quot;}\" data-image-title=\"Capture\" data-image-description=\"\" data-image-caption=\"\" data-large-file=\"https:\/\/i0.wp.com\/patrimoine-avesnois.fr\/censes\/wp-content\/uploads\/2019\/02\/Capture-62.png?fit=569%2C380\" src=\"https:\/\/i0.wp.com\/patrimoine-avesnois.fr\/censes\/wp-content\/uploads\/2019\/02\/Capture-62.png?resize=605%2C404\" alt=\"\" class=\"wp-image-138\" width=\"605\" height=\"404\" srcset=\"https:\/\/i0.wp.com\/patrimoine-avesnois.fr\/censes\/wp-content\/uploads\/2019\/02\/Capture-62.png?w=569 569w, https:\/\/i0.wp.com\/patrimoine-avesnois.fr\/censes\/wp-content\/uploads\/2019\/02\/Capture-62.png?resize=300%2C200 300w\" sizes=\"auto, (max-width: 605px) 85vw, 605px\" \/><figcaption>La cense d&rsquo;Obrechies<\/figcaption><\/figure><\/div>\n","protected":false},"excerpt":{"rendered":"<p>Obrechies L\u2019abbaye St Denis en Broqueroie avait droit de haute, moyenne et basse justice \u00e0 Obrechies. Elle poss\u00e9dait de temps imm\u00e9morial une exploitation importante au fond de la vall\u00e9e de la Solre. Un moulin y \u00e9tait annex\u00e9. La ferme s\u2019appelait la court ou cense Saint-Denis. Elle comprenait, outre l\u2019habitation du fermier, un logement destin\u00e9 \u00e0 &hellip; <a href=\"http:\/\/patrimoine-avesnois.fr\/censes\/la-cense-de-labbaye-st-denis-en-broqueroie\/\" class=\"more-link\">Continuer la lecture<span class=\"screen-reader-text\"> de &laquo;&nbsp;La cense de l\u2019abbaye St Denis en Broqueroie&nbsp;&raquo;<\/span><\/a><\/p>\n","protected":false},"author":2,"featured_media":0,"parent":0,"menu_order":0,"comment_status":"closed","ping_status":"closed","template":"","meta":{"jetpack_post_was_ever_published":false,"footnotes":""},"class_list":["post-135","page","type-page","status-publish","hentry"],"jetpack_sharing_enabled":true,"jetpack_shortlink":"https:\/\/wp.me\/PaKSRG-2b","jetpack-related-posts":[],"_links":{"self":[{"href":"http:\/\/patrimoine-avesnois.fr\/censes\/wp-json\/wp\/v2\/pages\/135","targetHints":{"allow":["GET"]}}],"collection":[{"href":"http:\/\/patrimoine-avesnois.fr\/censes\/wp-json\/wp\/v2\/pages"}],"about":[{"href":"http:\/\/patrimoine-avesnois.fr\/censes\/wp-json\/wp\/v2\/types\/page"}],"author":[{"embeddable":true,"href":"http:\/\/patrimoine-avesnois.fr\/censes\/wp-json\/wp\/v2\/users\/2"}],"replies":[{"embeddable":true,"href":"http:\/\/patrimoine-avesnois.fr\/censes\/wp-json\/wp\/v2\/comments?post=135"}],"version-history":[{"count":2,"href":"http:\/\/patrimoine-avesnois.fr\/censes\/wp-json\/wp\/v2\/pages\/135\/revisions"}],"predecessor-version":[{"id":433,"href":"http:\/\/patrimoine-avesnois.fr\/censes\/wp-json\/wp\/v2\/pages\/135\/revisions\/433"}],"wp:attachment":[{"href":"http:\/\/patrimoine-avesnois.fr\/censes\/wp-json\/wp\/v2\/media?parent=135"}],"curies":[{"name":"wp","href":"https:\/\/api.w.org\/{rel}","templated":true}]}}