{"id":142,"date":"2019-02-18T11:29:13","date_gmt":"2019-02-18T10:29:13","guid":{"rendered":"http:\/\/patrimoine-avesnois.fr\/censes\/?page_id=142"},"modified":"2019-03-12T10:54:15","modified_gmt":"2019-03-12T09:54:15","slug":"la-cense-de-labbaye-de-bonne-esperance","status":"publish","type":"page","link":"http:\/\/patrimoine-avesnois.fr\/censes\/la-cense-de-labbaye-de-bonne-esperance\/","title":{"rendered":"La cense de l\u2019abbaye de Bonne Esp\u00e9rance"},"content":{"rendered":"\n<p class=\"has-text-color has-medium-font-size has-bright-red-color\"><strong>Vieux-Reng<\/strong><\/p>\n\n\n\n<div class=\"wp-block-image\"><figure class=\"aligncenter\"><img data-recalc-dims=\"1\" loading=\"lazy\" decoding=\"async\" width=\"780\" height=\"520\" data-attachment-id=\"143\" data-permalink=\"http:\/\/patrimoine-avesnois.fr\/censes\/la-cense-de-labbaye-de-bonne-esperance\/capture-64\/\" data-orig-file=\"https:\/\/i0.wp.com\/patrimoine-avesnois.fr\/censes\/wp-content\/uploads\/2019\/02\/Capture-63.png?fit=780%2C520\" data-orig-size=\"780,520\" data-comments-opened=\"1\" data-image-meta=\"{&quot;aperture&quot;:&quot;0&quot;,&quot;credit&quot;:&quot;&quot;,&quot;camera&quot;:&quot;&quot;,&quot;caption&quot;:&quot;&quot;,&quot;created_timestamp&quot;:&quot;0&quot;,&quot;copyright&quot;:&quot;&quot;,&quot;focal_length&quot;:&quot;0&quot;,&quot;iso&quot;:&quot;0&quot;,&quot;shutter_speed&quot;:&quot;0&quot;,&quot;title&quot;:&quot;&quot;,&quot;orientation&quot;:&quot;0&quot;}\" data-image-title=\"Capture\" data-image-description=\"\" data-image-caption=\"\" data-large-file=\"https:\/\/i0.wp.com\/patrimoine-avesnois.fr\/censes\/wp-content\/uploads\/2019\/02\/Capture-63.png?fit=780%2C520\" src=\"https:\/\/i0.wp.com\/patrimoine-avesnois.fr\/censes\/wp-content\/uploads\/2019\/02\/Capture-63.png?resize=780%2C520\" alt=\"\" class=\"wp-image-143\" srcset=\"https:\/\/i0.wp.com\/patrimoine-avesnois.fr\/censes\/wp-content\/uploads\/2019\/02\/Capture-63.png?w=780 780w, https:\/\/i0.wp.com\/patrimoine-avesnois.fr\/censes\/wp-content\/uploads\/2019\/02\/Capture-63.png?resize=300%2C200 300w, https:\/\/i0.wp.com\/patrimoine-avesnois.fr\/censes\/wp-content\/uploads\/2019\/02\/Capture-63.png?resize=768%2C512 768w\" sizes=\"auto, (max-width: 780px) 85vw, 780px\" \/><figcaption>La ferme de la Salmagne<\/figcaption><\/figure><\/div>\n\n\n\n<p>Au sud-ouest de Vieux-Reng se trouve la ferme de la Salmagne. La Salmagne formait autrefois une enclave de la commune de Vellereille-lez-Brayeux, pr\u00e9v\u00f4t\u00e9 de Binche et relevait de l\u2019abbaye de Bonne Esp\u00e9rance. Elle parait avoir \u00e9t\u00e9 donn\u00e9e \u00e0 ce monast\u00e8re lors de sa fondation, en 1125, en m\u00eame temps que le village dont elle d\u00e9pendait. C\u2019\u00e9tait une ferme importante compos\u00e9e d\u2019une \u00ab&nbsp;maison manaule avec salle basse, chambres, cuisine, laiterie et lardier, loge, greniers, forge, carlerie et prison&nbsp;\u00bb. Elle \u00e9tait entour\u00e9e de son vivier, de ses champs et de ses bois. Un moulin appel\u00e9 moulin de Mairieu d\u00e9nomm\u00e9 de nos jours le moulin de la Salmagne \u00e9tait sous sa juridiction. (Archives de l\u2019Abbaye de Bonne Esperance transcrites en 18 volumes par l\u2019abb\u00e9 Englebert Maghe en 1778)<\/p>\n\n\n\n<p>Le 21 Thermidor An IV (8 Ao\u00fbt 1796) Constant Godefroy acheta la ferme de la Salmagne  alors dite sur le territoire d&rsquo;Elesmes (ADN 1 Q 23 liasse 1180). Constant Joseph Godefroy n\u00e9 en 1754 \u00e0 Avesnes-sur-Helpe, mari\u00e9 \u00e0 Marie Louise Pillot, \u00e9tait Tr\u00e9sorier Massard, puis au d\u00e9c\u00e8s de son \u00e9pouse en 1803 Inspecteur des eaux et for\u00eats.<\/p>\n\n\n\n<p>Le 25 Frimaire An VI (15 d\u00e9cembre 1797) cette cense toujours cit\u00e9e sur Elesmes fut acquise par un d\u00e9nomm\u00e9 Manfroy (ADN 1 Q 33 liasse 3296). Il s&rsquo;agit \u00e0 cette date d&rsquo;un achat de la ferme par cette famille Manfroy qui  occupait les lieux depuis le XVII si\u00e8cle. En effet, <a href=\"https:\/\/gw.geneanet.org\/gvandensande?lang=fr&amp;p=nicolas&amp;n=manfroy\">Nicolas Manfroy<\/a> (1667 1756) \u00e9tait  \u00ab\u00a0Fermier des Mr de Bonne Esp\u00e9rance\u00a0\u00bb. Son fils Philippe Fran\u00e7ois (1702 1755) \u00e9tait \u00e9galement dit\u00a0\u00bb censier et Fermier des Dames de Bonne esp\u00e9rance\u00a0\u00bb. Le rachat de 1797 pourrait \u00eatre \u00e0 l&rsquo;initiative d&rsquo;un de ses fils \u00e0 savoir Philippe Fran\u00e7ois n\u00e9 en 1751, laboureur mari\u00e9 en 1781 \u00e0 Catherine Ducarne. <\/p>\n\n\n\n<p><\/p>\n","protected":false},"excerpt":{"rendered":"<p>Vieux-Reng Au sud-ouest de Vieux-Reng se trouve la ferme de la Salmagne. La Salmagne formait autrefois une enclave de la commune de Vellereille-lez-Brayeux, pr\u00e9v\u00f4t\u00e9 de Binche et relevait de l\u2019abbaye de Bonne Esp\u00e9rance. Elle parait avoir \u00e9t\u00e9 donn\u00e9e \u00e0 ce monast\u00e8re lors de sa fondation, en 1125, en m\u00eame temps que le village dont elle &hellip; <a href=\"http:\/\/patrimoine-avesnois.fr\/censes\/la-cense-de-labbaye-de-bonne-esperance\/\" class=\"more-link\">Continuer la lecture<span class=\"screen-reader-text\"> de &laquo;&nbsp;La cense de l\u2019abbaye de Bonne Esp\u00e9rance&nbsp;&raquo;<\/span><\/a><\/p>\n","protected":false},"author":2,"featured_media":0,"parent":0,"menu_order":0,"comment_status":"closed","ping_status":"closed","template":"","meta":{"jetpack_post_was_ever_published":false,"footnotes":""},"class_list":["post-142","page","type-page","status-publish","hentry"],"jetpack_sharing_enabled":true,"jetpack_shortlink":"https:\/\/wp.me\/PaKSRG-2i","jetpack-related-posts":[],"_links":{"self":[{"href":"http:\/\/patrimoine-avesnois.fr\/censes\/wp-json\/wp\/v2\/pages\/142","targetHints":{"allow":["GET"]}}],"collection":[{"href":"http:\/\/patrimoine-avesnois.fr\/censes\/wp-json\/wp\/v2\/pages"}],"about":[{"href":"http:\/\/patrimoine-avesnois.fr\/censes\/wp-json\/wp\/v2\/types\/page"}],"author":[{"embeddable":true,"href":"http:\/\/patrimoine-avesnois.fr\/censes\/wp-json\/wp\/v2\/users\/2"}],"replies":[{"embeddable":true,"href":"http:\/\/patrimoine-avesnois.fr\/censes\/wp-json\/wp\/v2\/comments?post=142"}],"version-history":[{"count":6,"href":"http:\/\/patrimoine-avesnois.fr\/censes\/wp-json\/wp\/v2\/pages\/142\/revisions"}],"predecessor-version":[{"id":484,"href":"http:\/\/patrimoine-avesnois.fr\/censes\/wp-json\/wp\/v2\/pages\/142\/revisions\/484"}],"wp:attachment":[{"href":"http:\/\/patrimoine-avesnois.fr\/censes\/wp-json\/wp\/v2\/media?parent=142"}],"curies":[{"name":"wp","href":"https:\/\/api.w.org\/{rel}","templated":true}]}}