{"id":149,"date":"2019-02-18T11:39:50","date_gmt":"2019-02-18T10:39:50","guid":{"rendered":"http:\/\/patrimoine-avesnois.fr\/censes\/?page_id=149"},"modified":"2019-02-18T13:18:30","modified_gmt":"2019-02-18T12:18:30","slug":"les-censes-de-labbaye-du-saint-sepulcre-de-cambrai","status":"publish","type":"page","link":"http:\/\/patrimoine-avesnois.fr\/censes\/les-censes-de-labbaye-du-saint-sepulcre-de-cambrai\/","title":{"rendered":"Les censes de l\u2019abbaye du Saint-S\u00e9pulcre de Cambrai"},"content":{"rendered":"\n<p class=\"has-text-color has-medium-font-size has-bright-red-color\"><strong>Villereau<\/strong><\/p>\n\n\n\n<p>Le manoir du Saint-S\u00e9pulcre, qui \u00e9tait \u00e0 l\u2019origine propri\u00e9t\u00e9 des Templiers devint possession de l\u2019abbaye du Saint-S\u00e9pulcre de Cambrai. En 1576, elle en vendit une grande partie \u00e0 Charles de Martigny, receveur g\u00e9n\u00e9ral en Hainaut, mais elle conserva suffisamment de terre pour justifier la reconstruction d\u2019une importante ferme en 1642. (Il n\u2019en subsiste que deux caves).<\/p>\n\n\n\n<div class=\"wp-block-image\"><figure class=\"aligncenter\"><img data-recalc-dims=\"1\" loading=\"lazy\" decoding=\"async\" width=\"667\" height=\"445\" data-attachment-id=\"150\" data-permalink=\"http:\/\/patrimoine-avesnois.fr\/censes\/les-censes-de-labbaye-du-saint-sepulcre-de-cambrai\/capture-67\/\" data-orig-file=\"https:\/\/i0.wp.com\/patrimoine-avesnois.fr\/censes\/wp-content\/uploads\/2019\/02\/Capture-66.png?fit=667%2C445\" data-orig-size=\"667,445\" data-comments-opened=\"1\" data-image-meta=\"{&quot;aperture&quot;:&quot;0&quot;,&quot;credit&quot;:&quot;&quot;,&quot;camera&quot;:&quot;&quot;,&quot;caption&quot;:&quot;&quot;,&quot;created_timestamp&quot;:&quot;0&quot;,&quot;copyright&quot;:&quot;&quot;,&quot;focal_length&quot;:&quot;0&quot;,&quot;iso&quot;:&quot;0&quot;,&quot;shutter_speed&quot;:&quot;0&quot;,&quot;title&quot;:&quot;&quot;,&quot;orientation&quot;:&quot;0&quot;}\" data-image-title=\"Capture\" data-image-description=\"\" data-image-caption=\"\" data-large-file=\"https:\/\/i0.wp.com\/patrimoine-avesnois.fr\/censes\/wp-content\/uploads\/2019\/02\/Capture-66.png?fit=667%2C445\" src=\"https:\/\/i0.wp.com\/patrimoine-avesnois.fr\/censes\/wp-content\/uploads\/2019\/02\/Capture-66.png?resize=667%2C445\" alt=\"\" class=\"wp-image-150\" srcset=\"https:\/\/i0.wp.com\/patrimoine-avesnois.fr\/censes\/wp-content\/uploads\/2019\/02\/Capture-66.png?w=667 667w, https:\/\/i0.wp.com\/patrimoine-avesnois.fr\/censes\/wp-content\/uploads\/2019\/02\/Capture-66.png?resize=300%2C200 300w\" sizes=\"auto, (max-width: 667px) 85vw, 667px\" \/><\/figure><\/div>\n\n\n\n<p>Pour information, un autre manoir \u00e9galement disparu, appel\u00e9 le\nmanoir d\u2019Odrimont, aux origines moyen\u00e2geuses, correspond aujourd\u2019hui \u00e0\nl\u2019emplacement d\u2019une importante ferme dont plusieurs b\u00e2timents comportent des\n\u00e9l\u00e9ments remploy\u00e9s du manoir (pan de mur, ouvertures, blason du XVIe si\u00e8cle).&nbsp;<\/p>\n\n\n\n<p>La fa\u00e7ade de la grange donnant sur la cour de ferme poss\u00e8de\nencore des ouvertures et un blason du XVI e si\u00e8cle. Le b\u00e2timent du fond garde\nses ouvertures des XV et XVI e si\u00e8cles et des meurtri\u00e8res. L&rsquo;ext\u00e9rieur de ce\nb\u00e2timent est \u00e0 rapprocher du corps de logis visible sur l&rsquo;album de Cro\u00ff. A la\nplace de la tour de guet, la maison de la ferme a trouv\u00e9 sa place.<\/p>\n","protected":false},"excerpt":{"rendered":"<p>Villereau Le manoir du Saint-S\u00e9pulcre, qui \u00e9tait \u00e0 l\u2019origine propri\u00e9t\u00e9 des Templiers devint possession de l\u2019abbaye du Saint-S\u00e9pulcre de Cambrai. En 1576, elle en vendit une grande partie \u00e0 Charles de Martigny, receveur g\u00e9n\u00e9ral en Hainaut, mais elle conserva suffisamment de terre pour justifier la reconstruction d\u2019une importante ferme en 1642. (Il n\u2019en subsiste que &hellip; <a href=\"http:\/\/patrimoine-avesnois.fr\/censes\/les-censes-de-labbaye-du-saint-sepulcre-de-cambrai\/\" class=\"more-link\">Continuer la lecture<span class=\"screen-reader-text\"> de &laquo;&nbsp;Les censes de l\u2019abbaye du Saint-S\u00e9pulcre de Cambrai&nbsp;&raquo;<\/span><\/a><\/p>\n","protected":false},"author":2,"featured_media":0,"parent":0,"menu_order":0,"comment_status":"closed","ping_status":"closed","template":"","meta":{"jetpack_post_was_ever_published":false,"footnotes":""},"class_list":["post-149","page","type-page","status-publish","hentry"],"jetpack_sharing_enabled":true,"jetpack_shortlink":"https:\/\/wp.me\/PaKSRG-2p","jetpack-related-posts":[],"_links":{"self":[{"href":"http:\/\/patrimoine-avesnois.fr\/censes\/wp-json\/wp\/v2\/pages\/149","targetHints":{"allow":["GET"]}}],"collection":[{"href":"http:\/\/patrimoine-avesnois.fr\/censes\/wp-json\/wp\/v2\/pages"}],"about":[{"href":"http:\/\/patrimoine-avesnois.fr\/censes\/wp-json\/wp\/v2\/types\/page"}],"author":[{"embeddable":true,"href":"http:\/\/patrimoine-avesnois.fr\/censes\/wp-json\/wp\/v2\/users\/2"}],"replies":[{"embeddable":true,"href":"http:\/\/patrimoine-avesnois.fr\/censes\/wp-json\/wp\/v2\/comments?post=149"}],"version-history":[{"count":2,"href":"http:\/\/patrimoine-avesnois.fr\/censes\/wp-json\/wp\/v2\/pages\/149\/revisions"}],"predecessor-version":[{"id":177,"href":"http:\/\/patrimoine-avesnois.fr\/censes\/wp-json\/wp\/v2\/pages\/149\/revisions\/177"}],"wp:attachment":[{"href":"http:\/\/patrimoine-avesnois.fr\/censes\/wp-json\/wp\/v2\/media?parent=149"}],"curies":[{"name":"wp","href":"https:\/\/api.w.org\/{rel}","templated":true}]}}