{"id":162,"date":"2019-02-18T12:03:18","date_gmt":"2019-02-18T11:03:18","guid":{"rendered":"http:\/\/patrimoine-avesnois.fr\/censes\/?page_id=162"},"modified":"2019-02-18T13:17:39","modified_gmt":"2019-02-18T12:17:39","slug":"la-cense-du-couvent-des-oratoriens","status":"publish","type":"page","link":"http:\/\/patrimoine-avesnois.fr\/censes\/la-cense-du-couvent-des-oratoriens\/","title":{"rendered":"La cense du couvent des Oratoriens"},"content":{"rendered":"\n<p class=\"has-text-color has-medium-font-size has-bright-red-color\"><strong>Ferri\u00e8re-la-Grande<\/strong><\/p>\n\n\n\n<div class=\"wp-block-image\"><figure class=\"aligncenter\"><img data-recalc-dims=\"1\" loading=\"lazy\" decoding=\"async\" width=\"782\" height=\"522\" data-attachment-id=\"163\" data-permalink=\"http:\/\/patrimoine-avesnois.fr\/censes\/la-cense-du-couvent-des-oratoriens\/capture-74\/\" data-orig-file=\"https:\/\/i0.wp.com\/patrimoine-avesnois.fr\/censes\/wp-content\/uploads\/2019\/02\/Capture-73.png?fit=782%2C522\" data-orig-size=\"782,522\" data-comments-opened=\"1\" data-image-meta=\"{&quot;aperture&quot;:&quot;0&quot;,&quot;credit&quot;:&quot;&quot;,&quot;camera&quot;:&quot;&quot;,&quot;caption&quot;:&quot;&quot;,&quot;created_timestamp&quot;:&quot;0&quot;,&quot;copyright&quot;:&quot;&quot;,&quot;focal_length&quot;:&quot;0&quot;,&quot;iso&quot;:&quot;0&quot;,&quot;shutter_speed&quot;:&quot;0&quot;,&quot;title&quot;:&quot;&quot;,&quot;orientation&quot;:&quot;0&quot;}\" data-image-title=\"Capture\" data-image-description=\"\" data-image-caption=\"\" data-large-file=\"https:\/\/i0.wp.com\/patrimoine-avesnois.fr\/censes\/wp-content\/uploads\/2019\/02\/Capture-73.png?fit=782%2C522\" src=\"https:\/\/i0.wp.com\/patrimoine-avesnois.fr\/censes\/wp-content\/uploads\/2019\/02\/Capture-73.png?resize=782%2C522\" alt=\"\" class=\"wp-image-163\" srcset=\"https:\/\/i0.wp.com\/patrimoine-avesnois.fr\/censes\/wp-content\/uploads\/2019\/02\/Capture-73.png?w=782 782w, https:\/\/i0.wp.com\/patrimoine-avesnois.fr\/censes\/wp-content\/uploads\/2019\/02\/Capture-73.png?resize=300%2C200 300w, https:\/\/i0.wp.com\/patrimoine-avesnois.fr\/censes\/wp-content\/uploads\/2019\/02\/Capture-73.png?resize=768%2C513 768w\" sizes=\"auto, (max-width: 782px) 85vw, 782px\" \/><figcaption>Cadastre de Ferri\u00e8re-la-Grande de 1845<\/figcaption><\/figure><\/div>\n\n\n\n<p>A Maubeuge, au del\u00e0 de l&rsquo;h\u00f4pital Saint-Jacques venait la rue\ndes Chanoines (aujourd&rsquo;hui rue Royale), appel\u00e9e plus tard rue de l&rsquo;Oratoire \u00e0 cause\nd&rsquo;un couvent d&rsquo;oratoriens qui s&rsquo;y trouvait. <\/p>\n\n\n\n<p>La fondation de ce couvent \u00e9tait due aux instances de Pierre\nDubois, cur\u00e9 de Maubeuge, qui, en 1627, fit venir,&nbsp; avec permission de l&rsquo;\u00e9v\u00eaque dioc\u00e9sain,\nplusieurs fr\u00e8res de l\u2019Oratoire de Louvain, parmi lesquels se trouvait\nl&rsquo;illustre et r\u00e9v\u00e9rend P\u00e8re Jean-Baptiste de Gaule, depuis \u00e9v\u00eaque de Marseille.\n<\/p>\n\n\n\n<p>Les oratoriens ne tard\u00e8rent pas \u00e0 prosp\u00e9rer \u00e0 Maubeuge. Ils\nfurent admis, conjointement avec les capucins, au service de la pr\u00e9dication\ndans l&rsquo;\u00e9glise Sainte-Aldegonde, et leurs sup\u00e9rieurs obtinrent, par bulle du\npape Urbain VIII, d&rsquo;\u00eatre \u00e0 l&rsquo;avenir les doyens de la paroisse. <\/p>\n\n\n\n<p>Les oratoriens de Maubeuge, amis du progr\u00e8s et du libre\nexamen, comme tous ceux de leur ordre, se firent remarquer par leurs vertus\nrigides, leur esprit de tol\u00e9rance et de charit\u00e9, et par leur amour des sciences\net des lettres. Ils \u00e9taient les seuls religieux de la ville qui eussent une\nbiblioth\u00e8que. La R\u00e9volution supprima leur \u00e9tablissement et les derniers\noratoriens de Maubeuge furent les PP. Demeuldre, sup\u00e9rieur et cur\u00e9 du la ville\n; Drichart, Gormont, Leveque et Deserret, vice-cur\u00e9s, plus un titre la\u00efque. Le\nPire Deserret fut nomm\u00e9 doyen de Maubeuge en 1802, lors du r\u00e9tablissement du\nculte catholique. (Recherches Historiques sur Maubeuge, son canton par Z\nPi\u00e9rart 1851)<\/p>\n\n\n\n<p>Le 9 Frimaire An 5 la ferme des Oratoriens de Maubeuge \u00e0\nFerri\u00e8re-la-Grande fut vendue comme bien national \u00e0 Mallet Carlier (ADN 1 Q\n59\/2934). Antoine Mallet (1758 1814 \u00e0 Maubeuge) fut mari\u00e9 \u00e0 Louise Carlier (1752\n+ 1804) puis \u00e0 Olympe Dehon en 1805. Il \u00e9tait teinturier praticien lors de son\npremier mariage en 1782.<\/p>\n\n\n\n<p>Des extraits de la monographie de Ferri\u00e8re-la-Grande par\nLouis Lutaud (\u00e9dition 1908) nous apprennent que \u00ab&nbsp;peu avant 1700, un\nproc\u00e8s eut lieu afin de contraindre les P\u00e8res de l\u2019Oratoire de Maubeuge \u00e0\ns\u2019acquitter des droits seigneuriaux qu\u2019ils devaient sur la Ferme du Surjeon \u2026.<\/p>\n\n\n\n<p>\u2026\u2026d\u2019apr\u00e8s de nombreux documents qui ont \u00e9t\u00e9 consult\u00e9s, la Ferme dite du Bourdiau\nactuellement et construite en 1686 aurait \u00e9t\u00e9 \u00e9rig\u00e9e sur l\u2019emplacement de\nl\u2019ancienne ferme du Surgeon&nbsp;\u00bb.<\/p>\n\n\n\n<p>Cette ferme des oratoriens \u00e0 Ferri\u00e8re-la-Grande \u00e9tait donc\nla ferme du Bourdiau. Elle a donc disparue apr\u00e8s 1908 et se situait pr\u00e8s d&rsquo;un\nfort de la 1\u00e8re guerre mondiale (fort du Bourdiau). Sa disparition est\npeut-\u00eatre due aux combats intervenus en ao\u00fbt et septembre 1914 lors de la\nbataille et du si\u00e8ge de Maubeuge.<\/p>\n","protected":false},"excerpt":{"rendered":"<p>Ferri\u00e8re-la-Grande A Maubeuge, au del\u00e0 de l&rsquo;h\u00f4pital Saint-Jacques venait la rue des Chanoines (aujourd&rsquo;hui rue Royale), appel\u00e9e plus tard rue de l&rsquo;Oratoire \u00e0 cause d&rsquo;un couvent d&rsquo;oratoriens qui s&rsquo;y trouvait. La fondation de ce couvent \u00e9tait due aux instances de Pierre Dubois, cur\u00e9 de Maubeuge, qui, en 1627, fit venir,&nbsp; avec permission de l&rsquo;\u00e9v\u00eaque dioc\u00e9sain, &hellip; <a href=\"http:\/\/patrimoine-avesnois.fr\/censes\/la-cense-du-couvent-des-oratoriens\/\" class=\"more-link\">Continuer la lecture<span class=\"screen-reader-text\"> de &laquo;&nbsp;La cense du couvent des Oratoriens&nbsp;&raquo;<\/span><\/a><\/p>\n","protected":false},"author":2,"featured_media":0,"parent":0,"menu_order":0,"comment_status":"closed","ping_status":"closed","template":"","meta":{"jetpack_post_was_ever_published":false,"footnotes":""},"class_list":["post-162","page","type-page","status-publish","hentry"],"jetpack_sharing_enabled":true,"jetpack_shortlink":"https:\/\/wp.me\/PaKSRG-2C","jetpack-related-posts":[],"_links":{"self":[{"href":"http:\/\/patrimoine-avesnois.fr\/censes\/wp-json\/wp\/v2\/pages\/162","targetHints":{"allow":["GET"]}}],"collection":[{"href":"http:\/\/patrimoine-avesnois.fr\/censes\/wp-json\/wp\/v2\/pages"}],"about":[{"href":"http:\/\/patrimoine-avesnois.fr\/censes\/wp-json\/wp\/v2\/types\/page"}],"author":[{"embeddable":true,"href":"http:\/\/patrimoine-avesnois.fr\/censes\/wp-json\/wp\/v2\/users\/2"}],"replies":[{"embeddable":true,"href":"http:\/\/patrimoine-avesnois.fr\/censes\/wp-json\/wp\/v2\/comments?post=162"}],"version-history":[{"count":2,"href":"http:\/\/patrimoine-avesnois.fr\/censes\/wp-json\/wp\/v2\/pages\/162\/revisions"}],"predecessor-version":[{"id":176,"href":"http:\/\/patrimoine-avesnois.fr\/censes\/wp-json\/wp\/v2\/pages\/162\/revisions\/176"}],"wp:attachment":[{"href":"http:\/\/patrimoine-avesnois.fr\/censes\/wp-json\/wp\/v2\/media?parent=162"}],"curies":[{"name":"wp","href":"https:\/\/api.w.org\/{rel}","templated":true}]}}