{"id":19,"date":"2019-02-07T10:20:04","date_gmt":"2019-02-07T09:20:04","guid":{"rendered":"http:\/\/patrimoine-avesnois.fr\/censes\/?page_id=19"},"modified":"2024-11-11T13:06:36","modified_gmt":"2024-11-11T12:06:36","slug":"premiere-partie-les-censes-ecclesiastiques","status":"publish","type":"page","link":"http:\/\/patrimoine-avesnois.fr\/censes\/premiere-partie-les-censes-ecclesiastiques\/","title":{"rendered":"1 \u00e8re Partie : les censes eccl\u00e9siastiques"},"content":{"rendered":"\n<p>Ces censes \u00e9taient principalement abbatiales, mais quelques unes appartenaient \u00e0 un chapitre ou \u00e0 un ordre. Elles \u00e9taient plus de 70 sur le territoire de l\u2019Avesnois.<\/p>\n\n\n\n<p class=\"has-text-align-center has-bright-red-color has-text-color\"><strong>1 Les censes de l\u2019abbaye de Maroilles&nbsp;: <\/strong><\/p>\n\n\n\n<p><strong>1 A<\/strong><strong> Maroilles<\/strong><\/p>\n\n\n\n<p><strong>1 B Hachette<\/strong><\/p>\n\n\n\n<p><strong>1 C<\/strong><strong> Marbaix<\/strong><\/p>\n\n\n\n<p><strong>1 D Noyelles-sur-Sambre<\/strong><\/p>\n\n\n\n<p><strong>1 E Taisni\u00e8res-en-Thi\u00e9rache<\/strong><\/p>\n\n\n\n<p><strong>1 F<\/strong><strong> Salesches<\/strong><\/p>\n\n\n\n<p><strong>1 G<\/strong><strong> Louvignies-Quesnoy<\/strong><\/p>\n\n\n\n<p class=\"has-text-align-center has-bright-red-color has-text-color\"><strong>2 Les censes de l\u2019abbaye d\u2019Hautmont&nbsp;:<\/strong><\/p>\n\n\n\n<p><strong>2 A<\/strong><strong> Hautmont<\/strong><\/p>\n\n\n\n<p><strong>2 B Boussi\u00e8res<\/strong><\/p>\n\n\n\n<p><strong>2 C<\/strong><strong>\nFerri\u00e8re-la-Grande<\/strong><\/p>\n\n\n\n<p><strong>2 D Gognies-Chauss\u00e9e<\/strong><\/p>\n\n\n\n<p><strong>2 E Hargnies<\/strong><\/p>\n\n\n\n<p><strong>2 F<\/strong><strong> Limont-Fontaine<\/strong><\/p>\n\n\n\n<p><strong>2 G<\/strong><strong> Louvroil<\/strong><\/p>\n\n\n\n<p><strong>2 H Mairieux<\/strong><\/p>\n\n\n\n<p><strong>2 I Saint-Aubin<\/strong><\/p>\n\n\n\n<p><strong>2 J Saint-R\u00e9my-Chauss\u00e9e<\/strong><\/p>\n\n\n\n<p><strong>2 K Saint-R\u00e9my-du-Nord<\/strong><\/p>\n\n\n\n<p><strong>2 L<\/strong><strong> Vieux-Mesnil<\/strong><\/p>\n\n\n\n<p><strong>2 M<\/strong><strong> Vieux-Reng<\/strong><\/p>\n\n\n\n<p><strong>2 N Villereau<\/strong><\/p>\n\n\n\n<p class=\"has-text-align-center has-bright-red-color has-text-color\"><strong>3 Les censes du chapitre Ste Aldegonde de Maubeuge<\/strong><\/p>\n\n\n\n<p><strong>3 A<\/strong><strong> Maubeuge<\/strong><\/p>\n\n\n\n<p><strong>3 B Aulnoye-Aymeries<\/strong><\/p>\n\n\n\n<p><strong>3 C<\/strong><strong> Bersillies<\/strong><\/p>\n\n\n\n<p><strong>3 D Bousignies-sur-Roc<\/strong><\/p>\n\n\n\n<p><strong>3 E Boussois<\/strong><\/p>\n\n\n\n<p><strong>3 F<\/strong><strong> Colleret<\/strong><\/p>\n\n\n\n<p><strong>3 G<\/strong><strong> Cousolre<\/strong><\/p>\n\n\n\n<p><strong>3 H Gognies-Chauss\u00e9e<\/strong><\/p>\n\n\n\n<p><strong>3 I Houdain-lez-Bavay<\/strong><\/p>\n\n\n\n<p><strong>3 J Pont-sur-Sambre<\/strong><\/p>\n\n\n\n<p class=\"has-text-align-center has-bright-red-color has-text-color\"><strong>4 Les censes de l\u2019abbaye de Liessies<\/strong><\/p>\n\n\n\n<p><strong>4 A<\/strong><strong> Liessies<\/strong><\/p>\n\n\n\n<p><strong>4 B Boulogne-sur-Helpe<\/strong><\/p>\n\n\n\n<p><strong>4 C<\/strong><strong> Cartignies<\/strong><\/p>\n\n\n\n<p><strong>4 D Dompierre-sur-Helpe<\/strong><\/p>\n\n\n\n<p><strong>4 E Etroeungt&nbsp;<\/strong><\/p>\n\n\n\n<p><strong>4 F<\/strong><strong> F\u00e9ron<\/strong><\/p>\n\n\n\n<p><strong>4 G Ramousies<\/strong><\/p>\n\n\n\n<p><strong>4 H Sars-Poteries<\/strong><\/p>\n\n\n\n<p class=\"has-text-align-center has-bright-red-color has-text-color\"><strong>5 Les censes de l\u2019abbaye d\u2019Aulne <\/strong><\/p>\n\n\n\n<p><strong>5 A<\/strong><strong> Aibes<\/strong><\/p>\n\n\n\n<p><strong>5 B B\u00e9relles<\/strong><\/p>\n\n\n\n<p><strong>5 C<\/strong><strong> Hestrud<\/strong><\/p>\n\n\n\n<p class=\"has-text-align-center has-bright-red-color has-text-color\"><strong>6<\/strong> <strong>La cense de l\u2019abbaye de Lobbes<\/strong><\/p>\n\n\n\n<p><strong>Baives<\/strong><\/p>\n\n\n\n<p class=\"has-text-align-center has-bright-red-color has-text-color\"><strong>7<\/strong> <strong>Les censes de l\u2019abbaye de Cambron<\/strong><\/p>\n\n\n\n<p><strong>Bermeries<\/strong><\/p>\n\n\n\n<p class=\"has-text-align-center has-bright-red-color has-text-color\"><strong>8 La cense de l\u2019abbaye St Denis en Broqueroie<\/strong><\/p>\n\n\n\n<p><strong>Obrechies<\/strong><\/p>\n\n\n\n<p class=\"has-text-align-center has-bright-red-color has-text-color\"><strong>9 La cense de l\u2019abbaye St Denis (en Seine St Denis)<\/strong><\/p>\n\n\n\n<p><strong>Wignehies<\/strong><\/p>\n\n\n\n<p class=\"has-text-align-center has-bright-red-color has-text-color\"><strong>10 La cense de l\u2019abbaye de Bonne Esp\u00e9rance <\/strong><\/p>\n\n\n\n<p><strong>Vieux-Reng<\/strong><\/p>\n\n\n\n<p class=\"has-text-align-center has-bright-red-color has-text-color\"><strong>11 La cense de l\u2019abbaye de Vicoigne<\/strong><\/p>\n\n\n\n<p><strong>Salesches<\/strong><\/p>\n\n\n\n<p class=\"has-text-align-center has-bright-red-color has-text-color\"><strong>12 les censes de l\u2019abbaye du Saint-S\u00e9pulcre de Cambrai<\/strong><\/p>\n\n\n\n<p><strong>Villereau<\/strong><\/p>\n\n\n\n<p class=\"has-text-align-center has-bright-red-color has-text-color\"><strong>13 les censes du Chapitre M\u00e9tropolitain de Cambrai<\/strong><\/p>\n\n\n\n<p><strong>13 A<\/strong><strong> Maresches<\/strong><\/p>\n\n\n\n<p><strong>13 B Villers-Pol<\/strong><\/p>\n\n\n\n<p class=\"has-text-align-center has-bright-red-color has-text-color\"><strong>14 les censes de l\u2019ordre de Malte<\/strong><\/p>\n\n\n\n<p><strong>14 A Dourlers<\/strong><\/p>\n\n\n\n<p><strong>14 B Frasnoy<\/strong><\/p>\n\n\n\n<p><strong>14 C Le Favril<\/strong><\/p>\n\n\n\n<p><strong>14 D Saint-Aubin<\/strong><\/p>\n\n\n\n<p class=\"has-text-align-center has-bright-red-color has-text-color\"><strong>15 la cense du couvent des Oratoriens <\/strong><\/p>\n\n\n\n<p><strong>Ferri\u00e8re-la-Grande<\/strong><\/p>\n\n\n\n<p class=\"has-text-align-center has-bright-red-color has-text-color\"><strong>16 les censes de l\u2019abbaye d\u2019Anchin et de la pr\u00e9v\u00f4t\u00e9\nd\u2019Haspres.<\/strong><\/p>\n\n\n\n<p><strong>16 A<\/strong><strong> Aymeries<\/strong><\/p>\n\n\n\n<p><strong>16 B Berlaimont<\/strong><\/p>\n\n\n\n<p><strong>16 C Frasnoy<\/strong><\/p>\n\n\n\n<p><strong>16 D Ghissignies<\/strong><\/p>\n\n\n\n<p><\/p>\n","protected":false},"excerpt":{"rendered":"<p>Ces censes \u00e9taient principalement abbatiales, mais quelques unes appartenaient \u00e0 un chapitre ou \u00e0 un ordre. Elles \u00e9taient plus de 70 sur le territoire de l\u2019Avesnois. 1 Les censes de l\u2019abbaye de Maroilles&nbsp;: 1 A Maroilles 1 B Hachette 1 C Marbaix 1 D Noyelles-sur-Sambre 1 E Taisni\u00e8res-en-Thi\u00e9rache 1 F Salesches 1 G Louvignies-Quesnoy 2 &hellip; <a href=\"http:\/\/patrimoine-avesnois.fr\/censes\/premiere-partie-les-censes-ecclesiastiques\/\" class=\"more-link\">Continuer la lecture<span class=\"screen-reader-text\"> de &laquo;&nbsp;1 \u00e8re Partie : les censes eccl\u00e9siastiques&nbsp;&raquo;<\/span><\/a><\/p>\n","protected":false},"author":2,"featured_media":0,"parent":0,"menu_order":0,"comment_status":"closed","ping_status":"closed","template":"","meta":{"jetpack_post_was_ever_published":false,"footnotes":""},"class_list":["post-19","page","type-page","status-publish","hentry"],"jetpack_sharing_enabled":true,"jetpack_shortlink":"https:\/\/wp.me\/PaKSRG-j","jetpack-related-posts":[],"_links":{"self":[{"href":"http:\/\/patrimoine-avesnois.fr\/censes\/wp-json\/wp\/v2\/pages\/19","targetHints":{"allow":["GET"]}}],"collection":[{"href":"http:\/\/patrimoine-avesnois.fr\/censes\/wp-json\/wp\/v2\/pages"}],"about":[{"href":"http:\/\/patrimoine-avesnois.fr\/censes\/wp-json\/wp\/v2\/types\/page"}],"author":[{"embeddable":true,"href":"http:\/\/patrimoine-avesnois.fr\/censes\/wp-json\/wp\/v2\/users\/2"}],"replies":[{"embeddable":true,"href":"http:\/\/patrimoine-avesnois.fr\/censes\/wp-json\/wp\/v2\/comments?post=19"}],"version-history":[{"count":6,"href":"http:\/\/patrimoine-avesnois.fr\/censes\/wp-json\/wp\/v2\/pages\/19\/revisions"}],"predecessor-version":[{"id":637,"href":"http:\/\/patrimoine-avesnois.fr\/censes\/wp-json\/wp\/v2\/pages\/19\/revisions\/637"}],"wp:attachment":[{"href":"http:\/\/patrimoine-avesnois.fr\/censes\/wp-json\/wp\/v2\/media?parent=19"}],"curies":[{"name":"wp","href":"https:\/\/api.w.org\/{rel}","templated":true}]}}