{"id":22,"date":"2019-02-07T10:26:54","date_gmt":"2019-02-07T09:26:54","guid":{"rendered":"http:\/\/patrimoine-avesnois.fr\/censes\/?page_id=22"},"modified":"2019-06-08T09:28:02","modified_gmt":"2019-06-08T07:28:02","slug":"deuxieme-partie-les-censes-seigneuriales","status":"publish","type":"page","link":"http:\/\/patrimoine-avesnois.fr\/censes\/deuxieme-partie-les-censes-seigneuriales\/","title":{"rendered":"2 \u00e8me Partie : les censes seigneuriales"},"content":{"rendered":"\n<p style=\"text-align:center\" class=\"has-text-color has-bright-red-color\"><strong>1 Les censes du domaine royal <\/strong><\/p>\n\n\n\n<p><strong>1 Landrecies<\/strong><\/p>\n\n\n\n<p><strong>2 Le Quesnoy<\/strong><\/p>\n\n\n\n<p><strong>3 Jolimetz<\/strong><\/p>\n\n\n\n<p><strong>4 Locquignol<\/strong><\/p>\n\n\n\n<p><strong>5 Orsinval<\/strong><\/p>\n\n\n\n<p>6 <strong>Wallers-en-Fagne<\/strong><\/p>\n\n\n\n<p style=\"text-align:center\" class=\"has-text-color has-bright-red-color\"><strong>2 Les censes du Duc d\u2019Orl\u00e9ans<\/strong><\/p>\n\n\n\n<p><strong>Damousies<\/strong><\/p>\n\n\n\n<p><strong>Eclaibes<\/strong><\/p>\n\n\n\n<p><strong>Ferri\u00e8re-la-Grande <\/strong><\/p>\n\n\n\n<p><strong>Noyelles-sur-Sambre<\/strong><\/p>\n\n\n\n<p><strong>Ramousies<\/strong><\/p>\n\n\n\n<p style=\"text-align:center\" class=\"has-text-color has-bright-red-color\"><strong>3 La cense du Prince de Cro\u00ff<\/strong><\/p>\n\n\n\n<p><strong>Solre-le-Ch\u00e2teau<\/strong><\/p>\n\n\n\n<p style=\"text-align:center\" class=\"has-text-color has-bright-red-color\"><strong>4 La cense du Prince de Ligne<\/strong><\/p>\n\n\n\n<p><strong>Jeumont<\/strong><\/p>\n\n\n\n<p style=\"text-align:center\" class=\"has-text-color has-bright-red-color\"><strong>5 La cense du Marquis de La Coste<\/strong><\/p>\n\n\n\n<p><strong>Saint-R\u00e9my-Chauss\u00e9e<\/strong><\/p>\n\n\n\n<p style=\"text-align:center\" class=\"has-text-color has-bright-red-color\"><strong>6 La cense du Comte de M\u00e9rode<\/strong><\/p>\n\n\n\n<p><strong>Tr\u00e9lon<\/strong><\/p>\n\n\n\n<p style=\"text-align:center\" class=\"has-text-color has-bright-red-color\"><strong>7 les censes du Comte d\u2019Egmont<\/strong><\/p>\n\n\n\n<p><strong>7 A<\/strong><strong> Berlaimont <\/strong><\/p>\n\n\n\n<p><strong>7 B La Longueville<\/strong><\/p>\n\n\n\n<p><strong>7 C<\/strong><strong> Sassegnies<\/strong><\/p>\n\n\n\n<p style=\"text-align:center\" class=\"has-text-color has-bright-red-color\"><strong>8 Les censes de Charles Bady, comte de Normont<\/strong><\/p>\n\n\n\n<p><strong>8 A<\/strong><strong> Bellignies<\/strong><\/p>\n\n\n\n<p><strong>8 B Dourlers<\/strong><\/p>\n\n\n\n<p><strong>8 C<\/strong> <strong>Feignies<\/strong><\/p>\n\n\n\n<p><strong>8 D Lez-Fontaine<\/strong><\/p>\n\n\n\n<p><strong>8 E Louvroil<\/strong><\/p>\n\n\n\n<p><strong>8 F Semousies<\/strong><\/p>\n\n\n\n<p style=\"text-align:center\" class=\"has-text-color has-bright-red-color\"><strong>9 Les censes de Jacques Marguerite de Pr\u00e9seau<\/strong><\/p>\n\n\n\n<p><strong>9 A<\/strong><strong> Dompierre-sur-Helpe<\/strong><\/p>\n\n\n\n<p><strong>9 B Floyon<\/strong><\/p>\n\n\n\n<p style=\"text-align:center\" class=\"has-text-color has-bright-red-color\"><strong>10 Les censes des seigneurs de Franeau<\/strong><\/p>\n\n\n\n<p><strong>10 A<\/strong><strong> Gommegnies<\/strong><\/p>\n\n\n\n<p><strong>10 B Monceau-Saint-Waast<\/strong><\/p>\n\n\n\n<p style=\"text-align:center\" class=\"has-text-color has-bright-red-color\"><strong>11 Les censes de N\u00e9donchel<\/strong><\/p>\n\n\n\n<p><strong>11 A<\/strong><strong> Bachant<\/strong><\/p>\n\n\n\n<p><strong>11 B Jolimetz<\/strong><\/p>\n\n\n\n<p><strong>11 C<\/strong><strong> Potelle<\/strong><\/p>\n\n\n\n<p><strong>11 D Louvignies<\/strong><\/p>\n\n\n\n<p style=\"text-align:center\" class=\"has-text-color has-bright-red-color\"><strong>12 La cense de Maximilien Joseph Alexandre Dominique de\nCarondelet<\/strong><\/p>\n\n\n\n<p><strong>Potelle<\/strong><\/p>\n\n\n\n<p style=\"text-align:center\" class=\"has-text-color has-bright-red-color\"><strong>13 Les censes de Philippe Xavier Dusart de Molembaix <\/strong><\/p>\n\n\n\n<p><strong>13 A<\/strong><strong> Bellignies<\/strong><\/p>\n\n\n\n<p><strong>13 B Saint-Waast-la-Vall\u00e9e<\/strong><\/p>\n\n\n\n<p style=\"text-align:center\" class=\"has-text-color has-bright-red-color\"><strong>14 Les censes de La Veuve Boursier<\/strong><\/p>\n\n\n\n<p><strong>14 A<\/strong><strong> Ruesnes<\/strong><\/p>\n\n\n\n<p><strong>14 B Robersart<\/strong><\/p>\n\n\n\n<p style=\"text-align:center\" class=\"has-text-color has-bright-red-color\"><strong>15 la cense de Marie Charles Guislain de Landas<\/strong><\/p>\n\n\n\n<p><strong>Louvignies-Quesnoy<\/strong><\/p>\n\n\n\n<p style=\"text-align:center\" class=\"has-text-color has-bright-red-color\"><strong>16 la cense de Pierre Hyacinthe de Fourmestraux<\/strong><\/p>\n\n\n\n<p><strong>Gussignies<\/strong><\/p>\n\n\n\n<p style=\"text-align:center\" class=\"has-text-color has-bright-red-color\"><strong>17 La cense de Lignol<\/strong><\/p>\n\n\n\n<p><strong>Vieux-Mesnil<\/strong><\/p>\n\n\n\n<p style=\"text-align:center\" class=\"has-text-color has-bright-red-color\"><strong>18 La cense de Mauroy<\/strong><\/p>\n\n\n\n<p><strong>Clairfayts<\/strong><\/p>\n\n\n\n<p style=\"text-align:center\" class=\"has-text-color has-bright-red-color\"><strong>19 La cense de La Marcq<\/strong><\/p>\n\n\n\n<p><strong>Bousies<\/strong><\/p>\n\n\n\n<p style=\"text-align:center\" class=\"has-text-color has-bright-red-color\"><strong>20 La cense de Balique<\/strong><\/p>\n\n\n\n<p><strong>Cerfontaine <\/strong><\/p>\n\n\n\n<p style=\"text-align:center\" class=\"has-text-color has-bright-red-color\"><strong>21 La cense de Simon de Robersart de Mons<\/strong><\/p>\n\n\n\n<p><strong>Choisies<\/strong><\/p>\n\n\n\n<p style=\"text-align:center\" class=\"has-text-color has-bright-red-color\"><strong>22 La cense de Wautier<\/strong><\/p>\n\n\n\n<p><strong>Aibes<\/strong><\/p>\n\n\n\n<p style=\"text-align:center\" class=\"has-text-color has-bright-red-color\"><strong>23 La cense de Lefebvre<\/strong><\/p>\n\n\n\n<p><strong>Jolimetz<\/strong><\/p>\n\n\n\n<p style=\"text-align:center\" class=\"has-text-color has-bright-red-color\"><strong>24 La cense de Wamant<\/strong><\/p>\n\n\n\n<p><strong>Fourmies<\/strong><\/p>\n\n\n\n<p style=\"text-align:center\" class=\"has-text-color has-bright-red-color\"><strong>25 La censes de Kroezer<\/strong><\/p>\n\n\n\n<p><strong>Preux-au-Sart<\/strong><\/p>\n\n\n\n<p style=\"text-align:center\" class=\"has-text-color has-bright-red-color\"><strong>26 La cense de l\u2019Hospice des Vieillards<\/strong><\/p>\n\n\n\n<p><strong>Avesnes-sur-Helpe<\/strong><\/p>\n\n\n\n<p style=\"text-align:center\" class=\"has-text-color has-bright-red-color\"><strong>27 La cense de l\u2019H\u00f4pital<\/strong><\/p>\n\n\n\n<p><strong>Beaufort <\/strong><\/p>\n\n\n\n<p><strong>Ecu\u00e9lin<\/strong><\/p>\n\n\n\n<p style=\"text-align:center\" class=\"has-text-color has-bright-red-color\"><strong>28 La cense de Maximilien Delegove puis du baron de L\u2019Epine<\/strong><\/p>\n\n\n\n<p><strong>Gommegnies<\/strong><\/p>\n\n\n\n<p style=\"text-align:center\" class=\"has-text-color has-bright-red-color\"><strong>29 La cense de De Lattre<\/strong><\/p>\n\n\n\n<p><strong>Vieux-Mesnil<\/strong><\/p>\n","protected":false},"excerpt":{"rendered":"<p>1 Les censes du domaine royal 1 Landrecies 2 Le Quesnoy 3 Jolimetz 4 Locquignol 5 Orsinval 6 Wallers-en-Fagne 2 Les censes du Duc d\u2019Orl\u00e9ans Damousies Eclaibes Ferri\u00e8re-la-Grande Noyelles-sur-Sambre Ramousies 3 La cense du Prince de Cro\u00ff Solre-le-Ch\u00e2teau 4 La cense du Prince de Ligne Jeumont 5 La cense du Marquis de La Coste Saint-R\u00e9my-Chauss\u00e9e &hellip; <a href=\"http:\/\/patrimoine-avesnois.fr\/censes\/deuxieme-partie-les-censes-seigneuriales\/\" class=\"more-link\">Continuer la lecture<span class=\"screen-reader-text\"> de &laquo;&nbsp;2 \u00e8me Partie : les censes seigneuriales&nbsp;&raquo;<\/span><\/a><\/p>\n","protected":false},"author":2,"featured_media":0,"parent":0,"menu_order":0,"comment_status":"closed","ping_status":"closed","template":"","meta":{"jetpack_post_was_ever_published":false,"footnotes":""},"class_list":["post-22","page","type-page","status-publish","hentry"],"jetpack_sharing_enabled":true,"jetpack_shortlink":"https:\/\/wp.me\/PaKSRG-m","jetpack-related-posts":[],"_links":{"self":[{"href":"http:\/\/patrimoine-avesnois.fr\/censes\/wp-json\/wp\/v2\/pages\/22","targetHints":{"allow":["GET"]}}],"collection":[{"href":"http:\/\/patrimoine-avesnois.fr\/censes\/wp-json\/wp\/v2\/pages"}],"about":[{"href":"http:\/\/patrimoine-avesnois.fr\/censes\/wp-json\/wp\/v2\/types\/page"}],"author":[{"embeddable":true,"href":"http:\/\/patrimoine-avesnois.fr\/censes\/wp-json\/wp\/v2\/users\/2"}],"replies":[{"embeddable":true,"href":"http:\/\/patrimoine-avesnois.fr\/censes\/wp-json\/wp\/v2\/comments?post=22"}],"version-history":[{"count":4,"href":"http:\/\/patrimoine-avesnois.fr\/censes\/wp-json\/wp\/v2\/pages\/22\/revisions"}],"predecessor-version":[{"id":496,"href":"http:\/\/patrimoine-avesnois.fr\/censes\/wp-json\/wp\/v2\/pages\/22\/revisions\/496"}],"wp:attachment":[{"href":"http:\/\/patrimoine-avesnois.fr\/censes\/wp-json\/wp\/v2\/media?parent=22"}],"curies":[{"name":"wp","href":"https:\/\/api.w.org\/{rel}","templated":true}]}}