{"id":227,"date":"2019-02-19T13:26:58","date_gmt":"2019-02-19T12:26:58","guid":{"rendered":"http:\/\/patrimoine-avesnois.fr\/censes\/?page_id=227"},"modified":"2019-02-22T16:53:31","modified_gmt":"2019-02-22T15:53:31","slug":"la-cense-du-prince-de-croy","status":"publish","type":"page","link":"http:\/\/patrimoine-avesnois.fr\/censes\/la-cense-du-prince-de-croy\/","title":{"rendered":"La cense du Prince de Cro\u00ff"},"content":{"rendered":"\n<p class=\"has-text-color has-medium-font-size has-bright-red-color\"><strong>Solre-le-Ch\u00e2teau<\/strong><\/p>\n\n\n\n<p>George et Hazard, n\u00e9gociants \u00e0 Solre-le-Ch\u00e2teau, achet\u00e8rent en tant que bien national une ferme situ\u00e9e sur ce territoire ayant appartenu \u00e0 l\u2019\u00e9migr\u00e9 de Cro\u00ff (ADN 1 Q 3 \/ 148). L\u2019adjudication est dat\u00e9e du 15 Prairial An IV. Elle fit l\u2019objet d\u2019un avis en 1822 (ADN 1 Q 1233)<\/p>\n\n\n\n<p>Issu d&rsquo;un lignage c\u00e9l\u00e8bre \u00e0 la fois par son anciennet\u00e9 et l&rsquo;\u00e9clat de ses alliances, Anne Emmanuel Ferdinand Fran\u00e7ois de Cro\u00ff, prince de Solre et du Saint-Empire, naquit \u00e0 Paris le 10 novembre 1743. Fils du c\u00e9l\u00e8bre m\u00e9morialiste, il avait comme lui embrass\u00e9 la carri\u00e8re des armes. Entr\u00e9 dans les mousquetaires en 1757, il les quitta quatre ans plus tard, obtint la croix de Saint-Louis et la survivance du gouvernement de Cond\u00e9. Brigadier en 1780, il atteignit, en 1784, le grade de mar\u00e9chal de camp et devint en 1786 commandeur du Saint-Esprit. Duc h\u00e9r\u00e9ditaire depuis 1773 et Grand d&rsquo;Espagne, il pr\u00e9sidait les \u00c9tats du Hainaut fran\u00e7ais. D\u00e9put\u00e9 de la noblesse \u00e0 l&rsquo;Assembl\u00e9e constituante, il d\u00e9missionna de ce mandat d\u00e8s le 1er d\u00e9cembre 1789, \u00e9migra en Belgique puis aux Pays-Bas et ne rentra en France que sous le Consulat. il devait mourir en Belgique, au ch\u00e2teau de R\u0153ux, le 15 d\u00e9cembre 1803.<\/p>\n\n\n\n<p>Bibliographie\u00a0:<\/p>\n\n\n\n<p>LEMAY (Edna Hindie),Dictionnaire des constituants. 1789-1791, Paris, 1991, t. I, p. 249-250.<\/p>\n\n\n\n<p>R\u00c9V\u00c9REND (vicomte Albert),Titres, anoblissements et pairies de la Restauration, 1814-1830, Paris, 1900, r\u00e9\u00e9dition. 1974, t. I, p. 233. <\/p>\n","protected":false},"excerpt":{"rendered":"<p>Solre-le-Ch\u00e2teau George et Hazard, n\u00e9gociants \u00e0 Solre-le-Ch\u00e2teau, achet\u00e8rent en tant que bien national une ferme situ\u00e9e sur ce territoire ayant appartenu \u00e0 l\u2019\u00e9migr\u00e9 de Cro\u00ff (ADN 1 Q 3 \/ 148). L\u2019adjudication est dat\u00e9e du 15 Prairial An IV. Elle fit l\u2019objet d\u2019un avis en 1822 (ADN 1 Q 1233) Issu d&rsquo;un lignage c\u00e9l\u00e8bre \u00e0 &hellip; <a href=\"http:\/\/patrimoine-avesnois.fr\/censes\/la-cense-du-prince-de-croy\/\" class=\"more-link\">Continuer la lecture<span class=\"screen-reader-text\"> de &laquo;&nbsp;La cense du Prince de Cro\u00ff&nbsp;&raquo;<\/span><\/a><\/p>\n","protected":false},"author":2,"featured_media":0,"parent":0,"menu_order":0,"comment_status":"closed","ping_status":"closed","template":"","meta":{"jetpack_post_was_ever_published":false,"footnotes":""},"class_list":["post-227","page","type-page","status-publish","hentry"],"jetpack_sharing_enabled":true,"jetpack_shortlink":"https:\/\/wp.me\/PaKSRG-3F","jetpack-related-posts":[],"_links":{"self":[{"href":"http:\/\/patrimoine-avesnois.fr\/censes\/wp-json\/wp\/v2\/pages\/227","targetHints":{"allow":["GET"]}}],"collection":[{"href":"http:\/\/patrimoine-avesnois.fr\/censes\/wp-json\/wp\/v2\/pages"}],"about":[{"href":"http:\/\/patrimoine-avesnois.fr\/censes\/wp-json\/wp\/v2\/types\/page"}],"author":[{"embeddable":true,"href":"http:\/\/patrimoine-avesnois.fr\/censes\/wp-json\/wp\/v2\/users\/2"}],"replies":[{"embeddable":true,"href":"http:\/\/patrimoine-avesnois.fr\/censes\/wp-json\/wp\/v2\/comments?post=227"}],"version-history":[{"count":3,"href":"http:\/\/patrimoine-avesnois.fr\/censes\/wp-json\/wp\/v2\/pages\/227\/revisions"}],"predecessor-version":[{"id":344,"href":"http:\/\/patrimoine-avesnois.fr\/censes\/wp-json\/wp\/v2\/pages\/227\/revisions\/344"}],"wp:attachment":[{"href":"http:\/\/patrimoine-avesnois.fr\/censes\/wp-json\/wp\/v2\/media?parent=227"}],"curies":[{"name":"wp","href":"https:\/\/api.w.org\/{rel}","templated":true}]}}