{"id":229,"date":"2019-02-19T13:27:44","date_gmt":"2019-02-19T12:27:44","guid":{"rendered":"http:\/\/patrimoine-avesnois.fr\/censes\/?page_id=229"},"modified":"2019-02-19T13:27:44","modified_gmt":"2019-02-19T12:27:44","slug":"la-cense-du-prince-de-ligne","status":"publish","type":"page","link":"http:\/\/patrimoine-avesnois.fr\/censes\/la-cense-du-prince-de-ligne\/","title":{"rendered":"La cense du Prince de Ligne"},"content":{"rendered":"\n<p class=\"has-text-color has-medium-font-size has-bright-red-color\"><strong>Jeumont<\/strong><\/p>\n\n\n\n<p>Le ch\u00e2teau et la terre de Jeumont appartenaient, au XIII e\nsi\u00e8cle aux seigneurs de Barbencon. Quelques membres de cette famille en prirent\nle nom, assist\u00e8rent aux croisades, remplirent de hautes charges dans le\nHainaut, pendant le moyen-\u00e2ge.<\/p>\n\n\n\n<p>Au XV e si\u00e8cle, les seigneurs de Jeumont prirent le nom de\nVerchin. Yolande de Valincourt Verchin se maria avec Hugues de Melun, prince\nd&rsquo;Epinoy. De leur union, naquit une Marie de Melun. <\/p>\n\n\n\n<p>La seigneurie de Jeumont passa alors dans la famille des\nprinces de Ligne par le mariage de Lamoral, l\u2019un d\u2019eux, avec Marie de Melun.<\/p>\n\n\n\n<p>Les d\u00e9bris du ch\u00e2teau et la ferme qui en d\u00e9pendait appartenaient\nencore \u00e0 cette noble famille au milieu du XIX e si\u00e8cle (Soci\u00e9t\u00e9 arch\u00e9ologique\ndu D\u00e9partement du Nord 2<sup>\u00e8me<\/sup> partie 1867).<\/p>\n\n\n\n<p>La ferme \u00e9tait s\u00e9par\u00e9e du reste et contrairement \u00e0 l&rsquo;ensemble\nde l&rsquo;ouvrage, elle \u00e9tait de brique et non de pierre. <\/p>\n","protected":false},"excerpt":{"rendered":"<p>Jeumont Le ch\u00e2teau et la terre de Jeumont appartenaient, au XIII e si\u00e8cle aux seigneurs de Barbencon. Quelques membres de cette famille en prirent le nom, assist\u00e8rent aux croisades, remplirent de hautes charges dans le Hainaut, pendant le moyen-\u00e2ge. Au XV e si\u00e8cle, les seigneurs de Jeumont prirent le nom de Verchin. Yolande de Valincourt &hellip; <a href=\"http:\/\/patrimoine-avesnois.fr\/censes\/la-cense-du-prince-de-ligne\/\" class=\"more-link\">Continuer la lecture<span class=\"screen-reader-text\"> de &laquo;&nbsp;La cense du Prince de Ligne&nbsp;&raquo;<\/span><\/a><\/p>\n","protected":false},"author":2,"featured_media":0,"parent":0,"menu_order":0,"comment_status":"closed","ping_status":"closed","template":"","meta":{"jetpack_post_was_ever_published":false,"footnotes":""},"class_list":["post-229","page","type-page","status-publish","hentry"],"jetpack_sharing_enabled":true,"jetpack_shortlink":"https:\/\/wp.me\/PaKSRG-3H","jetpack-related-posts":[],"_links":{"self":[{"href":"http:\/\/patrimoine-avesnois.fr\/censes\/wp-json\/wp\/v2\/pages\/229","targetHints":{"allow":["GET"]}}],"collection":[{"href":"http:\/\/patrimoine-avesnois.fr\/censes\/wp-json\/wp\/v2\/pages"}],"about":[{"href":"http:\/\/patrimoine-avesnois.fr\/censes\/wp-json\/wp\/v2\/types\/page"}],"author":[{"embeddable":true,"href":"http:\/\/patrimoine-avesnois.fr\/censes\/wp-json\/wp\/v2\/users\/2"}],"replies":[{"embeddable":true,"href":"http:\/\/patrimoine-avesnois.fr\/censes\/wp-json\/wp\/v2\/comments?post=229"}],"version-history":[{"count":1,"href":"http:\/\/patrimoine-avesnois.fr\/censes\/wp-json\/wp\/v2\/pages\/229\/revisions"}],"predecessor-version":[{"id":230,"href":"http:\/\/patrimoine-avesnois.fr\/censes\/wp-json\/wp\/v2\/pages\/229\/revisions\/230"}],"wp:attachment":[{"href":"http:\/\/patrimoine-avesnois.fr\/censes\/wp-json\/wp\/v2\/media?parent=229"}],"curies":[{"name":"wp","href":"https:\/\/api.w.org\/{rel}","templated":true}]}}