{"id":233,"date":"2019-02-19T13:29:22","date_gmt":"2019-02-19T12:29:22","guid":{"rendered":"http:\/\/patrimoine-avesnois.fr\/censes\/?page_id=233"},"modified":"2019-03-04T12:33:37","modified_gmt":"2019-03-04T11:33:37","slug":"la-cense-du-comte-de-merode","status":"publish","type":"page","link":"http:\/\/patrimoine-avesnois.fr\/censes\/la-cense-du-comte-de-merode\/","title":{"rendered":"La cense du Comte de M\u00e9rode"},"content":{"rendered":"\n<p class=\"has-text-color has-medium-font-size has-bright-red-color\"><strong>Tr\u00e9lon<\/strong><\/p>\n\n\n\n<p>Des adjudications furent faites en l\u2019an VII portant sur deux\nfermes d\u00e9tenues par le Comte de M\u00e9rode, l\u2019une dite du Gareau, l\u2019autre d\u00e9nomm\u00e9e\ndu Jonquoi, au profit de la Cie Rochefort Claro Delannoy. Elles firent l\u2019objet\nde contentieux. <\/p>\n\n\n\n<p>En effet&nbsp; en 1812 il y eut un arr\u00eat\u00e9 sur p\u00e9tition de Fran\u00e7ois Joseph Claro, n\u00e9gociant \u00e0 Douai le maintenant en possession de terres situ\u00e9es \u00e0 Tr\u00e9lon provenant de l\u2019\u00e9migr\u00e9 de M\u00e9rode vendues \u00e0 son profit \u00e0 la folle ench\u00e8re de la Cie Rochefort, indument revendiqu\u00e9es par le Sr Delannoy comme partie de la ferme dite du Garreau sise \u00e0 Tr\u00e9lon de m\u00eame origine que les terres et par lui acquise en l\u2019an VII. (ADN 1 Q 1236). <\/p>\n\n\n\n<p>La Cie Rochefort \u00e9tait charg\u00e9e de la livraison de viande \u00e0 l&rsquo;Arm\u00e9e pour la subsistance des troupes en campagne, les \u00e9tapes et les convois militaires en l&rsquo;An VII.<\/p>\n\n\n\n<p>\u00ab\u00a0Jean-Baptiste Paul\u00e9e appara\u00eet comme la figure embl\u00e9matique de la l\u00e9gende noire de l&rsquo;enrichissement r\u00e9volutionnaire. Il appara\u00eet selon les cas sous les traits du cuisinier, du gar\u00e7on d&rsquo;auberge ou du sommelier de l&rsquo;H\u00f4tel de l&rsquo;Europe, Grand-Place \u00e0 Douai, dont il aurait \u00e9pous\u00e9 la cuisini\u00e8re, Marie Barbe Dervaux ; pratiquement illettr\u00e9 ; il ne devrait sa fortune qu&rsquo;\u00e0 la fr\u00e9quentation conjointe de l&rsquo;\u00e9tablissement par les marchands de grains de la r\u00e9gion et les officiers et autres commissaires des guerres arriv\u00e9s en nombre avec le d\u00e9clenchement des hostilit\u00e9s&#8230;Paul\u00e9e tra\u00eene dans son sillage quelques autres Douaisiens qui lui sont d&rsquo;autant plus attach\u00e9s qu&rsquo;ils lui doivent tout ou partie de leur fortune, par le biais des affaires auxquelles il les associe. C&rsquo;est le cas d&rsquo;\u00c9loi Joseph Augustin Claro : fils d&rsquo;un m\u00e9decin ralli\u00e9 \u00e0 la R\u00e9volution et fr\u00e8re d&rsquo;un proche du terroriste Lebon, il figure d\u00e8s l&rsquo;an IV au nombre des associ\u00e9s de la maison de commerce parisienne Pestrelle &amp; Cie, puis, l&rsquo;ann\u00e9e suivante, parmi les bailleurs de fonds de la com-pagnie de fourniture \u0152illet-Saint-Victor, avec Paul\u00e9e et les maisons de banque Levrat et Veuve Panckoucke, cette derni\u00e8re d&rsquo;origine lilloise. En l&rsquo;an X enfin, il s&rsquo;installe faubourg Saint-Honor\u00e9 \u00e0 Paris, se sp\u00e9cialise dans la liquidation de cr\u00e9ances arri\u00e9r\u00e9es pour les fournitures, domaine de pr\u00e9dilection de son mentor, et fonde \u00e0 Douai un \u00e9tablissement de roulage. Failli en l&rsquo;an XII et en proc\u00e8s avec Paul\u00e9e, il semble moins actif dans la capitale sous le Consulat et l&rsquo;Empire, se limitant \u00e0 repr\u00e9senter sur place des Nordistes.\u00a0\u00bb<\/p>\n\n\n\n<p>\u00ab\u00a0La fourniture militaire constitue l&rsquo;activit\u00e9 principale des fr\u00e8res Delannoy. \u00c0 l&rsquo;origine modeste n\u00e9gociant au March\u00e9 aux b\u00eates de Lille, Fran\u00e7ois Martel Delannoy profite lui aussi des occasions offertes par le conflit qui s&rsquo;ouvre en 1792 : on le retrouve d\u00e8s l&rsquo;an V entrepreneur des vivres pour l&rsquo;Arm\u00e9e du Nord puis, \u00e0 mesure que ses activit\u00e9s se d\u00e9veloppent, munitionnaire g\u00e9n\u00e9ral des vivres-viandes. Demeur\u00e9 \u00e0 Lille, il sait pouvoir compter sur l&rsquo;aide de ses deux fr\u00e8res : Marc Antoine Joseph, install\u00e9 dans la capitale \u00e0 Paris d\u00e8s l&rsquo;an IV \u00e0 la suite de son mariage avec Fran\u00e7oise Jos\u00e9phine Doumerc, s\u0153ur du banquier parisien, d\u00e9fend les int\u00e9r\u00eats de l&rsquo;entreprise dans les bureaux et aupr\u00e8s des banquiers de la capitale alors que Simon Joseph, domicili\u00e9 \u00e0 Tr\u00e9lon (pr\u00e8s d&rsquo;Avesnes), assure la continuit\u00e9 des approvisionnements aupr\u00e8s des paysans du Nord. Pour paiement de ses services, l&rsquo;entreprise Delannoy re\u00e7oit en l&rsquo;an XIII d&rsquo;immenses biens fonciers situ\u00e9s dans les d\u00e9partements de la rive gauche du Rhin, qu&rsquo;il lui faut rapidement mobiliser afin de r\u00e9gler ses propres fournisseurs et d&rsquo;acquitter ses dettes. Mais les ventes, cr\u00e9ances et autres emprunts hypoth\u00e9caires auxquels les Delannoy souscrivent s&rsquo;av\u00e8rent rapidement insuffisants, entra\u00eenant leur faillite et, bien que le passif soit tr\u00e8s inf\u00e9rieur \u00e0 l&rsquo;actif, le concordat homologu\u00e9 le 23 avril 1806 pr\u00e9voit la cession de l&rsquo;ensemble de leurs biens \u00e0 leurs cr\u00e9anciers parisiens et nordistes ; la liquidation de l&rsquo;entreprise se poursuit jusqu&rsquo;en 1810 au moins.\u00a0\u00bb  <br>Source des textes :<a href=\"https:\/\/books.google.fr\/books?id=rKcICwAAQBAJ&amp;pg=PA187&amp;lpg=PA187&amp;dq=virnot+route+de+l%27argent&amp;source=bl&amp;ots=zyG30s6EWt&amp;sig=ACfU3U3_1A8tIMrnVuOZcLFCdP64wwzhWQ&amp;hl=fr&amp;sa=X&amp;ved=2ahUKEwiHw8mkoujgAhXcAWMBHXTvBEMQ6AEwAHoECAQQAQ#v=onepage&amp;q=virnot&amp;f=false\">&nbsp;Les routes de l\u2019argent: R\u00e9seaux et flux financiers de Paris \u00e0&nbsp;Hambourg (1789 1815) par Matthieu de Oliveira<\/a> <\/p>\n\n\n\n<p>En 1821 il y eut \u00e9galement un arr\u00eat\u00e9 ordonnant le\nremboursement au Sr Bernard de Prisches du prix de terres situ\u00e9es \u00e0 Ohain dont\nla vente faite \u00e0 son profit avait \u00e9t\u00e9 annul\u00e9e par arr\u00eat\u00e9 de 1819, terres\nd\u00e9pendant des fermes du Gareau et du Jonquoi situ\u00e9es \u00e0 Tr\u00e9lon provenant de\nl\u2019\u00e9migr\u00e9 de M\u00e9rode adjug\u00e9es en l\u2019An VII au profit de la Compagnie Rochefort.<\/p>\n","protected":false},"excerpt":{"rendered":"<p>Tr\u00e9lon Des adjudications furent faites en l\u2019an VII portant sur deux fermes d\u00e9tenues par le Comte de M\u00e9rode, l\u2019une dite du Gareau, l\u2019autre d\u00e9nomm\u00e9e du Jonquoi, au profit de la Cie Rochefort Claro Delannoy. Elles firent l\u2019objet de contentieux. En effet&nbsp; en 1812 il y eut un arr\u00eat\u00e9 sur p\u00e9tition de Fran\u00e7ois Joseph Claro, n\u00e9gociant &hellip; <a href=\"http:\/\/patrimoine-avesnois.fr\/censes\/la-cense-du-comte-de-merode\/\" class=\"more-link\">Continuer la lecture<span class=\"screen-reader-text\"> de &laquo;&nbsp;La cense du Comte de M\u00e9rode&nbsp;&raquo;<\/span><\/a><\/p>\n","protected":false},"author":2,"featured_media":0,"parent":0,"menu_order":0,"comment_status":"closed","ping_status":"closed","template":"","meta":{"jetpack_post_was_ever_published":false,"footnotes":""},"class_list":["post-233","page","type-page","status-publish","hentry"],"jetpack_sharing_enabled":true,"jetpack_shortlink":"https:\/\/wp.me\/PaKSRG-3L","jetpack-related-posts":[],"_links":{"self":[{"href":"http:\/\/patrimoine-avesnois.fr\/censes\/wp-json\/wp\/v2\/pages\/233","targetHints":{"allow":["GET"]}}],"collection":[{"href":"http:\/\/patrimoine-avesnois.fr\/censes\/wp-json\/wp\/v2\/pages"}],"about":[{"href":"http:\/\/patrimoine-avesnois.fr\/censes\/wp-json\/wp\/v2\/types\/page"}],"author":[{"embeddable":true,"href":"http:\/\/patrimoine-avesnois.fr\/censes\/wp-json\/wp\/v2\/users\/2"}],"replies":[{"embeddable":true,"href":"http:\/\/patrimoine-avesnois.fr\/censes\/wp-json\/wp\/v2\/comments?post=233"}],"version-history":[{"count":3,"href":"http:\/\/patrimoine-avesnois.fr\/censes\/wp-json\/wp\/v2\/pages\/233\/revisions"}],"predecessor-version":[{"id":431,"href":"http:\/\/patrimoine-avesnois.fr\/censes\/wp-json\/wp\/v2\/pages\/233\/revisions\/431"}],"wp:attachment":[{"href":"http:\/\/patrimoine-avesnois.fr\/censes\/wp-json\/wp\/v2\/media?parent=233"}],"curies":[{"name":"wp","href":"https:\/\/api.w.org\/{rel}","templated":true}]}}