{"id":235,"date":"2019-02-19T13:55:55","date_gmt":"2019-02-19T12:55:55","guid":{"rendered":"http:\/\/patrimoine-avesnois.fr\/censes\/?page_id=235"},"modified":"2019-03-05T10:48:21","modified_gmt":"2019-03-05T09:48:21","slug":"les-censes-du-comte-degmont","status":"publish","type":"page","link":"http:\/\/patrimoine-avesnois.fr\/censes\/les-censes-du-comte-degmont\/","title":{"rendered":"Les censes du Comte d\u2019Egmont"},"content":{"rendered":"\n<p class=\"has-text-color has-medium-font-size has-bright-red-color\"><strong>Berlaimont <\/strong><\/p>\n\n\n\n<div class=\"wp-block-image\"><figure class=\"aligncenter\"><img data-recalc-dims=\"1\" loading=\"lazy\" decoding=\"async\" width=\"840\" height=\"186\" data-attachment-id=\"236\" data-permalink=\"http:\/\/patrimoine-avesnois.fr\/censes\/les-censes-du-comte-degmont\/capture-118\/\" data-orig-file=\"https:\/\/i0.wp.com\/patrimoine-avesnois.fr\/censes\/wp-content\/uploads\/2019\/02\/Capture-117.png?fit=914%2C202\" data-orig-size=\"914,202\" data-comments-opened=\"1\" data-image-meta=\"{&quot;aperture&quot;:&quot;0&quot;,&quot;credit&quot;:&quot;&quot;,&quot;camera&quot;:&quot;&quot;,&quot;caption&quot;:&quot;&quot;,&quot;created_timestamp&quot;:&quot;0&quot;,&quot;copyright&quot;:&quot;&quot;,&quot;focal_length&quot;:&quot;0&quot;,&quot;iso&quot;:&quot;0&quot;,&quot;shutter_speed&quot;:&quot;0&quot;,&quot;title&quot;:&quot;&quot;,&quot;orientation&quot;:&quot;0&quot;}\" data-image-title=\"Capture\" data-image-description=\"\" data-image-caption=\"\" data-large-file=\"https:\/\/i0.wp.com\/patrimoine-avesnois.fr\/censes\/wp-content\/uploads\/2019\/02\/Capture-117.png?fit=840%2C186\" src=\"https:\/\/i0.wp.com\/patrimoine-avesnois.fr\/censes\/wp-content\/uploads\/2019\/02\/Capture-117.png?resize=840%2C186\" alt=\"\" class=\"wp-image-236\" srcset=\"https:\/\/i0.wp.com\/patrimoine-avesnois.fr\/censes\/wp-content\/uploads\/2019\/02\/Capture-117.png?w=914 914w, https:\/\/i0.wp.com\/patrimoine-avesnois.fr\/censes\/wp-content\/uploads\/2019\/02\/Capture-117.png?resize=300%2C66 300w, https:\/\/i0.wp.com\/patrimoine-avesnois.fr\/censes\/wp-content\/uploads\/2019\/02\/Capture-117.png?resize=768%2C170 768w\" sizes=\"auto, (max-width: 709px) 85vw, (max-width: 909px) 67vw, (max-width: 1362px) 62vw, 840px\" \/><\/figure><\/div>\n\n\n\n<div class=\"wp-block-image\"><figure class=\"aligncenter\"><img data-recalc-dims=\"1\" loading=\"lazy\" decoding=\"async\" width=\"840\" height=\"560\" data-attachment-id=\"237\" data-permalink=\"http:\/\/patrimoine-avesnois.fr\/censes\/les-censes-du-comte-degmont\/capture-119\/\" data-orig-file=\"https:\/\/i0.wp.com\/patrimoine-avesnois.fr\/censes\/wp-content\/uploads\/2019\/02\/Capture-118.png?fit=868%2C579\" data-orig-size=\"868,579\" data-comments-opened=\"1\" data-image-meta=\"{&quot;aperture&quot;:&quot;0&quot;,&quot;credit&quot;:&quot;&quot;,&quot;camera&quot;:&quot;&quot;,&quot;caption&quot;:&quot;&quot;,&quot;created_timestamp&quot;:&quot;0&quot;,&quot;copyright&quot;:&quot;&quot;,&quot;focal_length&quot;:&quot;0&quot;,&quot;iso&quot;:&quot;0&quot;,&quot;shutter_speed&quot;:&quot;0&quot;,&quot;title&quot;:&quot;&quot;,&quot;orientation&quot;:&quot;0&quot;}\" data-image-title=\"Capture\" data-image-description=\"\" data-image-caption=\"\" data-large-file=\"https:\/\/i0.wp.com\/patrimoine-avesnois.fr\/censes\/wp-content\/uploads\/2019\/02\/Capture-118.png?fit=840%2C560\" src=\"https:\/\/i0.wp.com\/patrimoine-avesnois.fr\/censes\/wp-content\/uploads\/2019\/02\/Capture-118.png?resize=840%2C560\" alt=\"\" class=\"wp-image-237\" srcset=\"https:\/\/i0.wp.com\/patrimoine-avesnois.fr\/censes\/wp-content\/uploads\/2019\/02\/Capture-118.png?w=868 868w, https:\/\/i0.wp.com\/patrimoine-avesnois.fr\/censes\/wp-content\/uploads\/2019\/02\/Capture-118.png?resize=300%2C200 300w, https:\/\/i0.wp.com\/patrimoine-avesnois.fr\/censes\/wp-content\/uploads\/2019\/02\/Capture-118.png?resize=768%2C512 768w\" sizes=\"auto, (max-width: 709px) 85vw, (max-width: 909px) 67vw, (max-width: 1362px) 62vw, 840px\" \/><\/figure><\/div>\n\n\n\n<div class=\"wp-block-image\"><figure class=\"aligncenter\"><img data-recalc-dims=\"1\" loading=\"lazy\" decoding=\"async\" width=\"840\" height=\"560\" data-attachment-id=\"238\" data-permalink=\"http:\/\/patrimoine-avesnois.fr\/censes\/les-censes-du-comte-degmont\/capture-120\/\" data-orig-file=\"https:\/\/i0.wp.com\/patrimoine-avesnois.fr\/censes\/wp-content\/uploads\/2019\/02\/Capture-119.png?fit=846%2C564\" data-orig-size=\"846,564\" data-comments-opened=\"1\" data-image-meta=\"{&quot;aperture&quot;:&quot;0&quot;,&quot;credit&quot;:&quot;&quot;,&quot;camera&quot;:&quot;&quot;,&quot;caption&quot;:&quot;&quot;,&quot;created_timestamp&quot;:&quot;0&quot;,&quot;copyright&quot;:&quot;&quot;,&quot;focal_length&quot;:&quot;0&quot;,&quot;iso&quot;:&quot;0&quot;,&quot;shutter_speed&quot;:&quot;0&quot;,&quot;title&quot;:&quot;&quot;,&quot;orientation&quot;:&quot;0&quot;}\" data-image-title=\"Capture\" data-image-description=\"\" data-image-caption=\"\" data-large-file=\"https:\/\/i0.wp.com\/patrimoine-avesnois.fr\/censes\/wp-content\/uploads\/2019\/02\/Capture-119.png?fit=840%2C560\" src=\"https:\/\/i0.wp.com\/patrimoine-avesnois.fr\/censes\/wp-content\/uploads\/2019\/02\/Capture-119.png?resize=840%2C560\" alt=\"\" class=\"wp-image-238\" srcset=\"https:\/\/i0.wp.com\/patrimoine-avesnois.fr\/censes\/wp-content\/uploads\/2019\/02\/Capture-119.png?w=846 846w, https:\/\/i0.wp.com\/patrimoine-avesnois.fr\/censes\/wp-content\/uploads\/2019\/02\/Capture-119.png?resize=300%2C200 300w, https:\/\/i0.wp.com\/patrimoine-avesnois.fr\/censes\/wp-content\/uploads\/2019\/02\/Capture-119.png?resize=768%2C512 768w\" sizes=\"auto, (max-width: 709px) 85vw, (max-width: 909px) 67vw, (max-width: 1362px) 62vw, 840px\" \/><figcaption><a href=\"https:\/\/www.google.fr\/maps\/@50.2243243,3.8098322,3a,75y,283.72h,89.78t\/data=!3m6!1e1!3m4!1smcAhO3aq5r7DOlKS972S0A!2e0!7i13312!8i6656\">Chemin de Gommegnies <\/a>ou Chemin du Embut Haut<\/figcaption><\/figure><\/div>\n\n\n\n<p> Pour information  Etienne Groslevin (1763-1834)  se trouvait depuis quelque temps \u00e0 Dompierre, car une note du 19 mars 1792, conserv\u00e9e aux Archives d\u00e9partementales du Nord (L. 148 et L. 471) nous apprend que Groslevin p\u00e8re pr\u00e9nomm\u00e9 Jean Baptiste et son fils Etienne ci-devant receveurs des quatre membres au bureau et arrondissement d&rsquo;Hazebrouck \u00e9taient domicili\u00e9s \u00e0 cette date du 19 mars 1792 \u00e0 Dompierre et r\u00e9clamaient une indemnit\u00e9.\u00a0 Etienne fut agent national du district d&rsquo;Avesnes et  commissaire du Directoire ex\u00e9cutif aupr\u00e8s du d\u00e9partement du Nord du 22 frimaire an 4 au 21 vent\u00f4se an 6, date \u00e0 laquelle il fut r\u00e9voqu\u00e9 pour avoir, de concert avec quelques personnages de la r\u00e9gion d&rsquo;Avesnes, sp\u00e9cul\u00e9 sur les domaines nationaux\u00a0 comme nous allons l&rsquo;expliquer ci-dessous. <\/p>\n\n\n\n<p>En thermidor l\u2019An IV, Pierre Evrard, d\u2019Aymeries, avait soumissionn\u00e9 la ferme du Hambu, commune de Berlaimont et Elie Pierrard de Saint-Aubin avait soumissionn\u00e9 les fermes de Badelles, commune de Berlaimont et de Coulmy, commune d\u2019Aibes. <\/p>\n\n\n\n<p>\u00ab\u00a0Groslevin, commissaire du Directoire ex\u00e9cutif aupr\u00e8s du d\u00e9partement du Nord leur fit d\u00e9livrer des exp\u00e9ditions des contrats, disant \u00e0 Gautier, secr\u00e9taire de l&rsquo;administration centrale, qu&rsquo;il ferait signer la minute par les administrateurs. Or, ceux-ci : Laurent, Dumoulin, Lorain Desmoutiers et Delval-Lagache refus\u00e8rent de signer la minute, jugeant les estimations trop faibles ; et sur les instances de Gautier, Groslevin finit par rapporter les exp\u00e9ditions. Les choses en rest\u00e8rent l\u00e0 pour le moment, mais un an plus tard de nouveaux contrats furent dress\u00e9s ; et, cette fois, r\u00e9gularis\u00e9s sans opposition. Un des trois nouveaux contrats \u00e9tait au nom d&rsquo;Evrard et les deux autres, au nom de Groslevin et d&rsquo;un aubergiste de Douai, appel\u00e9 Verstraete, l&rsquo;un et l&rsquo;autre, comme l&rsquo;a \u00e9crit M. Georges Lefebvre \u00ab soi-disant commands en vertu de cessions, l&rsquo;une antidat\u00e9e et l&rsquo;autre irr\u00e9guli\u00e8re \u00bb. La chose serait peut-\u00eatre pass\u00e9e inaper\u00e7ue si Pierrard et Evrard ayant op\u00e9r\u00e9 les premiers paiements sur les premiers contrats qu&rsquo;ils croyaient d\u00e9finitifs, n&rsquo;avaient song\u00e9 \u00e0 faire valoir leurs quittances pour l&rsquo;acquittement des nouveaux. Cela permit au receveur du domaine national de Douai, Dhardivillier, de d\u00e9couvrir la fraude qu&rsquo;il s&#8217;empressa de d\u00e9noncer \u00e0 l&rsquo;administration centrale du d\u00e9partement (12 vent\u00f4se, an 6). Les administrateurs en charge, nomm\u00e9s la plupart apr\u00e8s le 18 fructidor, n&rsquo;avaient jamais entendu parler des ventes dont il s&rsquo;agissait l\u00e0. Ils demand\u00e8rent des explications d&rsquo;abord \u00e0 Gautier, puis aux administrateurs en exercice en l&rsquo;an 4. Groslevin fut entendu lui aussi. Mis au courant de la d\u00e9nonciation port\u00e9e contre lui, il d\u00e9clara ignorer les faits dont on l&rsquo;inculpait. Selon lui, ces faits devaient \u00eatre attribu\u00e9s aux citoyens des environs d&rsquo;Avesnes auxquels il s&rsquo;\u00e9tait int\u00e9ress\u00e9 et qui avaient abus\u00e9 de sa confiance, puisqu&rsquo;ils avaient substitu\u00e9 des contrats inf\u00e9rieurs en prix \u00e0 ceux qui devaient leur \u00eatre accord\u00e9s et dont l&rsquo;un lui avait \u00e9t\u00e9 c\u00e9d\u00e9 post\u00e9rieurement. <\/p>\n\n\n\n<p>Dans sa d\u00e9nonciation du 12 vent\u00f4se, an 6, Dhardivillier\navait express\u00e9ment d\u00e9clar\u00e9 qu&rsquo;il y avait une soci\u00e9t\u00e9 de sp\u00e9culateurs sur les\ndomaines nationaux qui s&rsquo;\u00e9tait form\u00e9e \u00e0 Avesnes. Il signalait l\u00e0, comme membres\nde cette soci\u00e9t\u00e9, outre Groslevin, Pierre Evrard et Elie Pierrard,\nAntoine-Joseph Gau, commissaire du canton de Dourlers ; Antoine-Joseph Hazard,\ncommissaire du cardon de Solre-le-Ch\u00e2teau ; Carton, ancien secr\u00e9taire du\ndistrict d&rsquo;Avesnes et Bonnaire de Dompierre.<\/p>\n\n\n\n<p>Ayant ainsi entendu les diff\u00e9rents sons de cloche, les administrateurs annul\u00e8rent les contrats le 19 vent\u00f4se. Par ailleurs d\u00e9j\u00e0 le Directoire ex\u00e9cutif avait \u00e9t\u00e9 saisi de l&rsquo;affaire, et le m\u00eame jour il r\u00e9voquait Groslevin. Quelques jours plus tard, il ordonnait des poursuites judiciaires contre Groslevin, Evrard et Verstraete, \u00ab pr\u00e9venus des d\u00e9lits de faux et de fraude dans la vente des biens nationaux \u00bb du d\u00e9partement du Nord (24 vent\u00f4se, an 6). Ajoutons que le 25 vend\u00e9miaire, an 7, le jury d&rsquo;accusation de Cambrai rendit un non-lieu en cette affaire ; mais le tribunal criminel cassa cet arr\u00eat pour vice de forme et instruction insuffisante. Le proc\u00e8s revint alors \u00e0 Lille. II dut se terminer par l&rsquo;acquittement des pr\u00e9venus, car en l&rsquo;an 8, Groslevin, Evrard et Verstraete obtinrent leurs contrats apr\u00e8s nouvelle expertise\u00a0\u00bb.<\/p>\n\n\n\n<p>(Source du texte\u00a0: Soci\u00e9t\u00e9 Arch\u00e9ologique et Historique de l\u2019arrondissement d\u2019Avesnes M\u00e9moires Tome XVII)<\/p>\n\n\n\n<p class=\"has-text-color has-medium-font-size has-bright-red-color\"><strong>La Longueville<\/strong><\/p>\n\n\n\n<div class=\"wp-block-image\"><figure class=\"aligncenter\"><img data-recalc-dims=\"1\" loading=\"lazy\" decoding=\"async\" width=\"840\" height=\"85\" data-attachment-id=\"239\" data-permalink=\"http:\/\/patrimoine-avesnois.fr\/censes\/les-censes-du-comte-degmont\/capture-121\/\" data-orig-file=\"https:\/\/i0.wp.com\/patrimoine-avesnois.fr\/censes\/wp-content\/uploads\/2019\/02\/Capture-120.png?fit=939%2C95\" data-orig-size=\"939,95\" data-comments-opened=\"1\" data-image-meta=\"{&quot;aperture&quot;:&quot;0&quot;,&quot;credit&quot;:&quot;&quot;,&quot;camera&quot;:&quot;&quot;,&quot;caption&quot;:&quot;&quot;,&quot;created_timestamp&quot;:&quot;0&quot;,&quot;copyright&quot;:&quot;&quot;,&quot;focal_length&quot;:&quot;0&quot;,&quot;iso&quot;:&quot;0&quot;,&quot;shutter_speed&quot;:&quot;0&quot;,&quot;title&quot;:&quot;&quot;,&quot;orientation&quot;:&quot;0&quot;}\" data-image-title=\"Capture\" data-image-description=\"\" data-image-caption=\"\" data-large-file=\"https:\/\/i0.wp.com\/patrimoine-avesnois.fr\/censes\/wp-content\/uploads\/2019\/02\/Capture-120.png?fit=840%2C85\" src=\"https:\/\/i0.wp.com\/patrimoine-avesnois.fr\/censes\/wp-content\/uploads\/2019\/02\/Capture-120.png?resize=840%2C85\" alt=\"\" class=\"wp-image-239\" srcset=\"https:\/\/i0.wp.com\/patrimoine-avesnois.fr\/censes\/wp-content\/uploads\/2019\/02\/Capture-120.png?w=939 939w, https:\/\/i0.wp.com\/patrimoine-avesnois.fr\/censes\/wp-content\/uploads\/2019\/02\/Capture-120.png?resize=300%2C30 300w, https:\/\/i0.wp.com\/patrimoine-avesnois.fr\/censes\/wp-content\/uploads\/2019\/02\/Capture-120.png?resize=768%2C78 768w\" sizes=\"auto, (max-width: 709px) 85vw, (max-width: 909px) 67vw, (max-width: 1362px) 62vw, 840px\" \/><\/figure><\/div>\n\n\n\n<p class=\"has-text-color has-medium-font-size has-bright-red-color\"><strong>Sassegnies<\/strong><\/p>\n\n\n\n<div class=\"wp-block-image\"><figure class=\"aligncenter\"><img data-recalc-dims=\"1\" loading=\"lazy\" decoding=\"async\" width=\"840\" height=\"55\" data-attachment-id=\"240\" data-permalink=\"http:\/\/patrimoine-avesnois.fr\/censes\/les-censes-du-comte-degmont\/capture-122\/\" data-orig-file=\"https:\/\/i0.wp.com\/patrimoine-avesnois.fr\/censes\/wp-content\/uploads\/2019\/02\/Capture-121.png?fit=894%2C59\" data-orig-size=\"894,59\" data-comments-opened=\"1\" data-image-meta=\"{&quot;aperture&quot;:&quot;0&quot;,&quot;credit&quot;:&quot;&quot;,&quot;camera&quot;:&quot;&quot;,&quot;caption&quot;:&quot;&quot;,&quot;created_timestamp&quot;:&quot;0&quot;,&quot;copyright&quot;:&quot;&quot;,&quot;focal_length&quot;:&quot;0&quot;,&quot;iso&quot;:&quot;0&quot;,&quot;shutter_speed&quot;:&quot;0&quot;,&quot;title&quot;:&quot;&quot;,&quot;orientation&quot;:&quot;0&quot;}\" data-image-title=\"Capture\" data-image-description=\"\" data-image-caption=\"\" data-large-file=\"https:\/\/i0.wp.com\/patrimoine-avesnois.fr\/censes\/wp-content\/uploads\/2019\/02\/Capture-121.png?fit=840%2C55\" src=\"https:\/\/i0.wp.com\/patrimoine-avesnois.fr\/censes\/wp-content\/uploads\/2019\/02\/Capture-121.png?resize=840%2C55\" alt=\"\" class=\"wp-image-240\" srcset=\"https:\/\/i0.wp.com\/patrimoine-avesnois.fr\/censes\/wp-content\/uploads\/2019\/02\/Capture-121.png?w=894 894w, https:\/\/i0.wp.com\/patrimoine-avesnois.fr\/censes\/wp-content\/uploads\/2019\/02\/Capture-121.png?resize=300%2C20 300w, https:\/\/i0.wp.com\/patrimoine-avesnois.fr\/censes\/wp-content\/uploads\/2019\/02\/Capture-121.png?resize=768%2C51 768w\" sizes=\"auto, (max-width: 709px) 85vw, (max-width: 909px) 67vw, (max-width: 1362px) 62vw, 840px\" \/><\/figure><\/div>\n\n\n\n<p> Notice biographique&nbsp;:<\/p>\n\n\n\n<p>Fils de Procope Marie Antoine Philippe Charles Nicolas Augustin, duc de Bisaccia, et d&rsquo;Henriette Julie de Durfort de Duras, Casimir de Pignatelli, comte d&rsquo;Egmont, naquit \u00e0 Paris le 6 novembre 1727. Il commen\u00e7a sa carri\u00e8re en 1742 dans les mousquetaires avant de devenir, en 1744, mestre de camp d&rsquo;un r\u00e9giment de cavalerie de son nom. Brigadier en 1748, il fut l&rsquo;aide de camp du mar\u00e9chal de Richelieu \u00e0 Minorque en 1756, re\u00e7ut la croix de Saint-Louis et fut fait mar\u00e9chal de camp la m\u00eame ann\u00e9e. Lieutenant g\u00e9n\u00e9ral en 1762, il re\u00e7ut, en 1781, le gouvernement de l&rsquo;Anjou et du Saumurois. \u00c0 la veille de la R\u00e9volution, il \u00e9tait chef de division en Champagne.Apr\u00e8s avoir \u00e9t\u00e9 d\u00e9put\u00e9 du bailliage de Soissons aux \u00c9tats g\u00e9n\u00e9raux, il \u00e9migra et se vit confier le commandement des corps d&rsquo;\u00e9migr\u00e9s du pays de Li\u00e8ge, Brabant, Hainaut et Flandre autrichienne. En cette qualit\u00e9, il fit la campagne de 1792 dans les rangs de l&rsquo;arm\u00e9e de Bourbon. Il mourut \u00e0 Brunswick le 1er d\u00e9cembre 1801.Il avait \u00e9pous\u00e9 en premi\u00e8res noces en 1750 Blanche Alphonsine de Saint-S\u00e9verin d&rsquo;Aragon, puis, le 10 f\u00e9vrier 1756, Sophie Louise Armande Septimanie de Vignerot du Plessis de Richelieu et enfin, le 31 mai 1788, Claire Marie Farely. <\/p>\n","protected":false},"excerpt":{"rendered":"<p>Berlaimont Pour information Etienne Groslevin (1763-1834) se trouvait depuis quelque temps \u00e0 Dompierre, car une note du 19 mars 1792, conserv\u00e9e aux Archives d\u00e9partementales du Nord (L. 148 et L. 471) nous apprend que Groslevin p\u00e8re pr\u00e9nomm\u00e9 Jean Baptiste et son fils Etienne ci-devant receveurs des quatre membres au bureau et arrondissement d&rsquo;Hazebrouck \u00e9taient domicili\u00e9s &hellip; <a href=\"http:\/\/patrimoine-avesnois.fr\/censes\/les-censes-du-comte-degmont\/\" class=\"more-link\">Continuer la lecture<span class=\"screen-reader-text\"> de &laquo;&nbsp;Les censes du Comte d\u2019Egmont&nbsp;&raquo;<\/span><\/a><\/p>\n","protected":false},"author":2,"featured_media":0,"parent":0,"menu_order":0,"comment_status":"closed","ping_status":"closed","template":"","meta":{"jetpack_post_was_ever_published":false,"footnotes":""},"class_list":["post-235","page","type-page","status-publish","hentry"],"jetpack_sharing_enabled":true,"jetpack_shortlink":"https:\/\/wp.me\/PaKSRG-3N","jetpack-related-posts":[],"_links":{"self":[{"href":"http:\/\/patrimoine-avesnois.fr\/censes\/wp-json\/wp\/v2\/pages\/235","targetHints":{"allow":["GET"]}}],"collection":[{"href":"http:\/\/patrimoine-avesnois.fr\/censes\/wp-json\/wp\/v2\/pages"}],"about":[{"href":"http:\/\/patrimoine-avesnois.fr\/censes\/wp-json\/wp\/v2\/types\/page"}],"author":[{"embeddable":true,"href":"http:\/\/patrimoine-avesnois.fr\/censes\/wp-json\/wp\/v2\/users\/2"}],"replies":[{"embeddable":true,"href":"http:\/\/patrimoine-avesnois.fr\/censes\/wp-json\/wp\/v2\/comments?post=235"}],"version-history":[{"count":3,"href":"http:\/\/patrimoine-avesnois.fr\/censes\/wp-json\/wp\/v2\/pages\/235\/revisions"}],"predecessor-version":[{"id":443,"href":"http:\/\/patrimoine-avesnois.fr\/censes\/wp-json\/wp\/v2\/pages\/235\/revisions\/443"}],"wp:attachment":[{"href":"http:\/\/patrimoine-avesnois.fr\/censes\/wp-json\/wp\/v2\/media?parent=235"}],"curies":[{"name":"wp","href":"https:\/\/api.w.org\/{rel}","templated":true}]}}