{"id":248,"date":"2019-02-19T14:42:21","date_gmt":"2019-02-19T13:42:21","guid":{"rendered":"http:\/\/patrimoine-avesnois.fr\/censes\/?page_id=248"},"modified":"2019-02-19T14:42:21","modified_gmt":"2019-02-19T13:42:21","slug":"les-censes-des-seigneurs-de-franeau","status":"publish","type":"page","link":"http:\/\/patrimoine-avesnois.fr\/censes\/les-censes-des-seigneurs-de-franeau\/","title":{"rendered":"Les censes des seigneurs de Franeau"},"content":{"rendered":"\n<p class=\"has-text-color has-medium-font-size has-bright-red-color\"><strong>Gommegnies<\/strong><\/p>\n\n\n\n<p>Il est mentionn\u00e9 une maison et cense de la basse cour \u00ab\u00a0avecq cincq huittel\u00e9es de masure qu\u2019on dist le plache du vielz moulin\u00a0\u00bb (ADN B 11950 et actes \u00e9chevinages de Gommegnies E 10 et 21). Il y a en 1779 une demande de reconstruction du moulin par un nomm\u00e9 Antoine \u00ab\u00a0dans un lieu appel\u00e9 la Basse Cour sur six mencaud\u00e9es ou environ de p\u00e2ture qu\u2019il tient \u00e0 bail emphit\u00e9otique du seigneur de Gomignies\u00a0\u00bb (ADN C 16818). <\/p>\n\n\n\n<div class=\"wp-block-image\"><figure class=\"aligncenter\"><img data-recalc-dims=\"1\" loading=\"lazy\" decoding=\"async\" width=\"767\" height=\"370\" data-attachment-id=\"249\" data-permalink=\"http:\/\/patrimoine-avesnois.fr\/censes\/les-censes-des-seigneurs-de-franeau\/capture-125\/\" data-orig-file=\"https:\/\/i0.wp.com\/patrimoine-avesnois.fr\/censes\/wp-content\/uploads\/2019\/02\/Capture-124.png?fit=767%2C370\" data-orig-size=\"767,370\" data-comments-opened=\"1\" data-image-meta=\"{&quot;aperture&quot;:&quot;0&quot;,&quot;credit&quot;:&quot;&quot;,&quot;camera&quot;:&quot;&quot;,&quot;caption&quot;:&quot;&quot;,&quot;created_timestamp&quot;:&quot;0&quot;,&quot;copyright&quot;:&quot;&quot;,&quot;focal_length&quot;:&quot;0&quot;,&quot;iso&quot;:&quot;0&quot;,&quot;shutter_speed&quot;:&quot;0&quot;,&quot;title&quot;:&quot;&quot;,&quot;orientation&quot;:&quot;0&quot;}\" data-image-title=\"Capture\" data-image-description=\"\" data-image-caption=\"\" data-large-file=\"https:\/\/i0.wp.com\/patrimoine-avesnois.fr\/censes\/wp-content\/uploads\/2019\/02\/Capture-124.png?fit=767%2C370\" src=\"https:\/\/i0.wp.com\/patrimoine-avesnois.fr\/censes\/wp-content\/uploads\/2019\/02\/Capture-124.png?resize=767%2C370\" alt=\"\" class=\"wp-image-249\" srcset=\"https:\/\/i0.wp.com\/patrimoine-avesnois.fr\/censes\/wp-content\/uploads\/2019\/02\/Capture-124.png?w=767 767w, https:\/\/i0.wp.com\/patrimoine-avesnois.fr\/censes\/wp-content\/uploads\/2019\/02\/Capture-124.png?resize=300%2C145 300w\" sizes=\"auto, (max-width: 767px) 85vw, 767px\" \/><\/figure><\/div>\n\n\n\n<p>Le moulin et probablement la ferme appartenaient \u00e0 Messire\nAlbert Michel Joseph Franeau Dhion, chevalier baron de Gommegnies et \u00e0 Dame\nMaximilienne Isabelle Dive.<\/p>\n\n\n\n<p>Il fut cr\u00e9\u00e9 comte par lettres patentes du roi Louis XIV\ndonn\u00e9es \u00e0 Versailles au mois de mai 1709. Sur le brevet de cette cr\u00e9ation149 on\nlit : \u00ab &#8230; la terre et seigneurie de Gommegnies poss\u00e9d\u00e9e avec toute justice,\nhaute, moyenne et basse, est d\u00e9cor\u00e9e d&rsquo;un beau ch\u00e2teau et se compose de trois\nvillages (Gommegnies, Frasnoy et Preux-au-Sart) o\u00f9 le baron est seul seigneur,\nde plusieurs domaines, terres, prez, bois et h\u00e9ritages, cens, rentes, droit de\ngarenne, chasse, p\u00e8che, plantis, aubanit\u00e9, b\u00e2tardise, d\u00e9shirances, \u00e9paves,\ncorv\u00e9es, amendes, afforages de vin, gambages de bi\u00e8re, breuvages, et autres\ndroits seigneuriaux, de laquelle terre rel\u00e8vent 84 autres fiefs, rendant leur\nfoy et hommage et payant leurs reliefs aux mutations et autres droits\u00b0; le tout\ncomposant un revenu de plus de 10.000 livres&#8230; \u00bb<\/p>\n\n\n\n<p>Albert Michel Joseph Franeau d&rsquo;Hyon \u00e9pousa en premi\u00e8res\nnoces par contrat pass\u00e9 au ch\u00e2teau de Warell\u00e9s, le 20 juillet 1698, Isabelle\nMaximilienne d&rsquo;Yve, fille de Jean Philippe Ren\u00e9 et de Marie Madeleine Fran\u00e7oise\nde B\u00e9thune des Planques. Sa seconde femme fut Alexandrine Fran\u00e7oise Basta,\ncomtesse de Mouscron, veuve depuis 1714 de Jacques Fran\u00e7ois Hippolyte, marquis\nd&rsquo;Enneti\u00e8res. Du premier mariage naquirent quatre enfants dont Nicolas Joseph\nn\u00e9 le 10\/11\/1709. Il se maria \u00e0 Marie Catherine Boul\u00e9. <\/p>\n\n\n\n<p>Les biens pass\u00e8rent ensuite \u00e0 leur fils Th\u00e9odore Joseph\nFran\u00e7ois d&rsquo;Hyon qui, n\u00e9 \u00e0 Valenciennes le 04.07.1750, prit part de 1781 \u00e0 1783\n\u00e0 la guerre d&rsquo;ind\u00e9pendance am\u00e9ricaine et s&rsquo;\u00e9teignit \u00e0 Mons le 21.05.1814. Mari\u00e9\nen 1803 \u00e0 Marie Charlotte Joseph Wandru Obert Quevy n\u00e9e en 1775 \u00e0 Thoricourt\n(B), il eut un fils unique, Philippe Gustave Ghislain Adolphe, n\u00e9 \u00e0 Mons le 17\nniv\u00f4se an XIII (06.01.1805). Il se maria \u00e0 Bruxelles le 08.06.1825, il eut six\nenfants, il fut chambellan du roi des Pays-Bas (A.D.N. J 1565\/55, n\u00b0242.) et\nmourut \u00e0 Salbris (Loir-et-Cher) le 01.12.1875. Son fils, Edouard Henry Fran\u00e7ois\nAdolphe Ghislain (1829-1891) fut le dernier comte de Gommegnies. <\/p>\n\n\n\n<p class=\"has-text-color has-medium-font-size has-bright-red-color\"><strong>Monceau-Saint-Waast<\/strong><\/p>\n\n\n\n<p>La cense del&rsquo; Tour fut une forteresse b\u00e2tie par Bauduin V,\ncomte du Hainaut, pour se d\u00e9fendre face \u00e0 Jacques d&rsquo;Avesnes. Des trois tours de\nla forteresse primitive, il n&rsquo;en reste que deux, de chaque c\u00f4t\u00e9 de l&rsquo;entr\u00e9e. <\/p>\n\n\n\n<p>La seigneurie de Monceau appartenait aux Fresneau. L\u2019un\nd\u2019eux, Georges Fran\u00e7ois Paul de Franeau (1654 ca 1707), seigneur de Gommegnies,\nBeaufort, Monceau Saint-Waast etc fut honor\u00e9 du titre de vicomte au XVII e\nsi\u00e8cle. Mari\u00e9 \u00e0 Marie Anne de Kerckem il eut deux enfants Marie Jos\u00e9phine et\nAlexandre. Ce dernier eut de Jos\u00e8phe de Laverne de Rhode plusieurs\nenfants&nbsp;dont Charles, comte de Fenal (1720 1759) et Marie Th\u00e9r\u00e8se Pauline\ncomtesse de Franeau (1722 1781). Cette famille garda le lieu jusque la\nR\u00e9volution par l\u2019interm\u00e9diaire de leurs neveux Liedekerke-Beaufort.<\/p>\n","protected":false},"excerpt":{"rendered":"<p>Gommegnies Il est mentionn\u00e9 une maison et cense de la basse cour \u00ab\u00a0avecq cincq huittel\u00e9es de masure qu\u2019on dist le plache du vielz moulin\u00a0\u00bb (ADN B 11950 et actes \u00e9chevinages de Gommegnies E 10 et 21). Il y a en 1779 une demande de reconstruction du moulin par un nomm\u00e9 Antoine \u00ab\u00a0dans un lieu appel\u00e9 &hellip; <a href=\"http:\/\/patrimoine-avesnois.fr\/censes\/les-censes-des-seigneurs-de-franeau\/\" class=\"more-link\">Continuer la lecture<span class=\"screen-reader-text\"> de &laquo;&nbsp;Les censes des seigneurs de Franeau&nbsp;&raquo;<\/span><\/a><\/p>\n","protected":false},"author":2,"featured_media":0,"parent":0,"menu_order":0,"comment_status":"closed","ping_status":"closed","template":"","meta":{"jetpack_post_was_ever_published":false,"footnotes":""},"class_list":["post-248","page","type-page","status-publish","hentry"],"jetpack_sharing_enabled":true,"jetpack_shortlink":"https:\/\/wp.me\/PaKSRG-40","jetpack-related-posts":[],"_links":{"self":[{"href":"http:\/\/patrimoine-avesnois.fr\/censes\/wp-json\/wp\/v2\/pages\/248","targetHints":{"allow":["GET"]}}],"collection":[{"href":"http:\/\/patrimoine-avesnois.fr\/censes\/wp-json\/wp\/v2\/pages"}],"about":[{"href":"http:\/\/patrimoine-avesnois.fr\/censes\/wp-json\/wp\/v2\/types\/page"}],"author":[{"embeddable":true,"href":"http:\/\/patrimoine-avesnois.fr\/censes\/wp-json\/wp\/v2\/users\/2"}],"replies":[{"embeddable":true,"href":"http:\/\/patrimoine-avesnois.fr\/censes\/wp-json\/wp\/v2\/comments?post=248"}],"version-history":[{"count":1,"href":"http:\/\/patrimoine-avesnois.fr\/censes\/wp-json\/wp\/v2\/pages\/248\/revisions"}],"predecessor-version":[{"id":250,"href":"http:\/\/patrimoine-avesnois.fr\/censes\/wp-json\/wp\/v2\/pages\/248\/revisions\/250"}],"wp:attachment":[{"href":"http:\/\/patrimoine-avesnois.fr\/censes\/wp-json\/wp\/v2\/media?parent=248"}],"curies":[{"name":"wp","href":"https:\/\/api.w.org\/{rel}","templated":true}]}}