{"id":259,"date":"2019-02-20T10:33:04","date_gmt":"2019-02-20T09:33:04","guid":{"rendered":"http:\/\/patrimoine-avesnois.fr\/censes\/?page_id=259"},"modified":"2019-02-20T10:33:04","modified_gmt":"2019-02-20T09:33:04","slug":"les-censes-de-nedonchel","status":"publish","type":"page","link":"http:\/\/patrimoine-avesnois.fr\/censes\/les-censes-de-nedonchel\/","title":{"rendered":"Les censes de N\u00e9donchel"},"content":{"rendered":"\n<p class=\"has-text-color has-medium-font-size has-bright-red-color\"><strong>Bachant<\/strong><\/p>\n\n\n\n<p>Cense de la Puissance <\/p>\n\n\n\n<p>Jusqu&rsquo;en 1822, le village de Bachant poss\u00e9da un ch\u00e2teau\nfort, appel\u00e9 ch\u00e2teau de la Puissance, nom qui lui viendrait de la premi\u00e8re\nfamille \u00e0 l&rsquo;origine de la forteresse, la famille de la Puissance qui le b\u00e2tit\nau XI e si\u00e8cle. <\/p>\n\n\n\n<p>Les marquis de Gages furent par la suite les barons de la Puissance, avant que le ch\u00e2teau ne devienne la propri\u00e9t\u00e9 de la famille de N\u00e9donchel. <\/p>\n\n\n\n<div class=\"wp-block-image\"><figure class=\"aligncenter\"><img data-recalc-dims=\"1\" loading=\"lazy\" decoding=\"async\" width=\"779\" height=\"519\" data-attachment-id=\"260\" data-permalink=\"http:\/\/patrimoine-avesnois.fr\/censes\/les-censes-de-nedonchel\/capture-128\/\" data-orig-file=\"https:\/\/i0.wp.com\/patrimoine-avesnois.fr\/censes\/wp-content\/uploads\/2019\/02\/Capture-127.png?fit=779%2C519\" data-orig-size=\"779,519\" data-comments-opened=\"1\" data-image-meta=\"{&quot;aperture&quot;:&quot;0&quot;,&quot;credit&quot;:&quot;&quot;,&quot;camera&quot;:&quot;&quot;,&quot;caption&quot;:&quot;&quot;,&quot;created_timestamp&quot;:&quot;0&quot;,&quot;copyright&quot;:&quot;&quot;,&quot;focal_length&quot;:&quot;0&quot;,&quot;iso&quot;:&quot;0&quot;,&quot;shutter_speed&quot;:&quot;0&quot;,&quot;title&quot;:&quot;&quot;,&quot;orientation&quot;:&quot;0&quot;}\" data-image-title=\"Capture\" data-image-description=\"\" data-image-caption=\"\" data-large-file=\"https:\/\/i0.wp.com\/patrimoine-avesnois.fr\/censes\/wp-content\/uploads\/2019\/02\/Capture-127.png?fit=779%2C519\" src=\"https:\/\/i0.wp.com\/patrimoine-avesnois.fr\/censes\/wp-content\/uploads\/2019\/02\/Capture-127.png?resize=779%2C519\" alt=\"\" class=\"wp-image-260\" srcset=\"https:\/\/i0.wp.com\/patrimoine-avesnois.fr\/censes\/wp-content\/uploads\/2019\/02\/Capture-127.png?w=779 779w, https:\/\/i0.wp.com\/patrimoine-avesnois.fr\/censes\/wp-content\/uploads\/2019\/02\/Capture-127.png?resize=300%2C200 300w, https:\/\/i0.wp.com\/patrimoine-avesnois.fr\/censes\/wp-content\/uploads\/2019\/02\/Capture-127.png?resize=768%2C512 768w\" sizes=\"auto, (max-width: 779px) 85vw, 779px\" \/><figcaption>La cense de la Puissance<\/figcaption><\/figure><\/div>\n\n\n\n<div class=\"wp-block-image\"><figure class=\"aligncenter\"><img data-recalc-dims=\"1\" loading=\"lazy\" decoding=\"async\" width=\"770\" height=\"512\" data-attachment-id=\"261\" data-permalink=\"http:\/\/patrimoine-avesnois.fr\/censes\/les-censes-de-nedonchel\/capture-129\/\" data-orig-file=\"https:\/\/i0.wp.com\/patrimoine-avesnois.fr\/censes\/wp-content\/uploads\/2019\/02\/Capture-128.png?fit=770%2C512\" data-orig-size=\"770,512\" data-comments-opened=\"1\" data-image-meta=\"{&quot;aperture&quot;:&quot;0&quot;,&quot;credit&quot;:&quot;&quot;,&quot;camera&quot;:&quot;&quot;,&quot;caption&quot;:&quot;&quot;,&quot;created_timestamp&quot;:&quot;0&quot;,&quot;copyright&quot;:&quot;&quot;,&quot;focal_length&quot;:&quot;0&quot;,&quot;iso&quot;:&quot;0&quot;,&quot;shutter_speed&quot;:&quot;0&quot;,&quot;title&quot;:&quot;&quot;,&quot;orientation&quot;:&quot;0&quot;}\" data-image-title=\"Capture\" data-image-description=\"\" data-image-caption=\"\" data-large-file=\"https:\/\/i0.wp.com\/patrimoine-avesnois.fr\/censes\/wp-content\/uploads\/2019\/02\/Capture-128.png?fit=770%2C512\" src=\"https:\/\/i0.wp.com\/patrimoine-avesnois.fr\/censes\/wp-content\/uploads\/2019\/02\/Capture-128.png?resize=770%2C512\" alt=\"\" class=\"wp-image-261\" srcset=\"https:\/\/i0.wp.com\/patrimoine-avesnois.fr\/censes\/wp-content\/uploads\/2019\/02\/Capture-128.png?w=770 770w, https:\/\/i0.wp.com\/patrimoine-avesnois.fr\/censes\/wp-content\/uploads\/2019\/02\/Capture-128.png?resize=300%2C199 300w, https:\/\/i0.wp.com\/patrimoine-avesnois.fr\/censes\/wp-content\/uploads\/2019\/02\/Capture-128.png?resize=768%2C511 768w\" sizes=\"auto, (max-width: 770px) 85vw, 770px\" \/><figcaption><a href=\"https:\/\/www.google.fr\/maps\/@50.2210255,3.868467,3a,75y,45.91h,89.13t\/data=!3m6!1e1!3m4!1syWc2eOHC-9xXwRP8bDS8NA!2e0!7i13312!8i6656\">La Puissance<\/a><\/figcaption><\/figure><\/div>\n\n\n\n<p>A l&rsquo;endroit de la forteresse, il reste une ferme portant le nom de ferme de la Puissance qui par sa taille est l&rsquo;une des plus grandes fermes de l&rsquo;arrondissement. Elle conserve notamment un beau porche de pierres.<\/p>\n\n\n\n<p class=\"has-text-color has-medium-font-size has-bright-red-color\"><strong>Jolimetz<\/strong><\/p>\n\n\n\n<div class=\"wp-block-image\"><figure class=\"aligncenter\"><img data-recalc-dims=\"1\" loading=\"lazy\" decoding=\"async\" width=\"828\" height=\"89\" data-attachment-id=\"262\" data-permalink=\"http:\/\/patrimoine-avesnois.fr\/censes\/les-censes-de-nedonchel\/capture-130\/\" data-orig-file=\"https:\/\/i0.wp.com\/patrimoine-avesnois.fr\/censes\/wp-content\/uploads\/2019\/02\/Capture-129.png?fit=828%2C89\" data-orig-size=\"828,89\" data-comments-opened=\"1\" data-image-meta=\"{&quot;aperture&quot;:&quot;0&quot;,&quot;credit&quot;:&quot;&quot;,&quot;camera&quot;:&quot;&quot;,&quot;caption&quot;:&quot;&quot;,&quot;created_timestamp&quot;:&quot;0&quot;,&quot;copyright&quot;:&quot;&quot;,&quot;focal_length&quot;:&quot;0&quot;,&quot;iso&quot;:&quot;0&quot;,&quot;shutter_speed&quot;:&quot;0&quot;,&quot;title&quot;:&quot;&quot;,&quot;orientation&quot;:&quot;0&quot;}\" data-image-title=\"Capture\" data-image-description=\"\" data-image-caption=\"\" data-large-file=\"https:\/\/i0.wp.com\/patrimoine-avesnois.fr\/censes\/wp-content\/uploads\/2019\/02\/Capture-129.png?fit=828%2C89\" src=\"https:\/\/i0.wp.com\/patrimoine-avesnois.fr\/censes\/wp-content\/uploads\/2019\/02\/Capture-129.png?resize=828%2C89\" alt=\"\" class=\"wp-image-262\" srcset=\"https:\/\/i0.wp.com\/patrimoine-avesnois.fr\/censes\/wp-content\/uploads\/2019\/02\/Capture-129.png?w=828 828w, https:\/\/i0.wp.com\/patrimoine-avesnois.fr\/censes\/wp-content\/uploads\/2019\/02\/Capture-129.png?resize=300%2C32 300w, https:\/\/i0.wp.com\/patrimoine-avesnois.fr\/censes\/wp-content\/uploads\/2019\/02\/Capture-129.png?resize=768%2C83 768w\" sizes=\"auto, (max-width: 828px) 85vw, 828px\" \/><\/figure><\/div>\n\n\n\n<p class=\"has-text-color has-medium-font-size has-bright-red-color\"><strong>Potelle<\/strong><\/p>\n\n\n\n<p>La cense de l\u2019Artois et son moulin \u00e0 vent, \u00e0 la limite de\nJolimetz, faisaient partie du ch\u00e2teau d\u00e9nomm\u00e9 \u00ab&nbsp; de riz pain sel&nbsp;\u00bb\n(de nos jours le ch\u00e2teau Mantoue) qui appartenait avant la R\u00e9volution \u00e0 Marie\nAlexandre de Bonaventure (1741 1834), baron de N\u00e9donchel, mar\u00e9chal de camp et\ngrand bailli d\u2019\u00e9p\u00e9e du Quesnoy. Il \u00e9migra. Il fut ensuite d\u00e9put\u00e9 \u00e0 la\nConvention avant d\u2019\u00eatre g\u00e9n\u00e9ral de brigade le 8 mars 1793 puis ministre de la Guerre\ndu 14 septembre au 10 novembre 1799. Il r\u00e9cup\u00e9rera ses biens sous l\u2019Empire.<\/p>\n\n\n\n<p>La ferme du moulin existe toujours.<\/p>\n\n\n\n<div class=\"wp-block-image\"><figure class=\"aligncenter\"><img data-recalc-dims=\"1\" loading=\"lazy\" decoding=\"async\" width=\"647\" height=\"431\" data-attachment-id=\"263\" data-permalink=\"http:\/\/patrimoine-avesnois.fr\/censes\/les-censes-de-nedonchel\/capture-131\/\" data-orig-file=\"https:\/\/i0.wp.com\/patrimoine-avesnois.fr\/censes\/wp-content\/uploads\/2019\/02\/Capture-130.png?fit=647%2C431\" data-orig-size=\"647,431\" data-comments-opened=\"1\" data-image-meta=\"{&quot;aperture&quot;:&quot;0&quot;,&quot;credit&quot;:&quot;&quot;,&quot;camera&quot;:&quot;&quot;,&quot;caption&quot;:&quot;&quot;,&quot;created_timestamp&quot;:&quot;0&quot;,&quot;copyright&quot;:&quot;&quot;,&quot;focal_length&quot;:&quot;0&quot;,&quot;iso&quot;:&quot;0&quot;,&quot;shutter_speed&quot;:&quot;0&quot;,&quot;title&quot;:&quot;&quot;,&quot;orientation&quot;:&quot;0&quot;}\" data-image-title=\"Capture\" data-image-description=\"\" data-image-caption=\"\" data-large-file=\"https:\/\/i0.wp.com\/patrimoine-avesnois.fr\/censes\/wp-content\/uploads\/2019\/02\/Capture-130.png?fit=647%2C431\" src=\"https:\/\/i0.wp.com\/patrimoine-avesnois.fr\/censes\/wp-content\/uploads\/2019\/02\/Capture-130.png?resize=647%2C431\" alt=\"\" class=\"wp-image-263\" srcset=\"https:\/\/i0.wp.com\/patrimoine-avesnois.fr\/censes\/wp-content\/uploads\/2019\/02\/Capture-130.png?w=647 647w, https:\/\/i0.wp.com\/patrimoine-avesnois.fr\/censes\/wp-content\/uploads\/2019\/02\/Capture-130.png?resize=300%2C200 300w\" sizes=\"auto, (max-width: 647px) 85vw, 647px\" \/><\/figure><\/div>\n\n\n\n<div class=\"wp-block-image\"><figure class=\"aligncenter\"><img data-recalc-dims=\"1\" loading=\"lazy\" decoding=\"async\" width=\"771\" height=\"514\" data-attachment-id=\"264\" data-permalink=\"http:\/\/patrimoine-avesnois.fr\/censes\/les-censes-de-nedonchel\/capture-132\/\" data-orig-file=\"https:\/\/i0.wp.com\/patrimoine-avesnois.fr\/censes\/wp-content\/uploads\/2019\/02\/Capture-131.png?fit=771%2C514\" data-orig-size=\"771,514\" data-comments-opened=\"1\" data-image-meta=\"{&quot;aperture&quot;:&quot;0&quot;,&quot;credit&quot;:&quot;&quot;,&quot;camera&quot;:&quot;&quot;,&quot;caption&quot;:&quot;&quot;,&quot;created_timestamp&quot;:&quot;0&quot;,&quot;copyright&quot;:&quot;&quot;,&quot;focal_length&quot;:&quot;0&quot;,&quot;iso&quot;:&quot;0&quot;,&quot;shutter_speed&quot;:&quot;0&quot;,&quot;title&quot;:&quot;&quot;,&quot;orientation&quot;:&quot;0&quot;}\" data-image-title=\"Capture\" data-image-description=\"\" data-image-caption=\"\" data-large-file=\"https:\/\/i0.wp.com\/patrimoine-avesnois.fr\/censes\/wp-content\/uploads\/2019\/02\/Capture-131.png?fit=771%2C514\" src=\"https:\/\/i0.wp.com\/patrimoine-avesnois.fr\/censes\/wp-content\/uploads\/2019\/02\/Capture-131.png?resize=771%2C514\" alt=\"\" class=\"wp-image-264\" srcset=\"https:\/\/i0.wp.com\/patrimoine-avesnois.fr\/censes\/wp-content\/uploads\/2019\/02\/Capture-131.png?w=771 771w, https:\/\/i0.wp.com\/patrimoine-avesnois.fr\/censes\/wp-content\/uploads\/2019\/02\/Capture-131.png?resize=300%2C200 300w, https:\/\/i0.wp.com\/patrimoine-avesnois.fr\/censes\/wp-content\/uploads\/2019\/02\/Capture-131.png?resize=768%2C512 768w\" sizes=\"auto, (max-width: 771px) 85vw, 771px\" \/><figcaption>La cense de l&rsquo;Artois <a href=\"https:\/\/www.google.fr\/maps\/place\/59530+Potelle\/@50.2373182,3.6618878,18z\/data=!4m5!3m4!1s0x47c28ba688ed26e7:0x87871288ae95e59e!8m2!3d50.246971!4d3.669177\">Avenue Bisiaux<\/a><\/figcaption><\/figure><\/div>\n\n\n\n<p class=\"has-text-color has-medium-font-size has-bright-red-color\"><strong>Louvignies<\/strong><\/p>\n\n\n\n<div class=\"wp-block-image\"><figure class=\"aligncenter\"><img data-recalc-dims=\"1\" loading=\"lazy\" decoding=\"async\" width=\"752\" height=\"64\" data-attachment-id=\"265\" data-permalink=\"http:\/\/patrimoine-avesnois.fr\/censes\/les-censes-de-nedonchel\/capture-133\/\" data-orig-file=\"https:\/\/i0.wp.com\/patrimoine-avesnois.fr\/censes\/wp-content\/uploads\/2019\/02\/Capture-132.png?fit=752%2C64\" data-orig-size=\"752,64\" data-comments-opened=\"1\" data-image-meta=\"{&quot;aperture&quot;:&quot;0&quot;,&quot;credit&quot;:&quot;&quot;,&quot;camera&quot;:&quot;&quot;,&quot;caption&quot;:&quot;&quot;,&quot;created_timestamp&quot;:&quot;0&quot;,&quot;copyright&quot;:&quot;&quot;,&quot;focal_length&quot;:&quot;0&quot;,&quot;iso&quot;:&quot;0&quot;,&quot;shutter_speed&quot;:&quot;0&quot;,&quot;title&quot;:&quot;&quot;,&quot;orientation&quot;:&quot;0&quot;}\" data-image-title=\"Capture\" data-image-description=\"\" data-image-caption=\"\" data-large-file=\"https:\/\/i0.wp.com\/patrimoine-avesnois.fr\/censes\/wp-content\/uploads\/2019\/02\/Capture-132.png?fit=752%2C64\" src=\"https:\/\/i0.wp.com\/patrimoine-avesnois.fr\/censes\/wp-content\/uploads\/2019\/02\/Capture-132.png?resize=752%2C64\" alt=\"\" class=\"wp-image-265\" srcset=\"https:\/\/i0.wp.com\/patrimoine-avesnois.fr\/censes\/wp-content\/uploads\/2019\/02\/Capture-132.png?w=752 752w, https:\/\/i0.wp.com\/patrimoine-avesnois.fr\/censes\/wp-content\/uploads\/2019\/02\/Capture-132.png?resize=300%2C26 300w\" sizes=\"auto, (max-width: 752px) 85vw, 752px\" \/><\/figure><\/div>\n","protected":false},"excerpt":{"rendered":"<p>Bachant Cense de la Puissance Jusqu&rsquo;en 1822, le village de Bachant poss\u00e9da un ch\u00e2teau fort, appel\u00e9 ch\u00e2teau de la Puissance, nom qui lui viendrait de la premi\u00e8re famille \u00e0 l&rsquo;origine de la forteresse, la famille de la Puissance qui le b\u00e2tit au XI e si\u00e8cle. Les marquis de Gages furent par la suite les barons &hellip; <a href=\"http:\/\/patrimoine-avesnois.fr\/censes\/les-censes-de-nedonchel\/\" class=\"more-link\">Continuer la lecture<span class=\"screen-reader-text\"> de &laquo;&nbsp;Les censes de N\u00e9donchel&nbsp;&raquo;<\/span><\/a><\/p>\n","protected":false},"author":2,"featured_media":0,"parent":0,"menu_order":0,"comment_status":"closed","ping_status":"closed","template":"","meta":{"jetpack_post_was_ever_published":false,"footnotes":""},"class_list":["post-259","page","type-page","status-publish","hentry"],"jetpack_sharing_enabled":true,"jetpack_shortlink":"https:\/\/wp.me\/PaKSRG-4b","jetpack-related-posts":[],"_links":{"self":[{"href":"http:\/\/patrimoine-avesnois.fr\/censes\/wp-json\/wp\/v2\/pages\/259","targetHints":{"allow":["GET"]}}],"collection":[{"href":"http:\/\/patrimoine-avesnois.fr\/censes\/wp-json\/wp\/v2\/pages"}],"about":[{"href":"http:\/\/patrimoine-avesnois.fr\/censes\/wp-json\/wp\/v2\/types\/page"}],"author":[{"embeddable":true,"href":"http:\/\/patrimoine-avesnois.fr\/censes\/wp-json\/wp\/v2\/users\/2"}],"replies":[{"embeddable":true,"href":"http:\/\/patrimoine-avesnois.fr\/censes\/wp-json\/wp\/v2\/comments?post=259"}],"version-history":[{"count":1,"href":"http:\/\/patrimoine-avesnois.fr\/censes\/wp-json\/wp\/v2\/pages\/259\/revisions"}],"predecessor-version":[{"id":266,"href":"http:\/\/patrimoine-avesnois.fr\/censes\/wp-json\/wp\/v2\/pages\/259\/revisions\/266"}],"wp:attachment":[{"href":"http:\/\/patrimoine-avesnois.fr\/censes\/wp-json\/wp\/v2\/media?parent=259"}],"curies":[{"name":"wp","href":"https:\/\/api.w.org\/{rel}","templated":true}]}}