{"id":267,"date":"2019-02-20T10:36:43","date_gmt":"2019-02-20T09:36:43","guid":{"rendered":"http:\/\/patrimoine-avesnois.fr\/censes\/?page_id=267"},"modified":"2019-02-20T10:36:43","modified_gmt":"2019-02-20T09:36:43","slug":"la-cense-de-maximilien-joseph-alexandre-dominique-de-carondelet","status":"publish","type":"page","link":"http:\/\/patrimoine-avesnois.fr\/censes\/la-cense-de-maximilien-joseph-alexandre-dominique-de-carondelet\/","title":{"rendered":"La cense de Maximilien Joseph Alexandre Dominique de Carondelet"},"content":{"rendered":"\n<p class=\"has-text-color has-medium-font-size has-bright-red-color\"><strong>Potelle<\/strong><\/p>\n\n\n\n<p>Maximilien Joseph Alexandre Dominique de Carondelet\u00a0 poss\u00e9dait \u00e0 Potelle le ch\u00e2teau et un moulin \u00e0 eau. Etait il aussi propri\u00e9taire de censes\u00a0? Tr\u00e8s probablement de la cense attenante au ch\u00e2teau qui longe la rue. Antoine Joseph Wibaille (1722 Villers-Pol 1804 Villereau) mari\u00e9 \u00e0 Marie Th\u00e9r\u00e8se Hisbert \u00e9tait le censier du ch\u00e2teau en 1782.<\/p>\n\n\n\n<div class=\"wp-block-image\"><figure class=\"aligncenter\"><img data-recalc-dims=\"1\" loading=\"lazy\" decoding=\"async\" width=\"775\" height=\"517\" data-attachment-id=\"268\" data-permalink=\"http:\/\/patrimoine-avesnois.fr\/censes\/la-cense-de-maximilien-joseph-alexandre-dominique-de-carondelet\/capture-134\/\" data-orig-file=\"https:\/\/i0.wp.com\/patrimoine-avesnois.fr\/censes\/wp-content\/uploads\/2019\/02\/Capture-133.png?fit=775%2C517\" data-orig-size=\"775,517\" data-comments-opened=\"1\" data-image-meta=\"{&quot;aperture&quot;:&quot;0&quot;,&quot;credit&quot;:&quot;&quot;,&quot;camera&quot;:&quot;&quot;,&quot;caption&quot;:&quot;&quot;,&quot;created_timestamp&quot;:&quot;0&quot;,&quot;copyright&quot;:&quot;&quot;,&quot;focal_length&quot;:&quot;0&quot;,&quot;iso&quot;:&quot;0&quot;,&quot;shutter_speed&quot;:&quot;0&quot;,&quot;title&quot;:&quot;&quot;,&quot;orientation&quot;:&quot;0&quot;}\" data-image-title=\"Capture\" data-image-description=\"\" data-image-caption=\"\" data-large-file=\"https:\/\/i0.wp.com\/patrimoine-avesnois.fr\/censes\/wp-content\/uploads\/2019\/02\/Capture-133.png?fit=775%2C517\" src=\"https:\/\/i0.wp.com\/patrimoine-avesnois.fr\/censes\/wp-content\/uploads\/2019\/02\/Capture-133.png?resize=775%2C517\" alt=\"\" class=\"wp-image-268\" srcset=\"https:\/\/i0.wp.com\/patrimoine-avesnois.fr\/censes\/wp-content\/uploads\/2019\/02\/Capture-133.png?w=775 775w, https:\/\/i0.wp.com\/patrimoine-avesnois.fr\/censes\/wp-content\/uploads\/2019\/02\/Capture-133.png?resize=300%2C200 300w, https:\/\/i0.wp.com\/patrimoine-avesnois.fr\/censes\/wp-content\/uploads\/2019\/02\/Capture-133.png?resize=768%2C512 768w\" sizes=\"auto, (max-width: 775px) 85vw, 775px\" \/><figcaption>Le Ch\u00e2teau de Potelle<\/figcaption><\/figure><\/div>\n","protected":false},"excerpt":{"rendered":"<p>Potelle Maximilien Joseph Alexandre Dominique de Carondelet\u00a0 poss\u00e9dait \u00e0 Potelle le ch\u00e2teau et un moulin \u00e0 eau. Etait il aussi propri\u00e9taire de censes\u00a0? Tr\u00e8s probablement de la cense attenante au ch\u00e2teau qui longe la rue. Antoine Joseph Wibaille (1722 Villers-Pol 1804 Villereau) mari\u00e9 \u00e0 Marie Th\u00e9r\u00e8se Hisbert \u00e9tait le censier du ch\u00e2teau en 1782.<\/p>\n","protected":false},"author":2,"featured_media":0,"parent":0,"menu_order":0,"comment_status":"closed","ping_status":"closed","template":"","meta":{"jetpack_post_was_ever_published":false,"footnotes":""},"class_list":["post-267","page","type-page","status-publish","hentry"],"jetpack_sharing_enabled":true,"jetpack_shortlink":"https:\/\/wp.me\/PaKSRG-4j","jetpack-related-posts":[],"_links":{"self":[{"href":"http:\/\/patrimoine-avesnois.fr\/censes\/wp-json\/wp\/v2\/pages\/267","targetHints":{"allow":["GET"]}}],"collection":[{"href":"http:\/\/patrimoine-avesnois.fr\/censes\/wp-json\/wp\/v2\/pages"}],"about":[{"href":"http:\/\/patrimoine-avesnois.fr\/censes\/wp-json\/wp\/v2\/types\/page"}],"author":[{"embeddable":true,"href":"http:\/\/patrimoine-avesnois.fr\/censes\/wp-json\/wp\/v2\/users\/2"}],"replies":[{"embeddable":true,"href":"http:\/\/patrimoine-avesnois.fr\/censes\/wp-json\/wp\/v2\/comments?post=267"}],"version-history":[{"count":1,"href":"http:\/\/patrimoine-avesnois.fr\/censes\/wp-json\/wp\/v2\/pages\/267\/revisions"}],"predecessor-version":[{"id":269,"href":"http:\/\/patrimoine-avesnois.fr\/censes\/wp-json\/wp\/v2\/pages\/267\/revisions\/269"}],"wp:attachment":[{"href":"http:\/\/patrimoine-avesnois.fr\/censes\/wp-json\/wp\/v2\/media?parent=267"}],"curies":[{"name":"wp","href":"https:\/\/api.w.org\/{rel}","templated":true}]}}