{"id":282,"date":"2019-02-20T11:04:13","date_gmt":"2019-02-20T10:04:13","guid":{"rendered":"http:\/\/patrimoine-avesnois.fr\/censes\/?page_id=282"},"modified":"2019-02-20T11:04:13","modified_gmt":"2019-02-20T10:04:13","slug":"la-cense-de-marie-charles-guislain-de-landas","status":"publish","type":"page","link":"http:\/\/patrimoine-avesnois.fr\/censes\/la-cense-de-marie-charles-guislain-de-landas\/","title":{"rendered":"La cense de Marie Charles Guislain de Landas"},"content":{"rendered":"\n<p class=\"has-text-color has-medium-font-size has-bright-red-color\"><strong>Louvignies-Quesnoy<\/strong><\/p>\n\n\n\n<p>L\u2019abbaye de Maroilles percevait le terrage sur les censes de la Motte et de Futoy \u00e0 Louvignies-Quesnoy. Cependant elle n\u2019\u00e9tait pas propri\u00e9taire de la cense de Futoy.<\/p>\n\n\n\n<div class=\"wp-block-image\"><figure class=\"aligncenter\"><img data-recalc-dims=\"1\" loading=\"lazy\" decoding=\"async\" width=\"772\" height=\"515\" data-attachment-id=\"283\" data-permalink=\"http:\/\/patrimoine-avesnois.fr\/censes\/la-cense-de-marie-charles-guislain-de-landas\/capture-143\/\" data-orig-file=\"https:\/\/i0.wp.com\/patrimoine-avesnois.fr\/censes\/wp-content\/uploads\/2019\/02\/Capture-142.png?fit=772%2C515\" data-orig-size=\"772,515\" data-comments-opened=\"1\" data-image-meta=\"{&quot;aperture&quot;:&quot;0&quot;,&quot;credit&quot;:&quot;&quot;,&quot;camera&quot;:&quot;&quot;,&quot;caption&quot;:&quot;&quot;,&quot;created_timestamp&quot;:&quot;0&quot;,&quot;copyright&quot;:&quot;&quot;,&quot;focal_length&quot;:&quot;0&quot;,&quot;iso&quot;:&quot;0&quot;,&quot;shutter_speed&quot;:&quot;0&quot;,&quot;title&quot;:&quot;&quot;,&quot;orientation&quot;:&quot;0&quot;}\" data-image-title=\"Capture\" data-image-description=\"\" data-image-caption=\"\" data-large-file=\"https:\/\/i0.wp.com\/patrimoine-avesnois.fr\/censes\/wp-content\/uploads\/2019\/02\/Capture-142.png?fit=772%2C515\" src=\"https:\/\/i0.wp.com\/patrimoine-avesnois.fr\/censes\/wp-content\/uploads\/2019\/02\/Capture-142.png?resize=772%2C515\" alt=\"\" class=\"wp-image-283\" srcset=\"https:\/\/i0.wp.com\/patrimoine-avesnois.fr\/censes\/wp-content\/uploads\/2019\/02\/Capture-142.png?w=772 772w, https:\/\/i0.wp.com\/patrimoine-avesnois.fr\/censes\/wp-content\/uploads\/2019\/02\/Capture-142.png?resize=300%2C200 300w, https:\/\/i0.wp.com\/patrimoine-avesnois.fr\/censes\/wp-content\/uploads\/2019\/02\/Capture-142.png?resize=768%2C512 768w\" sizes=\"auto, (max-width: 772px) 85vw, 772px\" \/><figcaption>ADN P 31\/211<\/figcaption><\/figure><\/div>\n\n\n\n<div class=\"wp-block-image\"><figure class=\"aligncenter\"><img data-recalc-dims=\"1\" loading=\"lazy\" decoding=\"async\" width=\"770\" height=\"548\" data-attachment-id=\"284\" data-permalink=\"http:\/\/patrimoine-avesnois.fr\/censes\/la-cense-de-marie-charles-guislain-de-landas\/capture-144\/\" data-orig-file=\"https:\/\/i0.wp.com\/patrimoine-avesnois.fr\/censes\/wp-content\/uploads\/2019\/02\/Capture-143.png?fit=770%2C548\" data-orig-size=\"770,548\" data-comments-opened=\"1\" data-image-meta=\"{&quot;aperture&quot;:&quot;0&quot;,&quot;credit&quot;:&quot;&quot;,&quot;camera&quot;:&quot;&quot;,&quot;caption&quot;:&quot;&quot;,&quot;created_timestamp&quot;:&quot;0&quot;,&quot;copyright&quot;:&quot;&quot;,&quot;focal_length&quot;:&quot;0&quot;,&quot;iso&quot;:&quot;0&quot;,&quot;shutter_speed&quot;:&quot;0&quot;,&quot;title&quot;:&quot;&quot;,&quot;orientation&quot;:&quot;0&quot;}\" data-image-title=\"Capture\" data-image-description=\"\" data-image-caption=\"\" data-large-file=\"https:\/\/i0.wp.com\/patrimoine-avesnois.fr\/censes\/wp-content\/uploads\/2019\/02\/Capture-143.png?fit=770%2C548\" src=\"https:\/\/i0.wp.com\/patrimoine-avesnois.fr\/censes\/wp-content\/uploads\/2019\/02\/Capture-143.png?resize=770%2C548\" alt=\"\" class=\"wp-image-284\" srcset=\"https:\/\/i0.wp.com\/patrimoine-avesnois.fr\/censes\/wp-content\/uploads\/2019\/02\/Capture-143.png?w=770 770w, https:\/\/i0.wp.com\/patrimoine-avesnois.fr\/censes\/wp-content\/uploads\/2019\/02\/Capture-143.png?resize=300%2C214 300w, https:\/\/i0.wp.com\/patrimoine-avesnois.fr\/censes\/wp-content\/uploads\/2019\/02\/Capture-143.png?resize=768%2C547 768w\" sizes=\"auto, (max-width: 770px) 85vw, 770px\" \/><figcaption>La Ferme de Futoy<\/figcaption><\/figure><\/div>\n\n\n\n<p>L\u2019abbaye d&rsquo;Anchin est dite propri\u00e9taire de \u00ab&nbsp;la maison\net court de Futoy&nbsp;\u00bb (Abbaye de Maroilles&nbsp;: d\u00e9signation des biens et\nrevenus en 1768 et 1789. Michaux l\u2019Ain\u00e9). <\/p>\n\n\n\n<p>Cette maison \u00e9tait-elle la cense&nbsp;? Peut-\u00eatre, \u00e0 moins\nqu\u2019elles aient \u00e9t\u00e9 deux b\u00e2timents diff\u00e9rents. En effet, un contrat de mariage\npass\u00e9 le 17\/05\/1696 entre Louis L\u2019Evesques et Jeanne Marie De Douay pr\u00e9cise que\nl\u2019acte est pass\u00e9 en la cense de Futoy les Louvignies devant les notaires royal\net hommes de fief du Hainaut (Tabellion le Quesnoy J 1366 \/ 416). Difficile\nd\u2019imaginer la r\u00e9daction d\u2019un tel acte dans une cense abbatiale.<\/p>\n\n\n\n<p>Ainsi, si les deux exploitations sont diff\u00e9rentes, il est\nprobable que la cense eut appartenu \u00e0 un de Landas. <\/p>\n\n\n\n<p>En effet un acte du 13 vent\u00f4se An VII (3 mars 1799) nous\napprend la vente d\u2019un moulin \u00e0 vent, pr\u00e8s de la ferme du Futoy provenant de\nLandas. Signalons ici que ce de Landas \u00e9tait Marie Charles Guislain de Landas,\ncomte de Louvignies, troisi\u00e8me et dernier comte de Louvignies<\/p>\n\n\n\n<p>Etait-il pour autant en possession de la cense&nbsp;?\nImpossible d\u2019y r\u00e9pondre en l\u2019absence \u00e0 ce jour d\u2019autres actes.<\/p>\n","protected":false},"excerpt":{"rendered":"<p>Louvignies-Quesnoy L\u2019abbaye de Maroilles percevait le terrage sur les censes de la Motte et de Futoy \u00e0 Louvignies-Quesnoy. Cependant elle n\u2019\u00e9tait pas propri\u00e9taire de la cense de Futoy. L\u2019abbaye d&rsquo;Anchin est dite propri\u00e9taire de \u00ab&nbsp;la maison et court de Futoy&nbsp;\u00bb (Abbaye de Maroilles&nbsp;: d\u00e9signation des biens et revenus en 1768 et 1789. Michaux l\u2019Ain\u00e9). Cette &hellip; <a href=\"http:\/\/patrimoine-avesnois.fr\/censes\/la-cense-de-marie-charles-guislain-de-landas\/\" class=\"more-link\">Continuer la lecture<span class=\"screen-reader-text\"> de &laquo;&nbsp;La cense de Marie Charles Guislain de Landas&nbsp;&raquo;<\/span><\/a><\/p>\n","protected":false},"author":2,"featured_media":0,"parent":0,"menu_order":0,"comment_status":"closed","ping_status":"closed","template":"","meta":{"jetpack_post_was_ever_published":false,"footnotes":""},"class_list":["post-282","page","type-page","status-publish","hentry"],"jetpack_sharing_enabled":true,"jetpack_shortlink":"https:\/\/wp.me\/PaKSRG-4y","jetpack-related-posts":[],"_links":{"self":[{"href":"http:\/\/patrimoine-avesnois.fr\/censes\/wp-json\/wp\/v2\/pages\/282","targetHints":{"allow":["GET"]}}],"collection":[{"href":"http:\/\/patrimoine-avesnois.fr\/censes\/wp-json\/wp\/v2\/pages"}],"about":[{"href":"http:\/\/patrimoine-avesnois.fr\/censes\/wp-json\/wp\/v2\/types\/page"}],"author":[{"embeddable":true,"href":"http:\/\/patrimoine-avesnois.fr\/censes\/wp-json\/wp\/v2\/users\/2"}],"replies":[{"embeddable":true,"href":"http:\/\/patrimoine-avesnois.fr\/censes\/wp-json\/wp\/v2\/comments?post=282"}],"version-history":[{"count":1,"href":"http:\/\/patrimoine-avesnois.fr\/censes\/wp-json\/wp\/v2\/pages\/282\/revisions"}],"predecessor-version":[{"id":285,"href":"http:\/\/patrimoine-avesnois.fr\/censes\/wp-json\/wp\/v2\/pages\/282\/revisions\/285"}],"wp:attachment":[{"href":"http:\/\/patrimoine-avesnois.fr\/censes\/wp-json\/wp\/v2\/media?parent=282"}],"curies":[{"name":"wp","href":"https:\/\/api.w.org\/{rel}","templated":true}]}}