{"id":286,"date":"2019-02-20T11:05:09","date_gmt":"2019-02-20T10:05:09","guid":{"rendered":"http:\/\/patrimoine-avesnois.fr\/censes\/?page_id=286"},"modified":"2019-02-22T10:36:09","modified_gmt":"2019-02-22T09:36:09","slug":"la-cense-de-pierre-hyacinthe-de-fourmestraux","status":"publish","type":"page","link":"http:\/\/patrimoine-avesnois.fr\/censes\/la-cense-de-pierre-hyacinthe-de-fourmestraux\/","title":{"rendered":"La cense de Pierre Hyacinthe de Fourmestraux"},"content":{"rendered":"\n<p class=\"has-text-color has-medium-font-size has-bright-red-color\"><strong>Gussignies<\/strong><\/p>\n\n\n\n<p>La famille de Fourmestraulx-Saint-Denis poss\u00e9dait la\nseigneurie de Gussignies en 1789.<\/p>\n\n\n\n<p>Elle y fit construire un ch\u00e2teau et un moulin \u00e0 la fin du XVIII e si\u00e8cle. Etait-elle \u00e9galement en possession de la ferme de Termicourt\u00a0?<\/p>\n\n\n\n<p>Une r\u00e9cente recherche semblerait l&rsquo;infirmer :   le Hameau de Termicourt,  compos\u00e9 de la Ferme et du Triez de Termicourt, est situ\u00e9 au carrefour de quatre chemins o\u00f9 \u00e0 cet endroit, s&rsquo;articulent les plus grandes fermes. Ce petit fief aurait appartenu \u00e0 l&rsquo;Abbaye de Lobbes qui l&rsquo;aurait vendu \u00e0 la famille Hayoit de Bouchain. Pierre Antoine Constant Joseph Hayoit (1728 1783) \u00e9tait en effet seigneur de Termicourt.<\/p>\n","protected":false},"excerpt":{"rendered":"<p>Gussignies La famille de Fourmestraulx-Saint-Denis poss\u00e9dait la seigneurie de Gussignies en 1789. Elle y fit construire un ch\u00e2teau et un moulin \u00e0 la fin du XVIII e si\u00e8cle. Etait-elle \u00e9galement en possession de la ferme de Termicourt\u00a0? Une r\u00e9cente recherche semblerait l&rsquo;infirmer : le Hameau de Termicourt, compos\u00e9 de la Ferme et du Triez de &hellip; <a href=\"http:\/\/patrimoine-avesnois.fr\/censes\/la-cense-de-pierre-hyacinthe-de-fourmestraux\/\" class=\"more-link\">Continuer la lecture<span class=\"screen-reader-text\"> de &laquo;&nbsp;La cense de Pierre Hyacinthe de Fourmestraux&nbsp;&raquo;<\/span><\/a><\/p>\n","protected":false},"author":2,"featured_media":0,"parent":0,"menu_order":0,"comment_status":"closed","ping_status":"closed","template":"","meta":{"jetpack_post_was_ever_published":false,"footnotes":""},"class_list":["post-286","page","type-page","status-publish","hentry"],"jetpack_sharing_enabled":true,"jetpack_shortlink":"https:\/\/wp.me\/PaKSRG-4C","jetpack-related-posts":[],"_links":{"self":[{"href":"http:\/\/patrimoine-avesnois.fr\/censes\/wp-json\/wp\/v2\/pages\/286","targetHints":{"allow":["GET"]}}],"collection":[{"href":"http:\/\/patrimoine-avesnois.fr\/censes\/wp-json\/wp\/v2\/pages"}],"about":[{"href":"http:\/\/patrimoine-avesnois.fr\/censes\/wp-json\/wp\/v2\/types\/page"}],"author":[{"embeddable":true,"href":"http:\/\/patrimoine-avesnois.fr\/censes\/wp-json\/wp\/v2\/users\/2"}],"replies":[{"embeddable":true,"href":"http:\/\/patrimoine-avesnois.fr\/censes\/wp-json\/wp\/v2\/comments?post=286"}],"version-history":[{"count":3,"href":"http:\/\/patrimoine-avesnois.fr\/censes\/wp-json\/wp\/v2\/pages\/286\/revisions"}],"predecessor-version":[{"id":342,"href":"http:\/\/patrimoine-avesnois.fr\/censes\/wp-json\/wp\/v2\/pages\/286\/revisions\/342"}],"wp:attachment":[{"href":"http:\/\/patrimoine-avesnois.fr\/censes\/wp-json\/wp\/v2\/media?parent=286"}],"curies":[{"name":"wp","href":"https:\/\/api.w.org\/{rel}","templated":true}]}}