{"id":294,"date":"2019-02-20T11:14:36","date_gmt":"2019-02-20T10:14:36","guid":{"rendered":"http:\/\/patrimoine-avesnois.fr\/censes\/?page_id=294"},"modified":"2019-03-02T10:03:00","modified_gmt":"2019-03-02T09:03:00","slug":"la-cense-de-la-marcq","status":"publish","type":"page","link":"http:\/\/patrimoine-avesnois.fr\/censes\/la-cense-de-la-marcq\/","title":{"rendered":"La cense de La Marcq"},"content":{"rendered":"\n<p class=\"has-text-color has-medium-font-size has-bright-red-color\"><strong>Bousies<\/strong><\/p>\n\n\n\n<div class=\"wp-block-image\"><figure class=\"aligncenter\"><img data-recalc-dims=\"1\" loading=\"lazy\" decoding=\"async\" width=\"810\" height=\"63\" data-attachment-id=\"295\" data-permalink=\"http:\/\/patrimoine-avesnois.fr\/censes\/la-cense-de-la-marcq\/capture-147\/\" data-orig-file=\"https:\/\/i0.wp.com\/patrimoine-avesnois.fr\/censes\/wp-content\/uploads\/2019\/02\/Capture-146.png?fit=810%2C63\" data-orig-size=\"810,63\" data-comments-opened=\"1\" data-image-meta=\"{&quot;aperture&quot;:&quot;0&quot;,&quot;credit&quot;:&quot;&quot;,&quot;camera&quot;:&quot;&quot;,&quot;caption&quot;:&quot;&quot;,&quot;created_timestamp&quot;:&quot;0&quot;,&quot;copyright&quot;:&quot;&quot;,&quot;focal_length&quot;:&quot;0&quot;,&quot;iso&quot;:&quot;0&quot;,&quot;shutter_speed&quot;:&quot;0&quot;,&quot;title&quot;:&quot;&quot;,&quot;orientation&quot;:&quot;0&quot;}\" data-image-title=\"Capture\" data-image-description=\"\" data-image-caption=\"\" data-large-file=\"https:\/\/i0.wp.com\/patrimoine-avesnois.fr\/censes\/wp-content\/uploads\/2019\/02\/Capture-146.png?fit=810%2C63\" src=\"https:\/\/i0.wp.com\/patrimoine-avesnois.fr\/censes\/wp-content\/uploads\/2019\/02\/Capture-146.png?resize=810%2C63\" alt=\"\" class=\"wp-image-295\" srcset=\"https:\/\/i0.wp.com\/patrimoine-avesnois.fr\/censes\/wp-content\/uploads\/2019\/02\/Capture-146.png?w=810 810w, https:\/\/i0.wp.com\/patrimoine-avesnois.fr\/censes\/wp-content\/uploads\/2019\/02\/Capture-146.png?resize=300%2C23 300w, https:\/\/i0.wp.com\/patrimoine-avesnois.fr\/censes\/wp-content\/uploads\/2019\/02\/Capture-146.png?resize=768%2C60 768w\" sizes=\"auto, (max-width: 810px) 85vw, 810px\" \/><\/figure><\/div>\n\n\n\n<div class=\"wp-block-image\"><figure class=\"aligncenter\"><img data-recalc-dims=\"1\" loading=\"lazy\" decoding=\"async\" width=\"747\" height=\"497\" data-attachment-id=\"296\" data-permalink=\"http:\/\/patrimoine-avesnois.fr\/censes\/la-cense-de-la-marcq\/capture-148\/\" data-orig-file=\"https:\/\/i0.wp.com\/patrimoine-avesnois.fr\/censes\/wp-content\/uploads\/2019\/02\/Capture-147.png?fit=747%2C497\" data-orig-size=\"747,497\" data-comments-opened=\"1\" data-image-meta=\"{&quot;aperture&quot;:&quot;0&quot;,&quot;credit&quot;:&quot;&quot;,&quot;camera&quot;:&quot;&quot;,&quot;caption&quot;:&quot;&quot;,&quot;created_timestamp&quot;:&quot;0&quot;,&quot;copyright&quot;:&quot;&quot;,&quot;focal_length&quot;:&quot;0&quot;,&quot;iso&quot;:&quot;0&quot;,&quot;shutter_speed&quot;:&quot;0&quot;,&quot;title&quot;:&quot;&quot;,&quot;orientation&quot;:&quot;0&quot;}\" data-image-title=\"Capture\" data-image-description=\"\" data-image-caption=\"\" data-large-file=\"https:\/\/i0.wp.com\/patrimoine-avesnois.fr\/censes\/wp-content\/uploads\/2019\/02\/Capture-147.png?fit=747%2C497\" src=\"https:\/\/i0.wp.com\/patrimoine-avesnois.fr\/censes\/wp-content\/uploads\/2019\/02\/Capture-147.png?resize=747%2C497\" alt=\"\" class=\"wp-image-296\" srcset=\"https:\/\/i0.wp.com\/patrimoine-avesnois.fr\/censes\/wp-content\/uploads\/2019\/02\/Capture-147.png?w=747 747w, https:\/\/i0.wp.com\/patrimoine-avesnois.fr\/censes\/wp-content\/uploads\/2019\/02\/Capture-147.png?resize=300%2C200 300w\" sizes=\"auto, (max-width: 747px) 85vw, 747px\" \/><figcaption>Ferme de Lannoy<\/figcaption><\/figure><\/div>\n\n\n\n<div class=\"wp-block-image\"><figure class=\"aligncenter\"><img data-recalc-dims=\"1\" loading=\"lazy\" decoding=\"async\" width=\"728\" height=\"485\" data-attachment-id=\"297\" data-permalink=\"http:\/\/patrimoine-avesnois.fr\/censes\/la-cense-de-la-marcq\/capture-149\/\" data-orig-file=\"https:\/\/i0.wp.com\/patrimoine-avesnois.fr\/censes\/wp-content\/uploads\/2019\/02\/Capture-148.png?fit=728%2C485\" data-orig-size=\"728,485\" data-comments-opened=\"1\" data-image-meta=\"{&quot;aperture&quot;:&quot;0&quot;,&quot;credit&quot;:&quot;&quot;,&quot;camera&quot;:&quot;&quot;,&quot;caption&quot;:&quot;&quot;,&quot;created_timestamp&quot;:&quot;0&quot;,&quot;copyright&quot;:&quot;&quot;,&quot;focal_length&quot;:&quot;0&quot;,&quot;iso&quot;:&quot;0&quot;,&quot;shutter_speed&quot;:&quot;0&quot;,&quot;title&quot;:&quot;&quot;,&quot;orientation&quot;:&quot;0&quot;}\" data-image-title=\"Capture\" data-image-description=\"\" data-image-caption=\"\" data-large-file=\"https:\/\/i0.wp.com\/patrimoine-avesnois.fr\/censes\/wp-content\/uploads\/2019\/02\/Capture-148.png?fit=728%2C485\" src=\"https:\/\/i0.wp.com\/patrimoine-avesnois.fr\/censes\/wp-content\/uploads\/2019\/02\/Capture-148.png?resize=728%2C485\" alt=\"\" class=\"wp-image-297\" srcset=\"https:\/\/i0.wp.com\/patrimoine-avesnois.fr\/censes\/wp-content\/uploads\/2019\/02\/Capture-148.png?w=728 728w, https:\/\/i0.wp.com\/patrimoine-avesnois.fr\/censes\/wp-content\/uploads\/2019\/02\/Capture-148.png?resize=300%2C200 300w\" sizes=\"auto, (max-width: 728px) 85vw, 728px\" \/><figcaption><a href=\"https:\/\/www.google.fr\/maps\/@50.1468116,3.6172309,3a,90y,229.29h,89.31t\/data=!3m6!1e1!3m4!1sACRqSMGzmRvm6vueJSoYFA!2e0!7i13312!8i6656\">38 rue de la Libert\u00e9<\/a><\/figcaption><\/figure><\/div>\n\n\n\n<p>La Marcq est dit ex seigneur de Bousies dans la<a href=\"https:\/\/books.google.fr\/books?id=JI9Mwtg-LUAC&amp;pg=PA173&amp;lpg=PA173&amp;dq=%C3%A9migr%C3%A9s+Bousies&amp;source=bl&amp;ots=vXV_-LaoMT&amp;sig=ACfU3U2vOVNg8IkA7pR-oRrQ1PF6MUaUOg&amp;hl=fr&amp;sa=X&amp;ved=2ahUKEwjb-r7PgNngAhVFzRoKHckXAwAQ6AEwAHoECAoQAQ#v=snippet&amp;q=LAMAR&amp;f=false\"> liste g\u00e9n\u00e9rale par ordre alphab\u00e9tique des \u00e9migr\u00e9s de toute la R\u00e9publique<\/a> : Page 42 et 43<\/p>\n\n\n\n<p> Auguste Marie Raimond, comte de la Marcq, prince d\u2019Aremberg\u00a0se maria au ch\u00e2teau de Raismes en 1774 avec  la marquise de Cernay et de Bousies Marie Fran\u00e7oise Ursule Augustine Le Danois. <\/p>\n\n\n\n<p>En ce qui concerne les acheteurs H\u00e9go et Louvion, il s&rsquo;agit d&rsquo;une part de Fran\u00e7ois H\u00e9go originaire de Catteni\u00e8res, mari\u00e9 \u00e0 Bousies le 21 octobre 1781 avec Marie Anne Depreux, et d&rsquo;autre part de Jean Baptiste Louvion (1759 1837) mari\u00e9 \u00e0 Bousies le 3 septembre 1779 avec Marie Anne Pruvot (1754 1810).<\/p>\n","protected":false},"excerpt":{"rendered":"<p>Bousies La Marcq est dit ex seigneur de Bousies dans la liste g\u00e9n\u00e9rale par ordre alphab\u00e9tique des \u00e9migr\u00e9s de toute la R\u00e9publique : Page 42 et 43 Auguste Marie Raimond, comte de la Marcq, prince d\u2019Aremberg\u00a0se maria au ch\u00e2teau de Raismes en 1774 avec la marquise de Cernay et de Bousies Marie Fran\u00e7oise Ursule Augustine &hellip; <a href=\"http:\/\/patrimoine-avesnois.fr\/censes\/la-cense-de-la-marcq\/\" class=\"more-link\">Continuer la lecture<span class=\"screen-reader-text\"> de &laquo;&nbsp;La cense de La Marcq&nbsp;&raquo;<\/span><\/a><\/p>\n","protected":false},"author":2,"featured_media":0,"parent":0,"menu_order":0,"comment_status":"closed","ping_status":"closed","template":"","meta":{"jetpack_post_was_ever_published":false,"footnotes":""},"class_list":["post-294","page","type-page","status-publish","hentry"],"jetpack_sharing_enabled":true,"jetpack_shortlink":"https:\/\/wp.me\/PaKSRG-4K","jetpack-related-posts":[],"_links":{"self":[{"href":"http:\/\/patrimoine-avesnois.fr\/censes\/wp-json\/wp\/v2\/pages\/294","targetHints":{"allow":["GET"]}}],"collection":[{"href":"http:\/\/patrimoine-avesnois.fr\/censes\/wp-json\/wp\/v2\/pages"}],"about":[{"href":"http:\/\/patrimoine-avesnois.fr\/censes\/wp-json\/wp\/v2\/types\/page"}],"author":[{"embeddable":true,"href":"http:\/\/patrimoine-avesnois.fr\/censes\/wp-json\/wp\/v2\/users\/2"}],"replies":[{"embeddable":true,"href":"http:\/\/patrimoine-avesnois.fr\/censes\/wp-json\/wp\/v2\/comments?post=294"}],"version-history":[{"count":4,"href":"http:\/\/patrimoine-avesnois.fr\/censes\/wp-json\/wp\/v2\/pages\/294\/revisions"}],"predecessor-version":[{"id":418,"href":"http:\/\/patrimoine-avesnois.fr\/censes\/wp-json\/wp\/v2\/pages\/294\/revisions\/418"}],"wp:attachment":[{"href":"http:\/\/patrimoine-avesnois.fr\/censes\/wp-json\/wp\/v2\/media?parent=294"}],"curies":[{"name":"wp","href":"https:\/\/api.w.org\/{rel}","templated":true}]}}