{"id":299,"date":"2019-02-20T11:16:07","date_gmt":"2019-02-20T10:16:07","guid":{"rendered":"http:\/\/patrimoine-avesnois.fr\/censes\/?page_id=299"},"modified":"2019-03-08T14:57:22","modified_gmt":"2019-03-08T13:57:22","slug":"la-cense-de-balique","status":"publish","type":"page","link":"http:\/\/patrimoine-avesnois.fr\/censes\/la-cense-de-balique\/","title":{"rendered":"La cense de Balique"},"content":{"rendered":"\n<p class=\"has-text-color has-medium-font-size has-bright-red-color\"><a name=\"cerfontaine\"><\/a><strong>Cerfontaine <\/strong><\/p>\n\n\n\n<div class=\"wp-block-image\"><figure class=\"aligncenter\"><img data-recalc-dims=\"1\" loading=\"lazy\" decoding=\"async\" width=\"817\" height=\"75\" data-attachment-id=\"300\" data-permalink=\"http:\/\/patrimoine-avesnois.fr\/censes\/la-cense-de-balique\/capture-150\/\" data-orig-file=\"https:\/\/i0.wp.com\/patrimoine-avesnois.fr\/censes\/wp-content\/uploads\/2019\/02\/Capture-149.png?fit=817%2C75\" data-orig-size=\"817,75\" data-comments-opened=\"1\" data-image-meta=\"{&quot;aperture&quot;:&quot;0&quot;,&quot;credit&quot;:&quot;&quot;,&quot;camera&quot;:&quot;&quot;,&quot;caption&quot;:&quot;&quot;,&quot;created_timestamp&quot;:&quot;0&quot;,&quot;copyright&quot;:&quot;&quot;,&quot;focal_length&quot;:&quot;0&quot;,&quot;iso&quot;:&quot;0&quot;,&quot;shutter_speed&quot;:&quot;0&quot;,&quot;title&quot;:&quot;&quot;,&quot;orientation&quot;:&quot;0&quot;}\" data-image-title=\"Capture\" data-image-description=\"\" data-image-caption=\"\" data-large-file=\"https:\/\/i0.wp.com\/patrimoine-avesnois.fr\/censes\/wp-content\/uploads\/2019\/02\/Capture-149.png?fit=817%2C75\" src=\"https:\/\/i0.wp.com\/patrimoine-avesnois.fr\/censes\/wp-content\/uploads\/2019\/02\/Capture-149.png?resize=817%2C75\" alt=\"\" class=\"wp-image-300\" srcset=\"https:\/\/i0.wp.com\/patrimoine-avesnois.fr\/censes\/wp-content\/uploads\/2019\/02\/Capture-149.png?w=817 817w, https:\/\/i0.wp.com\/patrimoine-avesnois.fr\/censes\/wp-content\/uploads\/2019\/02\/Capture-149.png?resize=300%2C28 300w, https:\/\/i0.wp.com\/patrimoine-avesnois.fr\/censes\/wp-content\/uploads\/2019\/02\/Capture-149.png?resize=768%2C71 768w\" sizes=\"auto, (max-width: 817px) 85vw, 817px\" \/><\/figure><\/div>\n\n\n\n<p>Dans les Etats d\u00e9taill\u00e9s des liquidations faites par la Commission d&rsquo;Indemnit\u00e9 \u00e0 l&rsquo;\u00e9poque du 1 er avril 1826 en ex\u00e9cution de la loi du 27 avril 1825 au profit des anciens propri\u00e9taires ou ayant droits des anciens propri\u00e9taires de biens-fond\u00e9s confisqu\u00e9s ou ali\u00e9n\u00e9s r\u00e9volutionnairement figure le d\u00e9nomm\u00e9 Balique :<\/p>\n\n\n\n<div class=\"wp-block-image\"><figure class=\"aligncenter\"><img loading=\"lazy\" decoding=\"async\" width=\"1110\" height=\"371\" data-attachment-id=\"389\" data-permalink=\"http:\/\/patrimoine-avesnois.fr\/censes\/la-cense-de-balique\/capture-163\/\" data-orig-file=\"https:\/\/i0.wp.com\/patrimoine-avesnois.fr\/censes\/wp-content\/uploads\/2019\/02\/Capture-162.png?fit=1110%2C371\" data-orig-size=\"1110,371\" data-comments-opened=\"1\" data-image-meta=\"{&quot;aperture&quot;:&quot;0&quot;,&quot;credit&quot;:&quot;&quot;,&quot;camera&quot;:&quot;&quot;,&quot;caption&quot;:&quot;&quot;,&quot;created_timestamp&quot;:&quot;0&quot;,&quot;copyright&quot;:&quot;&quot;,&quot;focal_length&quot;:&quot;0&quot;,&quot;iso&quot;:&quot;0&quot;,&quot;shutter_speed&quot;:&quot;0&quot;,&quot;title&quot;:&quot;&quot;,&quot;orientation&quot;:&quot;0&quot;}\" data-image-title=\"Capture\" data-image-description=\"\" data-image-caption=\"\" data-large-file=\"https:\/\/i0.wp.com\/patrimoine-avesnois.fr\/censes\/wp-content\/uploads\/2019\/02\/Capture-162.png?fit=840%2C281\" src=\"https:\/\/i1.wp.com\/patrimoine-avesnois.fr\/censes\/wp-content\/uploads\/2019\/02\/Capture-162.png?fit=840%2C281\" alt=\"\" class=\"wp-image-389\" srcset=\"https:\/\/i0.wp.com\/patrimoine-avesnois.fr\/censes\/wp-content\/uploads\/2019\/02\/Capture-162.png?w=1110 1110w, https:\/\/i0.wp.com\/patrimoine-avesnois.fr\/censes\/wp-content\/uploads\/2019\/02\/Capture-162.png?resize=300%2C100 300w, https:\/\/i0.wp.com\/patrimoine-avesnois.fr\/censes\/wp-content\/uploads\/2019\/02\/Capture-162.png?resize=768%2C257 768w, https:\/\/i0.wp.com\/patrimoine-avesnois.fr\/censes\/wp-content\/uploads\/2019\/02\/Capture-162.png?resize=1024%2C342 1024w\" sizes=\"auto, (max-width: 709px) 85vw, (max-width: 909px) 67vw, (max-width: 1362px) 62vw, 840px\" \/><\/figure><\/div>\n\n\n\n<p>B\u00e9rard Ferdinand Louis Balicq de Sciry \u00e9tait en 1790 ancien capitaine en second au r\u00e9giment du B\u00e9arn (Etat nominatif des pensions sur le tr\u00e9sor royal, septi\u00e8me classe, en annexe de la s\u00e9ance du 21 avril 1790).<\/p>\n\n\n\n<p>Il \u00e9tait n\u00e9 en 1738 et s&rsquo;\u00e9tait mari\u00e9 le 4 juin 1764 \u00e0 Eppe-Sauvage avec Jos\u00e8phe Elisabeth Dufosset. Sa famille \u00e9tait originaire de Maubeuge : son p\u00e8re Philippe Louis Joseph en \u00e9tait le seigneur et son grand-p\u00e8re Philippe Fran\u00e7ois \u00e9chevin de la ville de Maubeuge et bailli du Chapitre des Dames Chanoinesses.<\/p>\n\n\n\n<p>Quant \u00e0 l&rsquo;acheteur <a href=\"https:\/\/gw.geneanet.org\/gegetir?lang=fr&amp;iz=0&amp;p=jean+baptiste&amp;n=leroy&amp;oc=2\">Jean Baptiste Leroy<\/a> (1742 1822), mari\u00e9 en 1789 \u00e0 Marie Ernestine Fissiau (1761 1852), il fut fermier et maire de Cerfontaine.<\/p>\n","protected":false},"excerpt":{"rendered":"<p>Cerfontaine Dans les Etats d\u00e9taill\u00e9s des liquidations faites par la Commission d&rsquo;Indemnit\u00e9 \u00e0 l&rsquo;\u00e9poque du 1 er avril 1826 en ex\u00e9cution de la loi du 27 avril 1825 au profit des anciens propri\u00e9taires ou ayant droits des anciens propri\u00e9taires de biens-fond\u00e9s confisqu\u00e9s ou ali\u00e9n\u00e9s r\u00e9volutionnairement figure le d\u00e9nomm\u00e9 Balique : B\u00e9rard Ferdinand Louis Balicq de &hellip; <a href=\"http:\/\/patrimoine-avesnois.fr\/censes\/la-cense-de-balique\/\" class=\"more-link\">Continuer la lecture<span class=\"screen-reader-text\"> de &laquo;&nbsp;La cense de Balique&nbsp;&raquo;<\/span><\/a><\/p>\n","protected":false},"author":2,"featured_media":0,"parent":0,"menu_order":0,"comment_status":"closed","ping_status":"closed","template":"","meta":{"jetpack_post_was_ever_published":false,"footnotes":""},"class_list":["post-299","page","type-page","status-publish","hentry"],"jetpack_sharing_enabled":true,"jetpack_shortlink":"https:\/\/wp.me\/PaKSRG-4P","jetpack-related-posts":[],"_links":{"self":[{"href":"http:\/\/patrimoine-avesnois.fr\/censes\/wp-json\/wp\/v2\/pages\/299","targetHints":{"allow":["GET"]}}],"collection":[{"href":"http:\/\/patrimoine-avesnois.fr\/censes\/wp-json\/wp\/v2\/pages"}],"about":[{"href":"http:\/\/patrimoine-avesnois.fr\/censes\/wp-json\/wp\/v2\/types\/page"}],"author":[{"embeddable":true,"href":"http:\/\/patrimoine-avesnois.fr\/censes\/wp-json\/wp\/v2\/users\/2"}],"replies":[{"embeddable":true,"href":"http:\/\/patrimoine-avesnois.fr\/censes\/wp-json\/wp\/v2\/comments?post=299"}],"version-history":[{"count":5,"href":"http:\/\/patrimoine-avesnois.fr\/censes\/wp-json\/wp\/v2\/pages\/299\/revisions"}],"predecessor-version":[{"id":475,"href":"http:\/\/patrimoine-avesnois.fr\/censes\/wp-json\/wp\/v2\/pages\/299\/revisions\/475"}],"wp:attachment":[{"href":"http:\/\/patrimoine-avesnois.fr\/censes\/wp-json\/wp\/v2\/media?parent=299"}],"curies":[{"name":"wp","href":"https:\/\/api.w.org\/{rel}","templated":true}]}}