{"id":302,"date":"2019-02-20T11:17:33","date_gmt":"2019-02-20T10:17:33","guid":{"rendered":"http:\/\/patrimoine-avesnois.fr\/censes\/?page_id=302"},"modified":"2019-02-25T16:44:28","modified_gmt":"2019-02-25T15:44:28","slug":"la-cense-de-simon-de-robersart-de-mons","status":"publish","type":"page","link":"http:\/\/patrimoine-avesnois.fr\/censes\/la-cense-de-simon-de-robersart-de-mons\/","title":{"rendered":"La cense de Simon de Robersart de Mons"},"content":{"rendered":"\n<p class=\"has-text-color has-medium-font-size has-bright-red-color\"><strong>Choisies<\/strong><\/p>\n\n\n\n<div class=\"wp-block-image\"><figure class=\"aligncenter\"><img data-recalc-dims=\"1\" loading=\"lazy\" decoding=\"async\" width=\"708\" height=\"59\" data-attachment-id=\"303\" data-permalink=\"http:\/\/patrimoine-avesnois.fr\/censes\/la-cense-de-simon-de-robersart-de-mons\/capture-151\/\" data-orig-file=\"https:\/\/i0.wp.com\/patrimoine-avesnois.fr\/censes\/wp-content\/uploads\/2019\/02\/Capture-150.png?fit=708%2C59\" data-orig-size=\"708,59\" data-comments-opened=\"1\" data-image-meta=\"{&quot;aperture&quot;:&quot;0&quot;,&quot;credit&quot;:&quot;&quot;,&quot;camera&quot;:&quot;&quot;,&quot;caption&quot;:&quot;&quot;,&quot;created_timestamp&quot;:&quot;0&quot;,&quot;copyright&quot;:&quot;&quot;,&quot;focal_length&quot;:&quot;0&quot;,&quot;iso&quot;:&quot;0&quot;,&quot;shutter_speed&quot;:&quot;0&quot;,&quot;title&quot;:&quot;&quot;,&quot;orientation&quot;:&quot;0&quot;}\" data-image-title=\"Capture\" data-image-description=\"\" data-image-caption=\"\" data-large-file=\"https:\/\/i0.wp.com\/patrimoine-avesnois.fr\/censes\/wp-content\/uploads\/2019\/02\/Capture-150.png?fit=708%2C59\" src=\"https:\/\/i0.wp.com\/patrimoine-avesnois.fr\/censes\/wp-content\/uploads\/2019\/02\/Capture-150.png?resize=708%2C59\" alt=\"\" class=\"wp-image-303\" srcset=\"https:\/\/i0.wp.com\/patrimoine-avesnois.fr\/censes\/wp-content\/uploads\/2019\/02\/Capture-150.png?w=708 708w, https:\/\/i0.wp.com\/patrimoine-avesnois.fr\/censes\/wp-content\/uploads\/2019\/02\/Capture-150.png?resize=300%2C25 300w\" sizes=\"auto, (max-width: 708px) 85vw, 708px\" \/><\/figure><\/div>\n\n\n\n<p>\u00ab\u00a0Simon-Joseph ROBERT, seigneur de Choisy, naquit \u00e0 Mons en 1741, et fut chef-\u00e9chevin de cette ville. Il \u00e9pousa, le 28 juin 1766, Marie-Philippine du Sart de Molembais.<\/p>\n\n\n\n<p>Le 15 novembre 1778, il fut cr\u00e9\u00e9 comte de ROBERSART, par lettres patentes de l&rsquo;imp\u00e9ratrice Marie-Th\u00e9r\u00e8se, au service de laquelle il avait \u00e9t\u00e9 en qualit\u00e9 de capitaine de dragons, et obtint la permission d&rsquo;\u00e9carteler ses armes qui \u00e9taient \u00ab de sable \u00e0 trois serpents d&rsquo;argent lampass\u00e9s de gueules, au chef cousu d\u2019azur charg\u00e9 de trois pigeons d\u2019argent \u00e9ploy\u00e9s \u00bb des anciennes armoiries de la famille de ROBERSART \u00ab\u00a0de sinople au lion d&rsquo;or arm\u00e9 et lampass\u00e9 de gueules\u00a0\u00bb. A la mort de Marie-Agn\u00e8s-Maximilienne ROBERT, sa tante, derni\u00e8re dame de Nouvelles, il h\u00e9rita des terres composant l&rsquo;ancienne seigneurie, d\u00e9pouill\u00e9e de ses redevances et droits f\u00e9odaux.\u00a0\u00bb<\/p>\n\n\n\n<p>\u00a0<a href=\"http:\/\/home.scarlet.be\/~ab123800\/Nouvelles%20(Robert).htm\">http:\/\/home.scarlet.be\/~ab123800\/Nouvelles%20(Robert).htm<\/a><\/p>\n\n\n\n<p>L&rsquo;acheteur de cette cense \u00e9tait Honor\u00e9 Culhat,  Receveur de la R\u00e9gie G\u00e9n\u00e9rale \u00e0 Solre-le-Ch\u00e2teau. Il s&rsquo;\u00e9tait mari\u00e9 dans cette ville le 10 mai 1784 \u00e0 l&rsquo;\u00e2ge de 48 ans avec Jeanne Prisse,  veuve de Pierre Joseph GRAUX, Seigneur de Lez-Fontaine.  Il \u00e9tait originaire de la \u00ab\u00a0paroisse d&rsquo;Aigueperse du dioc\u00e8se de Clermont en Auvergne\u00a0\u00bb.<\/p>\n","protected":false},"excerpt":{"rendered":"<p>Choisies \u00ab\u00a0Simon-Joseph ROBERT, seigneur de Choisy, naquit \u00e0 Mons en 1741, et fut chef-\u00e9chevin de cette ville. Il \u00e9pousa, le 28 juin 1766, Marie-Philippine du Sart de Molembais. Le 15 novembre 1778, il fut cr\u00e9\u00e9 comte de ROBERSART, par lettres patentes de l&rsquo;imp\u00e9ratrice Marie-Th\u00e9r\u00e8se, au service de laquelle il avait \u00e9t\u00e9 en qualit\u00e9 de capitaine &hellip; <a href=\"http:\/\/patrimoine-avesnois.fr\/censes\/la-cense-de-simon-de-robersart-de-mons\/\" class=\"more-link\">Continuer la lecture<span class=\"screen-reader-text\"> de &laquo;&nbsp;La cense de Simon de Robersart de Mons&nbsp;&raquo;<\/span><\/a><\/p>\n","protected":false},"author":2,"featured_media":0,"parent":0,"menu_order":0,"comment_status":"closed","ping_status":"closed","template":"","meta":{"jetpack_post_was_ever_published":false,"footnotes":""},"class_list":["post-302","page","type-page","status-publish","hentry"],"jetpack_sharing_enabled":true,"jetpack_shortlink":"https:\/\/wp.me\/PaKSRG-4S","jetpack-related-posts":[],"_links":{"self":[{"href":"http:\/\/patrimoine-avesnois.fr\/censes\/wp-json\/wp\/v2\/pages\/302","targetHints":{"allow":["GET"]}}],"collection":[{"href":"http:\/\/patrimoine-avesnois.fr\/censes\/wp-json\/wp\/v2\/pages"}],"about":[{"href":"http:\/\/patrimoine-avesnois.fr\/censes\/wp-json\/wp\/v2\/types\/page"}],"author":[{"embeddable":true,"href":"http:\/\/patrimoine-avesnois.fr\/censes\/wp-json\/wp\/v2\/users\/2"}],"replies":[{"embeddable":true,"href":"http:\/\/patrimoine-avesnois.fr\/censes\/wp-json\/wp\/v2\/comments?post=302"}],"version-history":[{"count":4,"href":"http:\/\/patrimoine-avesnois.fr\/censes\/wp-json\/wp\/v2\/pages\/302\/revisions"}],"predecessor-version":[{"id":363,"href":"http:\/\/patrimoine-avesnois.fr\/censes\/wp-json\/wp\/v2\/pages\/302\/revisions\/363"}],"wp:attachment":[{"href":"http:\/\/patrimoine-avesnois.fr\/censes\/wp-json\/wp\/v2\/media?parent=302"}],"curies":[{"name":"wp","href":"https:\/\/api.w.org\/{rel}","templated":true}]}}