{"id":305,"date":"2019-02-20T11:19:11","date_gmt":"2019-02-20T10:19:11","guid":{"rendered":"http:\/\/patrimoine-avesnois.fr\/censes\/?page_id=305"},"modified":"2019-02-28T10:56:50","modified_gmt":"2019-02-28T09:56:50","slug":"la-cense-de-wautier","status":"publish","type":"page","link":"http:\/\/patrimoine-avesnois.fr\/censes\/la-cense-de-wautier\/","title":{"rendered":"La cense de Wautier"},"content":{"rendered":"\n<p class=\"has-text-color has-medium-font-size has-bright-red-color\"><strong>Aibes<\/strong><\/p>\n\n\n\n<div class=\"wp-block-image\"><figure class=\"aligncenter\"><img data-recalc-dims=\"1\" loading=\"lazy\" decoding=\"async\" width=\"538\" height=\"60\" data-attachment-id=\"306\" data-permalink=\"http:\/\/patrimoine-avesnois.fr\/censes\/la-cense-de-wautier\/capture-152\/\" data-orig-file=\"https:\/\/i0.wp.com\/patrimoine-avesnois.fr\/censes\/wp-content\/uploads\/2019\/02\/Capture-151.png?fit=538%2C60\" data-orig-size=\"538,60\" data-comments-opened=\"1\" data-image-meta=\"{&quot;aperture&quot;:&quot;0&quot;,&quot;credit&quot;:&quot;&quot;,&quot;camera&quot;:&quot;&quot;,&quot;caption&quot;:&quot;&quot;,&quot;created_timestamp&quot;:&quot;0&quot;,&quot;copyright&quot;:&quot;&quot;,&quot;focal_length&quot;:&quot;0&quot;,&quot;iso&quot;:&quot;0&quot;,&quot;shutter_speed&quot;:&quot;0&quot;,&quot;title&quot;:&quot;&quot;,&quot;orientation&quot;:&quot;0&quot;}\" data-image-title=\"Capture\" data-image-description=\"\" data-image-caption=\"\" data-large-file=\"https:\/\/i0.wp.com\/patrimoine-avesnois.fr\/censes\/wp-content\/uploads\/2019\/02\/Capture-151.png?fit=538%2C60\" src=\"https:\/\/i0.wp.com\/patrimoine-avesnois.fr\/censes\/wp-content\/uploads\/2019\/02\/Capture-151.png?resize=538%2C60\" alt=\"\" class=\"wp-image-306\" srcset=\"https:\/\/i0.wp.com\/patrimoine-avesnois.fr\/censes\/wp-content\/uploads\/2019\/02\/Capture-151.png?w=538 538w, https:\/\/i0.wp.com\/patrimoine-avesnois.fr\/censes\/wp-content\/uploads\/2019\/02\/Capture-151.png?resize=300%2C33 300w\" sizes=\"auto, (max-width: 538px) 85vw, 538px\" \/><\/figure><\/div>\n\n\n\n<p>Louis Joseph Wautier \u00e9tait n\u00e9 en 1743 et originaire de Maubeuge.  Son p\u00e8re  Jacques Philippe \u00e9tait en 1738 laboureur \u00e0 Aymeries.<\/p>\n\n\n\n<p>Louis Joseph se maria le 5 f\u00e9vrier 1771 \u00e0 Vieux-Reng avec Marie Joseph Watteau. Il \u00e9tait \u00e0 cette date n\u00e9gociant en fer. Il fit construire en 1770 et 1782 trois platineries \u00e0 Villers-Sire-Nicole, au lieu-dit \u00ab\u00a0le bois de la Samette\u00a0\u00bb . <br>Apr\u00e8s le d\u00e9c\u00e8s \u00e0 Maubeuge de Wautier en 1823, puis de son \u00e9pouse en 1826, leurs h\u00e9ritiers vendirent la forge.<\/p>\n\n\n\n<div class=\"wp-block-image\"><figure class=\"aligncenter\"><img loading=\"lazy\" decoding=\"async\" width=\"1027\" height=\"255\" data-attachment-id=\"396\" data-permalink=\"http:\/\/patrimoine-avesnois.fr\/censes\/la-cense-de-wautier\/capture-164\/\" data-orig-file=\"https:\/\/i0.wp.com\/patrimoine-avesnois.fr\/censes\/wp-content\/uploads\/2019\/02\/Capture-163.png?fit=1027%2C255\" data-orig-size=\"1027,255\" data-comments-opened=\"1\" data-image-meta=\"{&quot;aperture&quot;:&quot;0&quot;,&quot;credit&quot;:&quot;&quot;,&quot;camera&quot;:&quot;&quot;,&quot;caption&quot;:&quot;&quot;,&quot;created_timestamp&quot;:&quot;0&quot;,&quot;copyright&quot;:&quot;&quot;,&quot;focal_length&quot;:&quot;0&quot;,&quot;iso&quot;:&quot;0&quot;,&quot;shutter_speed&quot;:&quot;0&quot;,&quot;title&quot;:&quot;&quot;,&quot;orientation&quot;:&quot;0&quot;}\" data-image-title=\"Capture\" data-image-description=\"\" data-image-caption=\"\" data-large-file=\"https:\/\/i0.wp.com\/patrimoine-avesnois.fr\/censes\/wp-content\/uploads\/2019\/02\/Capture-163.png?fit=840%2C208\" src=\"https:\/\/i0.wp.com\/patrimoine-avesnois.fr\/censes\/wp-content\/uploads\/2019\/02\/Capture-163.png?fit=840%2C208\" alt=\"\" class=\"wp-image-396\" srcset=\"https:\/\/i0.wp.com\/patrimoine-avesnois.fr\/censes\/wp-content\/uploads\/2019\/02\/Capture-163.png?w=1027 1027w, https:\/\/i0.wp.com\/patrimoine-avesnois.fr\/censes\/wp-content\/uploads\/2019\/02\/Capture-163.png?resize=300%2C74 300w, https:\/\/i0.wp.com\/patrimoine-avesnois.fr\/censes\/wp-content\/uploads\/2019\/02\/Capture-163.png?resize=768%2C191 768w, https:\/\/i0.wp.com\/patrimoine-avesnois.fr\/censes\/wp-content\/uploads\/2019\/02\/Capture-163.png?resize=1024%2C254 1024w\" sizes=\"auto, (max-width: 709px) 85vw, (max-width: 909px) 67vw, (max-width: 1362px) 62vw, 840px\" \/><figcaption><a href=\"https:\/\/books.google.fr\/books?id=eLVCAAAAcAAJ&amp;pg=RA18-PA80&amp;lpg=RA18-PA80&amp;dq=Wautier+Watteau+%C3%A9migr%C3%A9&amp;source=bl&amp;ots=ubGGke5PFJ&amp;sig=ACfU3U0jcuvP98VuYAwOfC1FNjigr3Lwuw&amp;hl=fr&amp;sa=X&amp;ved=2ahUKEwjezdWhj97gAhV2AWMBHbtBAy0Q6AEwBnoECAkQAQ#v=onepage&amp;q=Wautier%20Watteau%20%C3%A9migr%C3%A9&amp;f=false\">Etats d\u00e9taill\u00e9s des liquidations faites par la commission d&rsquo;indemnit\u00e9 du 31\/12\/1827<\/a><\/figcaption><\/figure><\/div>\n","protected":false},"excerpt":{"rendered":"<p>Aibes Louis Joseph Wautier \u00e9tait n\u00e9 en 1743 et originaire de Maubeuge. Son p\u00e8re Jacques Philippe \u00e9tait en 1738 laboureur \u00e0 Aymeries. Louis Joseph se maria le 5 f\u00e9vrier 1771 \u00e0 Vieux-Reng avec Marie Joseph Watteau. Il \u00e9tait \u00e0 cette date n\u00e9gociant en fer. Il fit construire en 1770 et 1782 trois platineries \u00e0 Villers-Sire-Nicole, &hellip; <a href=\"http:\/\/patrimoine-avesnois.fr\/censes\/la-cense-de-wautier\/\" class=\"more-link\">Continuer la lecture<span class=\"screen-reader-text\"> de &laquo;&nbsp;La cense de Wautier&nbsp;&raquo;<\/span><\/a><\/p>\n","protected":false},"author":2,"featured_media":0,"parent":0,"menu_order":0,"comment_status":"closed","ping_status":"closed","template":"","meta":{"jetpack_post_was_ever_published":false,"footnotes":""},"class_list":["post-305","page","type-page","status-publish","hentry"],"jetpack_sharing_enabled":true,"jetpack_shortlink":"https:\/\/wp.me\/PaKSRG-4V","jetpack-related-posts":[],"_links":{"self":[{"href":"http:\/\/patrimoine-avesnois.fr\/censes\/wp-json\/wp\/v2\/pages\/305","targetHints":{"allow":["GET"]}}],"collection":[{"href":"http:\/\/patrimoine-avesnois.fr\/censes\/wp-json\/wp\/v2\/pages"}],"about":[{"href":"http:\/\/patrimoine-avesnois.fr\/censes\/wp-json\/wp\/v2\/types\/page"}],"author":[{"embeddable":true,"href":"http:\/\/patrimoine-avesnois.fr\/censes\/wp-json\/wp\/v2\/users\/2"}],"replies":[{"embeddable":true,"href":"http:\/\/patrimoine-avesnois.fr\/censes\/wp-json\/wp\/v2\/comments?post=305"}],"version-history":[{"count":5,"href":"http:\/\/patrimoine-avesnois.fr\/censes\/wp-json\/wp\/v2\/pages\/305\/revisions"}],"predecessor-version":[{"id":401,"href":"http:\/\/patrimoine-avesnois.fr\/censes\/wp-json\/wp\/v2\/pages\/305\/revisions\/401"}],"wp:attachment":[{"href":"http:\/\/patrimoine-avesnois.fr\/censes\/wp-json\/wp\/v2\/media?parent=305"}],"curies":[{"name":"wp","href":"https:\/\/api.w.org\/{rel}","templated":true}]}}