{"id":308,"date":"2019-02-20T11:20:42","date_gmt":"2019-02-20T10:20:42","guid":{"rendered":"http:\/\/patrimoine-avesnois.fr\/censes\/?page_id=308"},"modified":"2019-02-28T16:28:32","modified_gmt":"2019-02-28T15:28:32","slug":"la-cense-de-lefebvre","status":"publish","type":"page","link":"http:\/\/patrimoine-avesnois.fr\/censes\/la-cense-de-lefebvre\/","title":{"rendered":"La cense de Lefebvre"},"content":{"rendered":"\n<p class=\"has-text-color has-medium-font-size has-bright-red-color\"><strong>Jolimetz<\/strong><\/p>\n\n\n\n<div class=\"wp-block-image\"><figure class=\"aligncenter\"><img data-recalc-dims=\"1\" loading=\"lazy\" decoding=\"async\" width=\"823\" height=\"96\" data-attachment-id=\"309\" data-permalink=\"http:\/\/patrimoine-avesnois.fr\/censes\/la-cense-de-lefebvre\/capture-153\/\" data-orig-file=\"https:\/\/i0.wp.com\/patrimoine-avesnois.fr\/censes\/wp-content\/uploads\/2019\/02\/Capture-152.png?fit=823%2C96\" data-orig-size=\"823,96\" data-comments-opened=\"1\" data-image-meta=\"{&quot;aperture&quot;:&quot;0&quot;,&quot;credit&quot;:&quot;&quot;,&quot;camera&quot;:&quot;&quot;,&quot;caption&quot;:&quot;&quot;,&quot;created_timestamp&quot;:&quot;0&quot;,&quot;copyright&quot;:&quot;&quot;,&quot;focal_length&quot;:&quot;0&quot;,&quot;iso&quot;:&quot;0&quot;,&quot;shutter_speed&quot;:&quot;0&quot;,&quot;title&quot;:&quot;&quot;,&quot;orientation&quot;:&quot;0&quot;}\" data-image-title=\"Capture\" data-image-description=\"\" data-image-caption=\"\" data-large-file=\"https:\/\/i0.wp.com\/patrimoine-avesnois.fr\/censes\/wp-content\/uploads\/2019\/02\/Capture-152.png?fit=823%2C96\" src=\"https:\/\/i0.wp.com\/patrimoine-avesnois.fr\/censes\/wp-content\/uploads\/2019\/02\/Capture-152.png?resize=823%2C96\" alt=\"\" class=\"wp-image-309\" srcset=\"https:\/\/i0.wp.com\/patrimoine-avesnois.fr\/censes\/wp-content\/uploads\/2019\/02\/Capture-152.png?w=823 823w, https:\/\/i0.wp.com\/patrimoine-avesnois.fr\/censes\/wp-content\/uploads\/2019\/02\/Capture-152.png?resize=300%2C35 300w, https:\/\/i0.wp.com\/patrimoine-avesnois.fr\/censes\/wp-content\/uploads\/2019\/02\/Capture-152.png?resize=768%2C90 768w\" sizes=\"auto, (max-width: 823px) 85vw, 823px\" \/><\/figure><\/div>\n\n\n\n<p>Jean Joseph Claire Lefebvre naquit le 7 juillet 1753 \u00e0 Le Quesnoy, fils de Nicolas Fran\u00e7ois Lefebvre de Belleperche (1684 1766), avocat, et de Marie Fran\u00e7oise Wicart. Son grand-p\u00e8re paternel Jacques Lefebvre (1643 1731) \u00e9tait conseiller secr\u00e9taire du Roi \u00e0 Le Quesnoy. Son grand-p\u00e8re maternel Jean Louis Wicart \u00e9tait \u00e9galement avocat \u00ab\u00a0pour sa majest\u00e9 au baillage royal de Le Quesnoy\u00a0\u00bb.<\/p>\n\n\n\n<p>Veuf de Placidie Catherine Taillane, Jean Joseph Claire Lefebvre se remaria \u00e0 Le Quesnoy le 11 Niv\u00f4se An III (31\/12\/1794) \u00e0 Ad\u00e9laide Lalou (1766-1816) dont le p\u00e8re Charles Fran\u00e7ois (1731 1777) \u00e9tait Conseiller et Procureur du Roi  <br>&nbsp;h\u00e9r\u00e9ditaire au si\u00e8ge royal d&rsquo;appel du Quesnoy.<\/p>\n\n\n\n<p>Lefebvre d\u00e9c\u00e9da le 11 mai 1815. Au d\u00e9c\u00e8s de son \u00e9pouse le 30 octobre 1816 Ad\u00e9laide \u00e9tait dite veuve de Jean Joseph Lefebvre Dutronquoy.<\/p>\n","protected":false},"excerpt":{"rendered":"<p>Jolimetz Jean Joseph Claire Lefebvre naquit le 7 juillet 1753 \u00e0 Le Quesnoy, fils de Nicolas Fran\u00e7ois Lefebvre de Belleperche (1684 1766), avocat, et de Marie Fran\u00e7oise Wicart. Son grand-p\u00e8re paternel Jacques Lefebvre (1643 1731) \u00e9tait conseiller secr\u00e9taire du Roi \u00e0 Le Quesnoy. Son grand-p\u00e8re maternel Jean Louis Wicart \u00e9tait \u00e9galement avocat \u00ab\u00a0pour sa majest\u00e9 &hellip; <a href=\"http:\/\/patrimoine-avesnois.fr\/censes\/la-cense-de-lefebvre\/\" class=\"more-link\">Continuer la lecture<span class=\"screen-reader-text\"> de &laquo;&nbsp;La cense de Lefebvre&nbsp;&raquo;<\/span><\/a><\/p>\n","protected":false},"author":2,"featured_media":0,"parent":0,"menu_order":0,"comment_status":"closed","ping_status":"closed","template":"","meta":{"jetpack_post_was_ever_published":false,"footnotes":""},"class_list":["post-308","page","type-page","status-publish","hentry"],"jetpack_sharing_enabled":true,"jetpack_shortlink":"https:\/\/wp.me\/PaKSRG-4Y","jetpack-related-posts":[],"_links":{"self":[{"href":"http:\/\/patrimoine-avesnois.fr\/censes\/wp-json\/wp\/v2\/pages\/308","targetHints":{"allow":["GET"]}}],"collection":[{"href":"http:\/\/patrimoine-avesnois.fr\/censes\/wp-json\/wp\/v2\/pages"}],"about":[{"href":"http:\/\/patrimoine-avesnois.fr\/censes\/wp-json\/wp\/v2\/types\/page"}],"author":[{"embeddable":true,"href":"http:\/\/patrimoine-avesnois.fr\/censes\/wp-json\/wp\/v2\/users\/2"}],"replies":[{"embeddable":true,"href":"http:\/\/patrimoine-avesnois.fr\/censes\/wp-json\/wp\/v2\/comments?post=308"}],"version-history":[{"count":7,"href":"http:\/\/patrimoine-avesnois.fr\/censes\/wp-json\/wp\/v2\/pages\/308\/revisions"}],"predecessor-version":[{"id":410,"href":"http:\/\/patrimoine-avesnois.fr\/censes\/wp-json\/wp\/v2\/pages\/308\/revisions\/410"}],"wp:attachment":[{"href":"http:\/\/patrimoine-avesnois.fr\/censes\/wp-json\/wp\/v2\/media?parent=308"}],"curies":[{"name":"wp","href":"https:\/\/api.w.org\/{rel}","templated":true}]}}