{"id":311,"date":"2019-02-20T11:23:16","date_gmt":"2019-02-20T10:23:16","guid":{"rendered":"http:\/\/patrimoine-avesnois.fr\/censes\/?page_id=311"},"modified":"2019-03-02T10:57:16","modified_gmt":"2019-03-02T09:57:16","slug":"la-cense-de-wamant","status":"publish","type":"page","link":"http:\/\/patrimoine-avesnois.fr\/censes\/la-cense-de-wamant\/","title":{"rendered":"La cense de Wamant"},"content":{"rendered":"\n<p class=\"has-text-color has-medium-font-size has-bright-red-color\"><strong>Fourmies<\/strong><\/p>\n\n\n\n<div class=\"wp-block-image\"><figure class=\"aligncenter\"><img data-recalc-dims=\"1\" loading=\"lazy\" decoding=\"async\" width=\"818\" height=\"69\" data-attachment-id=\"312\" data-permalink=\"http:\/\/patrimoine-avesnois.fr\/censes\/la-cense-de-wamant\/capture-154\/\" data-orig-file=\"https:\/\/i0.wp.com\/patrimoine-avesnois.fr\/censes\/wp-content\/uploads\/2019\/02\/Capture-153.png?fit=818%2C69\" data-orig-size=\"818,69\" data-comments-opened=\"1\" data-image-meta=\"{&quot;aperture&quot;:&quot;0&quot;,&quot;credit&quot;:&quot;&quot;,&quot;camera&quot;:&quot;&quot;,&quot;caption&quot;:&quot;&quot;,&quot;created_timestamp&quot;:&quot;0&quot;,&quot;copyright&quot;:&quot;&quot;,&quot;focal_length&quot;:&quot;0&quot;,&quot;iso&quot;:&quot;0&quot;,&quot;shutter_speed&quot;:&quot;0&quot;,&quot;title&quot;:&quot;&quot;,&quot;orientation&quot;:&quot;0&quot;}\" data-image-title=\"Capture\" data-image-description=\"\" data-image-caption=\"\" data-large-file=\"https:\/\/i0.wp.com\/patrimoine-avesnois.fr\/censes\/wp-content\/uploads\/2019\/02\/Capture-153.png?fit=818%2C69\" src=\"https:\/\/i0.wp.com\/patrimoine-avesnois.fr\/censes\/wp-content\/uploads\/2019\/02\/Capture-153.png?resize=818%2C69\" alt=\"\" class=\"wp-image-312\" srcset=\"https:\/\/i0.wp.com\/patrimoine-avesnois.fr\/censes\/wp-content\/uploads\/2019\/02\/Capture-153.png?w=818 818w, https:\/\/i0.wp.com\/patrimoine-avesnois.fr\/censes\/wp-content\/uploads\/2019\/02\/Capture-153.png?resize=300%2C25 300w, https:\/\/i0.wp.com\/patrimoine-avesnois.fr\/censes\/wp-content\/uploads\/2019\/02\/Capture-153.png?resize=768%2C65 768w\" sizes=\"auto, (max-width: 818px) 85vw, 818px\" \/><\/figure><\/div>\n\n\n\n<p>Jean Baptiste Wamant avant d&rsquo;\u00eatre chanoine de Laon \u00e9tait cur\u00e9 \u00e0 Vervins. <\/p>\n\n\n\n<p>(\u00ab\u00a0Si l\u2019on consid\u00e8re le corps eccl\u00e9siastique avec un notable, Jean-Baptiste Wamant en 1765-1767, puis S\u00e9bastien Renard en 1768-72, les cur\u00e9s doyens successifs&#8230;\u00a0\u00bb extrait tir\u00e9 de \u00ab\u00a0L\u2018\u00c9tat et le contr\u00f4le des municipalit\u00e9s aux XVIIe et XVIII si\u00e8cles : le cas de Vervins \u00a0\u00bb  par M Claude Car\u00eame &#8211; Article paru dans le tome XXXVIII (1993) de F\u00e9d\u00e9ration des Soci\u00e9t\u00e9s d&rsquo;histoire et d&rsquo;arch\u00e9ologie de l&rsquo;Aisne).<\/p>\n\n\n\n<p>Jean Baptiste Wamant d\u00e9c\u00e9da en 1793 \u00e0 Li\u00e8ge.<\/p>\n\n\n\n<p>Quant \u00e0 \u00ab\u00a0l&rsquo;acqu\u00e9reur par cession du dit Wamant de la ferme de Leuze\u00a0\u00bb, il pourrait s&rsquo;agir de <a href=\"https:\/\/gw.geneanet.org\/mileclercq66?lang=fr&amp;pz=michele&amp;nz=demolon&amp;p=jacques&amp;n=demolon&amp;oc=12\">Jacques Demolon<\/a> originaire de Morgny en Thi\u00e9rache<br>qui vint s&rsquo;installer en 1793 \u00e0 Leuze dans l&rsquo;Aisne, d&rsquo;o\u00f9 le nom de ferme de Leuze.<\/p>\n","protected":false},"excerpt":{"rendered":"<p>Fourmies Jean Baptiste Wamant avant d&rsquo;\u00eatre chanoine de Laon \u00e9tait cur\u00e9 \u00e0 Vervins. (\u00ab\u00a0Si l\u2019on consid\u00e8re le corps eccl\u00e9siastique avec un notable, Jean-Baptiste Wamant en 1765-1767, puis S\u00e9bastien Renard en 1768-72, les cur\u00e9s doyens successifs&#8230;\u00a0\u00bb extrait tir\u00e9 de \u00ab\u00a0L\u2018\u00c9tat et le contr\u00f4le des municipalit\u00e9s aux XVIIe et XVIII si\u00e8cles : le cas de Vervins \u00a0\u00bb &hellip; <a href=\"http:\/\/patrimoine-avesnois.fr\/censes\/la-cense-de-wamant\/\" class=\"more-link\">Continuer la lecture<span class=\"screen-reader-text\"> de &laquo;&nbsp;La cense de Wamant&nbsp;&raquo;<\/span><\/a><\/p>\n","protected":false},"author":2,"featured_media":0,"parent":0,"menu_order":0,"comment_status":"closed","ping_status":"closed","template":"","meta":{"jetpack_post_was_ever_published":false,"footnotes":""},"class_list":["post-311","page","type-page","status-publish","hentry"],"jetpack_sharing_enabled":true,"jetpack_shortlink":"https:\/\/wp.me\/PaKSRG-51","jetpack-related-posts":[],"_links":{"self":[{"href":"http:\/\/patrimoine-avesnois.fr\/censes\/wp-json\/wp\/v2\/pages\/311","targetHints":{"allow":["GET"]}}],"collection":[{"href":"http:\/\/patrimoine-avesnois.fr\/censes\/wp-json\/wp\/v2\/pages"}],"about":[{"href":"http:\/\/patrimoine-avesnois.fr\/censes\/wp-json\/wp\/v2\/types\/page"}],"author":[{"embeddable":true,"href":"http:\/\/patrimoine-avesnois.fr\/censes\/wp-json\/wp\/v2\/users\/2"}],"replies":[{"embeddable":true,"href":"http:\/\/patrimoine-avesnois.fr\/censes\/wp-json\/wp\/v2\/comments?post=311"}],"version-history":[{"count":6,"href":"http:\/\/patrimoine-avesnois.fr\/censes\/wp-json\/wp\/v2\/pages\/311\/revisions"}],"predecessor-version":[{"id":424,"href":"http:\/\/patrimoine-avesnois.fr\/censes\/wp-json\/wp\/v2\/pages\/311\/revisions\/424"}],"wp:attachment":[{"href":"http:\/\/patrimoine-avesnois.fr\/censes\/wp-json\/wp\/v2\/media?parent=311"}],"curies":[{"name":"wp","href":"https:\/\/api.w.org\/{rel}","templated":true}]}}