{"id":314,"date":"2019-02-20T11:26:24","date_gmt":"2019-02-20T10:26:24","guid":{"rendered":"http:\/\/patrimoine-avesnois.fr\/censes\/?page_id=314"},"modified":"2019-02-20T11:26:24","modified_gmt":"2019-02-20T10:26:24","slug":"la-cense-de-kroezer","status":"publish","type":"page","link":"http:\/\/patrimoine-avesnois.fr\/censes\/la-cense-de-kroezer\/","title":{"rendered":"La cense de Kroezer"},"content":{"rendered":"\n<p class=\"has-text-color has-medium-font-size has-bright-red-color\"><strong>Preux-au-Sart<\/strong><\/p>\n\n\n\n<div class=\"wp-block-image\"><figure class=\"aligncenter\"><img data-recalc-dims=\"1\" loading=\"lazy\" decoding=\"async\" width=\"258\" height=\"387\" data-attachment-id=\"315\" data-permalink=\"http:\/\/patrimoine-avesnois.fr\/censes\/la-cense-de-kroezer\/capture-155\/\" data-orig-file=\"https:\/\/i0.wp.com\/patrimoine-avesnois.fr\/censes\/wp-content\/uploads\/2019\/02\/Capture-154.png?fit=258%2C387\" data-orig-size=\"258,387\" data-comments-opened=\"1\" data-image-meta=\"{&quot;aperture&quot;:&quot;0&quot;,&quot;credit&quot;:&quot;&quot;,&quot;camera&quot;:&quot;&quot;,&quot;caption&quot;:&quot;&quot;,&quot;created_timestamp&quot;:&quot;0&quot;,&quot;copyright&quot;:&quot;&quot;,&quot;focal_length&quot;:&quot;0&quot;,&quot;iso&quot;:&quot;0&quot;,&quot;shutter_speed&quot;:&quot;0&quot;,&quot;title&quot;:&quot;&quot;,&quot;orientation&quot;:&quot;0&quot;}\" data-image-title=\"Capture\" data-image-description=\"\" data-image-caption=\"\" data-large-file=\"https:\/\/i0.wp.com\/patrimoine-avesnois.fr\/censes\/wp-content\/uploads\/2019\/02\/Capture-154.png?fit=258%2C387\" src=\"https:\/\/i0.wp.com\/patrimoine-avesnois.fr\/censes\/wp-content\/uploads\/2019\/02\/Capture-154.png?resize=258%2C387\" alt=\"\" class=\"wp-image-315\" srcset=\"https:\/\/i0.wp.com\/patrimoine-avesnois.fr\/censes\/wp-content\/uploads\/2019\/02\/Capture-154.png?w=258 258w, https:\/\/i0.wp.com\/patrimoine-avesnois.fr\/censes\/wp-content\/uploads\/2019\/02\/Capture-154.png?resize=200%2C300 200w\" sizes=\"auto, (max-width: 258px) 85vw, 258px\" \/><\/figure><\/div>\n\n\n\n<p>Selon certains historiens, le ch\u00e2teau de Preux serait celui\ndu comte de l&rsquo;Epine \u00e0 Wargnies-le-Petit. La ferme, manoir actuel de\nPreux-au-Sart (Marchies), aurait \u00e9t\u00e9 b\u00e2tie vers 1771 par madame de Kroezer\nselon une pierre d\u00e9dicac\u00e9e appos\u00e9e sur une fa\u00e7ade. <\/p>\n\n\n\n<p>La famille de Kroezer s&rsquo;est illustr\u00e9e au service de\nl&rsquo;Espagne et de l&rsquo;Autriche avant le rattachement \u00e0 la France. Au milieu du XIX\ne, le manoir fut en partie d\u00e9truit par un incendie. Durant cette p\u00e9riode de\nd\u00e9laissement, on dit qu&rsquo;Antoine Moneuse, chef de la bande des chauffeurs du\nNord, y avait son rep\u00e8re. Ce qui est s\u00fbr, c&rsquo;est que les parents de ce dernier\nfurent meuniers \u00e0 Saint-Waast-la-Vall\u00e9e.<\/p>\n\n\n\n<p>Le manoir actuel se compose de deux parties. La partie ferme\nest marqu\u00e9e par le pigeonnier porche tout de brique du XVIII e qui est l&rsquo;un des\nplus hauts du d\u00e9partement du Nord et qui est caract\u00e9ris\u00e9 par un toit en pagode\n(le XVIII e et l&rsquo;orientalisme s&rsquo;accommodaient alors). Ce pigeonnier comprend\ntrois niveaux dont un de combles \u00e0 pr\u00e8s de 19 m\u00e8tres de hauteur.<\/p>\n\n\n\n<p>(Ch\u00e2teaux et Maisons-fortes en Avesnois Claude Lompret\nJ\u00e9r\u00f4me Chr\u00e9tien)<\/p>\n","protected":false},"excerpt":{"rendered":"<p>Preux-au-Sart Selon certains historiens, le ch\u00e2teau de Preux serait celui du comte de l&rsquo;Epine \u00e0 Wargnies-le-Petit. La ferme, manoir actuel de Preux-au-Sart (Marchies), aurait \u00e9t\u00e9 b\u00e2tie vers 1771 par madame de Kroezer selon une pierre d\u00e9dicac\u00e9e appos\u00e9e sur une fa\u00e7ade. La famille de Kroezer s&rsquo;est illustr\u00e9e au service de l&rsquo;Espagne et de l&rsquo;Autriche avant le &hellip; <a href=\"http:\/\/patrimoine-avesnois.fr\/censes\/la-cense-de-kroezer\/\" class=\"more-link\">Continuer la lecture<span class=\"screen-reader-text\"> de &laquo;&nbsp;La cense de Kroezer&nbsp;&raquo;<\/span><\/a><\/p>\n","protected":false},"author":2,"featured_media":0,"parent":0,"menu_order":0,"comment_status":"closed","ping_status":"closed","template":"","meta":{"jetpack_post_was_ever_published":false,"footnotes":""},"class_list":["post-314","page","type-page","status-publish","hentry"],"jetpack_sharing_enabled":true,"jetpack_shortlink":"https:\/\/wp.me\/PaKSRG-54","jetpack-related-posts":[],"_links":{"self":[{"href":"http:\/\/patrimoine-avesnois.fr\/censes\/wp-json\/wp\/v2\/pages\/314","targetHints":{"allow":["GET"]}}],"collection":[{"href":"http:\/\/patrimoine-avesnois.fr\/censes\/wp-json\/wp\/v2\/pages"}],"about":[{"href":"http:\/\/patrimoine-avesnois.fr\/censes\/wp-json\/wp\/v2\/types\/page"}],"author":[{"embeddable":true,"href":"http:\/\/patrimoine-avesnois.fr\/censes\/wp-json\/wp\/v2\/users\/2"}],"replies":[{"embeddable":true,"href":"http:\/\/patrimoine-avesnois.fr\/censes\/wp-json\/wp\/v2\/comments?post=314"}],"version-history":[{"count":1,"href":"http:\/\/patrimoine-avesnois.fr\/censes\/wp-json\/wp\/v2\/pages\/314\/revisions"}],"predecessor-version":[{"id":316,"href":"http:\/\/patrimoine-avesnois.fr\/censes\/wp-json\/wp\/v2\/pages\/314\/revisions\/316"}],"wp:attachment":[{"href":"http:\/\/patrimoine-avesnois.fr\/censes\/wp-json\/wp\/v2\/media?parent=314"}],"curies":[{"name":"wp","href":"https:\/\/api.w.org\/{rel}","templated":true}]}}