{"id":326,"date":"2019-02-20T11:46:10","date_gmt":"2019-02-20T10:46:10","guid":{"rendered":"http:\/\/patrimoine-avesnois.fr\/censes\/?page_id=326"},"modified":"2019-02-20T11:46:10","modified_gmt":"2019-02-20T10:46:10","slug":"la-cense-de-maximilien-delegove-lieutenant-du-roi-des-villes-communaute-de-vervins-dom-a-le-quesnoy-en-1744-puis-du-baron-de-lepine","status":"publish","type":"page","link":"http:\/\/patrimoine-avesnois.fr\/censes\/la-cense-de-maximilien-delegove-lieutenant-du-roi-des-villes-communaute-de-vervins-dom-a-le-quesnoy-en-1744-puis-du-baron-de-lepine\/","title":{"rendered":"La cense de Maximilien Delegove (Lieutenant du Roi des villes &#038; communaut\u00e9 de Vervins, dom \u00e0 Le Quesnoy en 1744)  puis du baron de L\u2019Epine"},"content":{"rendered":"\n<p class=\"has-text-color has-medium-font-size has-bright-red-color\"><strong>Gommegnies<\/strong><\/p>\n\n\n\n<div class=\"wp-block-image\"><figure class=\"aligncenter\"><img data-recalc-dims=\"1\" loading=\"lazy\" decoding=\"async\" width=\"715\" height=\"477\" data-attachment-id=\"327\" data-permalink=\"http:\/\/patrimoine-avesnois.fr\/censes\/la-cense-de-maximilien-delegove-lieutenant-du-roi-des-villes-communaute-de-vervins-dom-a-le-quesnoy-en-1744-puis-du-baron-de-lepine\/capture-161\/\" data-orig-file=\"https:\/\/i0.wp.com\/patrimoine-avesnois.fr\/censes\/wp-content\/uploads\/2019\/02\/Capture-160.png?fit=715%2C477\" data-orig-size=\"715,477\" data-comments-opened=\"1\" data-image-meta=\"{&quot;aperture&quot;:&quot;0&quot;,&quot;credit&quot;:&quot;&quot;,&quot;camera&quot;:&quot;&quot;,&quot;caption&quot;:&quot;&quot;,&quot;created_timestamp&quot;:&quot;0&quot;,&quot;copyright&quot;:&quot;&quot;,&quot;focal_length&quot;:&quot;0&quot;,&quot;iso&quot;:&quot;0&quot;,&quot;shutter_speed&quot;:&quot;0&quot;,&quot;title&quot;:&quot;&quot;,&quot;orientation&quot;:&quot;0&quot;}\" data-image-title=\"Capture\" data-image-description=\"\" data-image-caption=\"\" data-large-file=\"https:\/\/i0.wp.com\/patrimoine-avesnois.fr\/censes\/wp-content\/uploads\/2019\/02\/Capture-160.png?fit=715%2C477\" src=\"https:\/\/i0.wp.com\/patrimoine-avesnois.fr\/censes\/wp-content\/uploads\/2019\/02\/Capture-160.png?resize=715%2C477\" alt=\"\" class=\"wp-image-327\" srcset=\"https:\/\/i0.wp.com\/patrimoine-avesnois.fr\/censes\/wp-content\/uploads\/2019\/02\/Capture-160.png?w=715 715w, https:\/\/i0.wp.com\/patrimoine-avesnois.fr\/censes\/wp-content\/uploads\/2019\/02\/Capture-160.png?resize=300%2C200 300w\" sizes=\"auto, (max-width: 715px) 85vw, 715px\" \/><\/figure><\/div>\n\n\n\n<div class=\"wp-block-image\"><figure class=\"aligncenter\"><img data-recalc-dims=\"1\" loading=\"lazy\" decoding=\"async\" width=\"773\" height=\"515\" data-attachment-id=\"328\" data-permalink=\"http:\/\/patrimoine-avesnois.fr\/censes\/la-cense-de-maximilien-delegove-lieutenant-du-roi-des-villes-communaute-de-vervins-dom-a-le-quesnoy-en-1744-puis-du-baron-de-lepine\/capture-162\/\" data-orig-file=\"https:\/\/i0.wp.com\/patrimoine-avesnois.fr\/censes\/wp-content\/uploads\/2019\/02\/Capture-161.png?fit=773%2C515\" data-orig-size=\"773,515\" data-comments-opened=\"1\" data-image-meta=\"{&quot;aperture&quot;:&quot;0&quot;,&quot;credit&quot;:&quot;&quot;,&quot;camera&quot;:&quot;&quot;,&quot;caption&quot;:&quot;&quot;,&quot;created_timestamp&quot;:&quot;0&quot;,&quot;copyright&quot;:&quot;&quot;,&quot;focal_length&quot;:&quot;0&quot;,&quot;iso&quot;:&quot;0&quot;,&quot;shutter_speed&quot;:&quot;0&quot;,&quot;title&quot;:&quot;&quot;,&quot;orientation&quot;:&quot;0&quot;}\" data-image-title=\"Capture\" data-image-description=\"\" data-image-caption=\"\" data-large-file=\"https:\/\/i0.wp.com\/patrimoine-avesnois.fr\/censes\/wp-content\/uploads\/2019\/02\/Capture-161.png?fit=773%2C515\" src=\"https:\/\/i0.wp.com\/patrimoine-avesnois.fr\/censes\/wp-content\/uploads\/2019\/02\/Capture-161.png?resize=773%2C515\" alt=\"\" class=\"wp-image-328\" srcset=\"https:\/\/i0.wp.com\/patrimoine-avesnois.fr\/censes\/wp-content\/uploads\/2019\/02\/Capture-161.png?w=773 773w, https:\/\/i0.wp.com\/patrimoine-avesnois.fr\/censes\/wp-content\/uploads\/2019\/02\/Capture-161.png?resize=300%2C200 300w, https:\/\/i0.wp.com\/patrimoine-avesnois.fr\/censes\/wp-content\/uploads\/2019\/02\/Capture-161.png?resize=768%2C512 768w\" sizes=\"auto, (max-width: 773px) 85vw, 773px\" \/><\/figure><\/div>\n\n\n\n<p>Dans son m\u00e9moire sur les villages de Gommegnies et de\nFrasnoy de 1724 \u00e0 1737, Michel Payen a utilis\u00e9 un livret intitul\u00e9 Le nombre des\nfamilles et Communians de la Paroisse de Gommegnies collig\u00e9 par Claude Joseph\nDeropsie cur\u00e9 de laditte Paroisse, L&rsquo;An du Verbe Incarn\u00e9 Mil Sept cens vingt\nquattre. Dans ce d\u00e9nombrement, Deropsie nomme cette demeure maison Delegove. M.\nPayen indique : Bien que Monsieur Delegove ne r\u00e9sid\u00e2t pas \u00e0 Gommegnies, son nom\nest n\u00e9anmoins mentionn\u00e9 sur le r\u00f4le de capitation de ce village en 1726. On\npeut lire en effet sur ce document : Il n&rsquo;y a que Monsieur Delegove, escuier,\nconseiller procureur du Roy \u00e0 la Ma\u00eetrise des eaux et forest establis au Quesnoy\nqui jouit des exemptions lequel fait valloir son bien par ses mains consistant\nen cent dix mencaud\u00e9es de terre, un droit de terrage, quarante huit mencaud\u00e9es\nde vergers ou prairies, huit chevaux, sept bestes \u00e0 cornes et cent quattre\nveuingt moutons. En 1724, la demeure de Delegove \u00e9tait habit\u00e9e par le bailli\nJean-Fran\u00e7ois Duwooz.<\/p>\n\n\n\n<p>Du 18e si\u00e8cle, il ne reste cependant que quelques \u00e9l\u00e9ments\nde ma\u00e7onnerie (sans doute une partie du soubassement du logis situ\u00e9 \u00e0 l&rsquo;est).\nSelon la tradition orale, cette demeure appartenait au baron de l\u2019\u00c9pine,\n\u00e9galement propri\u00e9taire au milieu du 19e si\u00e8cle du ch\u00e2teau de Wargnies-le-Petit\n(cf. IA59002848). C&rsquo;est sans doute lui qui a fait reconstruire cette demeure de\nplaisance, la chasse devant constituer une des principales activit\u00e9s des\nr\u00e9sidents, comme en t\u00e9moigne le d\u00e9cor de la rotonde.<\/p>\n\n\n\n<p>Les cadastres de 1803 et 1826 pr\u00e9sentent trois b\u00e2timents :\nun volume en L qui \u00e9pouse l&rsquo;angle entre la rue Neuve et la cache ou chasse\nPottier (ancien chemin du Tour et ancienne chasse L\u00e9vecq), dans le\nprolongement, sur la rue Neuve, un petit volume ind\u00e9pendant et, enfin, un\ntroisi\u00e8me situ\u00e9 \u00e0 l&rsquo;arri\u00e8re de la parcelle et dont il ne subsiste plus aucune\ntrace en \u00e9l\u00e9vation. En revanche, le cadastre de 1897 restitue un plan g\u00e9n\u00e9ral\ndes b\u00e2timents tr\u00e8s proche de celui d&rsquo;aujourd&rsquo;hui.<\/p>\n\n\n\n<p>Par analyse stylistique, le porche \u00e0 bossages en calcaire\nblanc pourrait dater du d\u00e9but du 19e si\u00e8cle. Le logis qui s&rsquo;\u00e9tend le long de la\nrue Neuve daterait quant \u00e0 lui du milieu du 19e si\u00e8cle, tandis que les \u00e9curies,\nla tour n\u00e9ogothique, ainsi que le logis situ\u00e9 le long de la cache Pottier\nauraient \u00e9t\u00e9 construits dans la seconde moiti\u00e9 du 19e si\u00e8cle. Leur disposition\nest d\u00e9taill\u00e9e sur le cadastre de 1897, ainsi que la pr\u00e9sence de la serre en\nfond de parcelle. Une date port\u00e9e sur un d\u00e9cor dans le salon d&rsquo;honneur, 1892,\nainsi que la signature du peintre de Valenciennes \u00c9douard Cl\u00e9ment, permet de\nconfirmer que la d\u00e9coration de ce corps de b\u00e2timent a \u00e9t\u00e9 achev\u00e9e dans les\nann\u00e9es 1890.<\/p>\n\n\n\n<p>La demeure, longtemps rest\u00e9e \u00e0 l&rsquo;abandon, est en cours de r\u00e9novation.<\/p>\n\n\n\n<p>Source du texte : <a href=\"http:\/\/patrimoine.hautsdefrance.fr\/dossier\/demeure-dite-du-baron-de-l-epine\/abba8ce5-9e65-4336-a957-2b12d8266414#historique\">Patrimoine Hauts de France<\/a><\/p>\n","protected":false},"excerpt":{"rendered":"<p>Gommegnies Dans son m\u00e9moire sur les villages de Gommegnies et de Frasnoy de 1724 \u00e0 1737, Michel Payen a utilis\u00e9 un livret intitul\u00e9 Le nombre des familles et Communians de la Paroisse de Gommegnies collig\u00e9 par Claude Joseph Deropsie cur\u00e9 de laditte Paroisse, L&rsquo;An du Verbe Incarn\u00e9 Mil Sept cens vingt quattre. Dans ce d\u00e9nombrement, &hellip; <a href=\"http:\/\/patrimoine-avesnois.fr\/censes\/la-cense-de-maximilien-delegove-lieutenant-du-roi-des-villes-communaute-de-vervins-dom-a-le-quesnoy-en-1744-puis-du-baron-de-lepine\/\" class=\"more-link\">Continuer la lecture<span class=\"screen-reader-text\"> de &laquo;&nbsp;La cense de Maximilien Delegove (Lieutenant du Roi des villes &#038; communaut\u00e9 de Vervins, dom \u00e0 Le Quesnoy en 1744)  puis du baron de L\u2019Epine&nbsp;&raquo;<\/span><\/a><\/p>\n","protected":false},"author":2,"featured_media":0,"parent":0,"menu_order":0,"comment_status":"closed","ping_status":"closed","template":"","meta":{"jetpack_post_was_ever_published":false,"footnotes":""},"class_list":["post-326","page","type-page","status-publish","hentry"],"jetpack_sharing_enabled":true,"jetpack_shortlink":"https:\/\/wp.me\/PaKSRG-5g","jetpack-related-posts":[],"_links":{"self":[{"href":"http:\/\/patrimoine-avesnois.fr\/censes\/wp-json\/wp\/v2\/pages\/326","targetHints":{"allow":["GET"]}}],"collection":[{"href":"http:\/\/patrimoine-avesnois.fr\/censes\/wp-json\/wp\/v2\/pages"}],"about":[{"href":"http:\/\/patrimoine-avesnois.fr\/censes\/wp-json\/wp\/v2\/types\/page"}],"author":[{"embeddable":true,"href":"http:\/\/patrimoine-avesnois.fr\/censes\/wp-json\/wp\/v2\/users\/2"}],"replies":[{"embeddable":true,"href":"http:\/\/patrimoine-avesnois.fr\/censes\/wp-json\/wp\/v2\/comments?post=326"}],"version-history":[{"count":1,"href":"http:\/\/patrimoine-avesnois.fr\/censes\/wp-json\/wp\/v2\/pages\/326\/revisions"}],"predecessor-version":[{"id":329,"href":"http:\/\/patrimoine-avesnois.fr\/censes\/wp-json\/wp\/v2\/pages\/326\/revisions\/329"}],"wp:attachment":[{"href":"http:\/\/patrimoine-avesnois.fr\/censes\/wp-json\/wp\/v2\/media?parent=326"}],"curies":[{"name":"wp","href":"https:\/\/api.w.org\/{rel}","templated":true}]}}