{"id":332,"date":"2019-02-20T11:48:35","date_gmt":"2019-02-20T10:48:35","guid":{"rendered":"http:\/\/patrimoine-avesnois.fr\/censes\/?page_id=332"},"modified":"2019-02-20T11:48:35","modified_gmt":"2019-02-20T10:48:35","slug":"les-conclusions","status":"publish","type":"page","link":"http:\/\/patrimoine-avesnois.fr\/censes\/les-conclusions\/","title":{"rendered":"Les Conclusions"},"content":{"rendered":"\n<p>Nous nous sommes efforc\u00e9s \u00e0 travers cet expos\u00e9 de faire une\npr\u00e9sentation des grandes censes avesnoises \u00e0 la fin d\u2019une p\u00e9riode charni\u00e8re de\nl\u2019Histoire. Cette pr\u00e9sentation s\u2019est limit\u00e9e \u00e0 des constatations g\u00e9n\u00e9rales\ntir\u00e9es de recherches dispers\u00e9es.<\/p>\n\n\n\n<p>Si quelques-unes \u00e9voquent l&rsquo;\u00e9poque seigneuriale par leurs\nnoms : la Court, la Tour, la Motte, Le Mesnil\u2026la plupart des grandes censes\nportent un nom rappelant soit celui de leurs premiers propri\u00e9taires soit un nom\nrappelant leur importance ou leur situation. <\/p>\n\n\n\n<p>Les b\u00e2timents et les terres appartenaient au propri\u00e9taire et\nseuls les meubles, le mat\u00e9riel n\u00e9cessaire \u00e0 1&rsquo;exploitation, les bestiaux, les\nsemences, les r\u00e9coltes constituaient la richesse du laboureur censier.<\/p>\n\n\n\n<p>La location de la cense se faisait soit par r\u00e9servation, le\nbail \u00e9tant dans ce cas renouvel\u00e9 aux enfants \u00e0 la mort du censier en exercice,\nsoit par adjudication. Dans ce dernier cas, le propri\u00e9taire proc\u00e9dait \u00e0\nl&rsquo;adjudication de son domaine en location, publi\u00e9e sous forme d&rsquo;affiches\nplacard\u00e9es dans toutes les paroisses des environs. Apr\u00e8s la mise aux ench\u00e8res\ndu montant des loyers, le bail revenait au plus offrant, dernier ench\u00e9risseur \u00e0\nla fin du march\u00e9.<\/p>\n\n\n\n<p>Les censiers qui occupaient ces censes abbatiales ou ces\ncenses provenant de seigneurs la\u00efques soit nobles ou anoblis, exer\u00e7aient un\nr\u00f4le important au sein de la communaut\u00e9 villageoise. Ils avaient bien souvent\ndes employ\u00e9s, des domestiques des saisonniers.<\/p>\n\n\n\n<p>S\u2019ils avaient \u00e9prouv\u00e9 de graves difficult\u00e9s financi\u00e8res lors\ndes p\u00e9riodes d&rsquo;\u00e9pid\u00e9mies et de guerres notamment vers 1650, ils \u00e9taient \u00e0\nl\u2019aube de la R\u00e9volution dans une situation bien meilleure. Etant instruits, sachant\nsouvent lire, \u00e9crire et compter, ils \u00e9taient parfois le receveur de domaines\nplus \u00e9tendus et percevaient les redevances, en particulier la dime, le terrage et\nles loyers, qu&rsquo;on lui avait afferm\u00e9s. <\/p>\n\n\n\n<p>Ils pouvaient exercer des charges administratives et remplir\ndes fonctions judiciaires au sein de la communaut\u00e9 de leur village, comme mayeur,\nlieutenant, \u00e9chevin\u2026<\/p>\n\n\n\n<p>Apr\u00e8s la R\u00e9volution, cette \u00e9volution sociale permit \u00e0 une\nmajorit\u00e9 d\u2019entre eux de devenir propri\u00e9taire des b\u00e2timents et des terres qu\u2019ils\navaient jusqu\u2019alors occup\u00e9s.<\/p>\n\n\n\n<p>Par la consultation de documents post\u00e9rieurs \u00e0 1789, cette\n\u00e9tude pourra pour le passionn\u00e9 de g\u00e9n\u00e9alogie \u00eatre prolong\u00e9e par la recherche de\nces censiers afin d\u2019obtenir un ensemble plus complet.<\/p>\n","protected":false},"excerpt":{"rendered":"<p>Nous nous sommes efforc\u00e9s \u00e0 travers cet expos\u00e9 de faire une pr\u00e9sentation des grandes censes avesnoises \u00e0 la fin d\u2019une p\u00e9riode charni\u00e8re de l\u2019Histoire. Cette pr\u00e9sentation s\u2019est limit\u00e9e \u00e0 des constatations g\u00e9n\u00e9rales tir\u00e9es de recherches dispers\u00e9es. Si quelques-unes \u00e9voquent l&rsquo;\u00e9poque seigneuriale par leurs noms : la Court, la Tour, la Motte, Le Mesnil\u2026la plupart des &hellip; <a href=\"http:\/\/patrimoine-avesnois.fr\/censes\/les-conclusions\/\" class=\"more-link\">Continuer la lecture<span class=\"screen-reader-text\"> de &laquo;&nbsp;Les Conclusions&nbsp;&raquo;<\/span><\/a><\/p>\n","protected":false},"author":2,"featured_media":0,"parent":0,"menu_order":0,"comment_status":"closed","ping_status":"closed","template":"","meta":{"jetpack_post_was_ever_published":false,"footnotes":""},"class_list":["post-332","page","type-page","status-publish","hentry"],"jetpack_sharing_enabled":true,"jetpack_shortlink":"https:\/\/wp.me\/PaKSRG-5m","jetpack-related-posts":[],"_links":{"self":[{"href":"http:\/\/patrimoine-avesnois.fr\/censes\/wp-json\/wp\/v2\/pages\/332","targetHints":{"allow":["GET"]}}],"collection":[{"href":"http:\/\/patrimoine-avesnois.fr\/censes\/wp-json\/wp\/v2\/pages"}],"about":[{"href":"http:\/\/patrimoine-avesnois.fr\/censes\/wp-json\/wp\/v2\/types\/page"}],"author":[{"embeddable":true,"href":"http:\/\/patrimoine-avesnois.fr\/censes\/wp-json\/wp\/v2\/users\/2"}],"replies":[{"embeddable":true,"href":"http:\/\/patrimoine-avesnois.fr\/censes\/wp-json\/wp\/v2\/comments?post=332"}],"version-history":[{"count":1,"href":"http:\/\/patrimoine-avesnois.fr\/censes\/wp-json\/wp\/v2\/pages\/332\/revisions"}],"predecessor-version":[{"id":333,"href":"http:\/\/patrimoine-avesnois.fr\/censes\/wp-json\/wp\/v2\/pages\/332\/revisions\/333"}],"wp:attachment":[{"href":"http:\/\/patrimoine-avesnois.fr\/censes\/wp-json\/wp\/v2\/media?parent=332"}],"curies":[{"name":"wp","href":"https:\/\/api.w.org\/{rel}","templated":true}]}}