{"id":426,"date":"2019-03-30T10:48:50","date_gmt":"2019-03-30T09:48:50","guid":{"rendered":"http:\/\/patrimoine-avesnois.fr\/chemin\/?page_id=426"},"modified":"2021-12-29T11:36:52","modified_gmt":"2021-12-29T10:36:52","slug":"bettrechies","status":"publish","type":"page","link":"http:\/\/patrimoine-avesnois.fr\/chemin\/bettrechies\/","title":{"rendered":"Bettrechies"},"content":{"rendered":"\n<div class=\"wp-block-image\"><figure class=\"aligncenter is-resized\"><img loading=\"lazy\" decoding=\"async\" data-attachment-id=\"427\" data-permalink=\"http:\/\/patrimoine-avesnois.fr\/chemin\/bettrechies\/452_001\/\" data-orig-file=\"https:\/\/i0.wp.com\/patrimoine-avesnois.fr\/chemin\/wp-content\/uploads\/2019\/03\/452_001.jpg?fit=1409%2C966\" data-orig-size=\"1409,966\" data-comments-opened=\"1\" data-image-meta=\"{&quot;aperture&quot;:&quot;0&quot;,&quot;credit&quot;:&quot;&quot;,&quot;camera&quot;:&quot;&quot;,&quot;caption&quot;:&quot;&quot;,&quot;created_timestamp&quot;:&quot;1553940562&quot;,&quot;copyright&quot;:&quot;&quot;,&quot;focal_length&quot;:&quot;0&quot;,&quot;iso&quot;:&quot;0&quot;,&quot;shutter_speed&quot;:&quot;0&quot;,&quot;title&quot;:&quot;&quot;,&quot;orientation&quot;:&quot;1&quot;}\" data-image-title=\"452_001\" data-image-description=\"\" data-image-caption=\"\" data-large-file=\"https:\/\/i0.wp.com\/patrimoine-avesnois.fr\/chemin\/wp-content\/uploads\/2019\/03\/452_001.jpg?fit=840%2C576\" src=\"https:\/\/i0.wp.com\/patrimoine-avesnois.fr\/chemin\/wp-content\/uploads\/2019\/03\/452_001.jpg?fit=840%2C576\" alt=\"\" class=\"wp-image-427\" width=\"630\" height=\"432\" srcset=\"https:\/\/i0.wp.com\/patrimoine-avesnois.fr\/chemin\/wp-content\/uploads\/2019\/03\/452_001.jpg?w=1409 1409w, https:\/\/i0.wp.com\/patrimoine-avesnois.fr\/chemin\/wp-content\/uploads\/2019\/03\/452_001.jpg?resize=300%2C206 300w, https:\/\/i0.wp.com\/patrimoine-avesnois.fr\/chemin\/wp-content\/uploads\/2019\/03\/452_001.jpg?resize=768%2C527 768w, https:\/\/i0.wp.com\/patrimoine-avesnois.fr\/chemin\/wp-content\/uploads\/2019\/03\/452_001.jpg?resize=1024%2C702 1024w, https:\/\/i0.wp.com\/patrimoine-avesnois.fr\/chemin\/wp-content\/uploads\/2019\/03\/452_001.jpg?resize=1200%2C823 1200w\" sizes=\"auto, (max-width: 630px) 85vw, 630px\" \/><\/figure><\/div>\n\n\n\n<div class=\"wp-block-image\"><figure class=\"aligncenter is-resized\"><img data-recalc-dims=\"1\" loading=\"lazy\" decoding=\"async\" data-attachment-id=\"428\" data-permalink=\"http:\/\/patrimoine-avesnois.fr\/chemin\/bettrechies\/secabslide-2\/\" data-orig-file=\"https:\/\/i0.wp.com\/patrimoine-avesnois.fr\/chemin\/wp-content\/uploads\/2019\/03\/SECABSlide-2.jpg?fit=750%2C430\" data-orig-size=\"750,430\" data-comments-opened=\"1\" data-image-meta=\"{&quot;aperture&quot;:&quot;10&quot;,&quot;credit&quot;:&quot;BOCQUET&quot;,&quot;camera&quot;:&quot;Canon EOS 5D Mark II&quot;,&quot;caption&quot;:&quot;Europe, France, Nord, vue a\\u00e9rienne de&quot;,&quot;created_timestamp&quot;:&quot;1375359521&quot;,&quot;copyright&quot;:&quot;www.photos-aeriennes.fr&quot;,&quot;focal_length&quot;:&quot;50&quot;,&quot;iso&quot;:&quot;640&quot;,&quot;shutter_speed&quot;:&quot;0.0008&quot;,&quot;title&quot;:&quot;130801212FB-&quot;,&quot;orientation&quot;:&quot;1&quot;}\" data-image-title=\"SECABSlide-2\" data-image-description=\"\" data-image-caption=\"&lt;p&gt;Europe, France, Nord, vue a\u00e9rienne de&lt;\/p&gt;\n\" data-large-file=\"https:\/\/i0.wp.com\/patrimoine-avesnois.fr\/chemin\/wp-content\/uploads\/2019\/03\/SECABSlide-2.jpg?fit=750%2C430\" src=\"https:\/\/i0.wp.com\/patrimoine-avesnois.fr\/chemin\/wp-content\/uploads\/2019\/03\/SECABSlide-2.jpg?resize=650%2C373\" alt=\"\" class=\"wp-image-428\" width=\"650\" height=\"373\" srcset=\"https:\/\/i0.wp.com\/patrimoine-avesnois.fr\/chemin\/wp-content\/uploads\/2019\/03\/SECABSlide-2.jpg?w=750 750w, https:\/\/i0.wp.com\/patrimoine-avesnois.fr\/chemin\/wp-content\/uploads\/2019\/03\/SECABSlide-2.jpg?resize=300%2C172 300w\" sizes=\"auto, (max-width: 650px) 85vw, 650px\" \/><figcaption>La Carri\u00e8re de Bellignies ou carri\u00e8re de Bettrechies  est un site carrier exploit\u00e9 par la Soci\u00e9t\u00e9 d&rsquo;exploitation des Carri\u00e8res de Bellignies (SECAB), du groupe Gagneraud <br><a href=\"http:\/\/www.gagneraud.fr\/carriere-de-bellignies-59\/\" target=\"_blank\" rel=\"noreferrer noopener\">http:\/\/www.gagneraud.fr\/carriere-de-bellignies-59\/<\/a> <\/figcaption><\/figure><\/div>\n\n\n\n<p>Bettrechies est b\u00e2ti sur un versant abrupt du ruisseau de l&rsquo;Hogneau dans un cadre ravissant de verdure. <br> La pr\u00e9sence d&rsquo;une extraction de pierres de taille est attest\u00e9e \u00e0 Bettrechies en 1738&nbsp;( Alain&nbsp;Salamagne,&nbsp;Construire au Moyen \u00c2ge&nbsp;: les chantiers de fortification de Douai, Presses Univ. Septentrion,&nbsp;2001).<br><\/p>\n\n\n\n<div class=\"wp-block-image\"><figure class=\"aligncenter is-resized\"><img loading=\"lazy\" decoding=\"async\" data-attachment-id=\"429\" data-permalink=\"http:\/\/patrimoine-avesnois.fr\/chemin\/bettrechies\/416_001\/\" data-orig-file=\"https:\/\/i0.wp.com\/patrimoine-avesnois.fr\/chemin\/wp-content\/uploads\/2019\/03\/416_001.jpg?fit=1047%2C686\" data-orig-size=\"1047,686\" data-comments-opened=\"1\" data-image-meta=\"{&quot;aperture&quot;:&quot;0&quot;,&quot;credit&quot;:&quot;&quot;,&quot;camera&quot;:&quot;&quot;,&quot;caption&quot;:&quot;&quot;,&quot;created_timestamp&quot;:&quot;1553940662&quot;,&quot;copyright&quot;:&quot;&quot;,&quot;focal_length&quot;:&quot;0&quot;,&quot;iso&quot;:&quot;0&quot;,&quot;shutter_speed&quot;:&quot;0&quot;,&quot;title&quot;:&quot;&quot;,&quot;orientation&quot;:&quot;1&quot;}\" data-image-title=\"416_001\" data-image-description=\"\" data-image-caption=\"\" data-large-file=\"https:\/\/i0.wp.com\/patrimoine-avesnois.fr\/chemin\/wp-content\/uploads\/2019\/03\/416_001.jpg?fit=840%2C550\" src=\"https:\/\/i0.wp.com\/patrimoine-avesnois.fr\/chemin\/wp-content\/uploads\/2019\/03\/416_001.jpg?fit=840%2C550\" alt=\"\" class=\"wp-image-429\" width=\"630\" height=\"413\" srcset=\"https:\/\/i0.wp.com\/patrimoine-avesnois.fr\/chemin\/wp-content\/uploads\/2019\/03\/416_001.jpg?w=1047 1047w, https:\/\/i0.wp.com\/patrimoine-avesnois.fr\/chemin\/wp-content\/uploads\/2019\/03\/416_001.jpg?resize=300%2C197 300w, https:\/\/i0.wp.com\/patrimoine-avesnois.fr\/chemin\/wp-content\/uploads\/2019\/03\/416_001.jpg?resize=768%2C503 768w, https:\/\/i0.wp.com\/patrimoine-avesnois.fr\/chemin\/wp-content\/uploads\/2019\/03\/416_001.jpg?resize=1024%2C671 1024w\" sizes=\"auto, (max-width: 630px) 85vw, 630px\" \/><figcaption>Usine \u00e0 ciment Portland d\u00e9but XX e si\u00e8cle<\/figcaption><\/figure><\/div>\n\n\n\n<p>\u00c0 la fin du\u00a0XIX\u00a0e\u00a0si\u00e8cle, la pierre \u00e9tait d\u00e9j\u00e0 extraite \u00e0 cet emplacement pour \u00eatre transform\u00e9e en chaux puis en\u00a0<a rel=\"noreferrer noopener\" href=\"https:\/\/fr.wikipedia.org\/wiki\/Ciment_Portland\" target=\"_blank\">ciment Portland<\/a>\u00a0par la Soci\u00e9t\u00e9 des carri\u00e8res et fours \u00e0 chaux de Bettrechies, devenue par la suite Soci\u00e9t\u00e9 des ciments de Bettrechies. Elle cessa son activit\u00e9 en 1930 <em>.<\/em> <br>En 1970, profitant de la construction de l&rsquo;autoroute A 2, la S\u00c9CAB (Soci\u00e9t\u00e9 d&rsquo;exploitation des carri\u00e8res de Bellignies) est cr\u00e9\u00e9e pour exploiter le calcaire bleu giv\u00e9tien. Celui-ci permet de produire des granulats, des blocs d&rsquo;ornement ou des supports de ballast pour les chemins de fer. On utilise aussi cette roche pour faire des b\u00e9tons ou pour des fondations de b\u00e2timents. Le site s&rsquo;\u00e9tend sur 30 hectares environ et la carri\u00e8re est profonde de 120 m.<\/p>\n\n\n\n<div class=\"wp-block-image\"><figure class=\"aligncenter is-resized\"><img loading=\"lazy\" decoding=\"async\" src=\"https:\/\/upload.wikimedia.org\/wikipedia\/commons\/thumb\/f\/fc\/Bettrechies_%28Nord%2C_Fr%29_%C3%A9glise%2C_lat%C3%A9ral.JPG\/1280px-Bettrechies_%28Nord%2C_Fr%29_%C3%A9glise%2C_lat%C3%A9ral.JPG\" alt=\"\" width=\"640\" height=\"480\"\/><figcaption>L&rsquo;\u00e9glise de Bettrechies construite en 1847 Photo Wikip\u00e9dia<\/figcaption><\/figure><\/div>\n\n\n\n<div class=\"wp-block-image\"><figure class=\"aligncenter is-resized\"><img data-recalc-dims=\"1\" loading=\"lazy\" decoding=\"async\" data-attachment-id=\"464\" data-permalink=\"http:\/\/patrimoine-avesnois.fr\/chemin\/bettrechies\/730_001\/\" data-orig-file=\"https:\/\/i0.wp.com\/patrimoine-avesnois.fr\/chemin\/wp-content\/uploads\/2019\/03\/730_001.jpg?fit=437%2C606\" data-orig-size=\"437,606\" data-comments-opened=\"1\" data-image-meta=\"{&quot;aperture&quot;:&quot;0&quot;,&quot;credit&quot;:&quot;&quot;,&quot;camera&quot;:&quot;&quot;,&quot;caption&quot;:&quot;&quot;,&quot;created_timestamp&quot;:&quot;1553940736&quot;,&quot;copyright&quot;:&quot;&quot;,&quot;focal_length&quot;:&quot;0&quot;,&quot;iso&quot;:&quot;0&quot;,&quot;shutter_speed&quot;:&quot;0&quot;,&quot;title&quot;:&quot;&quot;,&quot;orientation&quot;:&quot;1&quot;}\" data-image-title=\"730_001\" data-image-description=\"\" data-image-caption=\"\" data-large-file=\"https:\/\/i0.wp.com\/patrimoine-avesnois.fr\/chemin\/wp-content\/uploads\/2019\/03\/730_001.jpg?fit=437%2C606\" src=\"https:\/\/i0.wp.com\/patrimoine-avesnois.fr\/chemin\/wp-content\/uploads\/2019\/03\/730_001.jpg?resize=328%2C455\" alt=\"\" class=\"wp-image-464\" width=\"328\" height=\"455\" srcset=\"https:\/\/i0.wp.com\/patrimoine-avesnois.fr\/chemin\/wp-content\/uploads\/2019\/03\/730_001.jpg?w=437 437w, https:\/\/i0.wp.com\/patrimoine-avesnois.fr\/chemin\/wp-content\/uploads\/2019\/03\/730_001.jpg?resize=216%2C300 216w\" sizes=\"auto, (max-width: 328px) 85vw, 328px\" \/><figcaption>B\u00e9n\u00e9diction des cloches en juillet 1923<\/figcaption><\/figure><\/div>\n\n\n\n<div class=\"wp-block-image\"><figure class=\"aligncenter is-resized\"><img loading=\"lazy\" decoding=\"async\" src=\"https:\/\/upload.wikimedia.org\/wikipedia\/commons\/thumb\/2\/2b\/Bettrechies_%28Nord%2C_Fr%29_mairie.JPG\/1280px-Bettrechies_%28Nord%2C_Fr%29_mairie.JPG\" alt=\"Bettrechies\" width=\"640\" height=\"480\"\/><figcaption>La mairie de Bettrechies Photo Wikip\u00e9dia<\/figcaption><\/figure><\/div>\n\n\n\n<div class=\"wp-block-image\"><figure class=\"aligncenter is-resized\"><img loading=\"lazy\" decoding=\"async\" src=\"https:\/\/upload.wikimedia.org\/wikipedia\/commons\/thumb\/7\/7b\/Bettrechies_%28Nord%2C_Fr%29_monument_aux_morts.JPG\/800px-Bettrechies_%28Nord%2C_Fr%29_monument_aux_morts.JPG\" alt=\"\" width=\"400\" height=\"534\"\/><figcaption><a rel=\"noreferrer noopener\" href=\"https:\/\/monumentsmorts.univ-lille.fr\/monument\/100\/bettrechies-place\/\" target=\"_blank\">Le monument aux Morts de Bettrechies<\/a> Photo Wikimedia<br>Inaugur\u00e9 le 24 mai 1925<\/figcaption><\/figure><\/div>\n\n\n\n<div class=\"wp-block-image\"><figure class=\"aligncenter is-resized\"><img data-recalc-dims=\"1\" loading=\"lazy\" decoding=\"async\" src=\"https:\/\/i0.wp.com\/monumentsmorts.univ-lille.fr\/monmorts\/upload\/evenement\/15001-15200\/15014\/100_8194_5611016e904aa.JPG?resize=800%2C1105&#038;ssl=1\" alt=\"\" width=\"800\" height=\"1105\"\/><figcaption> ADN-Bettrechies-2O-76-60 Entre Mairie et Monsieur Gaudier-Rombaux industriel \u00e0 Aulnoye. Un monument ex\u00e9cut\u00e9 en granit belge, &#8230; Prix forfaitaire rendu pos\u00e9 sur ma\u00e7onnerie <\/figcaption><\/figure><\/div>\n\n\n\n<div class=\"wp-block-image\"><figure class=\"aligncenter is-resized\"><img data-recalc-dims=\"1\" loading=\"lazy\" decoding=\"async\" src=\"https:\/\/i0.wp.com\/oratoiresetchapelles-avesnois.fr\/wp-content\/uploads\/2017\/07\/1.Bettrechies-chapelle-Rte-de-St-Waast-2.jpg?resize=490%2C544\" alt=\"Chapelle Route de Saint Waast\" width=\"490\" height=\"544\"\/><figcaption><em>Chapelle route de Saint Waast<\/em><\/figcaption><\/figure><\/div>\n\n\n\n<p> Cette chapelle est d\u00e9sign\u00e9e en 1913 sous le nom de chapelle Ribeaucourt. Jacques Ribeaucourt 1770 1859 mari\u00e9 \u00e0 Marie V\u00e9ronique Rousseau 1771 1846 est tr\u00e8s certainement le fondateur \u00e9ponyme de cette chapelle, \u00e0 moins qu\u2019il s\u2019agisse de l\u2019un de ses trois fils &nbsp;Augustin 1798 1885, Jean Baptiste 1805 1873 ou Lucien 1807 1886. <\/p>\n\n\n\n<div class=\"wp-block-image\"><figure class=\"aligncenter is-resized\"><img loading=\"lazy\" decoding=\"async\" src=\"https:\/\/i1.wp.com\/patrimoine-avesnois.fr\/fontaines\/wp-content\/uploads\/2021\/09\/Bettrechies-Fontaine-de-la-Place-1-2.jpg?resize=498%2C498&amp;ssl=1\" alt=\"\" class=\"wp-image-1385\" width=\"490\" height=\"490\"\/><figcaption>Photo Fontaine de Bettrechies 10 Septembre 2021<\/figcaption><\/figure><\/div>\n\n\n\n<p> La fontaine construite en 1831a \u00e9t\u00e9 restaur\u00e9e en 2011. <\/p>\n\n\n\n<div class=\"wp-block-image\"><figure class=\"aligncenter size-large is-resized\"><img data-recalc-dims=\"1\" loading=\"lazy\" decoding=\"async\" data-attachment-id=\"16799\" data-permalink=\"http:\/\/patrimoine-avesnois.fr\/chemin\/bettrechies\/bettrechies-2\/\" data-orig-file=\"https:\/\/i0.wp.com\/patrimoine-avesnois.fr\/chemin\/wp-content\/uploads\/2021\/12\/Bettrechies.jpg?fit=768%2C576\" data-orig-size=\"768,576\" data-comments-opened=\"1\" data-image-meta=\"{&quot;aperture&quot;:&quot;0&quot;,&quot;credit&quot;:&quot;fr\\u00e9d\\u00e9ric carr\\u00e9&quot;,&quot;camera&quot;:&quot;&quot;,&quot;caption&quot;:&quot;&quot;,&quot;created_timestamp&quot;:&quot;1640776967&quot;,&quot;copyright&quot;:&quot;&quot;,&quot;focal_length&quot;:&quot;0&quot;,&quot;iso&quot;:&quot;0&quot;,&quot;shutter_speed&quot;:&quot;0&quot;,&quot;title&quot;:&quot;&quot;,&quot;orientation&quot;:&quot;1&quot;}\" data-image-title=\"Bettrechies\" data-image-description=\"\" data-image-caption=\"\" data-large-file=\"https:\/\/i0.wp.com\/patrimoine-avesnois.fr\/chemin\/wp-content\/uploads\/2021\/12\/Bettrechies.jpg?fit=768%2C576\" src=\"https:\/\/i0.wp.com\/patrimoine-avesnois.fr\/chemin\/wp-content\/uploads\/2021\/12\/Bettrechies.jpg?resize=607%2C455\" alt=\"\" class=\"wp-image-16799\" width=\"607\" height=\"455\" srcset=\"https:\/\/i0.wp.com\/patrimoine-avesnois.fr\/chemin\/wp-content\/uploads\/2021\/12\/Bettrechies.jpg?w=768 768w, https:\/\/i0.wp.com\/patrimoine-avesnois.fr\/chemin\/wp-content\/uploads\/2021\/12\/Bettrechies.jpg?resize=300%2C225 300w\" sizes=\"auto, (max-width: 607px) 85vw, 607px\" \/><figcaption>Bettrechies : Mairie et \u00c9glise <a href=\"https:\/\/www.google.fr\/maps\/@50.3248989,3.7412871,3a,37.5y,111.63h,89.08t\/data=!3m6!1e1!3m4!1slRUumEzI3XR3_Pg00PVdKg!2e0!7i16384!8i8192\" target=\"_blank\" rel=\"noreferrer noopener\">Rue Cailleresse <\/a><\/figcaption><\/figure><\/div>\n","protected":false},"excerpt":{"rendered":"<p>Bettrechies est b\u00e2ti sur un versant abrupt du ruisseau de l&rsquo;Hogneau dans un cadre ravissant de verdure. La pr\u00e9sence d&rsquo;une extraction de pierres de taille est attest\u00e9e \u00e0 Bettrechies en 1738&nbsp;( Alain&nbsp;Salamagne,&nbsp;Construire au Moyen \u00c2ge&nbsp;: les chantiers de fortification de Douai, Presses Univ. Septentrion,&nbsp;2001). \u00c0 la fin du\u00a0XIX\u00a0e\u00a0si\u00e8cle, la pierre \u00e9tait d\u00e9j\u00e0 extraite \u00e0 cet &hellip; <a href=\"http:\/\/patrimoine-avesnois.fr\/chemin\/bettrechies\/\" class=\"more-link\">Continuer la lecture<span class=\"screen-reader-text\"> de &laquo;&nbsp;Bettrechies&nbsp;&raquo;<\/span><\/a><\/p>\n","protected":false},"author":2,"featured_media":0,"parent":0,"menu_order":0,"comment_status":"closed","ping_status":"closed","template":"","meta":{"jetpack_post_was_ever_published":false,"footnotes":""},"class_list":["post-426","page","type-page","status-publish","hentry"],"jetpack_sharing_enabled":true,"jetpack_shortlink":"https:\/\/wp.me\/PaOEkN-6S","jetpack-related-posts":[],"_links":{"self":[{"href":"http:\/\/patrimoine-avesnois.fr\/chemin\/wp-json\/wp\/v2\/pages\/426","targetHints":{"allow":["GET"]}}],"collection":[{"href":"http:\/\/patrimoine-avesnois.fr\/chemin\/wp-json\/wp\/v2\/pages"}],"about":[{"href":"http:\/\/patrimoine-avesnois.fr\/chemin\/wp-json\/wp\/v2\/types\/page"}],"author":[{"embeddable":true,"href":"http:\/\/patrimoine-avesnois.fr\/chemin\/wp-json\/wp\/v2\/users\/2"}],"replies":[{"embeddable":true,"href":"http:\/\/patrimoine-avesnois.fr\/chemin\/wp-json\/wp\/v2\/comments?post=426"}],"version-history":[{"count":0,"href":"http:\/\/patrimoine-avesnois.fr\/chemin\/wp-json\/wp\/v2\/pages\/426\/revisions"}],"wp:attachment":[{"href":"http:\/\/patrimoine-avesnois.fr\/chemin\/wp-json\/wp\/v2\/media?parent=426"}],"curies":[{"name":"wp","href":"https:\/\/api.w.org\/{rel}","templated":true}]}}