{"id":536,"date":"2019-04-01T21:24:19","date_gmt":"2019-04-01T19:24:19","guid":{"rendered":"http:\/\/patrimoine-avesnois.fr\/chemin\/?page_id=536"},"modified":"2021-12-29T15:00:05","modified_gmt":"2021-12-29T14:00:05","slug":"bousignies-sur-roc","status":"publish","type":"page","link":"http:\/\/patrimoine-avesnois.fr\/chemin\/bousignies-sur-roc\/","title":{"rendered":"Bousignies-sur-Roc"},"content":{"rendered":"\n<div class=\"wp-block-image\"><figure class=\"aligncenter is-resized\"><img data-recalc-dims=\"1\" loading=\"lazy\" decoding=\"async\" data-attachment-id=\"537\" data-permalink=\"http:\/\/patrimoine-avesnois.fr\/chemin\/bousignies-sur-roc\/102_001\/\" data-orig-file=\"https:\/\/i0.wp.com\/patrimoine-avesnois.fr\/chemin\/wp-content\/uploads\/2019\/04\/102_001.jpg?fit=571%2C399\" data-orig-size=\"571,399\" data-comments-opened=\"1\" data-image-meta=\"{&quot;aperture&quot;:&quot;0&quot;,&quot;credit&quot;:&quot;&quot;,&quot;camera&quot;:&quot;&quot;,&quot;caption&quot;:&quot;&quot;,&quot;created_timestamp&quot;:&quot;1554148658&quot;,&quot;copyright&quot;:&quot;&quot;,&quot;focal_length&quot;:&quot;0&quot;,&quot;iso&quot;:&quot;0&quot;,&quot;shutter_speed&quot;:&quot;0&quot;,&quot;title&quot;:&quot;&quot;,&quot;orientation&quot;:&quot;1&quot;}\" data-image-title=\"102_001\" data-image-description=\"\" data-image-caption=\"\" data-large-file=\"https:\/\/i0.wp.com\/patrimoine-avesnois.fr\/chemin\/wp-content\/uploads\/2019\/04\/102_001.jpg?fit=571%2C399\" src=\"https:\/\/i0.wp.com\/patrimoine-avesnois.fr\/chemin\/wp-content\/uploads\/2019\/04\/102_001.jpg?resize=600%2C421\" alt=\"\" class=\"wp-image-537\" width=\"600\" height=\"421\"\/><figcaption>Vue a\u00e9rienne de Bousignies-sur-Roc<\/figcaption><\/figure><\/div>\n\n\n\n<p>Bousignies-sur-Roc n&rsquo;est une commune ind\u00e9pendante depuis la R\u00e9volution car il \u00e9tait auparavant un hameau de Cousolre et appartenait donc au chapitre des Dames Chanoinesses de Maubeuge. <br>Il fut rattach\u00e9 \u00e0 la France, en m\u00eame temps que Maubeuge lors du&nbsp;<a href=\"https:\/\/fr.wikipedia.org\/wiki\/Trait%C3%A9_de_Nim%C3%A8gue\" target=\"_blank\" rel=\"noreferrer noopener\">trait\u00e9 de Nim\u00e8gue<\/a>&nbsp;(1678). Le village s&rsquo;\u00e9tage sur les pentes de la rivi\u00e8re de la Hante.<\/p>\n\n\n\n<p>Cf <a href=\"http:\/\/alain.delfosse.free.fr\/histloc\/55.php\" target=\"_blank\" rel=\"noreferrer noopener\">Histoire locale <\/a><\/p>\n\n\n\n<div class=\"wp-block-image\"><figure class=\"aligncenter is-resized\"><img loading=\"lazy\" decoding=\"async\" data-attachment-id=\"539\" data-permalink=\"http:\/\/patrimoine-avesnois.fr\/chemin\/bousignies-sur-roc\/image-47\/\" data-orig-file=\"https:\/\/i0.wp.com\/patrimoine-avesnois.fr\/chemin\/wp-content\/uploads\/2019\/04\/image-25.png?fit=1150%2C813\" data-orig-size=\"1150,813\" data-comments-opened=\"1\" data-image-meta=\"{&quot;aperture&quot;:&quot;0&quot;,&quot;credit&quot;:&quot;&quot;,&quot;camera&quot;:&quot;&quot;,&quot;caption&quot;:&quot;&quot;,&quot;created_timestamp&quot;:&quot;0&quot;,&quot;copyright&quot;:&quot;&quot;,&quot;focal_length&quot;:&quot;0&quot;,&quot;iso&quot;:&quot;0&quot;,&quot;shutter_speed&quot;:&quot;0&quot;,&quot;title&quot;:&quot;&quot;,&quot;orientation&quot;:&quot;0&quot;}\" data-image-title=\"image\" data-image-description=\"\" data-image-caption=\"\" data-large-file=\"https:\/\/i0.wp.com\/patrimoine-avesnois.fr\/chemin\/wp-content\/uploads\/2019\/04\/image-25.png?fit=840%2C594\" src=\"https:\/\/i0.wp.com\/patrimoine-avesnois.fr\/chemin\/wp-content\/uploads\/2019\/04\/image-25.png?fit=840%2C594\" alt=\"\" class=\"wp-image-539\" width=\"630\" height=\"446\" srcset=\"https:\/\/i0.wp.com\/patrimoine-avesnois.fr\/chemin\/wp-content\/uploads\/2019\/04\/image-25.png?w=1150 1150w, https:\/\/i0.wp.com\/patrimoine-avesnois.fr\/chemin\/wp-content\/uploads\/2019\/04\/image-25.png?resize=300%2C212 300w, https:\/\/i0.wp.com\/patrimoine-avesnois.fr\/chemin\/wp-content\/uploads\/2019\/04\/image-25.png?resize=768%2C543 768w, https:\/\/i0.wp.com\/patrimoine-avesnois.fr\/chemin\/wp-content\/uploads\/2019\/04\/image-25.png?resize=1024%2C724 1024w\" sizes=\"auto, (max-width: 630px) 85vw, 630px\" \/><figcaption>l&rsquo;entr\u00e9e du village<\/figcaption><\/figure><\/div>\n\n\n\n<p> <\/p>\n\n\n\n<div class=\"wp-block-image\"><figure class=\"aligncenter is-resized\"><img loading=\"lazy\" decoding=\"async\" src=\"https:\/\/upload.wikimedia.org\/wikipedia\/commons\/thumb\/d\/db\/Bousignies-sur-Roc_%28Nord%2C_Fr%29_%C3%A9glise%2C_ext%C3%A9rieur.jpg\/450px-Bousignies-sur-Roc_%28Nord%2C_Fr%29_%C3%A9glise%2C_ext%C3%A9rieur.jpg\" alt=\"Fichier: Bousignies-sur-Roc (Nord, Fr) \u00c3\u00a9glise, ext\u00c3\u00a9rieur.jpg\" width=\"450\" height=\"600\"\/><figcaption>L&rsquo;\u00e9glise Ste Aldegonde de 1845. Photo<a href=\"https:\/\/commons.wikimedia.org\/wiki\/File:Bousignies-sur-Roc_(Nord,_Fr)_%C3%A9glise,_ext%C3%A9rieur.jpg\" target=\"_blank\" rel=\"noreferrer noopener\"> wikimedia.org<\/a><\/figcaption><\/figure><\/div>\n\n\n\n<div class=\"wp-block-image\"><figure class=\"aligncenter is-resized\"><img data-recalc-dims=\"1\" loading=\"lazy\" decoding=\"async\" data-attachment-id=\"540\" data-permalink=\"http:\/\/patrimoine-avesnois.fr\/chemin\/bousignies-sur-roc\/image-48\/\" data-orig-file=\"https:\/\/i0.wp.com\/patrimoine-avesnois.fr\/chemin\/wp-content\/uploads\/2019\/04\/image-26.png?fit=547%2C685\" data-orig-size=\"547,685\" data-comments-opened=\"1\" data-image-meta=\"{&quot;aperture&quot;:&quot;0&quot;,&quot;credit&quot;:&quot;&quot;,&quot;camera&quot;:&quot;&quot;,&quot;caption&quot;:&quot;&quot;,&quot;created_timestamp&quot;:&quot;0&quot;,&quot;copyright&quot;:&quot;&quot;,&quot;focal_length&quot;:&quot;0&quot;,&quot;iso&quot;:&quot;0&quot;,&quot;shutter_speed&quot;:&quot;0&quot;,&quot;title&quot;:&quot;&quot;,&quot;orientation&quot;:&quot;0&quot;}\" data-image-title=\"image\" data-image-description=\"\" data-image-caption=\"\" data-large-file=\"https:\/\/i0.wp.com\/patrimoine-avesnois.fr\/chemin\/wp-content\/uploads\/2019\/04\/image-26.png?fit=547%2C685\" src=\"https:\/\/i0.wp.com\/patrimoine-avesnois.fr\/chemin\/wp-content\/uploads\/2019\/04\/image-26.png?resize=410%2C514\" alt=\"\" class=\"wp-image-540\" width=\"410\" height=\"514\" srcset=\"https:\/\/i0.wp.com\/patrimoine-avesnois.fr\/chemin\/wp-content\/uploads\/2019\/04\/image-26.png?w=547 547w, https:\/\/i0.wp.com\/patrimoine-avesnois.fr\/chemin\/wp-content\/uploads\/2019\/04\/image-26.png?resize=240%2C300 240w\" sizes=\"auto, (max-width: 410px) 85vw, 410px\" \/><figcaption> Croix sculpt\u00e9e dont les extr\u00e9mit\u00e9s sont termin\u00e9es par un m\u00e9daillon quadrilob\u00e9 et une fleur de lys. <a href=\"http:\/\/www2.culture.gouv.fr\/public\/mistral\/palsri_fr?ACTION=CHERCHER&amp;FIELD_1=REF&amp;VALUE_1=PM59000171\" target=\"_blank\" rel=\"noreferrer noopener\">culture.gouv.fr<\/a><\/figcaption><\/figure><\/div>\n\n\n\n<div class=\"wp-block-image\"><figure class=\"aligncenter is-resized\"><img loading=\"lazy\" decoding=\"async\" src=\"https:\/\/upload.wikimedia.org\/wikipedia\/commons\/thumb\/f\/f7\/Bousignies-sur-Roc_%28Nord%2C_Fr%29_monument_aux_morts.jpg\/800px-Bousignies-sur-Roc_%28Nord%2C_Fr%29_monument_aux_morts.jpg\" alt=\"\" width=\"400\" height=\"534\"\/><figcaption><a href=\"https:\/\/monumentsmorts.univ-lille.fr\/monument\/125\/bousigniessurroc-place\/\" target=\"_blank\" rel=\"noreferrer noopener\">Le Monument aux Morts<\/a><\/figcaption><\/figure><\/div>\n\n\n\n<div class=\"wp-block-image\"><figure class=\"aligncenter is-resized\"><img loading=\"lazy\" decoding=\"async\" src=\"https:\/\/upload.wikimedia.org\/wikipedia\/commons\/thumb\/4\/4d\/Bousignies-sur-Roc_%28Nord%2C_Fr%29_memorial_RAF_1944.jpg\/1280px-Bousignies-sur-Roc_%28Nord%2C_Fr%29_memorial_RAF_1944.jpg\" alt=\"\" width=\"640\" height=\"480\"\/><figcaption>M\u00e9morial RAF 1944<\/figcaption><\/figure><\/div>\n\n\n\n<div class=\"wp-block-image\"><figure class=\"aligncenter is-resized\"><img loading=\"lazy\" decoding=\"async\" src=\"https:\/\/upload.wikimedia.org\/wikipedia\/commons\/thumb\/e\/e3\/Bousignies-sur-Roc_%28Nord%2C_Fr%29_mairie.jpg\/1280px-Bousignies-sur-Roc_%28Nord%2C_Fr%29_mairie.jpg\" alt=\"\" width=\"640\" height=\"480\"\/><figcaption>La Mairie Photo Havang<\/figcaption><\/figure><\/div>\n\n\n\n<p>Une \u00e9cole pour les gar\u00e7ons avec mairie a \u00e9t\u00e9 construite en 1847 et agrandie en 1852. Une \u00e9cole de filles a \u00e9t\u00e9 \u00e9rig\u00e9e en 1880.<\/p>\n\n\n\n<div class=\"wp-block-image\"><figure class=\"aligncenter is-resized\"><img loading=\"lazy\" decoding=\"async\" src=\"https:\/\/upload.wikimedia.org\/wikipedia\/commons\/thumb\/6\/6c\/Bousignies-sur-Roc_%28Nord%2C_Fr%29_kiosque_%C3%A0_musique.jpg\/1280px-Bousignies-sur-Roc_%28Nord%2C_Fr%29_kiosque_%C3%A0_musique.jpg\" alt=\"\" width=\"640\" height=\"480\"\/><figcaption>Le kiosque \u00e0 musique<\/figcaption><\/figure><\/div>\n\n\n\n<div class=\"wp-block-image\"><figure class=\"aligncenter is-resized\"><img loading=\"lazy\" decoding=\"async\" src=\"https:\/\/upload.wikimedia.org\/wikipedia\/commons\/thumb\/c\/ca\/Bousignies-sur-Roc_%28Nord%2C_Fr%29_lavoir.jpg\/1280px-Bousignies-sur-Roc_%28Nord%2C_Fr%29_lavoir.jpg\" alt=\"\" width=\"640\" height=\"480\"\/><figcaption>Le lavoir<\/figcaption><\/figure><\/div>\n\n\n\n<p><a href=\"http:\/\/oratoiresetchapelles-avesnois.fr\/bousignies-sur-roc\/\" target=\"_blank\" rel=\"noreferrer noopener\">4 oratoires et 6 chapelles <\/a>dont l&rsquo;oratoire Sainte-Aldegonde datant de 1681.<\/p>\n\n\n\n<div class=\"wp-block-image\"><figure class=\"aligncenter is-resized\"><img data-recalc-dims=\"1\" loading=\"lazy\" decoding=\"async\" src=\"https:\/\/i0.wp.com\/oratoiresetchapelles-avesnois.fr\/wp-content\/uploads\/2017\/05\/3.Bousignies-sur-Roc-oratoire-d%C3%A9di%C3%A9-%C3%A0-Ste-Aldegonde-1681-rue-de-Landignies-768x1024.jpg?resize=576%2C768\" alt=\"Oratoire Ste Aldegonde (1681) Rue de Landignies\" width=\"576\" height=\"768\"\/><figcaption> <em> Oratoire Ste Aldegonde (1681) Rue de Landignies <\/em> <\/figcaption><\/figure><\/div>\n\n\n\n<p>Il y avait \u00e0 Bousignies comme \u00e0 Cousolre des marbreries :<\/p>\n\n\n\n<div class=\"wp-block-image\"><figure class=\"aligncenter is-resized\"><img loading=\"lazy\" decoding=\"async\" data-attachment-id=\"538\" data-permalink=\"http:\/\/patrimoine-avesnois.fr\/chemin\/bousignies-sur-roc\/image-46\/\" data-orig-file=\"https:\/\/i0.wp.com\/patrimoine-avesnois.fr\/chemin\/wp-content\/uploads\/2019\/04\/image-24.png?fit=1076%2C680\" data-orig-size=\"1076,680\" data-comments-opened=\"1\" data-image-meta=\"{&quot;aperture&quot;:&quot;0&quot;,&quot;credit&quot;:&quot;&quot;,&quot;camera&quot;:&quot;&quot;,&quot;caption&quot;:&quot;&quot;,&quot;created_timestamp&quot;:&quot;0&quot;,&quot;copyright&quot;:&quot;&quot;,&quot;focal_length&quot;:&quot;0&quot;,&quot;iso&quot;:&quot;0&quot;,&quot;shutter_speed&quot;:&quot;0&quot;,&quot;title&quot;:&quot;&quot;,&quot;orientation&quot;:&quot;0&quot;}\" data-image-title=\"image\" data-image-description=\"\" data-image-caption=\"\" data-large-file=\"https:\/\/i0.wp.com\/patrimoine-avesnois.fr\/chemin\/wp-content\/uploads\/2019\/04\/image-24.png?fit=840%2C531\" src=\"https:\/\/i0.wp.com\/patrimoine-avesnois.fr\/chemin\/wp-content\/uploads\/2019\/04\/image-24.png?fit=840%2C531\" alt=\"\" class=\"wp-image-538\" width=\"630\" height=\"398\" srcset=\"https:\/\/i0.wp.com\/patrimoine-avesnois.fr\/chemin\/wp-content\/uploads\/2019\/04\/image-24.png?w=1076 1076w, https:\/\/i0.wp.com\/patrimoine-avesnois.fr\/chemin\/wp-content\/uploads\/2019\/04\/image-24.png?resize=300%2C190 300w, https:\/\/i0.wp.com\/patrimoine-avesnois.fr\/chemin\/wp-content\/uploads\/2019\/04\/image-24.png?resize=768%2C485 768w, https:\/\/i0.wp.com\/patrimoine-avesnois.fr\/chemin\/wp-content\/uploads\/2019\/04\/image-24.png?resize=1024%2C647 1024w\" sizes=\"auto, (max-width: 630px) 85vw, 630px\" \/><figcaption>Le Pont et la Marbrerie<\/figcaption><\/figure><\/div>\n\n\n\n<p>La Hantes fit la gloire au XIX si\u00e8cle de deux scieries de marbre, l\u2019une au Petit Fayau, et l\u2019autre au Terme du Mont. En 1868 l&rsquo;une, de huit armures, appartenait \u00e0 M. Th\u00e9ophile Beaugrand, et l&rsquo;autre, de quatre armures, \u00e0 M. Philibert Beaugrand, de Solre-St.-G\u00e9ry. <\/p>\n\n\n\n<div class=\"wp-block-image\"><figure class=\"aligncenter is-resized\"><img data-recalc-dims=\"1\" loading=\"lazy\" decoding=\"async\" src=\"https:\/\/i0.wp.com\/www.moulins-avesnois.fr\/wp-content\/uploads\/2017\/11\/Moulin-de-Landignies-2.jpg?resize=486%2C648\" alt=\"\" width=\"486\" height=\"648\"\/><figcaption>Le moulin de Landignies<\/figcaption><\/figure><\/div>\n\n\n\n<div class=\"wp-block-image\"><figure class=\"aligncenter is-resized\"><img data-recalc-dims=\"1\" loading=\"lazy\" decoding=\"async\" src=\"https:\/\/i0.wp.com\/www.moulins-avesnois.fr\/wp-content\/uploads\/2017\/11\/Platinerie-1.jpg?resize=539%2C375\" alt=\"\" width=\"539\" height=\"375\"\/><figcaption>La Platinerie<\/figcaption><\/figure><\/div>\n\n\n\n<p>Retrouvez tous les d\u00e9tails de ces deux scieries sur mon site <a href=\"http:\/\/www.moulins-avesnois.fr\/la-hantes-et-ses-moulins\/#bousignies-sur-roc\" target=\"_blank\" rel=\"noreferrer noopener\">Moulins en Avesnois<\/a><\/p>\n\n\n\n<div class=\"wp-block-image\"><figure class=\"aligncenter is-resized\"><img loading=\"lazy\" decoding=\"async\" src=\"https:\/\/i0.wp.com\/patrimoine-avesnois.fr\/censes\/wp-content\/uploads\/2019\/02\/Capture-106.png?w=840\" alt=\"\" class=\"wp-image-210\" width=\"800\" height=\"321\"\/><figcaption><a href=\"https:\/\/www.google.fr\/maps\/@50.2824393,4.1732708,3a,75y,359.37h,72.53t\/data=!3m6!1e1!3m4!1sHll_uUQCwqdFLwLDHcvBYA!2e0!7i13312!8i6656\" target=\"_blank\" rel=\"noreferrer noopener\">La Ferme de l&rsquo;Heurtebise<\/a><\/figcaption><\/figure><\/div>\n\n\n\n<p> Le village \u00e9tait en grande partie d\u00e9tenu par le chapitre de Maubeuge qui, outre, le moulin, y poss\u00e9dait les fermes de G\u00e9rard-Croix (G\u00e9raud-Croux), de Landignies dont la pr\u00e9sence est attest\u00e9e d\u00e8s l\u2019an 1260 et de Hurtebise dont l\u2019exploitation agricole est d\u00e9j\u00e0 mentionn\u00e9e en 1128. Hurtebise signifie litt\u00e9ralement frappe-bise ou hurle-bise. La cense b\u00e2tie donc sur une plaine venteuse est plac\u00e9e le long de la chauss\u00e9e romaine de Bavai \u00e0 Tr\u00e8ves, au point de jonction de l\u2019ancien chemin de Mons. Elle servit de gite \u00e0 Louis XIV lorsqu\u2019il vint dans le Hainaut pour en faire la conqu\u00eate. Philippe Fournier mari\u00e9 \u00e0 Marie Jeanne Ronelle en \u00e9tait le censier en 1743.  <br><a href=\"http:\/\/patrimoine-avesnois.fr\/censes\/les-censes-du-chapitre-ste-aldegonde-de-maubeuge\/\" target=\"_blank\" rel=\"noreferrer noopener\">http:\/\/patrimoine-avesnois.fr\/censes\/les-censes-du-chapitre-ste-aldegonde-de-maubeuge\/<\/a> <\/p>\n\n\n\n<div class=\"wp-block-image\"><figure class=\"aligncenter is-resized\"><img data-recalc-dims=\"1\" loading=\"lazy\" decoding=\"async\" data-attachment-id=\"542\" data-permalink=\"http:\/\/patrimoine-avesnois.fr\/chemin\/bousignies-sur-roc\/image-50\/\" data-orig-file=\"https:\/\/i0.wp.com\/patrimoine-avesnois.fr\/chemin\/wp-content\/uploads\/2019\/04\/image-28.png?fit=693%2C668\" data-orig-size=\"693,668\" data-comments-opened=\"1\" data-image-meta=\"{&quot;aperture&quot;:&quot;0&quot;,&quot;credit&quot;:&quot;&quot;,&quot;camera&quot;:&quot;&quot;,&quot;caption&quot;:&quot;&quot;,&quot;created_timestamp&quot;:&quot;0&quot;,&quot;copyright&quot;:&quot;&quot;,&quot;focal_length&quot;:&quot;0&quot;,&quot;iso&quot;:&quot;0&quot;,&quot;shutter_speed&quot;:&quot;0&quot;,&quot;title&quot;:&quot;&quot;,&quot;orientation&quot;:&quot;0&quot;}\" data-image-title=\"image\" data-image-description=\"\" data-image-caption=\"\" data-large-file=\"https:\/\/i0.wp.com\/patrimoine-avesnois.fr\/chemin\/wp-content\/uploads\/2019\/04\/image-28.png?fit=693%2C668\" src=\"https:\/\/i0.wp.com\/patrimoine-avesnois.fr\/chemin\/wp-content\/uploads\/2019\/04\/image-28.png?resize=520%2C501\" alt=\"\" class=\"wp-image-542\" width=\"520\" height=\"501\" srcset=\"https:\/\/i0.wp.com\/patrimoine-avesnois.fr\/chemin\/wp-content\/uploads\/2019\/04\/image-28.png?w=693 693w, https:\/\/i0.wp.com\/patrimoine-avesnois.fr\/chemin\/wp-content\/uploads\/2019\/04\/image-28.png?resize=300%2C289 300w\" sizes=\"auto, (max-width: 520px) 85vw, 520px\" \/><figcaption>La \u00ab\u00a0source p\u00e9trifiante\u00a0\u00bb<\/figcaption><\/figure><\/div>\n\n\n\n<p> La commune a comme autre particularit\u00e9 de poss\u00e9der, sur son territoire, une \u00ab&nbsp;source p\u00e9trifiante&nbsp;\u00bb&nbsp;; en fait, une source naturellement satur\u00e9e en carbonate de chaux . Elle se trouve au sommet d&rsquo;une colline bois\u00e9e, nomm\u00e9e Bois de Squinchaux, elle se jette dans la Hante, \u00e0 quelques centaines de m\u00e8tres de sa naissance.<\/p>\n\n\n\n<p>En montant jusqu\u2019\u00e0 la source de cette fontaine, on peut remarquer, dans les nombreuses ramifications de cette source, la couche blanch\u00e2tre pos\u00e9e sur les cailloux autour. Cette fontaine dite \u00ab&nbsp;p\u00e9trifiante&nbsp;\u00bb est du m\u00eame type que celle de Saint-Alyre, pr\u00e8s de Clermont-Ferrand.<\/p>\n\n\n\n<p>La balade en vaut la chandelle. Toutefois, pas sans avoir pris le soin d\u2019emporter des chaussures adapt\u00e9es car la pente du bois est assez raide, et apr\u00e8s avoir demand\u00e9 l\u2019autorisation du propri\u00e9taire pour le passage dans ses p\u00e2tures menant au bois communal.<\/p>\n\n\n\n<div class=\"wp-block-image\"><figure class=\"aligncenter is-resized\"><img loading=\"lazy\" decoding=\"async\" src=\"https:\/\/upload.wikimedia.org\/wikipedia\/commons\/thumb\/2\/27\/Bousignies-sur-Roc_%28Nord%2C_Fr%29_pont_sur_le_Roc.jpg\/1280px-Bousignies-sur-Roc_%28Nord%2C_Fr%29_pont_sur_le_Roc.jpg\" alt=\"L\u00e2\u0080\u0099attribut alt de cette image est vide, son nom de fichier est 1280px-Bousignies-sur-Roc_%28Nord%2C_Fr%29_pont_sur_le_Roc.jpg.\" width=\"640\" height=\"480\"\/><figcaption>Le Pont sur Roc Photo Havang<\/figcaption><\/figure><\/div>\n\n\n\n<div class=\"wp-block-image\"><figure class=\"aligncenter is-resized\"><img loading=\"lazy\" decoding=\"async\" src=\"https:\/\/upload.wikimedia.org\/wikipedia\/commons\/thumb\/6\/6a\/Bousignies-sur-Roc_%28Nord%2C_Fr%29_vue_du_village.jpg\/1280px-Bousignies-sur-Roc_%28Nord%2C_Fr%29_vue_du_village.jpg\" alt=\"Bousignies-sur-Roc\" width=\"640\" height=\"480\"\/><figcaption>Vue du village Photo Juillet 2011 Havang<\/figcaption><\/figure><\/div>\n","protected":false},"excerpt":{"rendered":"<p>Bousignies-sur-Roc n&rsquo;est une commune ind\u00e9pendante depuis la R\u00e9volution car il \u00e9tait auparavant un hameau de Cousolre et appartenait donc au chapitre des Dames Chanoinesses de Maubeuge. Il fut rattach\u00e9 \u00e0 la France, en m\u00eame temps que Maubeuge lors du&nbsp;trait\u00e9 de Nim\u00e8gue&nbsp;(1678). Le village s&rsquo;\u00e9tage sur les pentes de la rivi\u00e8re de la Hante. Cf Histoire &hellip; <a href=\"http:\/\/patrimoine-avesnois.fr\/chemin\/bousignies-sur-roc\/\" class=\"more-link\">Continuer la lecture<span class=\"screen-reader-text\"> de &laquo;&nbsp;Bousignies-sur-Roc&nbsp;&raquo;<\/span><\/a><\/p>\n","protected":false},"author":2,"featured_media":0,"parent":0,"menu_order":0,"comment_status":"closed","ping_status":"closed","template":"","meta":{"jetpack_post_was_ever_published":false,"footnotes":""},"class_list":["post-536","page","type-page","status-publish","hentry"],"jetpack_sharing_enabled":true,"jetpack_shortlink":"https:\/\/wp.me\/PaOEkN-8E","jetpack-related-posts":[],"_links":{"self":[{"href":"http:\/\/patrimoine-avesnois.fr\/chemin\/wp-json\/wp\/v2\/pages\/536","targetHints":{"allow":["GET"]}}],"collection":[{"href":"http:\/\/patrimoine-avesnois.fr\/chemin\/wp-json\/wp\/v2\/pages"}],"about":[{"href":"http:\/\/patrimoine-avesnois.fr\/chemin\/wp-json\/wp\/v2\/types\/page"}],"author":[{"embeddable":true,"href":"http:\/\/patrimoine-avesnois.fr\/chemin\/wp-json\/wp\/v2\/users\/2"}],"replies":[{"embeddable":true,"href":"http:\/\/patrimoine-avesnois.fr\/chemin\/wp-json\/wp\/v2\/comments?post=536"}],"version-history":[{"count":0,"href":"http:\/\/patrimoine-avesnois.fr\/chemin\/wp-json\/wp\/v2\/pages\/536\/revisions"}],"wp:attachment":[{"href":"http:\/\/patrimoine-avesnois.fr\/chemin\/wp-json\/wp\/v2\/media?parent=536"}],"curies":[{"name":"wp","href":"https:\/\/api.w.org\/{rel}","templated":true}]}}