{"id":5920,"date":"2019-06-15T12:06:27","date_gmt":"2019-06-15T10:06:27","guid":{"rendered":"http:\/\/patrimoine-avesnois.fr\/chemin\/?page_id=5920"},"modified":"2025-02-23T10:21:17","modified_gmt":"2025-02-23T09:21:17","slug":"larouillies","status":"publish","type":"page","link":"http:\/\/patrimoine-avesnois.fr\/chemin\/larouillies\/","title":{"rendered":"Larouillies"},"content":{"rendered":"\n<div class=\"wp-block-jetpack-slideshow aligncenter\" data-effect=\"slide\"><div class=\"wp-block-jetpack-slideshow_container swiper-container\"><ul class=\"wp-block-jetpack-slideshow_swiper-wrappper swiper-wrapper\"><li class=\"wp-block-jetpack-slideshow_slide swiper-slide\"><figure><img data-recalc-dims=\"1\" loading=\"lazy\" decoding=\"async\" width=\"840\" height=\"559\" alt=\"\" class=\"wp-block-jetpack-slideshow_image wp-image-5924\" data-id=\"5924\" src=\"https:\/\/i0.wp.com\/patrimoine-avesnois.fr\/chemin\/wp-content\/uploads\/2019\/06\/608_001-1.jpg?resize=840%2C559\" srcset=\"https:\/\/i0.wp.com\/patrimoine-avesnois.fr\/chemin\/wp-content\/uploads\/2019\/06\/608_001-1.jpg?w=851 851w, https:\/\/i0.wp.com\/patrimoine-avesnois.fr\/chemin\/wp-content\/uploads\/2019\/06\/608_001-1.jpg?resize=300%2C200 300w, https:\/\/i0.wp.com\/patrimoine-avesnois.fr\/chemin\/wp-content\/uploads\/2019\/06\/608_001-1.jpg?resize=768%2C511 768w\" sizes=\"(max-width: 709px) 85vw, (max-width: 909px) 67vw, (max-width: 1362px) 62vw, 840px\" \/><\/figure><\/li><li class=\"wp-block-jetpack-slideshow_slide swiper-slide\"><figure><img data-recalc-dims=\"1\" loading=\"lazy\" decoding=\"async\" width=\"840\" height=\"556\" alt=\"\" class=\"wp-block-jetpack-slideshow_image wp-image-5925\" data-id=\"5925\" src=\"https:\/\/i0.wp.com\/patrimoine-avesnois.fr\/chemin\/wp-content\/uploads\/2019\/06\/431_001-1.jpg?resize=840%2C556\" srcset=\"https:\/\/i0.wp.com\/patrimoine-avesnois.fr\/chemin\/wp-content\/uploads\/2019\/06\/431_001-1.jpg?w=849 849w, https:\/\/i0.wp.com\/patrimoine-avesnois.fr\/chemin\/wp-content\/uploads\/2019\/06\/431_001-1.jpg?resize=300%2C199 300w, https:\/\/i0.wp.com\/patrimoine-avesnois.fr\/chemin\/wp-content\/uploads\/2019\/06\/431_001-1.jpg?resize=768%2C508 768w\" sizes=\"(max-width: 709px) 85vw, (max-width: 909px) 67vw, (max-width: 1362px) 62vw, 840px\" \/><\/figure><\/li><li class=\"wp-block-jetpack-slideshow_slide swiper-slide\"><figure><img data-recalc-dims=\"1\" loading=\"lazy\" decoding=\"async\" width=\"840\" height=\"559\" alt=\"\" class=\"wp-block-jetpack-slideshow_image wp-image-5926\" data-id=\"5926\" src=\"https:\/\/i0.wp.com\/patrimoine-avesnois.fr\/chemin\/wp-content\/uploads\/2019\/06\/854_001-1.jpg?resize=840%2C559\" srcset=\"https:\/\/i0.wp.com\/patrimoine-avesnois.fr\/chemin\/wp-content\/uploads\/2019\/06\/854_001-1.jpg?w=850 850w, https:\/\/i0.wp.com\/patrimoine-avesnois.fr\/chemin\/wp-content\/uploads\/2019\/06\/854_001-1.jpg?resize=300%2C200 300w, https:\/\/i0.wp.com\/patrimoine-avesnois.fr\/chemin\/wp-content\/uploads\/2019\/06\/854_001-1.jpg?resize=768%2C511 768w\" sizes=\"(max-width: 709px) 85vw, (max-width: 909px) 67vw, (max-width: 1362px) 62vw, 840px\" \/><\/figure><\/li><\/ul><a class=\"wp-block-jetpack-slideshow_button-prev swiper-button-prev swiper-button-white\" role=\"button\"><\/a><a class=\"wp-block-jetpack-slideshow_button-next swiper-button-next swiper-button-white\" role=\"button\"><\/a><a aria-label=\"Pause Slideshow\" class=\"wp-block-jetpack-slideshow_button-pause\" role=\"button\"><\/a><div class=\"wp-block-jetpack-slideshow_pagination swiper-pagination swiper-pagination-white\"><\/div><\/div><\/div>\n\n\n\n<p>Larouillies, c&rsquo;est la roulie, la route qu&#8217;empruntaient les rouliers c&rsquo;est \u00e0 dire les voituriers qui assuraient le transport des marchandises .  <br>Le village de Larouillies est situ\u00e9 sur la chauss\u00e9e Brunehaut, reliant Reims \u00e0 Bavay. Il est plac\u00e9 sur le point de passage de la fronti\u00e8re issue du trait\u00e9 de Verdun (843) s\u00e9parant la Francie occidentale de la Lotharingie. La premi\u00e8re mention du village se trouve dans l&rsquo;itin\u00e9raire suivi par Albert de Stade, moine de Br\u00eame, en route pour Rome en 1152 : entre Avesnes et Vervins, il passe \u00e0 Rulie et note \u00ab\u00a0en cet endroit pr\u00e9cis, une pierre est pos\u00e9e au milieu du village le long de la route ; cette pierre borne l&rsquo;Empire et le Royaume de France\u00a0\u00bb.  <\/p>\n\n\n\n<p>En 1212 le village est s\u00e9par\u00e9 de la terre d&rsquo;Avesnes et r\u00e9unit \u00e0 Etroeungt et F\u00e9ron pour former la terre d&rsquo;Etroeungt. D&rsquo;abord hameau d&rsquo;\u00c9troeungt, cette localit\u00e9 fut \u00e9rig\u00e9e en commune vers le XVe si\u00e8cle. <br>Le 19 juillet 1631, Marie de M\u00e9dicis, dans sa fuite, apr\u00e8s la journ\u00e9e des Dupes, passa \u00e0 Larouillies et le chemin qu&rsquo;elle suivit a conserv\u00e9, depuis lors, le nom de Chemin de la Reine.<\/p>\n\n\n\n<p>Cette commune se trouvait a l\u2019extr\u00eame fronti\u00e8re des Pays-Bas , vers la France; c&rsquo;est la localit\u00e9 o\u00f9, pour la derni\u00e8re fois , le 21 mai 1635, au d\u00e9but de la guerre de Trente ans, furent ex\u00e9cut\u00e9es toutes les formalit\u00e9s d&rsquo;une d\u00e9claration de guerre, par le minist\u00e8re d&rsquo;un h\u00e9raut d&rsquo;armes. Celui-ci d\u00e9nomm\u00e9 Jean Gratiolet de Daubis, vint au nom du roi de France Louis XIII afficher la d\u00e9claration de guerre sur un poteau vis \u00e0 vis de l&rsquo;\u00e9glise du village, et par cons\u00e9quent \u00e0 la fronti\u00e8re d&rsquo;Espagne.<\/p>\n\n\n\n<p>Avant 1789 , Larouillies \u00e9tait du baillage et de la subd\u00e9l\u00e9gation d&rsquo;Avesnes; il d\u00e9pendait, pour la justice de la pr\u00e9v\u00f4t\u00e9 d&rsquo;Etroeungt et \u00e9tait r\u00e9gi par la coutume du Vermandois. En 1790, il fut compris dans le canton d&rsquo;Etroeungt, et, en l&rsquo;an X, incorpor\u00e9 dans celui d&rsquo;Avesnes-Sud. Source : Bulletin de la Commission historique du d\u00e9partement du Nord 1866.<\/p>\n\n\n<div class=\"wp-block-image\">\n<figure class=\"aligncenter is-resized\"><img data-recalc-dims=\"1\" loading=\"lazy\" decoding=\"async\" width=\"613\" height=\"462\" data-attachment-id=\"5927\" data-permalink=\"http:\/\/patrimoine-avesnois.fr\/chemin\/larouillies\/605_001\/\" data-orig-file=\"https:\/\/i0.wp.com\/patrimoine-avesnois.fr\/chemin\/wp-content\/uploads\/2019\/06\/605_001.jpg?fit=613%2C462\" data-orig-size=\"613,462\" data-comments-opened=\"1\" data-image-meta=\"{&quot;aperture&quot;:&quot;0&quot;,&quot;credit&quot;:&quot;&quot;,&quot;camera&quot;:&quot;&quot;,&quot;caption&quot;:&quot;&quot;,&quot;created_timestamp&quot;:&quot;1560591674&quot;,&quot;copyright&quot;:&quot;&quot;,&quot;focal_length&quot;:&quot;0&quot;,&quot;iso&quot;:&quot;0&quot;,&quot;shutter_speed&quot;:&quot;0&quot;,&quot;title&quot;:&quot;&quot;,&quot;orientation&quot;:&quot;0&quot;}\" data-image-title=\"605_001\" data-image-description=\"\" data-image-caption=\"\" data-large-file=\"https:\/\/i0.wp.com\/patrimoine-avesnois.fr\/chemin\/wp-content\/uploads\/2019\/06\/605_001.jpg?fit=613%2C462\" src=\"https:\/\/i0.wp.com\/patrimoine-avesnois.fr\/chemin\/wp-content\/uploads\/2019\/06\/605_001.jpg?resize=613%2C462\" alt=\"\" class=\"wp-image-5927\" style=\"width:640px;height:482px\" srcset=\"https:\/\/i0.wp.com\/patrimoine-avesnois.fr\/chemin\/wp-content\/uploads\/2019\/06\/605_001.jpg?w=613 613w, https:\/\/i0.wp.com\/patrimoine-avesnois.fr\/chemin\/wp-content\/uploads\/2019\/06\/605_001.jpg?resize=300%2C226 300w\" sizes=\"auto, (max-width: 613px) 85vw, 613px\" \/><figcaption class=\"wp-element-caption\">L&rsquo;\u00e9glise de Larouillies et son ancien cimeti\u00e8re<\/figcaption><\/figure>\n<\/div>\n\n<div class=\"wp-block-image\">\n<figure class=\"aligncenter size-large is-resized\"><img data-recalc-dims=\"1\" loading=\"lazy\" decoding=\"async\" width=\"753\" height=\"564\" data-attachment-id=\"16699\" data-permalink=\"http:\/\/patrimoine-avesnois.fr\/chemin\/larouillies\/larouillies-2\/\" data-orig-file=\"https:\/\/i0.wp.com\/patrimoine-avesnois.fr\/chemin\/wp-content\/uploads\/2021\/12\/Larouillies.jpg?fit=753%2C564\" data-orig-size=\"753,564\" data-comments-opened=\"1\" data-image-meta=\"{&quot;aperture&quot;:&quot;0&quot;,&quot;credit&quot;:&quot;fr\\u00e9d\\u00e9ric carr\\u00e9&quot;,&quot;camera&quot;:&quot;&quot;,&quot;caption&quot;:&quot;&quot;,&quot;created_timestamp&quot;:&quot;1640606780&quot;,&quot;copyright&quot;:&quot;&quot;,&quot;focal_length&quot;:&quot;0&quot;,&quot;iso&quot;:&quot;0&quot;,&quot;shutter_speed&quot;:&quot;0&quot;,&quot;title&quot;:&quot;&quot;,&quot;orientation&quot;:&quot;1&quot;}\" data-image-title=\"Larouillies\" data-image-description=\"\" data-image-caption=\"\" data-large-file=\"https:\/\/i0.wp.com\/patrimoine-avesnois.fr\/chemin\/wp-content\/uploads\/2021\/12\/Larouillies.jpg?fit=753%2C564\" src=\"https:\/\/i0.wp.com\/patrimoine-avesnois.fr\/chemin\/wp-content\/uploads\/2021\/12\/Larouillies.jpg?resize=753%2C564\" alt=\"\" class=\"wp-image-16699\" style=\"width:640px;height:480px\" srcset=\"https:\/\/i0.wp.com\/patrimoine-avesnois.fr\/chemin\/wp-content\/uploads\/2021\/12\/Larouillies.jpg?w=753 753w, https:\/\/i0.wp.com\/patrimoine-avesnois.fr\/chemin\/wp-content\/uploads\/2021\/12\/Larouillies.jpg?resize=300%2C225 300w\" sizes=\"auto, (max-width: 753px) 85vw, 753px\" \/><figcaption class=\"wp-element-caption\">L&rsquo;\u00e9glise de la Nativit\u00e9-de-Notre-Dame de Larouillies<\/figcaption><\/figure>\n<\/div>\n\n<div class=\"wp-block-image\">\n<figure class=\"aligncenter size-large is-resized\"><img data-recalc-dims=\"1\" loading=\"lazy\" decoding=\"async\" width=\"443\" height=\"591\" data-attachment-id=\"16701\" data-permalink=\"http:\/\/patrimoine-avesnois.fr\/chemin\/larouillies\/larouillies-2-2\/\" data-orig-file=\"https:\/\/i0.wp.com\/patrimoine-avesnois.fr\/chemin\/wp-content\/uploads\/2021\/12\/Larouillies-2.jpg?fit=443%2C591\" data-orig-size=\"443,591\" data-comments-opened=\"1\" data-image-meta=\"{&quot;aperture&quot;:&quot;0&quot;,&quot;credit&quot;:&quot;fr\\u00e9d\\u00e9ric carr\\u00e9&quot;,&quot;camera&quot;:&quot;&quot;,&quot;caption&quot;:&quot;&quot;,&quot;created_timestamp&quot;:&quot;1640606934&quot;,&quot;copyright&quot;:&quot;&quot;,&quot;focal_length&quot;:&quot;0&quot;,&quot;iso&quot;:&quot;0&quot;,&quot;shutter_speed&quot;:&quot;0&quot;,&quot;title&quot;:&quot;&quot;,&quot;orientation&quot;:&quot;1&quot;}\" data-image-title=\"Larouillies-2\" data-image-description=\"\" data-image-caption=\"\" data-large-file=\"https:\/\/i0.wp.com\/patrimoine-avesnois.fr\/chemin\/wp-content\/uploads\/2021\/12\/Larouillies-2.jpg?fit=443%2C591\" src=\"https:\/\/i0.wp.com\/patrimoine-avesnois.fr\/chemin\/wp-content\/uploads\/2021\/12\/Larouillies-2.jpg?resize=443%2C591\" alt=\"Larrouillies (Nord, Fr) \u00c3\u00a9glise, fa\u00c3\u00a7ade.jpg\" class=\"wp-image-16701\" style=\"width:495px;height:660px\" srcset=\"https:\/\/i0.wp.com\/patrimoine-avesnois.fr\/chemin\/wp-content\/uploads\/2021\/12\/Larouillies-2.jpg?w=443 443w, https:\/\/i0.wp.com\/patrimoine-avesnois.fr\/chemin\/wp-content\/uploads\/2021\/12\/Larouillies-2.jpg?resize=225%2C300 225w\" sizes=\"auto, (max-width: 443px) 85vw, 443px\" \/><\/figure>\n<\/div>\n\n\n<p>L&rsquo;\u00e9glise, d&rsquo;abord simple chapelle, fut agrandie vers 1700 par les moines de l&rsquo;abbaye de Liessies qui augment\u00e8rent le choeur et lui adjoignirent un clocher. L&rsquo;\u00e9difice fut partiellement reconstruit vers 1768. Le ch\u0153ur, de tr\u00e8s vastes proportions, fut d\u00e9cor\u00e9 de maximes par les religieux et le clocher reconstruit et sur\u00e9lev\u00e9. Cette \u00e9poque est marqu\u00e9e par l&rsquo;art baroque, n\u00e9 de la Contre-R\u00e9forme, et la richesse ornementale de l\u2019\u00e9glise de Larouillies lui doit les trois retables et autels&nbsp;: colonnes torses, ornements dor\u00e9s, chutes de fleurs, de fruits, flammes.<\/p>\n\n\n\n<p>L&rsquo;\u00e9glise  ne devint si\u00e8ge d&rsquo;une paroisse qu&rsquo;apr\u00e8s le Concordat (1801).   <\/p>\n\n\n\n<ul class=\"wp-block-list\">\n<li>1837, 27 juin : installation de trois cloches neuves dans le clocher, en remplacement des pr\u00e9c\u00e9dentes <br>1878 : Destruction du le toit de l\u2019\u00e9glise et du clocher  par un ouragan.       1892 : r\u00e9fection \u00e0 neuf du clocher.\u00a0<br>1917 : samedi 16 novembre, les Allemands retirent  les trois cloches <br>1922 : installation des cloches actuelles<\/li>\n<\/ul>\n\n\n\n<p>Source : ADN s\u00e9rie O Administration et comptabilit\u00e9 communale<\/p>\n\n\n\n<p>En octobre 2017 la toiture du clocher fut refaite enti\u00e8rement. <a href=\"https:\/\/www.lavoixdunord.fr\/238125\/article\/2017-10-11\/l-eglise-fait-peau-neuve-pour-rendre-son-clocher-impermeable\" target=\"_blank\" rel=\"noreferrer noopener\" aria-label=\"VDN (opens in a new tab)\">VDN<\/a><\/p>\n\n\n\n<p>Sont inscrits \u00e0 l\u2019Inventaire Suppl\u00e9mentaire \u00e0 la liste des Objets Mobiliers class\u00e9s, les objets d\u00e9sign\u00e9s ci-apr\u00e8s, conserv\u00e9s dans l\u2019\u00c9glise de Larouillies : <\/p>\n\n\n\n<p><br>1\u00b0&nbsp;MA\u00ceTRE-AUTEL ET RETABLE<br>Dans le ch\u0153ur &#8211; Bois peint faux ch\u00eane \u2013 d\u00e9but du XIXe si\u00e8cle &#8211; Hauteur de l\u2019autel 1,00 m\u00e8tre&nbsp;; largeur de l\u2019autel 2,00 m\u00e8tres largeur du retable 3,45 m\u00e8tres<br><br>2\u00b0&nbsp;LAMBRIS DU CH\u0152UR<br>Bois verni \u2013 XIXe si\u00e8cle.<br><br>3\u00b0&nbsp;DEUX STALLES&nbsp;avec agenouilloirs, comportant chacune une banquette \u00e0 deux places et un si\u00e8ge \u2013 De chaque c\u00f4t\u00e9 du ch\u0153ur \u2013 Ch\u00eane verni XIXe si\u00e8cle \u2013 Hauteur 1,05 m\u00e8tre&nbsp;; largeur 3,04 m\u00e8tres&nbsp;; profondeur 1,17 m\u00e8tre.<br><br>4\u00b0&nbsp;HUIT CHANDELIERS&nbsp;\u2013 Sur les autels \u2013 Laiton argent\u00e9 \u2013 XVIIIe si\u00e8cle \u2013 Hauteur 0,455 m\u00e8tre.<br><br>5\u00b0&nbsp;DEUX CHANDELIERS&nbsp;Laiton XIXe si\u00e8cle \u2013 Hauteur 0,635 m\u00e8tre.<br><br>6\u00b0&nbsp;PETITE CROIX AVEC CHRIST&nbsp;\u2013 Dans le ch\u0153ur \u2013 (provenant sans doute d\u2019un tabernacle ou d\u2019un confessionnal) \u2013 Ch\u00eane verni \u2013 Christ en alliage moul\u00e9 \u2013 XIX e si\u00e8cle \u2013 Hauteur totale 0,66 m\u00e8tre&nbsp;; largeur 0,32 m\u00e8tre.<br><br>7\u00b0&nbsp;LUTRIN&nbsp;\u2013 Dans le ch\u0153ur \u2013 Bois d\u00e9coup\u00e9 \u2013 XIXe si\u00e8cle \u2013 Hauteur 1,40 m\u00e8tre.<br><br>8\u00b0&nbsp;DEUX VASES&nbsp;\u2013 Dans le ch\u0153ur (d\u00e9pos\u00e9s au sol au pied du retable) \u2013 Porcelaine blanche \u00e0 d\u00e9cors polychromes d\u2019oiseaux et de fleurs \u2013 Hauteur 0,67 m\u00e8tre&nbsp;; largeur 0,41 m\u00e8tre. \u2013 Chaque vase porte une plaque de laiton o\u00f9 est grav\u00e9e l\u2019inscription \u00ab&nbsp;Offert par M. A. Comtesse \u00e0 l\u2019\u00c9glise de Larouillies&nbsp;\u00bb et (aux poin\u00e7ons) \u00ab&nbsp;1-11-1960&nbsp;\u00bb.<br><br>9\u00b0&nbsp;AUTEL LAT\u00c9RAL NORD ET SON RETABLE&nbsp;(autel de la Sainte-Vierge) \u2013 Dans la nef \u2013 Bois peint faux ch\u00eane \u2013 D\u00e9but du XIXe si\u00e8cle.<br><br>10\u00b0&nbsp;VIERGE A L\u2019ENFANT \u2013 Statue&nbsp;\u2013 Dans la niche de l\u2019autel lat\u00e9ral Nord \u2013 Bois polychrome \u2013 XIXe si\u00e8cle \u2013 Hauteur 0,80 m\u00e8tre.<br><br>11\u00b0&nbsp;AUTEL ET RETABLE LAT\u00c9RAL SUD&nbsp;(autel du Sacr\u00e9-C\u0153ur) \u2013 Dans la nef \u2013 Bois peint faux ch\u00eane \u2013 D\u00e9but du XIXe si\u00e8cle.<br><br>12\u00b0&nbsp;CHAIRE DE V\u00c9RIT\u00c9&nbsp;\u2013 Dans la nef \u2013 Bois peint faux ch\u00eane \u2013 XIXe si\u00e8cle.<br><br>13\u00b0&nbsp;UN PETIT CONFESSIONNAL&nbsp;Dans la nef \u2013 Bois peint faux ch\u00eane \u2013 XIXe si\u00e8cle.<br><br>14\u00b0&nbsp;PIERRE TOMBALE&nbsp;de Catherine Bricart et Pierre Quenoy \u2013 Encastr\u00e9e dans la nef Sud, \u00e0 l\u2019int\u00e9rieur de l\u2019\u00e9glise \u2013 1736 \u2013 Pierre grise \u2013 Hauteur 1,00 m\u00e8tre&nbsp;; largeur 0,90 m\u00e8tre \u2013 Inscription&nbsp;:<br><\/p>\n\n\n\n<p class=\"has-text-align-center\">ICI DEVANT REPOSE LE<br>CORPS DE DLLE&nbsp;CATHERINE (BRI)CART<br>FILLE DU SR GILLE BRICART (E)N SON<br>VIVANT GOUVERNEUR DE ( )LLE<br>WORTE&nbsp;. LAQUELLE DECED(A) LE 1ER<br>JANVIER 1718 AGEE DE 76 ANS &amp;<br>DU SR&nbsp;PIERRE QUENOY SON MARY<br>QUI DECEDA LE 28 FEVRIER<br>1726 AGE DE 84 ANS &amp;<br>MRE&nbsp;JEAN BAPTE&nbsp;QVENOY LEUR<br>FILS CHANOINE D\u2019AVESNES EN<br>MEMOIRE A FAIT POSER CETTE<br>EPITAPHE &amp; FONDE DEVX OBITS<br>A PERPETUITE POUR LE REPOS<br>DE LEURS AMES<br>FAXIT&nbsp;DEVS SANCTOR&nbsp;V&nbsp;M&nbsp;PACE<br>FRVANTV<\/p>\n\n\n\n<p><br>RAPPEL&nbsp;\u2013 Une croix processionnelle, au nom de Gilles Bricart, cuivre dor\u00e9, 1649, actuellement en d\u00e9p\u00f4t au presbyt\u00e8re d\u2019Etr\u0153ungt, a \u00e9t\u00e9 class\u00e9e parmi les Monuments Historiques par Arr\u00eat\u00e9 du 25 octobre 1922.<\/p>\n\n\n\n<p>Source:  Direction de l&rsquo;Administration Communale 4e bureau Pr\u00e9fecture du Nord 27 octobre 1976.<\/p>\n\n\n<div class=\"wp-block-image\">\n<figure class=\"aligncenter is-resized\"><img decoding=\"async\" src=\"https:\/\/upload.wikimedia.org\/wikipedia\/commons\/thumb\/b\/b9\/Larrouillies_%28Nord%2C_Fr%29_mairie%2C_salle_des_f%C3%AAtes.jpg\/1280px-Larrouillies_%28Nord%2C_Fr%29_mairie%2C_salle_des_f%C3%AAtes.jpg\" alt=\"Larouillies\" style=\"width:640px;height:480px\"\/><figcaption class=\"wp-element-caption\">La Mairie<\/figcaption><\/figure>\n<\/div>\n\n<div class=\"wp-block-image\">\n<figure class=\"aligncenter is-resized\"><img data-recalc-dims=\"1\" loading=\"lazy\" decoding=\"async\" width=\"840\" height=\"543\" data-attachment-id=\"5933\" data-permalink=\"http:\/\/patrimoine-avesnois.fr\/chemin\/larouillies\/390_001\/\" data-orig-file=\"https:\/\/i0.wp.com\/patrimoine-avesnois.fr\/chemin\/wp-content\/uploads\/2019\/06\/390_001.jpg?fit=963%2C623\" data-orig-size=\"963,623\" data-comments-opened=\"1\" data-image-meta=\"{&quot;aperture&quot;:&quot;0&quot;,&quot;credit&quot;:&quot;&quot;,&quot;camera&quot;:&quot;&quot;,&quot;caption&quot;:&quot;&quot;,&quot;created_timestamp&quot;:&quot;1560591638&quot;,&quot;copyright&quot;:&quot;&quot;,&quot;focal_length&quot;:&quot;0&quot;,&quot;iso&quot;:&quot;0&quot;,&quot;shutter_speed&quot;:&quot;0&quot;,&quot;title&quot;:&quot;&quot;,&quot;orientation&quot;:&quot;0&quot;}\" data-image-title=\"390_001\" data-image-description=\"\" data-image-caption=\"\" data-large-file=\"https:\/\/i0.wp.com\/patrimoine-avesnois.fr\/chemin\/wp-content\/uploads\/2019\/06\/390_001.jpg?fit=840%2C543\" src=\"https:\/\/i0.wp.com\/patrimoine-avesnois.fr\/chemin\/wp-content\/uploads\/2019\/06\/390_001.jpg?resize=840%2C543\" alt=\"\" class=\"wp-image-5933\" style=\"width:605px;height:392px\" srcset=\"https:\/\/i0.wp.com\/patrimoine-avesnois.fr\/chemin\/wp-content\/uploads\/2019\/06\/390_001.jpg?w=963 963w, https:\/\/i0.wp.com\/patrimoine-avesnois.fr\/chemin\/wp-content\/uploads\/2019\/06\/390_001.jpg?resize=300%2C194 300w, https:\/\/i0.wp.com\/patrimoine-avesnois.fr\/chemin\/wp-content\/uploads\/2019\/06\/390_001.jpg?resize=768%2C497 768w\" sizes=\"auto, (max-width: 709px) 85vw, (max-width: 909px) 67vw, (max-width: 1362px) 62vw, 840px\" \/><figcaption class=\"wp-element-caption\">Monument aux morts \u00e9rig\u00e9  devant la mairie-\u00e9cole, b\u00e2timent qui a \u00e9t\u00e9 d\u00e9truit lors de la cr\u00e9ation d\u2019une d\u00e9viation de la Route Nationale 2. <\/figcaption><\/figure>\n<\/div>\n\n<div class=\"wp-block-image\">\n<figure class=\"aligncenter is-resized\"><img decoding=\"async\" src=\"https:\/\/upload.wikimedia.org\/wikipedia\/commons\/thumb\/2\/29\/Larrouillies_%28Nord%2C_Fr%29_monument_aux_morts.jpg\/800px-Larrouillies_%28Nord%2C_Fr%29_monument_aux_morts.jpg\" alt=\"\" style=\"width:495px;height:661px\"\/><figcaption class=\"wp-element-caption\">Le Monument aux Morts.<a rel=\"noreferrer noopener\" aria-label=\" Universit\u00e9 Lille 3 (opens in a new tab)\" href=\"https:\/\/monumentsmorts.univ-lille.fr\/monument\/407\/larouillies-presdeleglise\/\" target=\"_blank\"> Universit\u00e9 Lille 3<\/a><\/figcaption><\/figure>\n<\/div>\n\n\n<p>Fourni et install\u00e9 par l\u2019entreprise Deresme Matton d\u2019Etr\u0153ungt, le monument a \u00e9t\u00e9 inaugur\u00e9 le 23 Juillet 1922. <\/p>\n\n\n\n<p>Une all\u00e9e de gravillons permet d\u2019acc\u00e9der \u00e0 ce monument qui a \u00e9t\u00e9 d\u00e9plac\u00e9 deux fois. C\u2019est un ob\u00e9lisque de pierre bleue. Dans sa partie inf\u00e9rieure, figure la d\u00e9dicace Sur la partie sup\u00e9rieure de l\u2019ob\u00e9lisque, diff\u00e9rents symboles sont repr\u00e9sent\u00e9s : sabres entrecrois\u00e9s et casque de soldat surmont\u00e9 d\u2019une palme. <\/p>\n\n\n\n<p class=\"has-text-align-center\">***<\/p>\n\n\n<div class=\"wp-block-image\">\n<figure class=\"aligncenter is-resized\"><img decoding=\"async\" src=\"http:\/\/i0.wp.com\/www.calvaires-avesnois.fr\/wp-content\/uploads\/2016\/09\/IMG_3262.jpg?resize=400%2C533\" alt=\"Calvaire\" class=\"wp-image-1670\" style=\"width:510px;height:680px\"\/><figcaption class=\"wp-element-caption\">Calvaire actuel<\/figcaption><\/figure>\n<\/div>\n\n<div class=\"wp-block-image\">\n<figure class=\"aligncenter is-resized\"><img data-recalc-dims=\"1\" decoding=\"async\" src=\"https:\/\/i0.wp.com\/oratoiresetchapelles-avesnois.fr\/wp-content\/uploads\/2017\/09\/Capture-8.png?w=840\" alt=\"Carte \u00c3\u00a0 partir de Mappy\" style=\"width:800px;height:741px\"\/><figcaption class=\"wp-element-caption\"><a href=\"http:\/\/oratoiresetchapelles-avesnois.fr\/larouillies\/\" target=\"_blank\" rel=\"noreferrer noopener\" aria-label=\"3 oratoires et 2chapelles (opens in a new tab)\">3 oratoires et 2chapelles<\/a><\/figcaption><\/figure>\n<\/div>\n\n<div class=\"wp-block-image\">\n<figure class=\"aligncenter is-resized\"><img decoding=\"async\" src=\"https:\/\/upload.wikimedia.org\/wikipedia\/commons\/thumb\/b\/b6\/Larouillies-FR-59-panneau_d%27agglom%C3%A9ration-a2.jpg\/1280px-Larouillies-FR-59-panneau_d%27agglom%C3%A9ration-a2.jpg\" alt=\"\" style=\"width:778px;height:584px\"\/><\/figure>\n<\/div>","protected":false},"excerpt":{"rendered":"<p>Larouillies, c&rsquo;est la roulie, la route qu&#8217;empruntaient les rouliers c&rsquo;est \u00e0 dire les voituriers qui assuraient le transport des marchandises . Le village de Larouillies est situ\u00e9 sur la chauss\u00e9e Brunehaut, reliant Reims \u00e0 Bavay. Il est plac\u00e9 sur le point de passage de la fronti\u00e8re issue du trait\u00e9 de Verdun (843) s\u00e9parant la Francie &hellip; <a href=\"http:\/\/patrimoine-avesnois.fr\/chemin\/larouillies\/\" class=\"more-link\">Continuer la lecture<span class=\"screen-reader-text\"> de &laquo;&nbsp;Larouillies&nbsp;&raquo;<\/span><\/a><\/p>\n","protected":false},"author":2,"featured_media":0,"parent":0,"menu_order":0,"comment_status":"closed","ping_status":"closed","template":"","meta":{"footnotes":""},"class_list":["post-5920","page","type-page","status-publish","hentry"],"jetpack_sharing_enabled":true,"jetpack_shortlink":"https:\/\/wp.me\/PaOEkN-1xu","jetpack-related-posts":[],"_links":{"self":[{"href":"http:\/\/patrimoine-avesnois.fr\/chemin\/wp-json\/wp\/v2\/pages\/5920","targetHints":{"allow":["GET"]}}],"collection":[{"href":"http:\/\/patrimoine-avesnois.fr\/chemin\/wp-json\/wp\/v2\/pages"}],"about":[{"href":"http:\/\/patrimoine-avesnois.fr\/chemin\/wp-json\/wp\/v2\/types\/page"}],"author":[{"embeddable":true,"href":"http:\/\/patrimoine-avesnois.fr\/chemin\/wp-json\/wp\/v2\/users\/2"}],"replies":[{"embeddable":true,"href":"http:\/\/patrimoine-avesnois.fr\/chemin\/wp-json\/wp\/v2\/comments?post=5920"}],"version-history":[{"count":0,"href":"http:\/\/patrimoine-avesnois.fr\/chemin\/wp-json\/wp\/v2\/pages\/5920\/revisions"}],"wp:attachment":[{"href":"http:\/\/patrimoine-avesnois.fr\/chemin\/wp-json\/wp\/v2\/media?parent=5920"}],"curies":[{"name":"wp","href":"https:\/\/api.w.org\/{rel}","templated":true}]}}