{"id":116,"date":"2018-08-14T11:53:58","date_gmt":"2018-08-14T09:53:58","guid":{"rendered":"http:\/\/patrimoine-avesnois.fr\/eglisesfortifiees\/?page_id=116"},"modified":"2023-05-17T19:43:29","modified_gmt":"2023-05-17T17:43:29","slug":"leglise-de-floyon","status":"publish","type":"page","link":"http:\/\/patrimoine-avesnois.fr\/eglisesfortifiees\/leglise-de-floyon\/","title":{"rendered":"L&rsquo;Eglise de Floyon"},"content":{"rendered":"<p>&nbsp;<\/p>\n<p style=\"text-align: center;\"><img data-recalc-dims=\"1\" loading=\"lazy\" decoding=\"async\" data-attachment-id=\"200\" data-permalink=\"http:\/\/patrimoine-avesnois.fr\/eglisesfortifiees\/leglise-de-floyon\/img_4720\/\" data-orig-file=\"https:\/\/i0.wp.com\/patrimoine-avesnois.fr\/eglisesfortifiees\/wp-content\/uploads\/2018\/08\/IMG_4720.jpg?fit=3024%2C4032\" data-orig-size=\"3024,4032\" data-comments-opened=\"1\" data-image-meta=\"{&quot;aperture&quot;:&quot;2.2&quot;,&quot;credit&quot;:&quot;&quot;,&quot;camera&quot;:&quot;iPhone SE&quot;,&quot;caption&quot;:&quot;&quot;,&quot;created_timestamp&quot;:&quot;1535303874&quot;,&quot;copyright&quot;:&quot;&quot;,&quot;focal_length&quot;:&quot;4.15&quot;,&quot;iso&quot;:&quot;25&quot;,&quot;shutter_speed&quot;:&quot;0.00067613252197431&quot;,&quot;title&quot;:&quot;&quot;,&quot;orientation&quot;:&quot;1&quot;}\" data-image-title=\"IMG_4720\" data-image-description=\"\" data-image-caption=\"\" data-large-file=\"https:\/\/i0.wp.com\/patrimoine-avesnois.fr\/eglisesfortifiees\/wp-content\/uploads\/2018\/08\/IMG_4720.jpg?fit=768%2C1024\" class=\"alignnone wp-image-200\" src=\"https:\/\/i0.wp.com\/patrimoine-avesnois.fr\/eglisesfortifiees\/wp-content\/uploads\/2018\/08\/IMG_4720.jpg?resize=490%2C653\" alt=\"\" width=\"490\" height=\"653\" srcset=\"https:\/\/i0.wp.com\/patrimoine-avesnois.fr\/eglisesfortifiees\/wp-content\/uploads\/2018\/08\/IMG_4720.jpg?resize=768%2C1024 768w, https:\/\/i0.wp.com\/patrimoine-avesnois.fr\/eglisesfortifiees\/wp-content\/uploads\/2018\/08\/IMG_4720.jpg?resize=225%2C300 225w, https:\/\/i0.wp.com\/patrimoine-avesnois.fr\/eglisesfortifiees\/wp-content\/uploads\/2018\/08\/IMG_4720.jpg?resize=1200%2C1600 1200w, https:\/\/i0.wp.com\/patrimoine-avesnois.fr\/eglisesfortifiees\/wp-content\/uploads\/2018\/08\/IMG_4720.jpg?w=1680 1680w, https:\/\/i0.wp.com\/patrimoine-avesnois.fr\/eglisesfortifiees\/wp-content\/uploads\/2018\/08\/IMG_4720.jpg?w=2520 2520w\" sizes=\"auto, (max-width: 490px) 85vw, 490px\" \/><\/p>\n<p style=\"text-align: center;\"><img data-recalc-dims=\"1\" loading=\"lazy\" decoding=\"async\" data-attachment-id=\"201\" data-permalink=\"http:\/\/patrimoine-avesnois.fr\/eglisesfortifiees\/leglise-de-floyon\/img_4729\/\" data-orig-file=\"https:\/\/i0.wp.com\/patrimoine-avesnois.fr\/eglisesfortifiees\/wp-content\/uploads\/2018\/08\/IMG_4729.jpg?fit=3024%2C4032\" data-orig-size=\"3024,4032\" data-comments-opened=\"1\" data-image-meta=\"{&quot;aperture&quot;:&quot;2.2&quot;,&quot;credit&quot;:&quot;&quot;,&quot;camera&quot;:&quot;iPhone SE&quot;,&quot;caption&quot;:&quot;&quot;,&quot;created_timestamp&quot;:&quot;1535304395&quot;,&quot;copyright&quot;:&quot;&quot;,&quot;focal_length&quot;:&quot;4.15&quot;,&quot;iso&quot;:&quot;25&quot;,&quot;shutter_speed&quot;:&quot;0.00096153846153846&quot;,&quot;title&quot;:&quot;&quot;,&quot;orientation&quot;:&quot;1&quot;}\" data-image-title=\"IMG_4729\" data-image-description=\"\" data-image-caption=\"\" data-large-file=\"https:\/\/i0.wp.com\/patrimoine-avesnois.fr\/eglisesfortifiees\/wp-content\/uploads\/2018\/08\/IMG_4729.jpg?fit=768%2C1024\" class=\"alignnone wp-image-201\" src=\"https:\/\/i0.wp.com\/patrimoine-avesnois.fr\/eglisesfortifiees\/wp-content\/uploads\/2018\/08\/IMG_4729.jpg?resize=490%2C653\" alt=\"\" width=\"490\" height=\"653\" srcset=\"https:\/\/i0.wp.com\/patrimoine-avesnois.fr\/eglisesfortifiees\/wp-content\/uploads\/2018\/08\/IMG_4729.jpg?resize=768%2C1024 768w, https:\/\/i0.wp.com\/patrimoine-avesnois.fr\/eglisesfortifiees\/wp-content\/uploads\/2018\/08\/IMG_4729.jpg?resize=225%2C300 225w, https:\/\/i0.wp.com\/patrimoine-avesnois.fr\/eglisesfortifiees\/wp-content\/uploads\/2018\/08\/IMG_4729.jpg?resize=1200%2C1600 1200w, https:\/\/i0.wp.com\/patrimoine-avesnois.fr\/eglisesfortifiees\/wp-content\/uploads\/2018\/08\/IMG_4729.jpg?w=1680 1680w, https:\/\/i0.wp.com\/patrimoine-avesnois.fr\/eglisesfortifiees\/wp-content\/uploads\/2018\/08\/IMG_4729.jpg?w=2520 2520w\" sizes=\"auto, (max-width: 490px) 85vw, 490px\" \/><\/p>\n<figure id=\"attachment_202\" aria-describedby=\"caption-attachment-202\" style=\"width: 490px\" class=\"wp-caption aligncenter\"><img data-recalc-dims=\"1\" loading=\"lazy\" decoding=\"async\" data-attachment-id=\"202\" data-permalink=\"http:\/\/patrimoine-avesnois.fr\/eglisesfortifiees\/leglise-de-floyon\/img_4726\/\" data-orig-file=\"https:\/\/i0.wp.com\/patrimoine-avesnois.fr\/eglisesfortifiees\/wp-content\/uploads\/2018\/08\/IMG_4726-e1535358301187.jpg?fit=3024%2C4032\" data-orig-size=\"3024,4032\" data-comments-opened=\"1\" data-image-meta=\"{&quot;aperture&quot;:&quot;2.2&quot;,&quot;credit&quot;:&quot;&quot;,&quot;camera&quot;:&quot;iPhone SE&quot;,&quot;caption&quot;:&quot;&quot;,&quot;created_timestamp&quot;:&quot;1535304159&quot;,&quot;copyright&quot;:&quot;&quot;,&quot;focal_length&quot;:&quot;4.15&quot;,&quot;iso&quot;:&quot;500&quot;,&quot;shutter_speed&quot;:&quot;0.058823529411765&quot;,&quot;title&quot;:&quot;&quot;,&quot;orientation&quot;:&quot;6&quot;}\" data-image-title=\"IMG_4726\" data-image-description=\"\" data-image-caption=\"\" data-large-file=\"https:\/\/i0.wp.com\/patrimoine-avesnois.fr\/eglisesfortifiees\/wp-content\/uploads\/2018\/08\/IMG_4726-e1535358301187.jpg?fit=768%2C1024\" class=\"wp-image-202\" src=\"https:\/\/i0.wp.com\/patrimoine-avesnois.fr\/eglisesfortifiees\/wp-content\/uploads\/2018\/08\/IMG_4726-e1535358301187-768x1024.jpg?resize=490%2C653\" alt=\"\" width=\"490\" height=\"653\" srcset=\"https:\/\/i0.wp.com\/patrimoine-avesnois.fr\/eglisesfortifiees\/wp-content\/uploads\/2018\/08\/IMG_4726-e1535358301187.jpg?resize=768%2C1024 768w, https:\/\/i0.wp.com\/patrimoine-avesnois.fr\/eglisesfortifiees\/wp-content\/uploads\/2018\/08\/IMG_4726-e1535358301187.jpg?resize=225%2C300 225w, https:\/\/i0.wp.com\/patrimoine-avesnois.fr\/eglisesfortifiees\/wp-content\/uploads\/2018\/08\/IMG_4726-e1535358301187.jpg?resize=1200%2C1600 1200w, https:\/\/i0.wp.com\/patrimoine-avesnois.fr\/eglisesfortifiees\/wp-content\/uploads\/2018\/08\/IMG_4726-e1535358301187.jpg?w=1680 1680w, https:\/\/i0.wp.com\/patrimoine-avesnois.fr\/eglisesfortifiees\/wp-content\/uploads\/2018\/08\/IMG_4726-e1535358301187.jpg?w=2520 2520w\" sizes=\"auto, (max-width: 490px) 85vw, 490px\" \/><figcaption id=\"caption-attachment-202\" class=\"wp-caption-text\">Escalier de la Tourelle<\/figcaption><\/figure>\n<figure id=\"attachment_203\" aria-describedby=\"caption-attachment-203\" style=\"width: 490px\" class=\"wp-caption aligncenter\"><img data-recalc-dims=\"1\" loading=\"lazy\" decoding=\"async\" data-attachment-id=\"203\" data-permalink=\"http:\/\/patrimoine-avesnois.fr\/eglisesfortifiees\/leglise-de-floyon\/img_4727\/\" data-orig-file=\"https:\/\/i0.wp.com\/patrimoine-avesnois.fr\/eglisesfortifiees\/wp-content\/uploads\/2018\/08\/IMG_4727-e1535358387510.jpg?fit=3024%2C4032\" data-orig-size=\"3024,4032\" data-comments-opened=\"1\" data-image-meta=\"{&quot;aperture&quot;:&quot;2.2&quot;,&quot;credit&quot;:&quot;&quot;,&quot;camera&quot;:&quot;iPhone SE&quot;,&quot;caption&quot;:&quot;&quot;,&quot;created_timestamp&quot;:&quot;1535304188&quot;,&quot;copyright&quot;:&quot;&quot;,&quot;focal_length&quot;:&quot;4.15&quot;,&quot;iso&quot;:&quot;400&quot;,&quot;shutter_speed&quot;:&quot;0.058823529411765&quot;,&quot;title&quot;:&quot;&quot;,&quot;orientation&quot;:&quot;6&quot;}\" data-image-title=\"IMG_4727\" data-image-description=\"\" data-image-caption=\"\" data-large-file=\"https:\/\/i0.wp.com\/patrimoine-avesnois.fr\/eglisesfortifiees\/wp-content\/uploads\/2018\/08\/IMG_4727-e1535358387510.jpg?fit=768%2C1024\" class=\"wp-image-203\" src=\"https:\/\/i0.wp.com\/patrimoine-avesnois.fr\/eglisesfortifiees\/wp-content\/uploads\/2018\/08\/IMG_4727-e1535358387510-768x1024.jpg?resize=490%2C653\" alt=\"\" width=\"490\" height=\"653\" srcset=\"https:\/\/i0.wp.com\/patrimoine-avesnois.fr\/eglisesfortifiees\/wp-content\/uploads\/2018\/08\/IMG_4727-e1535358387510.jpg?resize=768%2C1024 768w, https:\/\/i0.wp.com\/patrimoine-avesnois.fr\/eglisesfortifiees\/wp-content\/uploads\/2018\/08\/IMG_4727-e1535358387510.jpg?resize=225%2C300 225w, https:\/\/i0.wp.com\/patrimoine-avesnois.fr\/eglisesfortifiees\/wp-content\/uploads\/2018\/08\/IMG_4727-e1535358387510.jpg?resize=1200%2C1600 1200w, https:\/\/i0.wp.com\/patrimoine-avesnois.fr\/eglisesfortifiees\/wp-content\/uploads\/2018\/08\/IMG_4727-e1535358387510.jpg?w=1680 1680w, https:\/\/i0.wp.com\/patrimoine-avesnois.fr\/eglisesfortifiees\/wp-content\/uploads\/2018\/08\/IMG_4727-e1535358387510.jpg?w=2520 2520w\" sizes=\"auto, (max-width: 490px) 85vw, 490px\" \/><figcaption id=\"caption-attachment-203\" class=\"wp-caption-text\">Haut de la Tourelle<\/figcaption><\/figure>\n<p style=\"text-align: center;\"><img data-recalc-dims=\"1\" loading=\"lazy\" decoding=\"async\" data-attachment-id=\"204\" data-permalink=\"http:\/\/patrimoine-avesnois.fr\/eglisesfortifiees\/leglise-de-floyon\/img_4728\/\" data-orig-file=\"https:\/\/i0.wp.com\/patrimoine-avesnois.fr\/eglisesfortifiees\/wp-content\/uploads\/2018\/08\/IMG_4728.jpg?fit=3024%2C4032\" data-orig-size=\"3024,4032\" data-comments-opened=\"1\" data-image-meta=\"{&quot;aperture&quot;:&quot;2.2&quot;,&quot;credit&quot;:&quot;&quot;,&quot;camera&quot;:&quot;iPhone SE&quot;,&quot;caption&quot;:&quot;&quot;,&quot;created_timestamp&quot;:&quot;1535304327&quot;,&quot;copyright&quot;:&quot;&quot;,&quot;focal_length&quot;:&quot;4.15&quot;,&quot;iso&quot;:&quot;25&quot;,&quot;shutter_speed&quot;:&quot;0.0014430014430014&quot;,&quot;title&quot;:&quot;&quot;,&quot;orientation&quot;:&quot;1&quot;}\" data-image-title=\"IMG_4728\" data-image-description=\"\" data-image-caption=\"\" data-large-file=\"https:\/\/i0.wp.com\/patrimoine-avesnois.fr\/eglisesfortifiees\/wp-content\/uploads\/2018\/08\/IMG_4728.jpg?fit=768%2C1024\" class=\"alignnone wp-image-204\" src=\"https:\/\/i0.wp.com\/patrimoine-avesnois.fr\/eglisesfortifiees\/wp-content\/uploads\/2018\/08\/IMG_4728.jpg?resize=490%2C653\" alt=\"\" width=\"490\" height=\"653\" srcset=\"https:\/\/i0.wp.com\/patrimoine-avesnois.fr\/eglisesfortifiees\/wp-content\/uploads\/2018\/08\/IMG_4728.jpg?resize=768%2C1024 768w, https:\/\/i0.wp.com\/patrimoine-avesnois.fr\/eglisesfortifiees\/wp-content\/uploads\/2018\/08\/IMG_4728.jpg?resize=225%2C300 225w, https:\/\/i0.wp.com\/patrimoine-avesnois.fr\/eglisesfortifiees\/wp-content\/uploads\/2018\/08\/IMG_4728.jpg?resize=1200%2C1600 1200w, https:\/\/i0.wp.com\/patrimoine-avesnois.fr\/eglisesfortifiees\/wp-content\/uploads\/2018\/08\/IMG_4728.jpg?w=1680 1680w, https:\/\/i0.wp.com\/patrimoine-avesnois.fr\/eglisesfortifiees\/wp-content\/uploads\/2018\/08\/IMG_4728.jpg?w=2520 2520w\" sizes=\"auto, (max-width: 490px) 85vw, 490px\" \/><\/p>\n<p style=\"text-align: center;\"><img data-recalc-dims=\"1\" loading=\"lazy\" decoding=\"async\" data-attachment-id=\"205\" data-permalink=\"http:\/\/patrimoine-avesnois.fr\/eglisesfortifiees\/leglise-de-floyon\/img_4723\/\" data-orig-file=\"https:\/\/i0.wp.com\/patrimoine-avesnois.fr\/eglisesfortifiees\/wp-content\/uploads\/2018\/08\/IMG_4723.jpg?fit=4032%2C3024\" data-orig-size=\"4032,3024\" data-comments-opened=\"1\" data-image-meta=\"{&quot;aperture&quot;:&quot;2.2&quot;,&quot;credit&quot;:&quot;&quot;,&quot;camera&quot;:&quot;iPhone SE&quot;,&quot;caption&quot;:&quot;&quot;,&quot;created_timestamp&quot;:&quot;1535303955&quot;,&quot;copyright&quot;:&quot;&quot;,&quot;focal_length&quot;:&quot;4.15&quot;,&quot;iso&quot;:&quot;25&quot;,&quot;shutter_speed&quot;:&quot;0.00093632958801498&quot;,&quot;title&quot;:&quot;&quot;,&quot;orientation&quot;:&quot;1&quot;}\" data-image-title=\"IMG_4723\" data-image-description=\"\" data-image-caption=\"\" data-large-file=\"https:\/\/i0.wp.com\/patrimoine-avesnois.fr\/eglisesfortifiees\/wp-content\/uploads\/2018\/08\/IMG_4723.jpg?fit=840%2C630\" class=\"alignnone size-large wp-image-205\" src=\"https:\/\/i0.wp.com\/patrimoine-avesnois.fr\/eglisesfortifiees\/wp-content\/uploads\/2018\/08\/IMG_4723.jpg?resize=840%2C630\" alt=\"\" width=\"840\" height=\"630\" srcset=\"https:\/\/i0.wp.com\/patrimoine-avesnois.fr\/eglisesfortifiees\/wp-content\/uploads\/2018\/08\/IMG_4723.jpg?resize=1024%2C768 1024w, https:\/\/i0.wp.com\/patrimoine-avesnois.fr\/eglisesfortifiees\/wp-content\/uploads\/2018\/08\/IMG_4723.jpg?resize=300%2C225 300w, https:\/\/i0.wp.com\/patrimoine-avesnois.fr\/eglisesfortifiees\/wp-content\/uploads\/2018\/08\/IMG_4723.jpg?resize=768%2C576 768w, https:\/\/i0.wp.com\/patrimoine-avesnois.fr\/eglisesfortifiees\/wp-content\/uploads\/2018\/08\/IMG_4723.jpg?resize=1200%2C900 1200w, https:\/\/i0.wp.com\/patrimoine-avesnois.fr\/eglisesfortifiees\/wp-content\/uploads\/2018\/08\/IMG_4723.jpg?w=1680 1680w, https:\/\/i0.wp.com\/patrimoine-avesnois.fr\/eglisesfortifiees\/wp-content\/uploads\/2018\/08\/IMG_4723.jpg?w=2520 2520w\" sizes=\"auto, (max-width: 709px) 85vw, (max-width: 909px) 67vw, (max-width: 1362px) 62vw, 840px\" \/><\/p>\n<p>L\u2019\u00e9glise Saint-Martin, d\u00e9truite au cours des guerres qui oppos\u00e8rent les rois de France aux Etats de Bourgogne au XV \u00e8me si\u00e8cle fut probablement reb\u00e2tie apr\u00e8s le trait\u00e9 de paix de 1493. L\u2019\u00e9glise actuelle a \u00e9t\u00e9 reconstruite en 1573 comme l\u2019indique un blason au dessus de la porte gothique. Elle subit de nouveau de nombreux dommages \u00e0 la fin du XVI \u00e8me si\u00e8cle.<\/p>\n<p>La nef est pr\u00e9c\u00e9d\u00e9e d\u2019un clocher-donjon jouxt\u00e9 d\u2019une tour ronde, laquelle avait toujours la m\u00eame fonction, celle de permettre l\u2019acc\u00e8s aux \u00e9tages de salles de refuge.<\/p>\n","protected":false},"excerpt":{"rendered":"<p>&nbsp; L\u2019\u00e9glise Saint-Martin, d\u00e9truite au cours des guerres qui oppos\u00e8rent les rois de France aux Etats de Bourgogne au XV \u00e8me si\u00e8cle fut probablement reb\u00e2tie apr\u00e8s le trait\u00e9 de paix de 1493. L\u2019\u00e9glise actuelle a \u00e9t\u00e9 reconstruite en 1573 comme l\u2019indique un blason au dessus de la porte gothique. Elle subit de nouveau de nombreux &hellip; <a href=\"http:\/\/patrimoine-avesnois.fr\/eglisesfortifiees\/leglise-de-floyon\/\" class=\"more-link\">Continuer la lecture<span class=\"screen-reader-text\"> de &laquo;&nbsp;L&rsquo;Eglise de Floyon&nbsp;&raquo;<\/span><\/a><\/p>\n","protected":false},"author":2,"featured_media":0,"parent":0,"menu_order":14,"comment_status":"closed","ping_status":"closed","template":"","meta":{"footnotes":""},"class_list":["post-116","page","type-page","status-publish","hentry"],"jetpack_sharing_enabled":true,"jetpack_shortlink":"https:\/\/wp.me\/PacK2X-1S","jetpack-related-posts":[],"_links":{"self":[{"href":"http:\/\/patrimoine-avesnois.fr\/eglisesfortifiees\/wp-json\/wp\/v2\/pages\/116","targetHints":{"allow":["GET"]}}],"collection":[{"href":"http:\/\/patrimoine-avesnois.fr\/eglisesfortifiees\/wp-json\/wp\/v2\/pages"}],"about":[{"href":"http:\/\/patrimoine-avesnois.fr\/eglisesfortifiees\/wp-json\/wp\/v2\/types\/page"}],"author":[{"embeddable":true,"href":"http:\/\/patrimoine-avesnois.fr\/eglisesfortifiees\/wp-json\/wp\/v2\/users\/2"}],"replies":[{"embeddable":true,"href":"http:\/\/patrimoine-avesnois.fr\/eglisesfortifiees\/wp-json\/wp\/v2\/comments?post=116"}],"version-history":[{"count":3,"href":"http:\/\/patrimoine-avesnois.fr\/eglisesfortifiees\/wp-json\/wp\/v2\/pages\/116\/revisions"}],"predecessor-version":[{"id":206,"href":"http:\/\/patrimoine-avesnois.fr\/eglisesfortifiees\/wp-json\/wp\/v2\/pages\/116\/revisions\/206"}],"wp:attachment":[{"href":"http:\/\/patrimoine-avesnois.fr\/eglisesfortifiees\/wp-json\/wp\/v2\/media?parent=116"}],"curies":[{"name":"wp","href":"https:\/\/api.w.org\/{rel}","templated":true}]}}