{"id":119,"date":"2018-08-14T11:58:51","date_gmt":"2018-08-14T09:58:51","guid":{"rendered":"http:\/\/patrimoine-avesnois.fr\/eglisesfortifiees\/?page_id=119"},"modified":"2023-05-17T19:43:38","modified_gmt":"2023-05-17T17:43:38","slug":"leglise-de-gommegnies","status":"publish","type":"page","link":"http:\/\/patrimoine-avesnois.fr\/eglisesfortifiees\/leglise-de-gommegnies\/","title":{"rendered":"L&rsquo;Eglise de Gommegnies"},"content":{"rendered":"<p style=\"text-align: center;\">\n<p style=\"text-align: center;\"><img data-recalc-dims=\"1\" loading=\"lazy\" decoding=\"async\" data-attachment-id=\"184\" data-permalink=\"http:\/\/patrimoine-avesnois.fr\/eglisesfortifiees\/leglise-de-gommegnies\/800px-gommegnies_nord_fr_eglise\/\" data-orig-file=\"https:\/\/i0.wp.com\/patrimoine-avesnois.fr\/eglisesfortifiees\/wp-content\/uploads\/2018\/08\/800px-Gommegnies_Nord_Fr_%C3%A9glise.jpg?fit=800%2C954\" data-orig-size=\"800,954\" data-comments-opened=\"1\" data-image-meta=\"{&quot;aperture&quot;:&quot;0&quot;,&quot;credit&quot;:&quot;&quot;,&quot;camera&quot;:&quot;&quot;,&quot;caption&quot;:&quot;&quot;,&quot;created_timestamp&quot;:&quot;0&quot;,&quot;copyright&quot;:&quot;&quot;,&quot;focal_length&quot;:&quot;0&quot;,&quot;iso&quot;:&quot;0&quot;,&quot;shutter_speed&quot;:&quot;0&quot;,&quot;title&quot;:&quot;&quot;,&quot;orientation&quot;:&quot;0&quot;}\" data-image-title=\"800px-Gommegnies_(Nord,_Fr)_\u00e9glise,\" data-image-description=\"\" data-image-caption=\"\" data-large-file=\"https:\/\/i0.wp.com\/patrimoine-avesnois.fr\/eglisesfortifiees\/wp-content\/uploads\/2018\/08\/800px-Gommegnies_Nord_Fr_%C3%A9glise.jpg?fit=800%2C954\" class=\"alignnone wp-image-184\" src=\"https:\/\/i0.wp.com\/patrimoine-avesnois.fr\/eglisesfortifiees\/wp-content\/uploads\/2018\/08\/800px-Gommegnies_Nord_Fr_%C3%A9glise.jpg?resize=450%2C537\" alt=\"\" width=\"450\" height=\"537\" srcset=\"https:\/\/i0.wp.com\/patrimoine-avesnois.fr\/eglisesfortifiees\/wp-content\/uploads\/2018\/08\/800px-Gommegnies_Nord_Fr_%C3%A9glise.jpg?w=800 800w, https:\/\/i0.wp.com\/patrimoine-avesnois.fr\/eglisesfortifiees\/wp-content\/uploads\/2018\/08\/800px-Gommegnies_Nord_Fr_%C3%A9glise.jpg?resize=252%2C300 252w, https:\/\/i0.wp.com\/patrimoine-avesnois.fr\/eglisesfortifiees\/wp-content\/uploads\/2018\/08\/800px-Gommegnies_Nord_Fr_%C3%A9glise.jpg?resize=768%2C916 768w\" sizes=\"auto, (max-width: 450px) 85vw, 450px\" \/><\/p>\n<p style=\"text-align: center;\">\n<p style=\"text-align: center;\"><img data-recalc-dims=\"1\" loading=\"lazy\" decoding=\"async\" data-attachment-id=\"186\" data-permalink=\"http:\/\/patrimoine-avesnois.fr\/eglisesfortifiees\/leglise-de-gommegnies\/dscn7882-2-2\/\" data-orig-file=\"https:\/\/i0.wp.com\/patrimoine-avesnois.fr\/eglisesfortifiees\/wp-content\/uploads\/2018\/08\/DSCN7882-2-1.jpg?fit=1684%2C2592\" data-orig-size=\"1684,2592\" data-comments-opened=\"1\" data-image-meta=\"{&quot;aperture&quot;:&quot;3.2&quot;,&quot;credit&quot;:&quot;&quot;,&quot;camera&quot;:&quot;COOLPIX S6200&quot;,&quot;caption&quot;:&quot;&quot;,&quot;created_timestamp&quot;:&quot;1534699377&quot;,&quot;copyright&quot;:&quot;&quot;,&quot;focal_length&quot;:&quot;4.5&quot;,&quot;iso&quot;:&quot;80&quot;,&quot;shutter_speed&quot;:&quot;0.001&quot;,&quot;title&quot;:&quot;&quot;,&quot;orientation&quot;:&quot;1&quot;}\" data-image-title=\"DSCN7882 (2)\" data-image-description=\"\" data-image-caption=\"\" data-large-file=\"https:\/\/i0.wp.com\/patrimoine-avesnois.fr\/eglisesfortifiees\/wp-content\/uploads\/2018\/08\/DSCN7882-2-1.jpg?fit=665%2C1024\" class=\"alignnone wp-image-186\" src=\"https:\/\/i0.wp.com\/patrimoine-avesnois.fr\/eglisesfortifiees\/wp-content\/uploads\/2018\/08\/DSCN7882-2-1.jpg?resize=450%2C693\" alt=\"\" width=\"450\" height=\"693\" srcset=\"https:\/\/i0.wp.com\/patrimoine-avesnois.fr\/eglisesfortifiees\/wp-content\/uploads\/2018\/08\/DSCN7882-2-1.jpg?resize=665%2C1024 665w, https:\/\/i0.wp.com\/patrimoine-avesnois.fr\/eglisesfortifiees\/wp-content\/uploads\/2018\/08\/DSCN7882-2-1.jpg?resize=195%2C300 195w, https:\/\/i0.wp.com\/patrimoine-avesnois.fr\/eglisesfortifiees\/wp-content\/uploads\/2018\/08\/DSCN7882-2-1.jpg?resize=768%2C1182 768w, https:\/\/i0.wp.com\/patrimoine-avesnois.fr\/eglisesfortifiees\/wp-content\/uploads\/2018\/08\/DSCN7882-2-1.jpg?resize=1200%2C1847 1200w, https:\/\/i0.wp.com\/patrimoine-avesnois.fr\/eglisesfortifiees\/wp-content\/uploads\/2018\/08\/DSCN7882-2-1.jpg?w=1684 1684w\" sizes=\"auto, (max-width: 450px) 85vw, 450px\" \/><\/p>\n<p style=\"text-align: center;\">\n<p style=\"text-align: center;\"><img data-recalc-dims=\"1\" loading=\"lazy\" decoding=\"async\" data-attachment-id=\"182\" data-permalink=\"http:\/\/patrimoine-avesnois.fr\/eglisesfortifiees\/leglise-de-gommegnies\/dscn7883-4\/\" data-orig-file=\"https:\/\/i0.wp.com\/patrimoine-avesnois.fr\/eglisesfortifiees\/wp-content\/uploads\/2018\/08\/DSCN7883-4.jpg?fit=1694%2C2592\" data-orig-size=\"1694,2592\" data-comments-opened=\"1\" data-image-meta=\"{&quot;aperture&quot;:&quot;3.6&quot;,&quot;credit&quot;:&quot;&quot;,&quot;camera&quot;:&quot;COOLPIX S6200&quot;,&quot;caption&quot;:&quot;&quot;,&quot;created_timestamp&quot;:&quot;1534699578&quot;,&quot;copyright&quot;:&quot;&quot;,&quot;focal_length&quot;:&quot;6.8&quot;,&quot;iso&quot;:&quot;80&quot;,&quot;shutter_speed&quot;:&quot;0.008&quot;,&quot;title&quot;:&quot;&quot;,&quot;orientation&quot;:&quot;1&quot;}\" data-image-title=\"DSCN7883 (4)\" data-image-description=\"\" data-image-caption=\"\" data-large-file=\"https:\/\/i0.wp.com\/patrimoine-avesnois.fr\/eglisesfortifiees\/wp-content\/uploads\/2018\/08\/DSCN7883-4.jpg?fit=669%2C1024\" class=\"alignnone wp-image-182\" src=\"https:\/\/i0.wp.com\/patrimoine-avesnois.fr\/eglisesfortifiees\/wp-content\/uploads\/2018\/08\/DSCN7883-4.jpg?resize=450%2C689\" alt=\"\" width=\"450\" height=\"689\" srcset=\"https:\/\/i0.wp.com\/patrimoine-avesnois.fr\/eglisesfortifiees\/wp-content\/uploads\/2018\/08\/DSCN7883-4.jpg?resize=669%2C1024 669w, https:\/\/i0.wp.com\/patrimoine-avesnois.fr\/eglisesfortifiees\/wp-content\/uploads\/2018\/08\/DSCN7883-4.jpg?resize=196%2C300 196w, https:\/\/i0.wp.com\/patrimoine-avesnois.fr\/eglisesfortifiees\/wp-content\/uploads\/2018\/08\/DSCN7883-4.jpg?resize=768%2C1175 768w, https:\/\/i0.wp.com\/patrimoine-avesnois.fr\/eglisesfortifiees\/wp-content\/uploads\/2018\/08\/DSCN7883-4.jpg?resize=1200%2C1836 1200w, https:\/\/i0.wp.com\/patrimoine-avesnois.fr\/eglisesfortifiees\/wp-content\/uploads\/2018\/08\/DSCN7883-4.jpg?w=1694 1694w\" sizes=\"auto, (max-width: 450px) 85vw, 450px\" \/><\/p>\n<p style=\"text-align: center;\">\n<p style=\"text-align: center;\">\n<p style=\"text-align: center;\">\n<p style=\"text-align: center;\"><img data-recalc-dims=\"1\" loading=\"lazy\" decoding=\"async\" data-attachment-id=\"185\" data-permalink=\"http:\/\/patrimoine-avesnois.fr\/eglisesfortifiees\/leglise-de-gommegnies\/p1000645-3\/\" data-orig-file=\"https:\/\/i0.wp.com\/patrimoine-avesnois.fr\/eglisesfortifiees\/wp-content\/uploads\/2018\/08\/P1000645-3.jpg?fit=3105%2C1929\" data-orig-size=\"3105,1929\" data-comments-opened=\"1\" data-image-meta=\"{&quot;aperture&quot;:&quot;3.1&quot;,&quot;credit&quot;:&quot;&quot;,&quot;camera&quot;:&quot;DMC-SZ10&quot;,&quot;caption&quot;:&quot;&quot;,&quot;created_timestamp&quot;:&quot;1534696773&quot;,&quot;copyright&quot;:&quot;&quot;,&quot;focal_length&quot;:&quot;4.3&quot;,&quot;iso&quot;:&quot;100&quot;,&quot;shutter_speed&quot;:&quot;0.00625&quot;,&quot;title&quot;:&quot;&quot;,&quot;orientation&quot;:&quot;1&quot;}\" data-image-title=\"P1000645 (3)\" data-image-description=\"\" data-image-caption=\"\" data-large-file=\"https:\/\/i0.wp.com\/patrimoine-avesnois.fr\/eglisesfortifiees\/wp-content\/uploads\/2018\/08\/P1000645-3.jpg?fit=840%2C522\" class=\"alignnone size-large wp-image-185\" src=\"https:\/\/i0.wp.com\/patrimoine-avesnois.fr\/eglisesfortifiees\/wp-content\/uploads\/2018\/08\/P1000645-3.jpg?resize=840%2C522\" alt=\"\" width=\"840\" height=\"522\" srcset=\"https:\/\/i0.wp.com\/patrimoine-avesnois.fr\/eglisesfortifiees\/wp-content\/uploads\/2018\/08\/P1000645-3.jpg?resize=1024%2C636 1024w, https:\/\/i0.wp.com\/patrimoine-avesnois.fr\/eglisesfortifiees\/wp-content\/uploads\/2018\/08\/P1000645-3.jpg?resize=300%2C186 300w, https:\/\/i0.wp.com\/patrimoine-avesnois.fr\/eglisesfortifiees\/wp-content\/uploads\/2018\/08\/P1000645-3.jpg?resize=768%2C477 768w, https:\/\/i0.wp.com\/patrimoine-avesnois.fr\/eglisesfortifiees\/wp-content\/uploads\/2018\/08\/P1000645-3.jpg?resize=1200%2C746 1200w, https:\/\/i0.wp.com\/patrimoine-avesnois.fr\/eglisesfortifiees\/wp-content\/uploads\/2018\/08\/P1000645-3.jpg?w=1680 1680w, https:\/\/i0.wp.com\/patrimoine-avesnois.fr\/eglisesfortifiees\/wp-content\/uploads\/2018\/08\/P1000645-3.jpg?w=2520 2520w\" sizes=\"auto, (max-width: 709px) 85vw, (max-width: 909px) 67vw, (max-width: 1362px) 62vw, 840px\" \/><\/p>\n<p>Les parties les plus anciennes de l\u2019\u00e9glise Notre Dame de l\u2019Assomption dateraient de 1568.\u00a0 \u00a0 \u00a0 \u00a0 \u00a0 \u00a0 \u00a0 \u00a0 \u00a0 \u00a0 \u00a0 \u00a0 \u00a0 \u00a0 \u00a0 \u00a0 La tourelle de brique et de gr\u00e8s remonterait \u00e0 1636 et 1701. Les ouvertures de cette tour cylindrique \u00e0 l\u2019arri\u00e8re de l\u2019\u00e9glise non loin du chevet ressemblent \u00e0 des anciennes meurtri\u00e8res ou plut\u00f4t \u00e0 des postes de guet.<\/p>\n","protected":false},"excerpt":{"rendered":"<p>Les parties les plus anciennes de l\u2019\u00e9glise Notre Dame de l\u2019Assomption dateraient de 1568.\u00a0 \u00a0 \u00a0 \u00a0 \u00a0 \u00a0 \u00a0 \u00a0 \u00a0 \u00a0 \u00a0 \u00a0 \u00a0 \u00a0 \u00a0 \u00a0 La tourelle de brique et de gr\u00e8s remonterait \u00e0 1636 et 1701. Les ouvertures de cette tour cylindrique \u00e0 l\u2019arri\u00e8re de l\u2019\u00e9glise non loin du chevet &hellip; <a href=\"http:\/\/patrimoine-avesnois.fr\/eglisesfortifiees\/leglise-de-gommegnies\/\" class=\"more-link\">Continuer la lecture<span class=\"screen-reader-text\"> de &laquo;&nbsp;L&rsquo;Eglise de Gommegnies&nbsp;&raquo;<\/span><\/a><\/p>\n","protected":false},"author":2,"featured_media":0,"parent":0,"menu_order":16,"comment_status":"closed","ping_status":"closed","template":"","meta":{"jetpack_post_was_ever_published":false,"footnotes":""},"class_list":["post-119","page","type-page","status-publish","hentry"],"jetpack_sharing_enabled":true,"jetpack_shortlink":"https:\/\/wp.me\/PacK2X-1V","jetpack-related-posts":[],"_links":{"self":[{"href":"http:\/\/patrimoine-avesnois.fr\/eglisesfortifiees\/wp-json\/wp\/v2\/pages\/119","targetHints":{"allow":["GET"]}}],"collection":[{"href":"http:\/\/patrimoine-avesnois.fr\/eglisesfortifiees\/wp-json\/wp\/v2\/pages"}],"about":[{"href":"http:\/\/patrimoine-avesnois.fr\/eglisesfortifiees\/wp-json\/wp\/v2\/types\/page"}],"author":[{"embeddable":true,"href":"http:\/\/patrimoine-avesnois.fr\/eglisesfortifiees\/wp-json\/wp\/v2\/users\/2"}],"replies":[{"embeddable":true,"href":"http:\/\/patrimoine-avesnois.fr\/eglisesfortifiees\/wp-json\/wp\/v2\/comments?post=119"}],"version-history":[{"count":3,"href":"http:\/\/patrimoine-avesnois.fr\/eglisesfortifiees\/wp-json\/wp\/v2\/pages\/119\/revisions"}],"predecessor-version":[{"id":187,"href":"http:\/\/patrimoine-avesnois.fr\/eglisesfortifiees\/wp-json\/wp\/v2\/pages\/119\/revisions\/187"}],"wp:attachment":[{"href":"http:\/\/patrimoine-avesnois.fr\/eglisesfortifiees\/wp-json\/wp\/v2\/media?parent=119"}],"curies":[{"name":"wp","href":"https:\/\/api.w.org\/{rel}","templated":true}]}}