{"id":313,"date":"2023-05-12T10:05:05","date_gmt":"2023-05-12T08:05:05","guid":{"rendered":"http:\/\/patrimoine-avesnois.fr\/eglisesfortifiees\/?page_id=313"},"modified":"2023-05-17T19:42:45","modified_gmt":"2023-05-17T17:42:45","slug":"leglise-denglefontaine","status":"publish","type":"page","link":"http:\/\/patrimoine-avesnois.fr\/eglisesfortifiees\/leglise-denglefontaine\/","title":{"rendered":"L&rsquo;Eglise d&rsquo;Englefontaine"},"content":{"rendered":"\n<div class=\"wp-block-image\"><figure class=\"aligncenter size-large is-resized\"><img loading=\"lazy\" decoding=\"async\" data-attachment-id=\"315\" data-permalink=\"http:\/\/patrimoine-avesnois.fr\/eglisesfortifiees\/leglise-denglefontaine\/img_5953\/\" data-orig-file=\"https:\/\/i0.wp.com\/patrimoine-avesnois.fr\/eglisesfortifiees\/wp-content\/uploads\/2023\/05\/IMG_5953-scaled.jpg?fit=1920%2C2560\" data-orig-size=\"1920,2560\" data-comments-opened=\"1\" data-image-meta=\"{&quot;aperture&quot;:&quot;2.2&quot;,&quot;credit&quot;:&quot;&quot;,&quot;camera&quot;:&quot;iPhone SE&quot;,&quot;caption&quot;:&quot;&quot;,&quot;created_timestamp&quot;:&quot;1561289239&quot;,&quot;copyright&quot;:&quot;&quot;,&quot;focal_length&quot;:&quot;4.15&quot;,&quot;iso&quot;:&quot;25&quot;,&quot;shutter_speed&quot;:&quot;0.0008841732979664&quot;,&quot;title&quot;:&quot;&quot;,&quot;orientation&quot;:&quot;1&quot;}\" data-image-title=\"IMG_5953\" data-image-description=\"\" data-image-caption=\"\" data-large-file=\"https:\/\/i0.wp.com\/patrimoine-avesnois.fr\/eglisesfortifiees\/wp-content\/uploads\/2023\/05\/IMG_5953-scaled.jpg?fit=768%2C1024\" src=\"https:\/\/i0.wp.com\/patrimoine-avesnois.fr\/eglisesfortifiees\/wp-content\/uploads\/2023\/05\/IMG_5953-scaled.jpg?fit=768%2C1024\" alt=\"\" class=\"wp-image-315\" width=\"403\" height=\"537\" srcset=\"https:\/\/i0.wp.com\/patrimoine-avesnois.fr\/eglisesfortifiees\/wp-content\/uploads\/2023\/05\/IMG_5953-scaled.jpg?w=1920 1920w, https:\/\/i0.wp.com\/patrimoine-avesnois.fr\/eglisesfortifiees\/wp-content\/uploads\/2023\/05\/IMG_5953-scaled.jpg?resize=225%2C300 225w, https:\/\/i0.wp.com\/patrimoine-avesnois.fr\/eglisesfortifiees\/wp-content\/uploads\/2023\/05\/IMG_5953-scaled.jpg?resize=768%2C1024 768w, https:\/\/i0.wp.com\/patrimoine-avesnois.fr\/eglisesfortifiees\/wp-content\/uploads\/2023\/05\/IMG_5953-scaled.jpg?resize=1152%2C1536 1152w, https:\/\/i0.wp.com\/patrimoine-avesnois.fr\/eglisesfortifiees\/wp-content\/uploads\/2023\/05\/IMG_5953-scaled.jpg?resize=1536%2C2048 1536w, https:\/\/i0.wp.com\/patrimoine-avesnois.fr\/eglisesfortifiees\/wp-content\/uploads\/2023\/05\/IMG_5953-scaled.jpg?resize=1200%2C1600 1200w, https:\/\/i0.wp.com\/patrimoine-avesnois.fr\/eglisesfortifiees\/wp-content\/uploads\/2023\/05\/IMG_5953-scaled.jpg?w=1680 1680w\" sizes=\"auto, (max-width: 403px) 85vw, 403px\" \/><figcaption>L&rsquo;Eglise d&rsquo;Englefontaine<\/figcaption><\/figure><\/div>\n\n\n\n<p>La tour du clocher  a \u00e9t\u00e9 manifestement con\u00e7ue pour \u00eatre une construction \u00e0 vocation d\u00e9fensive. Elle est carr\u00e9e, d&rsquo;une hauteur de 18 m\u00e8tres et ses murs ont une \u00e9paisseur \u00e0 la base d&rsquo;un m\u00e8tre. Les murailles sont perc\u00e9es d&rsquo;\u00e9tage en \u00e9tage d&rsquo;ouvertures \u00e9troites \u00e0 l&rsquo;ext\u00e9rieur mais s&rsquo;\u00e9largissant \u00e0 l&rsquo;int\u00e9rieur, v\u00e9ritables meurtri\u00e8res. On lui donna au Moyen Age jusqu&rsquo;au XVIII e si\u00e8cle le nom de For.<\/p>\n\n\n\n<p>Ce Fort \u00e9tait entour\u00e9 des murs du cimeti\u00e8re qui servaient de ceinture protectrice et de larges et profonds foss\u00e9s pour dissuader les \u00e9ventuels assaillants. <\/p>\n\n\n\n<p>La porte du clocher, qui se trouve \u00e0 l&rsquo;int\u00e9rieur du b\u00e2timent, est prot\u00e9g\u00e9e \u00e0 3 m de hauteur par une ouverture assez haute mais \u00e9troite, ne permettant le passage que d&rsquo;un seul homme. Pour forcer la porte du clocher, il fallait obligatoirement affronter les projectiles lanc\u00e9s par celui qui occupait l&rsquo;ouverture sup\u00e9rieure servant de machicoulis. <\/p>\n\n\n\n<p>Au niveau du portail de l&rsquo;\u00e9glise, une ouverture pratiqu\u00e9e dans le haut du clocher, en dessous des abat-sons, permettait de jeter des pierres en vue de d\u00e9fendre la porte elle m\u00eame de l&rsquo;\u00e9glise.<\/p>\n\n\n\n<p>Les cahiers d&rsquo;impositions a la fin du XVI \u00e8 si\u00e8cle font mention d&rsquo;un \u00ab plankeit bati au desseur des cloques \u00bb qui servait pour y monter la garde. Cette garde \u00e9tait indispensable durant cette p\u00e9riode de guerres et de troubles car une lettre du Mayeur et des Echevins d&rsquo;Englefontaine, \u00e9crite en 1599 supplie la cour de Mons d&rsquo;accorder une r\u00e9duction des imp\u00f4ts pendant une p\u00e9riode de 5 ann\u00e9es durant lesquelles les habitants d&rsquo;Englefontaine avaient d\u00fb \u00ab se rethirer de part et d&rsquo;aultre, estans la plupart demor\u00e9s au for dudit villaige faisant garde nuictes et jours, sans asseurance de leurs corps, pour eviter la totale perthe de leurs moyens, et y estre en asseurance avecq leurs famils et bestiaux. \u00bb<\/p>\n","protected":false},"excerpt":{"rendered":"<p>La tour du clocher a \u00e9t\u00e9 manifestement con\u00e7ue pour \u00eatre une construction \u00e0 vocation d\u00e9fensive. Elle est carr\u00e9e, d&rsquo;une hauteur de 18 m\u00e8tres et ses murs ont une \u00e9paisseur \u00e0 la base d&rsquo;un m\u00e8tre. Les murailles sont perc\u00e9es d&rsquo;\u00e9tage en \u00e9tage d&rsquo;ouvertures \u00e9troites \u00e0 l&rsquo;ext\u00e9rieur mais s&rsquo;\u00e9largissant \u00e0 l&rsquo;int\u00e9rieur, v\u00e9ritables meurtri\u00e8res. On lui donna au &hellip; <a href=\"http:\/\/patrimoine-avesnois.fr\/eglisesfortifiees\/leglise-denglefontaine\/\" class=\"more-link\">Continuer la lecture<span class=\"screen-reader-text\"> de &laquo;&nbsp;L&rsquo;Eglise d&rsquo;Englefontaine&nbsp;&raquo;<\/span><\/a><\/p>\n","protected":false},"author":2,"featured_media":0,"parent":0,"menu_order":11,"comment_status":"closed","ping_status":"closed","template":"","meta":{"footnotes":""},"class_list":["post-313","page","type-page","status-publish","hentry"],"jetpack_sharing_enabled":true,"jetpack_shortlink":"https:\/\/wp.me\/PacK2X-53","jetpack-related-posts":[],"_links":{"self":[{"href":"http:\/\/patrimoine-avesnois.fr\/eglisesfortifiees\/wp-json\/wp\/v2\/pages\/313","targetHints":{"allow":["GET"]}}],"collection":[{"href":"http:\/\/patrimoine-avesnois.fr\/eglisesfortifiees\/wp-json\/wp\/v2\/pages"}],"about":[{"href":"http:\/\/patrimoine-avesnois.fr\/eglisesfortifiees\/wp-json\/wp\/v2\/types\/page"}],"author":[{"embeddable":true,"href":"http:\/\/patrimoine-avesnois.fr\/eglisesfortifiees\/wp-json\/wp\/v2\/users\/2"}],"replies":[{"embeddable":true,"href":"http:\/\/patrimoine-avesnois.fr\/eglisesfortifiees\/wp-json\/wp\/v2\/comments?post=313"}],"version-history":[{"count":3,"href":"http:\/\/patrimoine-avesnois.fr\/eglisesfortifiees\/wp-json\/wp\/v2\/pages\/313\/revisions"}],"predecessor-version":[{"id":320,"href":"http:\/\/patrimoine-avesnois.fr\/eglisesfortifiees\/wp-json\/wp\/v2\/pages\/313\/revisions\/320"}],"wp:attachment":[{"href":"http:\/\/patrimoine-avesnois.fr\/eglisesfortifiees\/wp-json\/wp\/v2\/media?parent=313"}],"curies":[{"name":"wp","href":"https:\/\/api.w.org\/{rel}","templated":true}]}}