{"id":39,"date":"2018-08-13T19:28:09","date_gmt":"2018-08-13T17:28:09","guid":{"rendered":"http:\/\/patrimoine-avesnois.fr\/eglisesfortifiees\/?page_id=39"},"modified":"2023-05-17T19:43:41","modified_gmt":"2023-05-17T17:43:41","slug":"leglise-de-fontaine-au-bois","status":"publish","type":"page","link":"http:\/\/patrimoine-avesnois.fr\/eglisesfortifiees\/leglise-de-fontaine-au-bois\/","title":{"rendered":"L&rsquo;Eglise de Fontaine-au-Bois"},"content":{"rendered":"<p style=\"text-align: center;\">\n<p style=\"text-align: center;\"><img data-recalc-dims=\"1\" loading=\"lazy\" decoding=\"async\" data-attachment-id=\"41\" data-permalink=\"http:\/\/patrimoine-avesnois.fr\/eglisesfortifiees\/leglise-de-fontaine-au-bois\/p1000593\/\" data-orig-file=\"https:\/\/i0.wp.com\/patrimoine-avesnois.fr\/eglisesfortifiees\/wp-content\/uploads\/2018\/08\/P1000593-e1534180702317.jpg?fit=2592%2C4608\" data-orig-size=\"2592,4608\" data-comments-opened=\"1\" data-image-meta=\"{&quot;aperture&quot;:&quot;3.5&quot;,&quot;credit&quot;:&quot;&quot;,&quot;camera&quot;:&quot;DMC-SZ10&quot;,&quot;caption&quot;:&quot;&quot;,&quot;created_timestamp&quot;:&quot;1533988688&quot;,&quot;copyright&quot;:&quot;&quot;,&quot;focal_length&quot;:&quot;5.8&quot;,&quot;iso&quot;:&quot;100&quot;,&quot;shutter_speed&quot;:&quot;0.0015625&quot;,&quot;title&quot;:&quot;&quot;,&quot;orientation&quot;:&quot;6&quot;}\" data-image-title=\"P1000593\" data-image-description=\"\" data-image-caption=\"\" data-large-file=\"https:\/\/i0.wp.com\/patrimoine-avesnois.fr\/eglisesfortifiees\/wp-content\/uploads\/2018\/08\/P1000593-e1534180702317.jpg?fit=576%2C1024\" class=\"aligncenter wp-image-41\" src=\"https:\/\/i0.wp.com\/patrimoine-avesnois.fr\/eglisesfortifiees\/wp-content\/uploads\/2018\/08\/P1000593-e1534180702317-576x1024.jpg?resize=450%2C800\" alt=\"\" width=\"450\" height=\"800\" srcset=\"https:\/\/i0.wp.com\/patrimoine-avesnois.fr\/eglisesfortifiees\/wp-content\/uploads\/2018\/08\/P1000593-e1534180702317.jpg?resize=576%2C1024 576w, https:\/\/i0.wp.com\/patrimoine-avesnois.fr\/eglisesfortifiees\/wp-content\/uploads\/2018\/08\/P1000593-e1534180702317.jpg?resize=169%2C300 169w, https:\/\/i0.wp.com\/patrimoine-avesnois.fr\/eglisesfortifiees\/wp-content\/uploads\/2018\/08\/P1000593-e1534180702317.jpg?resize=768%2C1365 768w, https:\/\/i0.wp.com\/patrimoine-avesnois.fr\/eglisesfortifiees\/wp-content\/uploads\/2018\/08\/P1000593-e1534180702317.jpg?resize=1200%2C2133 1200w, https:\/\/i0.wp.com\/patrimoine-avesnois.fr\/eglisesfortifiees\/wp-content\/uploads\/2018\/08\/P1000593-e1534180702317.jpg?w=1680 1680w, https:\/\/i0.wp.com\/patrimoine-avesnois.fr\/eglisesfortifiees\/wp-content\/uploads\/2018\/08\/P1000593-e1534180702317.jpg?w=2520 2520w\" sizes=\"auto, (max-width: 450px) 85vw, 450px\" \/><\/p>\n<p style=\"text-align: center;\"><img data-recalc-dims=\"1\" loading=\"lazy\" decoding=\"async\" data-attachment-id=\"42\" data-permalink=\"http:\/\/patrimoine-avesnois.fr\/eglisesfortifiees\/leglise-de-fontaine-au-bois\/p1000598\/\" data-orig-file=\"https:\/\/i0.wp.com\/patrimoine-avesnois.fr\/eglisesfortifiees\/wp-content\/uploads\/2018\/08\/P1000598-e1534180854352.jpg?fit=2592%2C4608\" data-orig-size=\"2592,4608\" data-comments-opened=\"1\" data-image-meta=\"{&quot;aperture&quot;:&quot;8.8&quot;,&quot;credit&quot;:&quot;&quot;,&quot;camera&quot;:&quot;DMC-SZ10&quot;,&quot;caption&quot;:&quot;&quot;,&quot;created_timestamp&quot;:&quot;1533989096&quot;,&quot;copyright&quot;:&quot;&quot;,&quot;focal_length&quot;:&quot;5.8&quot;,&quot;iso&quot;:&quot;100&quot;,&quot;shutter_speed&quot;:&quot;0.004&quot;,&quot;title&quot;:&quot;&quot;,&quot;orientation&quot;:&quot;6&quot;}\" data-image-title=\"P1000598\" data-image-description=\"\" data-image-caption=\"\" data-large-file=\"https:\/\/i0.wp.com\/patrimoine-avesnois.fr\/eglisesfortifiees\/wp-content\/uploads\/2018\/08\/P1000598-e1534180854352.jpg?fit=576%2C1024\" class=\"alignnone wp-image-42\" src=\"https:\/\/i0.wp.com\/patrimoine-avesnois.fr\/eglisesfortifiees\/wp-content\/uploads\/2018\/08\/P1000598-e1534180854352-576x1024.jpg?resize=450%2C800\" alt=\"\" width=\"450\" height=\"800\" srcset=\"https:\/\/i0.wp.com\/patrimoine-avesnois.fr\/eglisesfortifiees\/wp-content\/uploads\/2018\/08\/P1000598-e1534180854352.jpg?resize=576%2C1024 576w, https:\/\/i0.wp.com\/patrimoine-avesnois.fr\/eglisesfortifiees\/wp-content\/uploads\/2018\/08\/P1000598-e1534180854352.jpg?resize=169%2C300 169w, https:\/\/i0.wp.com\/patrimoine-avesnois.fr\/eglisesfortifiees\/wp-content\/uploads\/2018\/08\/P1000598-e1534180854352.jpg?resize=768%2C1365 768w, https:\/\/i0.wp.com\/patrimoine-avesnois.fr\/eglisesfortifiees\/wp-content\/uploads\/2018\/08\/P1000598-e1534180854352.jpg?resize=1200%2C2133 1200w, https:\/\/i0.wp.com\/patrimoine-avesnois.fr\/eglisesfortifiees\/wp-content\/uploads\/2018\/08\/P1000598-e1534180854352.jpg?w=1680 1680w, https:\/\/i0.wp.com\/patrimoine-avesnois.fr\/eglisesfortifiees\/wp-content\/uploads\/2018\/08\/P1000598-e1534180854352.jpg?w=2520 2520w\" sizes=\"auto, (max-width: 450px) 85vw, 450px\" \/><\/p>\n<p style=\"text-align: center;\"><img data-recalc-dims=\"1\" loading=\"lazy\" decoding=\"async\" data-attachment-id=\"43\" data-permalink=\"http:\/\/patrimoine-avesnois.fr\/eglisesfortifiees\/leglise-de-fontaine-au-bois\/p1000599\/\" data-orig-file=\"https:\/\/i0.wp.com\/patrimoine-avesnois.fr\/eglisesfortifiees\/wp-content\/uploads\/2018\/08\/P1000599-e1534180950774.jpg?fit=2592%2C4608\" data-orig-size=\"2592,4608\" data-comments-opened=\"1\" data-image-meta=\"{&quot;aperture&quot;:&quot;8.8&quot;,&quot;credit&quot;:&quot;&quot;,&quot;camera&quot;:&quot;DMC-SZ10&quot;,&quot;caption&quot;:&quot;&quot;,&quot;created_timestamp&quot;:&quot;1533989134&quot;,&quot;copyright&quot;:&quot;&quot;,&quot;focal_length&quot;:&quot;5.8&quot;,&quot;iso&quot;:&quot;100&quot;,&quot;shutter_speed&quot;:&quot;0.004&quot;,&quot;title&quot;:&quot;&quot;,&quot;orientation&quot;:&quot;6&quot;}\" data-image-title=\"P1000599\" data-image-description=\"\" data-image-caption=\"\" data-large-file=\"https:\/\/i0.wp.com\/patrimoine-avesnois.fr\/eglisesfortifiees\/wp-content\/uploads\/2018\/08\/P1000599-e1534180950774.jpg?fit=576%2C1024\" class=\"alignnone wp-image-43\" src=\"https:\/\/i0.wp.com\/patrimoine-avesnois.fr\/eglisesfortifiees\/wp-content\/uploads\/2018\/08\/P1000599-e1534180950774-576x1024.jpg?resize=450%2C800\" alt=\"\" width=\"450\" height=\"800\" srcset=\"https:\/\/i0.wp.com\/patrimoine-avesnois.fr\/eglisesfortifiees\/wp-content\/uploads\/2018\/08\/P1000599-e1534180950774.jpg?resize=576%2C1024 576w, https:\/\/i0.wp.com\/patrimoine-avesnois.fr\/eglisesfortifiees\/wp-content\/uploads\/2018\/08\/P1000599-e1534180950774.jpg?resize=169%2C300 169w, https:\/\/i0.wp.com\/patrimoine-avesnois.fr\/eglisesfortifiees\/wp-content\/uploads\/2018\/08\/P1000599-e1534180950774.jpg?resize=768%2C1365 768w, https:\/\/i0.wp.com\/patrimoine-avesnois.fr\/eglisesfortifiees\/wp-content\/uploads\/2018\/08\/P1000599-e1534180950774.jpg?resize=1200%2C2133 1200w, https:\/\/i0.wp.com\/patrimoine-avesnois.fr\/eglisesfortifiees\/wp-content\/uploads\/2018\/08\/P1000599-e1534180950774.jpg?w=1680 1680w, https:\/\/i0.wp.com\/patrimoine-avesnois.fr\/eglisesfortifiees\/wp-content\/uploads\/2018\/08\/P1000599-e1534180950774.jpg?w=2520 2520w\" sizes=\"auto, (max-width: 450px) 85vw, 450px\" \/><\/p>\n<figure id=\"attachment_44\" aria-describedby=\"caption-attachment-44\" style=\"width: 840px\" class=\"wp-caption alignnone\"><img data-recalc-dims=\"1\" loading=\"lazy\" decoding=\"async\" data-attachment-id=\"44\" data-permalink=\"http:\/\/patrimoine-avesnois.fr\/eglisesfortifiees\/leglise-de-fontaine-au-bois\/fontaine-au-bois_nord_fr_eglise_vue_laterale\/\" data-orig-file=\"https:\/\/i0.wp.com\/patrimoine-avesnois.fr\/eglisesfortifiees\/wp-content\/uploads\/2018\/08\/Fontaine-au-Bois_Nord_Fr_%C3%A9glise_vue_lat%C3%A9rale.jpg?fit=1280%2C960\" data-orig-size=\"1280,960\" data-comments-opened=\"1\" data-image-meta=\"{&quot;aperture&quot;:&quot;0&quot;,&quot;credit&quot;:&quot;&quot;,&quot;camera&quot;:&quot;&quot;,&quot;caption&quot;:&quot;&quot;,&quot;created_timestamp&quot;:&quot;0&quot;,&quot;copyright&quot;:&quot;&quot;,&quot;focal_length&quot;:&quot;0&quot;,&quot;iso&quot;:&quot;0&quot;,&quot;shutter_speed&quot;:&quot;0&quot;,&quot;title&quot;:&quot;&quot;,&quot;orientation&quot;:&quot;0&quot;}\" data-image-title=\"\" data-image-description=\"\" data-image-caption=\"&lt;p&gt;Clocher donjon devant la nef puis le ch\u0153ur&lt;\/p&gt;\n\" data-large-file=\"https:\/\/i0.wp.com\/patrimoine-avesnois.fr\/eglisesfortifiees\/wp-content\/uploads\/2018\/08\/Fontaine-au-Bois_Nord_Fr_%C3%A9glise_vue_lat%C3%A9rale.jpg?fit=840%2C630\" class=\"size-large wp-image-44\" src=\"https:\/\/i0.wp.com\/patrimoine-avesnois.fr\/eglisesfortifiees\/wp-content\/uploads\/2018\/08\/Fontaine-au-Bois_Nord_Fr_%C3%A9glise_vue_lat%C3%A9rale.jpg?resize=840%2C630\" alt=\"\" width=\"840\" height=\"630\" srcset=\"https:\/\/i0.wp.com\/patrimoine-avesnois.fr\/eglisesfortifiees\/wp-content\/uploads\/2018\/08\/Fontaine-au-Bois_Nord_Fr_%C3%A9glise_vue_lat%C3%A9rale.jpg?resize=1024%2C768 1024w, https:\/\/i0.wp.com\/patrimoine-avesnois.fr\/eglisesfortifiees\/wp-content\/uploads\/2018\/08\/Fontaine-au-Bois_Nord_Fr_%C3%A9glise_vue_lat%C3%A9rale.jpg?resize=300%2C225 300w, https:\/\/i0.wp.com\/patrimoine-avesnois.fr\/eglisesfortifiees\/wp-content\/uploads\/2018\/08\/Fontaine-au-Bois_Nord_Fr_%C3%A9glise_vue_lat%C3%A9rale.jpg?resize=768%2C576 768w, https:\/\/i0.wp.com\/patrimoine-avesnois.fr\/eglisesfortifiees\/wp-content\/uploads\/2018\/08\/Fontaine-au-Bois_Nord_Fr_%C3%A9glise_vue_lat%C3%A9rale.jpg?resize=1200%2C900 1200w, https:\/\/i0.wp.com\/patrimoine-avesnois.fr\/eglisesfortifiees\/wp-content\/uploads\/2018\/08\/Fontaine-au-Bois_Nord_Fr_%C3%A9glise_vue_lat%C3%A9rale.jpg?w=1280 1280w\" sizes=\"auto, (max-width: 709px) 85vw, (max-width: 909px) 67vw, (max-width: 1362px) 62vw, 840px\" \/><figcaption id=\"caption-attachment-44\" class=\"wp-caption-text\">Clocher donjon devant la nef puis le ch\u0153ur<\/figcaption><\/figure>\n<p>Le village de Fontaine-au-Bois \u00e9tant proche de Landrecies, il eut \u00e0 subir tous les d\u00e9sagr\u00e9ments des si\u00e8ges de cette ville fortifi\u00e9e. Ainsi les habitants de Fontaine b\u00e2tirent une \u00e9glise fortifi\u00e9e habitable au XVII si\u00e8cle.<\/p>\n<p>Les fortifications sont bas\u00e9es sur ce donjon construit en moellons de gr\u00e9, sans fen\u00eatres, et qui \u00e0 l\u2019origine n\u2019aurait pas comport\u00e9 de porte. En effet sur la fa\u00e7ade une date indiquant 1807 semblerait \u00eatre l\u2019ann\u00e9e o\u00f9 la porte fut perc\u00e9e.<\/p>\n<figure id=\"attachment_45\" aria-describedby=\"caption-attachment-45\" style=\"width: 450px\" class=\"wp-caption aligncenter\"><img data-recalc-dims=\"1\" loading=\"lazy\" decoding=\"async\" data-attachment-id=\"45\" data-permalink=\"http:\/\/patrimoine-avesnois.fr\/eglisesfortifiees\/leglise-de-fontaine-au-bois\/capture\/\" data-orig-file=\"https:\/\/i0.wp.com\/patrimoine-avesnois.fr\/eglisesfortifiees\/wp-content\/uploads\/2018\/08\/Capture.png?fit=451%2C644\" data-orig-size=\"451,644\" data-comments-opened=\"1\" data-image-meta=\"{&quot;aperture&quot;:&quot;0&quot;,&quot;credit&quot;:&quot;&quot;,&quot;camera&quot;:&quot;&quot;,&quot;caption&quot;:&quot;&quot;,&quot;created_timestamp&quot;:&quot;0&quot;,&quot;copyright&quot;:&quot;&quot;,&quot;focal_length&quot;:&quot;0&quot;,&quot;iso&quot;:&quot;0&quot;,&quot;shutter_speed&quot;:&quot;0&quot;,&quot;title&quot;:&quot;&quot;,&quot;orientation&quot;:&quot;0&quot;}\" data-image-title=\"\" data-image-description=\"\" data-image-caption=\"&lt;p&gt;Album de Cro\u00ff&lt;\/p&gt;\n\" data-large-file=\"https:\/\/i0.wp.com\/patrimoine-avesnois.fr\/eglisesfortifiees\/wp-content\/uploads\/2018\/08\/Capture.png?fit=451%2C644\" class=\"wp-image-45\" src=\"https:\/\/i0.wp.com\/patrimoine-avesnois.fr\/eglisesfortifiees\/wp-content\/uploads\/2018\/08\/Capture.png?resize=450%2C643\" alt=\"\" width=\"450\" height=\"643\" srcset=\"https:\/\/i0.wp.com\/patrimoine-avesnois.fr\/eglisesfortifiees\/wp-content\/uploads\/2018\/08\/Capture.png?w=451 451w, https:\/\/i0.wp.com\/patrimoine-avesnois.fr\/eglisesfortifiees\/wp-content\/uploads\/2018\/08\/Capture.png?resize=210%2C300 210w\" sizes=\"auto, (max-width: 450px) 85vw, 450px\" \/><figcaption id=\"caption-attachment-45\" class=\"wp-caption-text\">Album de Cro\u00ff<\/figcaption><\/figure>\n<p>L\u2019\u00e9glise de Fontaine-au-Bois d\u00e9pendait de l\u2019abbaye Saint Andr\u00e9 de Le Cateau. Elle est visible dans les albums de Cro\u00ff et appara\u00eet avec son tr\u00e8s important clocher-donjon muni de contreforts. L\u2019\u00e9glise \u00e9tait ceintur\u00e9e par un cimeti\u00e8re fortifi\u00e9 avec \u00e0 chaque angle une tour circulaire coiff\u00e9e en poivri\u00e8re.<\/p>\n","protected":false},"excerpt":{"rendered":"<p>Le village de Fontaine-au-Bois \u00e9tant proche de Landrecies, il eut \u00e0 subir tous les d\u00e9sagr\u00e9ments des si\u00e8ges de cette ville fortifi\u00e9e. Ainsi les habitants de Fontaine b\u00e2tirent une \u00e9glise fortifi\u00e9e habitable au XVII si\u00e8cle. Les fortifications sont bas\u00e9es sur ce donjon construit en moellons de gr\u00e9, sans fen\u00eatres, et qui \u00e0 l\u2019origine n\u2019aurait pas comport\u00e9 &hellip; <a href=\"http:\/\/patrimoine-avesnois.fr\/eglisesfortifiees\/leglise-de-fontaine-au-bois\/\" class=\"more-link\">Continuer la lecture<span class=\"screen-reader-text\"> de &laquo;&nbsp;L&rsquo;Eglise de Fontaine-au-Bois&nbsp;&raquo;<\/span><\/a><\/p>\n","protected":false},"author":2,"featured_media":0,"parent":0,"menu_order":15,"comment_status":"closed","ping_status":"closed","template":"","meta":{"jetpack_post_was_ever_published":false,"footnotes":""},"class_list":["post-39","page","type-page","status-publish","hentry"],"jetpack_sharing_enabled":true,"jetpack_shortlink":"https:\/\/wp.me\/PacK2X-D","jetpack-related-posts":[],"_links":{"self":[{"href":"http:\/\/patrimoine-avesnois.fr\/eglisesfortifiees\/wp-json\/wp\/v2\/pages\/39","targetHints":{"allow":["GET"]}}],"collection":[{"href":"http:\/\/patrimoine-avesnois.fr\/eglisesfortifiees\/wp-json\/wp\/v2\/pages"}],"about":[{"href":"http:\/\/patrimoine-avesnois.fr\/eglisesfortifiees\/wp-json\/wp\/v2\/types\/page"}],"author":[{"embeddable":true,"href":"http:\/\/patrimoine-avesnois.fr\/eglisesfortifiees\/wp-json\/wp\/v2\/users\/2"}],"replies":[{"embeddable":true,"href":"http:\/\/patrimoine-avesnois.fr\/eglisesfortifiees\/wp-json\/wp\/v2\/comments?post=39"}],"version-history":[{"count":1,"href":"http:\/\/patrimoine-avesnois.fr\/eglisesfortifiees\/wp-json\/wp\/v2\/pages\/39\/revisions"}],"predecessor-version":[{"id":46,"href":"http:\/\/patrimoine-avesnois.fr\/eglisesfortifiees\/wp-json\/wp\/v2\/pages\/39\/revisions\/46"}],"wp:attachment":[{"href":"http:\/\/patrimoine-avesnois.fr\/eglisesfortifiees\/wp-json\/wp\/v2\/media?parent=39"}],"curies":[{"name":"wp","href":"https:\/\/api.w.org\/{rel}","templated":true}]}}