{"id":62,"date":"2018-08-14T10:41:38","date_gmt":"2018-08-14T08:41:38","guid":{"rendered":"http:\/\/patrimoine-avesnois.fr\/eglisesfortifiees\/?page_id=62"},"modified":"2023-05-17T19:42:31","modified_gmt":"2023-05-17T17:42:31","slug":"leglise-de-cartignies","status":"publish","type":"page","link":"http:\/\/patrimoine-avesnois.fr\/eglisesfortifiees\/leglise-de-cartignies\/","title":{"rendered":"L&rsquo;Eglise de Cartignies"},"content":{"rendered":"<p style=\"text-align: center;\"><img data-recalc-dims=\"1\" loading=\"lazy\" decoding=\"async\" data-attachment-id=\"70\" data-permalink=\"http:\/\/patrimoine-avesnois.fr\/eglisesfortifiees\/leglise-de-cartignies\/img_4399-2\/\" data-orig-file=\"https:\/\/i0.wp.com\/patrimoine-avesnois.fr\/eglisesfortifiees\/wp-content\/uploads\/2018\/08\/IMG_4399-2.jpg?fit=3024%2C4032\" data-orig-size=\"3024,4032\" data-comments-opened=\"1\" data-image-meta=\"{&quot;aperture&quot;:&quot;2.2&quot;,&quot;credit&quot;:&quot;&quot;,&quot;camera&quot;:&quot;iPhone SE&quot;,&quot;caption&quot;:&quot;&quot;,&quot;created_timestamp&quot;:&quot;1534089050&quot;,&quot;copyright&quot;:&quot;&quot;,&quot;focal_length&quot;:&quot;4.15&quot;,&quot;iso&quot;:&quot;25&quot;,&quot;shutter_speed&quot;:&quot;0.00052002080083203&quot;,&quot;title&quot;:&quot;&quot;,&quot;orientation&quot;:&quot;1&quot;}\" data-image-title=\"IMG_4399 (2)\" data-image-description=\"\" data-image-caption=\"\" data-large-file=\"https:\/\/i0.wp.com\/patrimoine-avesnois.fr\/eglisesfortifiees\/wp-content\/uploads\/2018\/08\/IMG_4399-2.jpg?fit=768%2C1024\" class=\"alignnone wp-image-70\" src=\"https:\/\/i0.wp.com\/patrimoine-avesnois.fr\/eglisesfortifiees\/wp-content\/uploads\/2018\/08\/IMG_4399-2.jpg?resize=450%2C600\" alt=\"\" width=\"450\" height=\"600\" srcset=\"https:\/\/i0.wp.com\/patrimoine-avesnois.fr\/eglisesfortifiees\/wp-content\/uploads\/2018\/08\/IMG_4399-2.jpg?resize=768%2C1024 768w, https:\/\/i0.wp.com\/patrimoine-avesnois.fr\/eglisesfortifiees\/wp-content\/uploads\/2018\/08\/IMG_4399-2.jpg?resize=225%2C300 225w, https:\/\/i0.wp.com\/patrimoine-avesnois.fr\/eglisesfortifiees\/wp-content\/uploads\/2018\/08\/IMG_4399-2.jpg?resize=1200%2C1600 1200w, https:\/\/i0.wp.com\/patrimoine-avesnois.fr\/eglisesfortifiees\/wp-content\/uploads\/2018\/08\/IMG_4399-2.jpg?w=1680 1680w, https:\/\/i0.wp.com\/patrimoine-avesnois.fr\/eglisesfortifiees\/wp-content\/uploads\/2018\/08\/IMG_4399-2.jpg?w=2520 2520w\" sizes=\"auto, (max-width: 450px) 85vw, 450px\" \/><\/p>\n<p style=\"text-align: center;\"><img data-recalc-dims=\"1\" loading=\"lazy\" decoding=\"async\" data-attachment-id=\"64\" data-permalink=\"http:\/\/patrimoine-avesnois.fr\/eglisesfortifiees\/leglise-de-cartignies\/img_4401\/\" data-orig-file=\"https:\/\/i0.wp.com\/patrimoine-avesnois.fr\/eglisesfortifiees\/wp-content\/uploads\/2018\/08\/IMG_4401-e1534235693450.jpg?fit=3024%2C4032\" data-orig-size=\"3024,4032\" data-comments-opened=\"1\" data-image-meta=\"{&quot;aperture&quot;:&quot;2.2&quot;,&quot;credit&quot;:&quot;&quot;,&quot;camera&quot;:&quot;iPhone SE&quot;,&quot;caption&quot;:&quot;&quot;,&quot;created_timestamp&quot;:&quot;1534089086&quot;,&quot;copyright&quot;:&quot;&quot;,&quot;focal_length&quot;:&quot;4.15&quot;,&quot;iso&quot;:&quot;25&quot;,&quot;shutter_speed&quot;:&quot;0.0006631299734748&quot;,&quot;title&quot;:&quot;&quot;,&quot;orientation&quot;:&quot;6&quot;}\" data-image-title=\"IMG_4401\" data-image-description=\"\" data-image-caption=\"\" data-large-file=\"https:\/\/i0.wp.com\/patrimoine-avesnois.fr\/eglisesfortifiees\/wp-content\/uploads\/2018\/08\/IMG_4401-e1534235693450.jpg?fit=768%2C1024\" class=\"alignnone wp-image-64\" src=\"https:\/\/i0.wp.com\/patrimoine-avesnois.fr\/eglisesfortifiees\/wp-content\/uploads\/2018\/08\/IMG_4401-e1534235693450-768x1024.jpg?resize=450%2C600\" alt=\"\" width=\"450\" height=\"600\" srcset=\"https:\/\/i0.wp.com\/patrimoine-avesnois.fr\/eglisesfortifiees\/wp-content\/uploads\/2018\/08\/IMG_4401-e1534235693450.jpg?resize=768%2C1024 768w, https:\/\/i0.wp.com\/patrimoine-avesnois.fr\/eglisesfortifiees\/wp-content\/uploads\/2018\/08\/IMG_4401-e1534235693450.jpg?resize=225%2C300 225w, https:\/\/i0.wp.com\/patrimoine-avesnois.fr\/eglisesfortifiees\/wp-content\/uploads\/2018\/08\/IMG_4401-e1534235693450.jpg?resize=1200%2C1600 1200w, https:\/\/i0.wp.com\/patrimoine-avesnois.fr\/eglisesfortifiees\/wp-content\/uploads\/2018\/08\/IMG_4401-e1534235693450.jpg?w=1680 1680w, https:\/\/i0.wp.com\/patrimoine-avesnois.fr\/eglisesfortifiees\/wp-content\/uploads\/2018\/08\/IMG_4401-e1534235693450.jpg?w=2520 2520w\" sizes=\"auto, (max-width: 450px) 85vw, 450px\" \/><\/p>\n<p style=\"text-align: center;\"><img data-recalc-dims=\"1\" loading=\"lazy\" decoding=\"async\" data-attachment-id=\"158\" data-permalink=\"http:\/\/patrimoine-avesnois.fr\/eglisesfortifiees\/leglise-de-cartignies\/800px-eglise_cartignies\/\" data-orig-file=\"https:\/\/i0.wp.com\/patrimoine-avesnois.fr\/eglisesfortifiees\/wp-content\/uploads\/2018\/08\/800px-%C3%89glise_Cartignies.jpg?fit=800%2C1067\" data-orig-size=\"800,1067\" data-comments-opened=\"1\" data-image-meta=\"{&quot;aperture&quot;:&quot;0&quot;,&quot;credit&quot;:&quot;&quot;,&quot;camera&quot;:&quot;&quot;,&quot;caption&quot;:&quot;&quot;,&quot;created_timestamp&quot;:&quot;1534251592&quot;,&quot;copyright&quot;:&quot;&quot;,&quot;focal_length&quot;:&quot;0&quot;,&quot;iso&quot;:&quot;0&quot;,&quot;shutter_speed&quot;:&quot;0&quot;,&quot;title&quot;:&quot;&quot;,&quot;orientation&quot;:&quot;1&quot;}\" data-image-title=\"800px-\u00c9glise_Cartignies\" data-image-description=\"\" data-image-caption=\"\" data-large-file=\"https:\/\/i0.wp.com\/patrimoine-avesnois.fr\/eglisesfortifiees\/wp-content\/uploads\/2018\/08\/800px-%C3%89glise_Cartignies.jpg?fit=768%2C1024\" class=\"alignnone wp-image-158\" src=\"https:\/\/i0.wp.com\/patrimoine-avesnois.fr\/eglisesfortifiees\/wp-content\/uploads\/2018\/08\/800px-%C3%89glise_Cartignies.jpg?resize=450%2C600\" alt=\"\" width=\"450\" height=\"600\" srcset=\"https:\/\/i0.wp.com\/patrimoine-avesnois.fr\/eglisesfortifiees\/wp-content\/uploads\/2018\/08\/800px-%C3%89glise_Cartignies.jpg?resize=768%2C1024 768w, https:\/\/i0.wp.com\/patrimoine-avesnois.fr\/eglisesfortifiees\/wp-content\/uploads\/2018\/08\/800px-%C3%89glise_Cartignies.jpg?resize=225%2C300 225w, https:\/\/i0.wp.com\/patrimoine-avesnois.fr\/eglisesfortifiees\/wp-content\/uploads\/2018\/08\/800px-%C3%89glise_Cartignies.jpg?w=800 800w\" sizes=\"auto, (max-width: 450px) 85vw, 450px\" \/><\/p>\n<p style=\"text-align: center;\"><img data-recalc-dims=\"1\" loading=\"lazy\" decoding=\"async\" data-attachment-id=\"156\" data-permalink=\"http:\/\/patrimoine-avesnois.fr\/eglisesfortifiees\/leglise-de-cartignies\/img_4403-2\/\" data-orig-file=\"https:\/\/i0.wp.com\/patrimoine-avesnois.fr\/eglisesfortifiees\/wp-content\/uploads\/2018\/08\/IMG_4403-1.jpg?fit=3024%2C4032\" data-orig-size=\"3024,4032\" data-comments-opened=\"1\" data-image-meta=\"{&quot;aperture&quot;:&quot;2.2&quot;,&quot;credit&quot;:&quot;&quot;,&quot;camera&quot;:&quot;iPhone SE&quot;,&quot;caption&quot;:&quot;&quot;,&quot;created_timestamp&quot;:&quot;1534089177&quot;,&quot;copyright&quot;:&quot;&quot;,&quot;focal_length&quot;:&quot;4.15&quot;,&quot;iso&quot;:&quot;25&quot;,&quot;shutter_speed&quot;:&quot;0.0020533880903491&quot;,&quot;title&quot;:&quot;&quot;,&quot;orientation&quot;:&quot;1&quot;}\" data-image-title=\"IMG_4403\" data-image-description=\"\" data-image-caption=\"\" data-large-file=\"https:\/\/i0.wp.com\/patrimoine-avesnois.fr\/eglisesfortifiees\/wp-content\/uploads\/2018\/08\/IMG_4403-1.jpg?fit=768%2C1024\" class=\"alignnone wp-image-156\" src=\"https:\/\/i0.wp.com\/patrimoine-avesnois.fr\/eglisesfortifiees\/wp-content\/uploads\/2018\/08\/IMG_4403-1.jpg?resize=450%2C600\" alt=\"\" width=\"450\" height=\"600\" srcset=\"https:\/\/i0.wp.com\/patrimoine-avesnois.fr\/eglisesfortifiees\/wp-content\/uploads\/2018\/08\/IMG_4403-1.jpg?resize=768%2C1024 768w, https:\/\/i0.wp.com\/patrimoine-avesnois.fr\/eglisesfortifiees\/wp-content\/uploads\/2018\/08\/IMG_4403-1.jpg?resize=225%2C300 225w, https:\/\/i0.wp.com\/patrimoine-avesnois.fr\/eglisesfortifiees\/wp-content\/uploads\/2018\/08\/IMG_4403-1.jpg?resize=1200%2C1600 1200w, https:\/\/i0.wp.com\/patrimoine-avesnois.fr\/eglisesfortifiees\/wp-content\/uploads\/2018\/08\/IMG_4403-1.jpg?w=1680 1680w, https:\/\/i0.wp.com\/patrimoine-avesnois.fr\/eglisesfortifiees\/wp-content\/uploads\/2018\/08\/IMG_4403-1.jpg?w=2520 2520w\" sizes=\"auto, (max-width: 450px) 85vw, 450px\" \/><\/p>\n<p style=\"text-align: center;\"><img data-recalc-dims=\"1\" loading=\"lazy\" decoding=\"async\" data-attachment-id=\"66\" data-permalink=\"http:\/\/patrimoine-avesnois.fr\/eglisesfortifiees\/leglise-de-cartignies\/img_4407\/\" data-orig-file=\"https:\/\/i0.wp.com\/patrimoine-avesnois.fr\/eglisesfortifiees\/wp-content\/uploads\/2018\/08\/IMG_4407-e1534235931602.jpg?fit=3024%2C4032\" data-orig-size=\"3024,4032\" data-comments-opened=\"1\" data-image-meta=\"{&quot;aperture&quot;:&quot;2.2&quot;,&quot;credit&quot;:&quot;&quot;,&quot;camera&quot;:&quot;iPhone SE&quot;,&quot;caption&quot;:&quot;&quot;,&quot;created_timestamp&quot;:&quot;1534089340&quot;,&quot;copyright&quot;:&quot;&quot;,&quot;focal_length&quot;:&quot;4.15&quot;,&quot;iso&quot;:&quot;25&quot;,&quot;shutter_speed&quot;:&quot;0.00068917987594762&quot;,&quot;title&quot;:&quot;&quot;,&quot;orientation&quot;:&quot;6&quot;}\" data-image-title=\"IMG_4407\" data-image-description=\"\" data-image-caption=\"\" data-large-file=\"https:\/\/i0.wp.com\/patrimoine-avesnois.fr\/eglisesfortifiees\/wp-content\/uploads\/2018\/08\/IMG_4407-e1534235931602.jpg?fit=768%2C1024\" class=\"alignnone wp-image-66\" src=\"https:\/\/i0.wp.com\/patrimoine-avesnois.fr\/eglisesfortifiees\/wp-content\/uploads\/2018\/08\/IMG_4407-e1534235931602-768x1024.jpg?resize=450%2C600\" alt=\"\" width=\"450\" height=\"600\" srcset=\"https:\/\/i0.wp.com\/patrimoine-avesnois.fr\/eglisesfortifiees\/wp-content\/uploads\/2018\/08\/IMG_4407-e1534235931602.jpg?resize=768%2C1024 768w, https:\/\/i0.wp.com\/patrimoine-avesnois.fr\/eglisesfortifiees\/wp-content\/uploads\/2018\/08\/IMG_4407-e1534235931602.jpg?resize=225%2C300 225w, https:\/\/i0.wp.com\/patrimoine-avesnois.fr\/eglisesfortifiees\/wp-content\/uploads\/2018\/08\/IMG_4407-e1534235931602.jpg?resize=1200%2C1600 1200w, https:\/\/i0.wp.com\/patrimoine-avesnois.fr\/eglisesfortifiees\/wp-content\/uploads\/2018\/08\/IMG_4407-e1534235931602.jpg?w=1680 1680w, https:\/\/i0.wp.com\/patrimoine-avesnois.fr\/eglisesfortifiees\/wp-content\/uploads\/2018\/08\/IMG_4407-e1534235931602.jpg?w=2520 2520w\" sizes=\"auto, (max-width: 450px) 85vw, 450px\" \/><\/p>\n<p style=\"text-align: center;\"><img data-recalc-dims=\"1\" loading=\"lazy\" decoding=\"async\" data-attachment-id=\"67\" data-permalink=\"http:\/\/patrimoine-avesnois.fr\/eglisesfortifiees\/leglise-de-cartignies\/img_4402\/\" data-orig-file=\"https:\/\/i0.wp.com\/patrimoine-avesnois.fr\/eglisesfortifiees\/wp-content\/uploads\/2018\/08\/IMG_4402-e1534236044389.jpg?fit=3024%2C4032\" data-orig-size=\"3024,4032\" data-comments-opened=\"1\" data-image-meta=\"{&quot;aperture&quot;:&quot;2.2&quot;,&quot;credit&quot;:&quot;&quot;,&quot;camera&quot;:&quot;iPhone SE&quot;,&quot;caption&quot;:&quot;&quot;,&quot;created_timestamp&quot;:&quot;1534089153&quot;,&quot;copyright&quot;:&quot;&quot;,&quot;focal_length&quot;:&quot;4.15&quot;,&quot;iso&quot;:&quot;25&quot;,&quot;shutter_speed&quot;:&quot;0.01&quot;,&quot;title&quot;:&quot;&quot;,&quot;orientation&quot;:&quot;6&quot;}\" data-image-title=\"IMG_4402\" data-image-description=\"\" data-image-caption=\"\" data-large-file=\"https:\/\/i0.wp.com\/patrimoine-avesnois.fr\/eglisesfortifiees\/wp-content\/uploads\/2018\/08\/IMG_4402-e1534236044389.jpg?fit=768%2C1024\" class=\"alignnone wp-image-67\" src=\"https:\/\/i0.wp.com\/patrimoine-avesnois.fr\/eglisesfortifiees\/wp-content\/uploads\/2018\/08\/IMG_4402-e1534236044389-768x1024.jpg?resize=450%2C600\" alt=\"\" width=\"450\" height=\"600\" srcset=\"https:\/\/i0.wp.com\/patrimoine-avesnois.fr\/eglisesfortifiees\/wp-content\/uploads\/2018\/08\/IMG_4402-e1534236044389.jpg?resize=768%2C1024 768w, https:\/\/i0.wp.com\/patrimoine-avesnois.fr\/eglisesfortifiees\/wp-content\/uploads\/2018\/08\/IMG_4402-e1534236044389.jpg?resize=225%2C300 225w, https:\/\/i0.wp.com\/patrimoine-avesnois.fr\/eglisesfortifiees\/wp-content\/uploads\/2018\/08\/IMG_4402-e1534236044389.jpg?resize=1200%2C1600 1200w, https:\/\/i0.wp.com\/patrimoine-avesnois.fr\/eglisesfortifiees\/wp-content\/uploads\/2018\/08\/IMG_4402-e1534236044389.jpg?w=1680 1680w, https:\/\/i0.wp.com\/patrimoine-avesnois.fr\/eglisesfortifiees\/wp-content\/uploads\/2018\/08\/IMG_4402-e1534236044389.jpg?w=2520 2520w\" sizes=\"auto, (max-width: 450px) 85vw, 450px\" \/><\/p>\n<p>La construction de l\u2019\u00e9glise Saint-Sauveur remonte \u00e0 1650 avec un premier remaniement en 1670.\u00a0 C\u2019est un fort clocher-donjon carr\u00e9 avec contreforts qui comportait dans ses \u00e9tages des salles de refuge et de d\u00e9fense.<\/p>\n","protected":false},"excerpt":{"rendered":"<p>La construction de l\u2019\u00e9glise Saint-Sauveur remonte \u00e0 1650 avec un premier remaniement en 1670.\u00a0 C\u2019est un fort clocher-donjon carr\u00e9 avec contreforts qui comportait dans ses \u00e9tages des salles de refuge et de d\u00e9fense.<\/p>\n","protected":false},"author":2,"featured_media":0,"parent":0,"menu_order":8,"comment_status":"closed","ping_status":"closed","template":"","meta":{"jetpack_post_was_ever_published":false,"footnotes":""},"class_list":["post-62","page","type-page","status-publish","hentry"],"jetpack_sharing_enabled":true,"jetpack_shortlink":"https:\/\/wp.me\/PacK2X-10","jetpack-related-posts":[],"_links":{"self":[{"href":"http:\/\/patrimoine-avesnois.fr\/eglisesfortifiees\/wp-json\/wp\/v2\/pages\/62","targetHints":{"allow":["GET"]}}],"collection":[{"href":"http:\/\/patrimoine-avesnois.fr\/eglisesfortifiees\/wp-json\/wp\/v2\/pages"}],"about":[{"href":"http:\/\/patrimoine-avesnois.fr\/eglisesfortifiees\/wp-json\/wp\/v2\/types\/page"}],"author":[{"embeddable":true,"href":"http:\/\/patrimoine-avesnois.fr\/eglisesfortifiees\/wp-json\/wp\/v2\/users\/2"}],"replies":[{"embeddable":true,"href":"http:\/\/patrimoine-avesnois.fr\/eglisesfortifiees\/wp-json\/wp\/v2\/comments?post=62"}],"version-history":[{"count":5,"href":"http:\/\/patrimoine-avesnois.fr\/eglisesfortifiees\/wp-json\/wp\/v2\/pages\/62\/revisions"}],"predecessor-version":[{"id":159,"href":"http:\/\/patrimoine-avesnois.fr\/eglisesfortifiees\/wp-json\/wp\/v2\/pages\/62\/revisions\/159"}],"wp:attachment":[{"href":"http:\/\/patrimoine-avesnois.fr\/eglisesfortifiees\/wp-json\/wp\/v2\/media?parent=62"}],"curies":[{"name":"wp","href":"https:\/\/api.w.org\/{rel}","templated":true}]}}