{"id":99,"date":"2018-08-14T11:31:43","date_gmt":"2018-08-14T09:31:43","guid":{"rendered":"http:\/\/patrimoine-avesnois.fr\/eglisesfortifiees\/?page_id=99"},"modified":"2023-05-17T19:42:22","modified_gmt":"2023-05-17T17:42:22","slug":"leglise-de-beaudignies","status":"publish","type":"page","link":"http:\/\/patrimoine-avesnois.fr\/eglisesfortifiees\/leglise-de-beaudignies\/","title":{"rendered":"L&rsquo;Eglise de Beaudignies"},"content":{"rendered":"<p style=\"text-align: center;\"><img data-recalc-dims=\"1\" loading=\"lazy\" decoding=\"async\" data-attachment-id=\"100\" data-permalink=\"http:\/\/patrimoine-avesnois.fr\/eglisesfortifiees\/leglise-de-beaudignies\/800px-beaudignies_nord_fr_eglise_facade\/\" data-orig-file=\"https:\/\/i0.wp.com\/patrimoine-avesnois.fr\/eglisesfortifiees\/wp-content\/uploads\/2018\/08\/800px-Beaudignies_Nord_Fr_%C3%A9glise_fa%C3%A7ade.jpg?fit=800%2C1067\" data-orig-size=\"800,1067\" data-comments-opened=\"1\" data-image-meta=\"{&quot;aperture&quot;:&quot;0&quot;,&quot;credit&quot;:&quot;&quot;,&quot;camera&quot;:&quot;&quot;,&quot;caption&quot;:&quot;&quot;,&quot;created_timestamp&quot;:&quot;0&quot;,&quot;copyright&quot;:&quot;&quot;,&quot;focal_length&quot;:&quot;0&quot;,&quot;iso&quot;:&quot;0&quot;,&quot;shutter_speed&quot;:&quot;0&quot;,&quot;title&quot;:&quot;&quot;,&quot;orientation&quot;:&quot;0&quot;}\" data-image-title=\"800px-Beaudignies_(Nord,_Fr)_\u00e9glise,_fa\u00e7ade\" data-image-description=\"\" data-image-caption=\"\" data-large-file=\"https:\/\/i0.wp.com\/patrimoine-avesnois.fr\/eglisesfortifiees\/wp-content\/uploads\/2018\/08\/800px-Beaudignies_Nord_Fr_%C3%A9glise_fa%C3%A7ade.jpg?fit=768%2C1024\" class=\"alignnone wp-image-100\" src=\"https:\/\/i0.wp.com\/patrimoine-avesnois.fr\/eglisesfortifiees\/wp-content\/uploads\/2018\/08\/800px-Beaudignies_Nord_Fr_%C3%A9glise_fa%C3%A7ade.jpg?resize=450%2C600\" alt=\"\" width=\"450\" height=\"600\" srcset=\"https:\/\/i0.wp.com\/patrimoine-avesnois.fr\/eglisesfortifiees\/wp-content\/uploads\/2018\/08\/800px-Beaudignies_Nord_Fr_%C3%A9glise_fa%C3%A7ade.jpg?resize=768%2C1024 768w, https:\/\/i0.wp.com\/patrimoine-avesnois.fr\/eglisesfortifiees\/wp-content\/uploads\/2018\/08\/800px-Beaudignies_Nord_Fr_%C3%A9glise_fa%C3%A7ade.jpg?resize=225%2C300 225w, https:\/\/i0.wp.com\/patrimoine-avesnois.fr\/eglisesfortifiees\/wp-content\/uploads\/2018\/08\/800px-Beaudignies_Nord_Fr_%C3%A9glise_fa%C3%A7ade.jpg?w=800 800w\" sizes=\"auto, (max-width: 450px) 85vw, 450px\" \/><\/p>\n<p style=\"text-align: center;\"><img data-recalc-dims=\"1\" loading=\"lazy\" decoding=\"async\" data-attachment-id=\"160\" data-permalink=\"http:\/\/patrimoine-avesnois.fr\/eglisesfortifiees\/leglise-de-beaudignies\/450px-beaudignies_nord_fr_eglise_vue_semi-laterale\/\" data-orig-file=\"https:\/\/i0.wp.com\/patrimoine-avesnois.fr\/eglisesfortifiees\/wp-content\/uploads\/2018\/08\/450px-Beaudignies_Nord_Fr_%C3%A9glise_vue_semi-lat%C3%A9rale.jpg?fit=450%2C600\" data-orig-size=\"450,600\" data-comments-opened=\"1\" data-image-meta=\"{&quot;aperture&quot;:&quot;0&quot;,&quot;credit&quot;:&quot;&quot;,&quot;camera&quot;:&quot;&quot;,&quot;caption&quot;:&quot;&quot;,&quot;created_timestamp&quot;:&quot;0&quot;,&quot;copyright&quot;:&quot;&quot;,&quot;focal_length&quot;:&quot;0&quot;,&quot;iso&quot;:&quot;0&quot;,&quot;shutter_speed&quot;:&quot;0&quot;,&quot;title&quot;:&quot;&quot;,&quot;orientation&quot;:&quot;0&quot;}\" data-image-title=\"450px-Beaudignies_(Nord,_Fr)_\u00e9glise,_vue_semi-lat\u00e9rale\" data-image-description=\"\" data-image-caption=\"\" data-large-file=\"https:\/\/i0.wp.com\/patrimoine-avesnois.fr\/eglisesfortifiees\/wp-content\/uploads\/2018\/08\/450px-Beaudignies_Nord_Fr_%C3%A9glise_vue_semi-lat%C3%A9rale.jpg?fit=450%2C600\" class=\"alignnone wp-image-160 size-full\" src=\"https:\/\/i0.wp.com\/patrimoine-avesnois.fr\/eglisesfortifiees\/wp-content\/uploads\/2018\/08\/450px-Beaudignies_Nord_Fr_%C3%A9glise_vue_semi-lat%C3%A9rale.jpg?resize=450%2C600\" alt=\"\" width=\"450\" height=\"600\" srcset=\"https:\/\/i0.wp.com\/patrimoine-avesnois.fr\/eglisesfortifiees\/wp-content\/uploads\/2018\/08\/450px-Beaudignies_Nord_Fr_%C3%A9glise_vue_semi-lat%C3%A9rale.jpg?w=450 450w, https:\/\/i0.wp.com\/patrimoine-avesnois.fr\/eglisesfortifiees\/wp-content\/uploads\/2018\/08\/450px-Beaudignies_Nord_Fr_%C3%A9glise_vue_semi-lat%C3%A9rale.jpg?resize=225%2C300 225w\" sizes=\"auto, (max-width: 450px) 85vw, 450px\" \/><\/p>\n<p style=\"text-align: center;\"><img data-recalc-dims=\"1\" loading=\"lazy\" decoding=\"async\" data-attachment-id=\"174\" data-permalink=\"http:\/\/patrimoine-avesnois.fr\/eglisesfortifiees\/leglise-de-beaudignies\/p1000622\/\" data-orig-file=\"https:\/\/i0.wp.com\/patrimoine-avesnois.fr\/eglisesfortifiees\/wp-content\/uploads\/2018\/08\/P1000622.jpg?fit=4608%2C2592\" data-orig-size=\"4608,2592\" data-comments-opened=\"1\" data-image-meta=\"{&quot;aperture&quot;:&quot;11&quot;,&quot;credit&quot;:&quot;&quot;,&quot;camera&quot;:&quot;DMC-SZ10&quot;,&quot;caption&quot;:&quot;&quot;,&quot;created_timestamp&quot;:&quot;1534687809&quot;,&quot;copyright&quot;:&quot;&quot;,&quot;focal_length&quot;:&quot;12.1&quot;,&quot;iso&quot;:&quot;100&quot;,&quot;shutter_speed&quot;:&quot;0.005&quot;,&quot;title&quot;:&quot;&quot;,&quot;orientation&quot;:&quot;1&quot;}\" data-image-title=\"P1000622\" data-image-description=\"\" data-image-caption=\"\" data-large-file=\"https:\/\/i0.wp.com\/patrimoine-avesnois.fr\/eglisesfortifiees\/wp-content\/uploads\/2018\/08\/P1000622.jpg?fit=840%2C473\" class=\"alignnone wp-image-174\" src=\"https:\/\/i0.wp.com\/patrimoine-avesnois.fr\/eglisesfortifiees\/wp-content\/uploads\/2018\/08\/P1000622.jpg?resize=718%2C404\" alt=\"\" width=\"718\" height=\"404\" srcset=\"https:\/\/i0.wp.com\/patrimoine-avesnois.fr\/eglisesfortifiees\/wp-content\/uploads\/2018\/08\/P1000622.jpg?resize=1024%2C576 1024w, https:\/\/i0.wp.com\/patrimoine-avesnois.fr\/eglisesfortifiees\/wp-content\/uploads\/2018\/08\/P1000622.jpg?resize=300%2C169 300w, https:\/\/i0.wp.com\/patrimoine-avesnois.fr\/eglisesfortifiees\/wp-content\/uploads\/2018\/08\/P1000622.jpg?resize=768%2C432 768w, https:\/\/i0.wp.com\/patrimoine-avesnois.fr\/eglisesfortifiees\/wp-content\/uploads\/2018\/08\/P1000622.jpg?resize=1200%2C675 1200w, https:\/\/i0.wp.com\/patrimoine-avesnois.fr\/eglisesfortifiees\/wp-content\/uploads\/2018\/08\/P1000622.jpg?w=1680 1680w, https:\/\/i0.wp.com\/patrimoine-avesnois.fr\/eglisesfortifiees\/wp-content\/uploads\/2018\/08\/P1000622.jpg?w=2520 2520w\" sizes=\"auto, (max-width: 718px) 85vw, 718px\" \/><\/p>\n<p>L\u2019\u00e9glise Saint Etienne de Beaudignies fut \u00e9difi\u00e9e au XV si\u00e8cle et fortifi\u00e9e au XVI si\u00e8cle.<\/p>\n<p>En 1609 la tour s\u2019effondra et fut alors reb\u00e2tie. Ce gros donjon carr\u00e9 comportait une salle-refuge. Encore de nos jours, il est flanqu\u00e9 d\u2019une tourelle ronde.<\/p>\n<p>Celle-ci abrite un escalier \u00e0 vis et se compose de nombreuses meurtri\u00e8res qui permettaient de repousser l\u2019assaillant.<\/p>\n<p style=\"text-align: center;\"><img data-recalc-dims=\"1\" loading=\"lazy\" decoding=\"async\" data-attachment-id=\"162\" data-permalink=\"http:\/\/patrimoine-avesnois.fr\/eglisesfortifiees\/leglise-de-beaudignies\/905_001\/\" data-orig-file=\"https:\/\/i0.wp.com\/patrimoine-avesnois.fr\/eglisesfortifiees\/wp-content\/uploads\/2018\/08\/905_001.jpg?fit=968%2C1514\" data-orig-size=\"968,1514\" data-comments-opened=\"1\" data-image-meta=\"{&quot;aperture&quot;:&quot;0&quot;,&quot;credit&quot;:&quot;&quot;,&quot;camera&quot;:&quot;&quot;,&quot;caption&quot;:&quot;&quot;,&quot;created_timestamp&quot;:&quot;1534417438&quot;,&quot;copyright&quot;:&quot;&quot;,&quot;focal_length&quot;:&quot;0&quot;,&quot;iso&quot;:&quot;0&quot;,&quot;shutter_speed&quot;:&quot;0&quot;,&quot;title&quot;:&quot;&quot;,&quot;orientation&quot;:&quot;1&quot;}\" data-image-title=\"905_001\" data-image-description=\"\" data-image-caption=\"\" data-large-file=\"https:\/\/i0.wp.com\/patrimoine-avesnois.fr\/eglisesfortifiees\/wp-content\/uploads\/2018\/08\/905_001.jpg?fit=655%2C1024\" class=\"alignnone wp-image-162\" src=\"https:\/\/i0.wp.com\/patrimoine-avesnois.fr\/eglisesfortifiees\/wp-content\/uploads\/2018\/08\/905_001.jpg?resize=450%2C704\" alt=\"\" width=\"450\" height=\"704\" srcset=\"https:\/\/i0.wp.com\/patrimoine-avesnois.fr\/eglisesfortifiees\/wp-content\/uploads\/2018\/08\/905_001.jpg?resize=655%2C1024 655w, https:\/\/i0.wp.com\/patrimoine-avesnois.fr\/eglisesfortifiees\/wp-content\/uploads\/2018\/08\/905_001.jpg?resize=192%2C300 192w, https:\/\/i0.wp.com\/patrimoine-avesnois.fr\/eglisesfortifiees\/wp-content\/uploads\/2018\/08\/905_001.jpg?resize=768%2C1201 768w, https:\/\/i0.wp.com\/patrimoine-avesnois.fr\/eglisesfortifiees\/wp-content\/uploads\/2018\/08\/905_001.jpg?w=968 968w\" sizes=\"auto, (max-width: 450px) 85vw, 450px\" \/><\/p>\n<figure id=\"attachment_101\" aria-describedby=\"caption-attachment-101\" style=\"width: 718px\" class=\"wp-caption aligncenter\"><img data-recalc-dims=\"1\" loading=\"lazy\" decoding=\"async\" data-attachment-id=\"101\" data-permalink=\"http:\/\/patrimoine-avesnois.fr\/eglisesfortifiees\/leglise-de-beaudignies\/capture-5\/\" data-orig-file=\"https:\/\/i0.wp.com\/patrimoine-avesnois.fr\/eglisesfortifiees\/wp-content\/uploads\/2018\/08\/Capture-4.png?fit=718%2C487\" data-orig-size=\"718,487\" data-comments-opened=\"1\" data-image-meta=\"{&quot;aperture&quot;:&quot;0&quot;,&quot;credit&quot;:&quot;&quot;,&quot;camera&quot;:&quot;&quot;,&quot;caption&quot;:&quot;&quot;,&quot;created_timestamp&quot;:&quot;0&quot;,&quot;copyright&quot;:&quot;&quot;,&quot;focal_length&quot;:&quot;0&quot;,&quot;iso&quot;:&quot;0&quot;,&quot;shutter_speed&quot;:&quot;0&quot;,&quot;title&quot;:&quot;&quot;,&quot;orientation&quot;:&quot;0&quot;}\" data-image-title=\"Capture\" data-image-description=\"\" data-image-caption=\"&lt;p&gt;La tour fut de nouveau reb\u00e2tie en 1825&lt;\/p&gt;\n\" data-large-file=\"https:\/\/i0.wp.com\/patrimoine-avesnois.fr\/eglisesfortifiees\/wp-content\/uploads\/2018\/08\/Capture-4.png?fit=718%2C487\" class=\"size-full wp-image-101\" src=\"https:\/\/i0.wp.com\/patrimoine-avesnois.fr\/eglisesfortifiees\/wp-content\/uploads\/2018\/08\/Capture-4.png?resize=718%2C487\" alt=\"\" width=\"718\" height=\"487\" srcset=\"https:\/\/i0.wp.com\/patrimoine-avesnois.fr\/eglisesfortifiees\/wp-content\/uploads\/2018\/08\/Capture-4.png?w=718 718w, https:\/\/i0.wp.com\/patrimoine-avesnois.fr\/eglisesfortifiees\/wp-content\/uploads\/2018\/08\/Capture-4.png?resize=300%2C203 300w\" sizes=\"auto, (max-width: 718px) 85vw, 718px\" \/><figcaption id=\"caption-attachment-101\" class=\"wp-caption-text\">La tour fut de nouveau reb\u00e2tie en 1825<\/figcaption><\/figure>\n","protected":false},"excerpt":{"rendered":"<p>L\u2019\u00e9glise Saint Etienne de Beaudignies fut \u00e9difi\u00e9e au XV si\u00e8cle et fortifi\u00e9e au XVI si\u00e8cle. En 1609 la tour s\u2019effondra et fut alors reb\u00e2tie. Ce gros donjon carr\u00e9 comportait une salle-refuge. Encore de nos jours, il est flanqu\u00e9 d\u2019une tourelle ronde. Celle-ci abrite un escalier \u00e0 vis et se compose de nombreuses meurtri\u00e8res qui permettaient &hellip; <a href=\"http:\/\/patrimoine-avesnois.fr\/eglisesfortifiees\/leglise-de-beaudignies\/\" class=\"more-link\">Continuer la lecture<span class=\"screen-reader-text\"> de &laquo;&nbsp;L&rsquo;Eglise de Beaudignies&nbsp;&raquo;<\/span><\/a><\/p>\n","protected":false},"author":2,"featured_media":0,"parent":0,"menu_order":6,"comment_status":"closed","ping_status":"closed","template":"","meta":{"jetpack_post_was_ever_published":false,"footnotes":""},"class_list":["post-99","page","type-page","status-publish","hentry"],"jetpack_sharing_enabled":true,"jetpack_shortlink":"https:\/\/wp.me\/PacK2X-1B","jetpack-related-posts":[],"_links":{"self":[{"href":"http:\/\/patrimoine-avesnois.fr\/eglisesfortifiees\/wp-json\/wp\/v2\/pages\/99","targetHints":{"allow":["GET"]}}],"collection":[{"href":"http:\/\/patrimoine-avesnois.fr\/eglisesfortifiees\/wp-json\/wp\/v2\/pages"}],"about":[{"href":"http:\/\/patrimoine-avesnois.fr\/eglisesfortifiees\/wp-json\/wp\/v2\/types\/page"}],"author":[{"embeddable":true,"href":"http:\/\/patrimoine-avesnois.fr\/eglisesfortifiees\/wp-json\/wp\/v2\/users\/2"}],"replies":[{"embeddable":true,"href":"http:\/\/patrimoine-avesnois.fr\/eglisesfortifiees\/wp-json\/wp\/v2\/comments?post=99"}],"version-history":[{"count":5,"href":"http:\/\/patrimoine-avesnois.fr\/eglisesfortifiees\/wp-json\/wp\/v2\/pages\/99\/revisions"}],"predecessor-version":[{"id":161,"href":"http:\/\/patrimoine-avesnois.fr\/eglisesfortifiees\/wp-json\/wp\/v2\/pages\/99\/revisions\/161"}],"wp:attachment":[{"href":"http:\/\/patrimoine-avesnois.fr\/eglisesfortifiees\/wp-json\/wp\/v2\/media?parent=99"}],"curies":[{"name":"wp","href":"https:\/\/api.w.org\/{rel}","templated":true}]}}