{"id":10,"date":"2021-05-03T22:29:48","date_gmt":"2021-05-03T20:29:48","guid":{"rendered":"http:\/\/patrimoine-avesnois.fr\/moulins-vent\/?page_id=10"},"modified":"2021-05-04T10:39:03","modified_gmt":"2021-05-04T08:39:03","slug":"moulins-en-avesnois-au-gre-du-vent","status":"publish","type":"page","link":"http:\/\/patrimoine-avesnois.fr\/moulins-vent\/","title":{"rendered":"Moulins en Avesnois au gr\u00e9 du vent"},"content":{"rendered":"\n<p class=\"has-text-align-center has-bright-blue-color has-text-color has-medium-font-size\">Inventaire des Moulins \u00e0 Vent de l\u2019Avesnois<\/p>\n\n\n\n<p>A partir de recherches effectu\u00e9es de 2011 \u00e0 2015 et en 2019 aux Archives D\u00e9partementales du Nord, j\u2019ai pu recenser quatre vingt dix moulins \u00e0 vent (S\u00e9rie L : Archives de la R\u00e9volution S\u00e9rie K : Lois Ordonnances Arr\u00eat\u00e9s Sous S\u00e9rie 3Q : Enregistrement. Les cadastres et les Matrices cadastrales 35 P Les Journaux R\u00e9gionaux).<\/p>\n\n\n\n<p>Ces moulins ont \u00e9t\u00e9 construits essentiellement au cours du XIX e si\u00e8cle. Ils \u00e9taient \u00e0 l\u2019origine en bois et sur pilotis. De ce fait ils n\u2019ont pas r\u00e9sist\u00e9 au temps et notamment \u00e0 l\u2019ouragan de 1873. D\u2019autres sont des moulins de type \u00ab Tour \u00bb construits en bois, puis par la suite en pierres ou en briques. Seuls quelques uns en ma\u00e7onnerie sont parvenus jusqu\u2019\u00e0 nous.<\/p>\n\n\n\n<p>Nous allons donc les faire revivre, le temps d\u2019un moment en mettant l\u2019accent sur leur historique et sur leurs propri\u00e9taires successifs.<\/p>\n\n\n\n<figure class=\"wp-block-table aligncenter\"><table class=\"has-fixed-layout\"><tbody><tr><td class=\"has-text-align-center\" data-align=\"center\">Commune       <\/td><td class=\"has-text-align-center\" data-align=\"center\">Date de construction<\/td><td class=\"has-text-align-center\" data-align=\"center\">Date de d\u00e9molition <\/td><\/tr><tr><td class=\"has-text-align-center\" data-align=\"center\">Aulnoye<br>Rue Mirabeau<\/td><td class=\"has-text-align-center\" data-align=\"center\">&lt; 1794<\/td><td class=\"has-text-align-center\" data-align=\"center\">1876<\/td><\/tr><tr><td class=\"has-text-align-center\" data-align=\"center\">Aymeries<br>Rue Mirabeau<\/td><td class=\"has-text-align-center\" data-align=\"center\">&lt; 1804<\/td><td class=\"has-text-align-center\" data-align=\"center\">1809<\/td><\/tr><tr><td class=\"has-text-align-center\" data-align=\"center\">Aymeries<br>Chemin de Bachant<\/td><td class=\"has-text-align-center\" data-align=\"center\">1819<\/td><td class=\"has-text-align-center\" data-align=\"center\">1880<\/td><\/tr><tr><td class=\"has-text-align-center\" data-align=\"center\">Avesnelles<br>Chemin de Rainsars<\/td><td class=\"has-text-align-center\" data-align=\"center\">&lt; 1795<\/td><td class=\"has-text-align-center\" data-align=\"center\">1863<\/td><\/tr><tr><td class=\"has-text-align-center\" data-align=\"center\">Bachant<br>Rue de Maubeuge<\/td><td class=\"has-text-align-center\" data-align=\"center\">1865<\/td><td class=\"has-text-align-center\" data-align=\"center\">1876<\/td><\/tr><tr><td class=\"has-text-align-center\" data-align=\"center\">Bavay<br>Louvignies<br>Rue de l&rsquo;Alouette<br>Moulin d\u00e9plac\u00e9<\/td><td class=\"has-text-align-center\" data-align=\"center\">1847<\/td><td class=\"has-text-align-center\" data-align=\"center\">1858<\/td><\/tr><tr><td class=\"has-text-align-center\" data-align=\"center\">Beaurepaire<br>sur Sambre<br>Rue Haute<\/td><td class=\"has-text-align-center\" data-align=\"center\">ca 1810<\/td><td class=\"has-text-align-center\" data-align=\"center\">ca 1860<\/td><\/tr><tr><td class=\"has-text-align-center\" data-align=\"center\">Berlaimont<br>Rue Wibaille<br>Dupont<\/td><td class=\"has-text-align-center\" data-align=\"center\">ca 1810<\/td><td class=\"has-text-align-center\" data-align=\"center\">1852<\/td><\/tr><tr><td class=\"has-text-align-center\" data-align=\"center\">Berlaimont<br>Rue des Courtils<\/td><td class=\"has-text-align-center\" data-align=\"center\">1816 <\/td><td class=\"has-text-align-center\" data-align=\"center\">ca 1880<\/td><\/tr><tr><td class=\"has-text-align-center\" data-align=\"center\">Bermeries<br>Route de<br>Le Quesnoy<\/td><td class=\"has-text-align-center\" data-align=\"center\">&lt; 1831<\/td><td class=\"has-text-align-center\" data-align=\"center\">1876<\/td><\/tr><tr><td class=\"has-text-align-center\" data-align=\"center\">Bettrechies<br>Rue de Meaurain<\/td><td class=\"has-text-align-center\" data-align=\"center\">&lt; 1758<\/td><td class=\"has-text-align-center\" data-align=\"center\">entre 1817 et 1831<\/td><\/tr><tr><td class=\"has-text-align-center\" data-align=\"center\">Bousies<br>Rue du Moulin<br>\u00e0 vent<\/td><td class=\"has-text-align-center\" data-align=\"center\">&lt; 1600<\/td><td class=\"has-text-align-center\" data-align=\"center\">ca 1838<\/td><\/tr><tr><td class=\"has-text-align-center\" data-align=\"center\">Boussi\u00e8res<br>sur Sambre<br>Rue de<br>Vieux-Mesnil<\/td><td class=\"has-text-align-center\" data-align=\"center\">1860<\/td><td class=\"has-text-align-center\" data-align=\"center\">1881<\/td><\/tr><tr><td class=\"has-text-align-center\" data-align=\"center\">Cartignies<br>Route de<br>Petit-Fayt<\/td><td class=\"has-text-align-center\" data-align=\"center\">entre 1798 <br>et 1804<\/td><td class=\"has-text-align-center\" data-align=\"center\">ca 1843<\/td><\/tr><tr><td class=\"has-text-align-center\" data-align=\"center\">Cerfontaine<br>Impasse le Moulin<\/td><td class=\"has-text-align-center\" data-align=\"center\">1840<\/td><td class=\"has-text-align-center\" data-align=\"center\">Existe encore<\/td><\/tr><tr><td class=\"has-text-align-center\" data-align=\"center\">Colleret<br>Rue de la R\u00e9publique<\/td><td class=\"has-text-align-center\" data-align=\"center\">ca 1830<\/td><td class=\"has-text-align-center\" data-align=\"center\">ca 1880-1890<\/td><\/tr><tr><td class=\"has-text-align-center\" data-align=\"center\">Cousolre<br>Rue de Landignies<\/td><td class=\"has-text-align-center\" data-align=\"center\">1845<\/td><td class=\"has-text-align-center\" data-align=\"center\">Existe encore<\/td><\/tr><tr><td class=\"has-text-align-center\" data-align=\"center\">Croix-Caluyau<br>Rue du Moulin<\/td><td class=\"has-text-align-center\" data-align=\"center\">&lt; 1804<\/td><td class=\"has-text-align-center\" data-align=\"center\">1867<\/td><\/tr><tr><td class=\"has-text-align-center\" data-align=\"center\">Englefontaine<br>Rue des Tuileries<\/td><td class=\"has-text-align-center\" data-align=\"center\">&lt; 1760<br>En existe un 14e  s<\/td><td class=\"has-text-align-center\" data-align=\"center\">ca 1860<\/td><\/tr><tr><td class=\"has-text-align-center\" data-align=\"center\">Englefontaine<br>(Petit Poix)<br>Ancien Chemin<br>de Hecq<\/td><td class=\"has-text-align-center\" data-align=\"center\">&lt; 1831<\/td><td class=\"has-text-align-center\" data-align=\"center\">1885<\/td><\/tr><tr><td class=\"has-text-align-center\" data-align=\"center\">Feignies<br>Rue A. Dubois<\/td><td class=\"has-text-align-center\" data-align=\"center\">ca 1790<\/td><td class=\"has-text-align-center\" data-align=\"center\">ca 1890-1900<\/td><\/tr><tr><td class=\"has-text-align-center\" data-align=\"center\">Feignies <br>Rue Pasteur<\/td><td class=\"has-text-align-center\" data-align=\"center\">ca 1790<\/td><td class=\"has-text-align-center\" data-align=\"center\">ca 1870<\/td><\/tr><tr><td class=\"has-text-align-center\" data-align=\"center\">Ferri\u00e8re-<br>la-Grande<br>Rue Voltaire<\/td><td class=\"has-text-align-center\" data-align=\"center\">1818<\/td><td class=\"has-text-align-center\" data-align=\"center\">1875<\/td><\/tr><tr><td class=\"has-text-align-center\" data-align=\"center\">Floyon<br>Chevireuil<\/td><td class=\"has-text-align-center\" data-align=\"center\">&lt; 1758<br>En existe un 16e s<\/td><td class=\"has-text-align-center\" data-align=\"center\">&lt; 1795<\/td><\/tr><tr><td class=\"has-text-align-center\" data-align=\"center\">Fontaine-au- Bois<br>Rue du Ch\u00eane<\/td><td class=\"has-text-align-center\" data-align=\"center\">&lt; 1758<\/td><td class=\"has-text-align-center\" data-align=\"center\">1876<\/td><\/tr><tr><td class=\"has-text-align-center\" data-align=\"center\">Fontaine-au- Bois<br>Rue du Cateau<\/td><td class=\"has-text-align-center\" data-align=\"center\">1764<\/td><td class=\"has-text-align-center\" data-align=\"center\">ca 1820<\/td><\/tr><tr><td class=\"has-text-align-center\" data-align=\"center\">Fontaine-au- Bois<br>Rue du Cateau<\/td><td class=\"has-text-align-center\" data-align=\"center\">ca 1820<\/td><td class=\"has-text-align-center\" data-align=\"center\">1867<\/td><\/tr><tr><td class=\"has-text-align-center\" data-align=\"center\">Forest-en-Cambr\u00e9sis<br>Rue du Moulin<\/td><td class=\"has-text-align-center\" data-align=\"center\">&lt; 1707<\/td><td class=\"has-text-align-center\" data-align=\"center\">1882<\/td><\/tr><tr><td class=\"has-text-align-center\" data-align=\"center\">Forest-en-Cambr\u00e9sis<br>Rue de Valenciennes<\/td><td class=\"has-text-align-center\" data-align=\"center\">ca 1790<\/td><td class=\"has-text-align-center\" data-align=\"center\">1892<\/td><\/tr><tr><td class=\"has-text-align-center\" data-align=\"center\">Frasnoy<br>Chemin de Villers-Pol<\/td><td class=\"has-text-align-center\" data-align=\"center\">&lt; 1780<\/td><td class=\"has-text-align-center\" data-align=\"center\">1888<\/td><\/tr><tr><td class=\"has-text-align-center\" data-align=\"center\">Gognies-Chauss\u00e9e<br>Rue Albert d&rsquo;Hendecourt<\/td><td class=\"has-text-align-center\" data-align=\"center\">&lt; 1809<\/td><td class=\"has-text-align-center\" data-align=\"center\">1855<\/td><\/tr><tr><td class=\"has-text-align-center\" data-align=\"center\">Gommegnies<br>Rue Cach\u00e9 d&rsquo;Erpion<\/td><td class=\"has-text-align-center\" data-align=\"center\">&lt; 1758<\/td><td class=\"has-text-align-center\" data-align=\"center\">ca 1875<\/td><\/tr><tr><td class=\"has-text-align-center\" data-align=\"center\">Gommegnies<br>Rue du Chemineau<\/td><td class=\"has-text-align-center\" data-align=\"center\">1770<\/td><td class=\"has-text-align-center\" data-align=\"center\">&gt; 1879<\/td><\/tr><tr><td class=\"has-text-align-center\" data-align=\"center\">Gommegnies<br>Rue de la Raperie<\/td><td class=\"has-text-align-center\" data-align=\"center\">ca 1770<\/td><td class=\"has-text-align-center\" data-align=\"center\">ca 1890<\/td><\/tr><tr><td class=\"has-text-align-center\" data-align=\"center\">Gommegnies<br>Rue des Saules<\/td><td class=\"has-text-align-center\" data-align=\"center\">entre 1795 <br>et 1803<\/td><td class=\"has-text-align-center\" data-align=\"center\">1935<\/td><\/tr><tr><td class=\"has-text-align-center\" data-align=\"center\">Gommegnies<br>Rue de la Raperie<\/td><td class=\"has-text-align-center\" data-align=\"center\">entre 1803 <br>et 1826<\/td><td class=\"has-text-align-center\" data-align=\"center\">1888<\/td><\/tr><tr><td class=\"has-text-align-center\" data-align=\"center\">Gommegnies<br>Rue du Chemineau<\/td><td class=\"has-text-align-center\" data-align=\"center\">1817<\/td><td class=\"has-text-align-center\" data-align=\"center\">1888<\/td><\/tr><tr><td class=\"has-text-align-center\" data-align=\"center\">Hautmont<br>Route de Landrecies<\/td><td class=\"has-text-align-center\" data-align=\"center\">ca 1800<\/td><td class=\"has-text-align-center\" data-align=\"center\">ca 1880<\/td><\/tr><tr><td class=\"has-text-align-center\" data-align=\"center\">Hecq<br>Route de Landrecies<\/td><td class=\"has-text-align-center\" data-align=\"center\">&lt; 1758<\/td><td class=\"has-text-align-center\" data-align=\"center\">1872<\/td><\/tr><tr><td class=\"has-text-align-center\" data-align=\"center\">Houdain-lez-Bavay<br>Rue du Moulin<\/td><td class=\"has-text-align-center\" data-align=\"center\">&lt; 1737<\/td><td class=\"has-text-align-center\" data-align=\"center\">Vestiges Moulin Giblot<\/td><\/tr><tr><td class=\"has-text-align-center\" data-align=\"center\">Houdain-lez-Bavay<br>Rue de la Roue d\u2019Or<\/td><td class=\"has-text-align-center\" data-align=\"center\">ca 1860<\/td><td class=\"has-text-align-center\" data-align=\"center\">Tour Moulin Richard<\/td><\/tr><tr><td class=\"has-text-align-center\" data-align=\"center\">La Longueville<br>Rue des Chasseurs \u00e0 Pieds<\/td><td class=\"has-text-align-center\" data-align=\"center\">ca 1818<\/td><td class=\"has-text-align-center\" data-align=\"center\">ca 1900<\/td><\/tr><tr><td class=\"has-text-align-center\" data-align=\"center\">Landrecies<br>d\u00e9plac\u00e9 du Bastion \u00e0 la Rue de la Folie<\/td><td class=\"has-text-align-center\" data-align=\"center\">entre 1724 <br>et 1730<\/td><td class=\"has-text-align-center\" data-align=\"center\">&gt; 1831<\/td><\/tr><tr><td class=\"has-text-align-center\" data-align=\"center\">Landrecies<br>Chemin de la Souris<\/td><td class=\"has-text-align-center\" data-align=\"center\">1737<\/td><td class=\"has-text-align-center\" data-align=\"center\">&lt; 1831<\/td><\/tr><tr><td class=\"has-text-align-center\" data-align=\"center\">Landrecies<br>Rue Petit Versailles<\/td><td class=\"has-text-align-center\" data-align=\"center\">1737<\/td><td class=\"has-text-align-center\" data-align=\"center\">ca 1850<\/td><\/tr><tr><td class=\"has-text-align-center\" data-align=\"center\">Le Favril<br>Rue de Landrecies<\/td><td class=\"has-text-align-center\" data-align=\"center\">&lt; 1700<\/td><td class=\"has-text-align-center\" data-align=\"center\">ca 1850 <\/td><\/tr><tr><td class=\"has-text-align-center\" data-align=\"center\">le Favril<br>La Bouflette<\/td><td class=\"has-text-align-center\" data-align=\"center\">1770<\/td><td class=\"has-text-align-center\" data-align=\"center\">ca 1860<\/td><\/tr><tr><td class=\"has-text-align-center\" data-align=\"center\">Le Quesnoy<br>D\u00e9plac\u00e9 de la Rue V. Hugo aux Remparts<\/td><td class=\"has-text-align-center\" data-align=\"center\">1582<\/td><td class=\"has-text-align-center\" data-align=\"center\">1854<\/td><\/tr><tr><td class=\"has-text-align-center\" data-align=\"center\">Le Quesnoy<br>Route de Valenciennes<br>Ce Moulin est un tordoir<\/td><td class=\"has-text-align-center\" data-align=\"center\">entre 1760<br>et 1802<\/td><td class=\"has-text-align-center\" data-align=\"center\">1857<\/td><\/tr><tr><td class=\"has-text-align-center\" data-align=\"center\">Le Quesnoy<br>D 2934 Probablement d\u00e9plac\u00e9 sur une autre commune<\/td><td class=\"has-text-align-center\" data-align=\"center\">entre 1810 <br>et 1818<\/td><td class=\"has-text-align-center\" data-align=\"center\">1824<\/td><\/tr><tr><td class=\"has-text-align-center\" data-align=\"center\">Leval<br>Rue Emile Brasselet<\/td><td class=\"has-text-align-center\" data-align=\"center\">1842<\/td><td class=\"has-text-align-center\" data-align=\"center\">1876<\/td><\/tr><tr><td class=\"has-text-align-center\" data-align=\"center\">Liessies<br>Rue Cl\u00e9menceau<\/td><td class=\"has-text-align-center\" data-align=\"center\">1786<\/td><td class=\"has-text-align-center\" data-align=\"center\">1792 ?<\/td><\/tr><tr><td class=\"has-text-align-center\" data-align=\"center\">Limont-Fontaine<br>Route de Saint-R\u00e9my-du Nord<\/td><td class=\"has-text-align-center\" data-align=\"center\">ca 1830<\/td><td class=\"has-text-align-center\" data-align=\"center\">Vestiges de la Tour<\/td><\/tr><tr><td class=\"has-text-align-center\" data-align=\"center\">Louvignies-Quesnoy<br>Rue de la Croix-Rouge<\/td><td class=\"has-text-align-center\" data-align=\"center\">&lt; 1758<\/td><td class=\"has-text-align-center\" data-align=\"center\">&lt; 1830<\/td><\/tr><tr><td class=\"has-text-align-center\" data-align=\"center\">Louvignies-Quesnoy<br>Rue Roger Robert<\/td><td class=\"has-text-align-center\" data-align=\"center\">ca 1790<\/td><td class=\"has-text-align-center\" data-align=\"center\">1863<\/td><\/tr><tr><td class=\"has-text-align-center\" data-align=\"center\">Louvroil<br>Rue Jean Marie Gachot<\/td><td class=\"has-text-align-center\" data-align=\"center\">&lt; 1789<\/td><td class=\"has-text-align-center\" data-align=\"center\">ca 1880<\/td><\/tr><tr><td class=\"has-text-align-center\" data-align=\"center\">Louvroil<br>Sous-le-Bois<\/td><td class=\"has-text-align-center\" data-align=\"center\">1877<\/td><td class=\"has-text-align-center\" data-align=\"center\">1879<\/td><\/tr><tr><td class=\"has-text-align-center\" data-align=\"center\">Marbaix<br>Rue Baptiste<\/td><td class=\"has-text-align-center\" data-align=\"center\">1769<\/td><td class=\"has-text-align-center\" data-align=\"center\">ca 1835<\/td><\/tr><tr><td class=\"has-text-align-center\" data-align=\"center\">Maresches<br>Rue L\u00e9on Malard<\/td><td class=\"has-text-align-center\" data-align=\"center\">1818<\/td><td class=\"has-text-align-center\" data-align=\"center\">ca 1850<\/td><\/tr><tr><td class=\"has-text-align-center\" data-align=\"center\">Marpent<br>Moulin de la Parapette<br>Cit\u00e9 L\u00e9o Lagrange<\/td><td class=\"has-text-align-center\" data-align=\"center\">&lt; 1758<\/td><td class=\"has-text-align-center\" data-align=\"center\">Existe encore apr\u00e8s r\u00e9habilitation<br><\/td><\/tr><tr><td class=\"has-text-align-center\" data-align=\"center\">Maubeuge<br>Moulin Tablette<br>Boulevard Pasteur<\/td><td class=\"has-text-align-center\" data-align=\"center\">1799<\/td><td class=\"has-text-align-center\" data-align=\"center\">Existe encore<br>Restauration r\u00e9ussie de l&rsquo;ARAM<\/td><\/tr><tr><td class=\"has-text-align-center\" data-align=\"center\">Mecquignies<br>Rue de Mecquignies<\/td><td class=\"has-text-align-center\" data-align=\"center\">&lt; 1758<\/td><td class=\"has-text-align-center\" data-align=\"center\">&lt; 1820<\/td><\/tr><tr><td class=\"has-text-align-center\" data-align=\"center\">Mecquignies<br>Ch\u00e8vrerie des Sabotiers<\/td><td class=\"has-text-align-center\" data-align=\"center\">1769<\/td><td class=\"has-text-align-center\" data-align=\"center\">&lt; 1830<\/td><\/tr><tr><td class=\"has-text-align-center\" data-align=\"center\">Mecquignies<br>Cogniau<\/td><td class=\"has-text-align-center\" data-align=\"center\">1847<\/td><td class=\"has-text-align-center\" data-align=\"center\">1858<\/td><\/tr><tr><td class=\"has-text-align-center\" data-align=\"center\">Mecquignies<br>Chemin du Moulin<\/td><td class=\"has-text-align-center\" data-align=\"center\">1862<\/td><td class=\"has-text-align-center\" data-align=\"center\">1902<\/td><\/tr><tr><td class=\"has-text-align-center\" data-align=\"center\">Neuville-en-Avesnois<br>Rue de Poix-du-Nord<\/td><td class=\"has-text-align-center\" data-align=\"center\">1769<\/td><td class=\"has-text-align-center\" data-align=\"center\">ca 1825<\/td><\/tr><tr><td class=\"has-text-align-center\" data-align=\"center\">Noyelles-sur-Sambre<br>Grand&rsquo;Rue<\/td><td class=\"has-text-align-center\" data-align=\"center\">1791<\/td><td class=\"has-text-align-center\" data-align=\"center\">1876<\/td><\/tr><tr><td class=\"has-text-align-center\" data-align=\"center\">Obies<br>Rue du cimeti\u00e8re<\/td><td class=\"has-text-align-center\" data-align=\"center\">&lt; 1793<br>1803<\/td><td class=\"has-text-align-center\" data-align=\"center\">1793 ?<br>?<\/td><\/tr><tr><td class=\"has-text-align-center\" data-align=\"center\">Poix-du-Nord<br>D 934<\/td><td class=\"has-text-align-center\" data-align=\"center\">?<\/td><td class=\"has-text-align-center\" data-align=\"center\">entre 1804 <br>et 1830<\/td><\/tr><tr><td class=\"has-text-align-center\" data-align=\"center\">Pont-sur-Sambre<br>Route d&rsquo;Hargnies<\/td><td class=\"has-text-align-center\" data-align=\"center\">1841<\/td><td class=\"has-text-align-center\" data-align=\"center\">Tour en ruine<\/td><\/tr><tr><td class=\"has-text-align-center\" data-align=\"center\">Potelle<br>Chemin du Moulin<\/td><td class=\"has-text-align-center\" data-align=\"center\">&lt; 1789<\/td><td class=\"has-text-align-center\" data-align=\"center\">1863<\/td><\/tr><tr><td class=\"has-text-align-center\" data-align=\"center\">Preux-au-Bois<br>Route Nationale<\/td><td class=\"has-text-align-center\" data-align=\"center\">ca 1750<\/td><td class=\"has-text-align-center\" data-align=\"center\">1858<\/td><\/tr><tr><td class=\"has-text-align-center\" data-align=\"center\">Preux-au-Bois<br>Route Nationale<\/td><td class=\"has-text-align-center\" data-align=\"center\">1766<\/td><td class=\"has-text-align-center\" data-align=\"center\">1882<\/td><\/tr><tr><td class=\"has-text-align-center\" data-align=\"center\">Preux-au-Bois<br>Route Nationale <\/td><td class=\"has-text-align-center\" data-align=\"center\">&lt; 1796<\/td><td class=\"has-text-align-center\" data-align=\"center\">entre 1804<br>et 1830<\/td><\/tr><tr><td class=\"has-text-align-center\" data-align=\"center\">Prisches<br>Le Campiau<\/td><td class=\"has-text-align-center\" data-align=\"center\">&lt; 1703<\/td><td class=\"has-text-align-center\" data-align=\"center\">1851<\/td><\/tr><tr><td class=\"has-text-align-center\" data-align=\"center\">Rainsars<br>Route d&rsquo;Avesnes<\/td><td class=\"has-text-align-center\" data-align=\"center\">1758<\/td><td class=\"has-text-align-center\" data-align=\"center\">&lt; 1809<\/td><\/tr><tr><td class=\"has-text-align-center\" data-align=\"center\">Raucourt-au-Bois<br>Chemin du Moulin<\/td><td class=\"has-text-align-center\" data-align=\"center\">1804<\/td><td class=\"has-text-align-center\" data-align=\"center\">1867<\/td><\/tr><tr><td class=\"has-text-align-center\" data-align=\"center\">Robersart<br>Rue du Ch\u00eane<\/td><td class=\"has-text-align-center\" data-align=\"center\">&lt; 1758<\/td><td class=\"has-text-align-center\" data-align=\"center\">1857<\/td><\/tr><tr><td class=\"has-text-align-center\" data-align=\"center\">Ruesnes<br>Rue de Sepmeries<\/td><td class=\"has-text-align-center\" data-align=\"center\">1780<\/td><td class=\"has-text-align-center\" data-align=\"center\">1884<\/td><\/tr><tr><td class=\"has-text-align-center\" data-align=\"center\">Sains-du-Nord<br>Rue du Moulin \u00e0 vent<\/td><td class=\"has-text-align-center\" data-align=\"center\">1769<\/td><td class=\"has-text-align-center\" data-align=\"center\">1824<\/td><\/tr><tr><td class=\"has-text-align-center\" data-align=\"center\">Saint-R\u00e9my-<br>du-Nord<br>Rue d&rsquo;Ecu\u00e9lin<\/td><td class=\"has-text-align-center\" data-align=\"center\">ca 1855<\/td><td class=\"has-text-align-center\" data-align=\"center\">1869<\/td><\/tr><tr><td class=\"has-text-align-center\" data-align=\"center\">Saint-Waast- <br>la-Vall\u00e9e<br>route Nationale<\/td><td class=\"has-text-align-center\" data-align=\"center\">1858<\/td><td class=\"has-text-align-center\" data-align=\"center\">1866<\/td><\/tr><tr><td class=\"has-text-align-center\" data-align=\"center\">Salesches<br>Grand&rsquo;Rue<\/td><td class=\"has-text-align-center\" data-align=\"center\">ca 1840<\/td><td class=\"has-text-align-center\" data-align=\"center\">1883<\/td><\/tr><tr><td class=\"has-text-align-center\" data-align=\"center\">Sassegnies<br>Fach\u00e9 du Bois<\/td><td class=\"has-text-align-center\" data-align=\"center\">&lt; 1784<\/td><td class=\"has-text-align-center\" data-align=\"center\">1876<\/td><\/tr><tr><td class=\"has-text-align-center\" data-align=\"center\">Sepmeries<br>Rue de Valenciennes<\/td><td class=\"has-text-align-center\" data-align=\"center\">entre 1860<br>et 1865<\/td><td class=\"has-text-align-center\" data-align=\"center\">Tour en ruine<\/td><\/tr><tr><td class=\"has-text-align-center\" data-align=\"center\">Taisni\u00e8res-sur-Hon<br>chauss\u00e9e du Bois<\/td><td class=\"has-text-align-center\" data-align=\"center\">entre 1765 <br>et 1775<\/td><td class=\"has-text-align-center\" data-align=\"center\">entre 1806 <br>et 1808&nbsp;<\/td><\/tr><tr><td class=\"has-text-align-center\" data-align=\"center\">Vendegies-au-Bois<br>?<\/td><td class=\"has-text-align-center\" data-align=\"center\">&lt; 1793<\/td><td class=\"has-text-align-center\" data-align=\"center\">&lt; 1804<\/td><\/tr><tr><td class=\"has-text-align-center\" data-align=\"center\">Villers-Pol<br>Rue Roger Denis<\/td><td class=\"has-text-align-center\" data-align=\"center\">&lt; 1782<\/td><td class=\"has-text-align-center\" data-align=\"center\">1818 D\u00e9plac\u00e9 <br>sur Maresches<br><\/td><\/tr><tr><td class=\"has-text-align-center\" data-align=\"center\">Wargnies-le-Grand<br>Chemin du Moulin<\/td><td class=\"has-text-align-center\" data-align=\"center\">&lt; 1758<\/td><td class=\"has-text-align-center\" data-align=\"center\">entre 1804 <br>et 1827<\/td><\/tr><tr><td class=\"has-text-align-center\" data-align=\"center\">Wargnies-le-Grand<br>Route Nationale<br>Ce Moulin est un tordoir<\/td><td class=\"has-text-align-center\" data-align=\"center\">&lt; 1804<\/td><td class=\"has-text-align-center\" data-align=\"center\">ca 1892 <\/td><\/tr><\/tbody><\/table><\/figure>\n","protected":false},"excerpt":{"rendered":"<p>Inventaire des Moulins \u00e0 Vent de l\u2019Avesnois A partir de recherches effectu\u00e9es de 2011 \u00e0 2015 et en 2019 aux Archives D\u00e9partementales du Nord, j\u2019ai pu recenser quatre vingt dix moulins \u00e0 vent (S\u00e9rie L : Archives de la R\u00e9volution S\u00e9rie K : Lois Ordonnances Arr\u00eat\u00e9s Sous S\u00e9rie 3Q : Enregistrement. Les cadastres et les &hellip; <a href=\"http:\/\/patrimoine-avesnois.fr\/moulins-vent\/\" class=\"more-link\">Continuer la lecture<span class=\"screen-reader-text\"> de &laquo;&nbsp;Moulins en Avesnois au gr\u00e9 du vent&nbsp;&raquo;<\/span><\/a><\/p>\n","protected":false},"author":2,"featured_media":0,"parent":0,"menu_order":0,"comment_status":"closed","ping_status":"closed","template":"","meta":{"footnotes":""},"class_list":["post-10","page","type-page","status-publish","hentry"],"jetpack_sharing_enabled":true,"_links":{"self":[{"href":"http:\/\/patrimoine-avesnois.fr\/moulins-vent\/wp-json\/wp\/v2\/pages\/10","targetHints":{"allow":["GET"]}}],"collection":[{"href":"http:\/\/patrimoine-avesnois.fr\/moulins-vent\/wp-json\/wp\/v2\/pages"}],"about":[{"href":"http:\/\/patrimoine-avesnois.fr\/moulins-vent\/wp-json\/wp\/v2\/types\/page"}],"author":[{"embeddable":true,"href":"http:\/\/patrimoine-avesnois.fr\/moulins-vent\/wp-json\/wp\/v2\/users\/2"}],"replies":[{"embeddable":true,"href":"http:\/\/patrimoine-avesnois.fr\/moulins-vent\/wp-json\/wp\/v2\/comments?post=10"}],"version-history":[{"count":5,"href":"http:\/\/patrimoine-avesnois.fr\/moulins-vent\/wp-json\/wp\/v2\/pages\/10\/revisions"}],"predecessor-version":[{"id":16,"href":"http:\/\/patrimoine-avesnois.fr\/moulins-vent\/wp-json\/wp\/v2\/pages\/10\/revisions\/16"}],"wp:attachment":[{"href":"http:\/\/patrimoine-avesnois.fr\/moulins-vent\/wp-json\/wp\/v2\/media?parent=10"}],"curies":[{"name":"wp","href":"https:\/\/api.w.org\/{rel}","templated":true}]}}