{"id":100,"date":"2021-05-04T12:31:06","date_gmt":"2021-05-04T10:31:06","guid":{"rendered":"http:\/\/patrimoine-avesnois.fr\/moulins-vent\/?page_id=100"},"modified":"2021-12-02T13:29:57","modified_gmt":"2021-12-02T12:29:57","slug":"maubeuge","status":"publish","type":"page","link":"http:\/\/patrimoine-avesnois.fr\/moulins-vent\/maubeuge\/","title":{"rendered":"Maubeuge"},"content":{"rendered":"\n<p class=\"has-bright-red-color has-text-color has-medium-font-size\"><strong>Le Moulin \u00e0 vent de Maubeuge :<\/strong><\/p>\n\n\n\n<div class=\"wp-block-image\"><figure class=\"aligncenter size-full is-resized\"><img data-recalc-dims=\"1\" loading=\"lazy\" decoding=\"async\" src=\"https:\/\/i0.wp.com\/patrimoine-avesnois.fr\/moulins-vent\/wp-content\/uploads\/2021\/12\/Capture.jpg?resize=670%2C423&#038;ssl=1\" alt=\"\" class=\"wp-image-237\" width=\"670\" height=\"423\" srcset=\"https:\/\/i0.wp.com\/patrimoine-avesnois.fr\/moulins-vent\/wp-content\/uploads\/2021\/12\/Capture.jpg?w=893 893w, https:\/\/i0.wp.com\/patrimoine-avesnois.fr\/moulins-vent\/wp-content\/uploads\/2021\/12\/Capture.jpg?resize=300%2C189 300w, https:\/\/i0.wp.com\/patrimoine-avesnois.fr\/moulins-vent\/wp-content\/uploads\/2021\/12\/Capture.jpg?resize=768%2C485 768w\" sizes=\"auto, (max-width: 670px) 85vw, 670px\" \/><\/figure><\/div>\n\n\n\n<div class=\"wp-block-image\"><figure class=\"aligncenter\"><img decoding=\"async\" src=\"https:\/\/i1.wp.com\/patrimoine-avesnois.fr\/chemin\/wp-content\/uploads\/2019\/08\/image-28.png?resize=670%2C429\" alt=\"\" class=\"wp-image-7889\"\/><figcaption>le Moulin Tablette<\/figcaption><\/figure><\/div>\n\n\n\n<div class=\"wp-block-image\"><figure class=\"aligncenter\"><img decoding=\"async\" src=\"https:\/\/i0.wp.com\/patrimoine-avesnois.fr\/chemin\/wp-content\/uploads\/2021\/04\/Capture-4.jpg?resize=840%2C630\" alt=\"\" class=\"wp-image-12265\"\/><figcaption>Le Moulin \u00e0 vent de la Tablette&nbsp;<a href=\"https:\/\/www.google.fr\/maps\/@50.2791187,3.9630149,3a,60y,55.72h,98.06t\/data=!3m6!1e1!3m4!1st3RO5pKEtz-WKrbPxeL8mA!2e0!7i16384!8i8192\" target=\"_blank\" rel=\"noreferrer noopener\">Boulevard Pasteur<\/a>&nbsp;Maubeuge<\/figcaption><\/figure><\/div>\n\n\n\n<p>Le Moulin \u00e0 vent de Maubeuge aurait \u00e9t\u00e9 b\u00e2ti en 1799 en m\u00eame temps que la maison du meunier au lieu-dit La Chapelle du Bon Dieu. Il appartient en 1810 \u00e0 Alexandre TILLEMAND, cabaretier qui le vend en 1812 \u00e0 Melle Catherine (1). Il appartient ensuite en 1820 au meunier Hubert COPIN puis \u00e0 Victorien GARCON et vers 1845 \u00e0 Fran\u00e7ois-Vital LEGAIX, auparavant gar\u00e7on meunier \u00e0 Cerfontaine, mari\u00e9 avec Marie Joseph D\u00e9sir\u00e9e BELLER. Celle-ci d\u00e9c\u00e8de le 22 Janvier 1848 \u00e0 Maubeuge laissant une maison et le moulin avec 24 ares de terrain au lieu-dit Sous-le-Bois \u00e0 son fils Vital Fran\u00e7ois n\u00e9 en 1834 et l\u2019usufruit \u00e0 son mari (2).Le fils d\u00e9c\u00e8de en 1855 et le moulin appartient pour moiti\u00e9 \u00e0 son p\u00e8re et pour moiti\u00e9 \u00e0 ses oncle et tantes Philippe, Eulalie et Marie Anne BELLER (3). Fran\u00e7ois Vital LEGAIX est surnomm\u00e9 Tablette d\u2019o\u00f9 le nom de ce moulin de nos jours. Il vend le moulin vers 1880 \u00e0 la ville de Maubeuge en conservant l\u2019usufruit du bien. C\u2019est donc le premier moulin \u00e0 vent \u00e0 devenir propri\u00e9t\u00e9 communale. Le moulin se trouvant dans une zone de servitudes militaires, l\u2019adjoint au maire Armand Robert demande le 7 juin 1928 l\u2019autorisation de modifier la partie sup\u00e9rieure du moulin. La modification projet\u00e9e porte sur la suppression des deux ailes et le remplacement de la toiture par une plate forme en b\u00e9ton ou en zinc. Seules les deux ailes seront d\u00e9mont\u00e9es. En 1986 la maison disparait avec la construction d\u2019un immeuble mais non le moulin, sauv\u00e9 de la destruction gr\u00e2ce \u00e0 l\u2019Association du Moulin Tablette cr\u00e9\u00e9e en 1993. L\u2019association adh\u00e8re \u00e0 l\u2019ARAM le 26 octobre 1993.<br>Les plans de reconstruction sont ex\u00e9cut\u00e9s par Jean Bruggeman de l\u2019ARAM en 1994. L\u2019association Accueil et Promotion, les Compagnons du Tour de France \u00e0 Jeumont, et des entreprises entreprennent alors les travaux la m\u00eame ann\u00e9e. La charpente octogonale fabriqu\u00e9e par les Compagnons est install\u00e9e le 10 juin 1995. Puis succ\u00e8de \u00e0 la ma\u00e7onnerie la fabrication de la toiture par l\u2019entreprise MGC Bertrand de Cerfontaine et sa pose par l\u2019entreprise H et G Peel le 16 juin 1999. le m\u00e9canisme est aussi fabriqu\u00e9 par cette derni\u00e8re firme. L\u2019inauguration a lieu le 15 septembre 2000. Un probl\u00e8me de champignon dans la charpente surgit en 2004 faute d\u2019a\u00e9ration suffisante. Il est r\u00e9solu en 2015 gr\u00e2ce \u00e0 des travaux de remplacement des poutres infect\u00e9es par du b\u00e9ton arm\u00e9 recouvert d\u2019une planche pour conserver l\u2019aspect octogonal de la charpente, qui est une originalit\u00e9 de ce moulin (4). La restauration de ce moulin gr\u00e2ce \u00e0 l\u2019intervention de l\u2019ARAM est une r\u00e9ussite.<\/p>\n\n\n\n<p>(1) : ADN 3 Q 29-14 Enregistrement Bureau d\u2019Avesnes -sur-Helpe Table des vendeurs 1811-1813<\/p>\n\n\n\n<p>(2) : ADN 3 Q 373-22 Enregistrement Bureau de Maubeuge Successions 20\/11\/1847-06\/12\/1849<\/p>\n\n\n\n<p>(3) : ADN 3 Q 373-25 Enregistrement Bureau de Maubeuge Successions 08\/11\/1853-04\/09\/1855<\/p>\n\n\n\n<p>(4) : Source ARAM<\/p>\n","protected":false},"excerpt":{"rendered":"<p>Le Moulin \u00e0 vent de Maubeuge : Le Moulin \u00e0 vent de Maubeuge aurait \u00e9t\u00e9 b\u00e2ti en 1799 en m\u00eame temps que la maison du meunier au lieu-dit La Chapelle du Bon Dieu. Il appartient en 1810 \u00e0 Alexandre TILLEMAND, cabaretier qui le vend en 1812 \u00e0 Melle Catherine (1). Il appartient ensuite en 1820 &hellip; <a href=\"http:\/\/patrimoine-avesnois.fr\/moulins-vent\/maubeuge\/\" class=\"more-link\">Continuer la lecture<span class=\"screen-reader-text\"> de &laquo;&nbsp;Maubeuge&nbsp;&raquo;<\/span><\/a><\/p>\n","protected":false},"author":2,"featured_media":0,"parent":0,"menu_order":0,"comment_status":"closed","ping_status":"closed","template":"","meta":{"footnotes":""},"class_list":["post-100","page","type-page","status-publish","hentry"],"jetpack_sharing_enabled":true,"_links":{"self":[{"href":"http:\/\/patrimoine-avesnois.fr\/moulins-vent\/wp-json\/wp\/v2\/pages\/100","targetHints":{"allow":["GET"]}}],"collection":[{"href":"http:\/\/patrimoine-avesnois.fr\/moulins-vent\/wp-json\/wp\/v2\/pages"}],"about":[{"href":"http:\/\/patrimoine-avesnois.fr\/moulins-vent\/wp-json\/wp\/v2\/types\/page"}],"author":[{"embeddable":true,"href":"http:\/\/patrimoine-avesnois.fr\/moulins-vent\/wp-json\/wp\/v2\/users\/2"}],"replies":[{"embeddable":true,"href":"http:\/\/patrimoine-avesnois.fr\/moulins-vent\/wp-json\/wp\/v2\/comments?post=100"}],"version-history":[{"count":3,"href":"http:\/\/patrimoine-avesnois.fr\/moulins-vent\/wp-json\/wp\/v2\/pages\/100\/revisions"}],"predecessor-version":[{"id":239,"href":"http:\/\/patrimoine-avesnois.fr\/moulins-vent\/wp-json\/wp\/v2\/pages\/100\/revisions\/239"}],"wp:attachment":[{"href":"http:\/\/patrimoine-avesnois.fr\/moulins-vent\/wp-json\/wp\/v2\/media?parent=100"}],"curies":[{"name":"wp","href":"https:\/\/api.w.org\/{rel}","templated":true}]}}