{"id":102,"date":"2021-05-04T12:33:57","date_gmt":"2021-05-04T10:33:57","guid":{"rendered":"http:\/\/patrimoine-avesnois.fr\/moulins-vent\/?page_id=102"},"modified":"2021-05-04T12:33:57","modified_gmt":"2021-05-04T10:33:57","slug":"mecquignies","status":"publish","type":"page","link":"http:\/\/patrimoine-avesnois.fr\/moulins-vent\/mecquignies\/","title":{"rendered":"Mecquignies"},"content":{"rendered":"\n<p class=\"has-bright-red-color has-text-color has-medium-font-size\"><strong>Les Quatre Moulins \u00e0 vent de Mecquignies :<\/strong><\/p>\n\n\n\n<p>La localisation et l\u2019histoire des moulins \u00e0 vent de Mecquignies est assez complexe et j\u2019accepterai volontiers des compl\u00e9ments d\u2019informations voire des rectificatifs. Je les d\u00e9signerai par le nom du premier propri\u00e9taire connu.<\/p>\n\n\n\n<div class=\"wp-block-image\"><figure class=\"aligncenter\"><img decoding=\"async\" src=\"https:\/\/i1.wp.com\/patrimoine-avesnois.fr\/chemin\/wp-content\/uploads\/2021\/04\/Capture-76.jpg?fit=840%2C630\" alt=\"\" class=\"wp-image-12462\"\/><figcaption>Positions fictives des Moulins \u00e0 vent de Mecquignies sur une carte actuelle<\/figcaption><\/figure><\/div>\n\n\n\n<p>Commen\u00e7ons par celui qui est le plus ancien : le Moulin Mandron<\/p>\n\n\n\n<p>1 Le Moulin \u00e0 vent de Jean-Joseph MANDRON<\/p>\n\n\n\n<div class=\"wp-block-image\"><figure class=\"aligncenter\"><img decoding=\"async\" src=\"https:\/\/i0.wp.com\/patrimoine-avesnois.fr\/chemin\/wp-content\/uploads\/2021\/04\/image-23.png?fit=840%2C291\" alt=\"\" class=\"wp-image-12466\"\/><figcaption>Sur la gauche Carte de Cassini de 1758 et sur la droite Carte du dioc\u00e8se de Cambrai de 1769<\/figcaption><\/figure><\/div>\n\n\n\n<p>Ce moulin \u00e0 vent est repr\u00e9sent\u00e9 \u00e0 la fois sur la carte de Cassini et sur celle du dioc\u00e8se de Cambrai. Il se situe au nord du territoire, \u00e0 la limite du hameau de Buvignies, d\u00e9pendance de Louvignies-Bavay. Etrangement il ne figure pas sur le cadastre de l\u2019An 12 de Mecquignies. Il appartient \u00e0 cette date \u00e0 Jean-Joseph MANDRON comme nous allons le voir ci-dessous. Or celui-ci a ses terres \u00e0 la limite de Mecquignies et de Louvignies comme on peut le voir sur ce m\u00eame cadastre :<\/p>\n\n\n\n<div class=\"wp-block-image\"><figure class=\"aligncenter\"><img decoding=\"async\" src=\"https:\/\/i0.wp.com\/patrimoine-avesnois.fr\/chemin\/wp-content\/uploads\/2021\/04\/Captur.jpg?resize=840%2C629\" alt=\"\" class=\"wp-image-12467\"\/><figcaption>Cadastre de Mecquignies An 11 ADN P 30\/233&nbsp;<a rel=\"noreferrer noopener\" href=\"https:\/\/archivesdepartementales.lenord.fr\/ark:\/33518\/c4j3qmt087bx\/ffb3f3c4-e0d9-4fbf-ac8e-77e2d6e8b968\" target=\"_blank\">Vue 3\/3<\/a>&nbsp;(trait rose = limite de commune)<\/figcaption><\/figure><\/div>\n\n\n\n<p>Il en \u00e9tait probablement de m\u00eame de la situation du moulin. A cause de cette position ambigu\u00eb le g\u00e9om\u00e8tre et l\u2019arpenteur n\u2019ont donc pas indiqu\u00e9 le moulin en l\u2019An 11 et en l\u2019An 12 ne sachant pas sur quelle commune il \u00e9tait exactement \u00e9rig\u00e9.<\/p>\n\n\n\n<div class=\"wp-block-image\"><figure class=\"aligncenter\"><img decoding=\"async\" src=\"https:\/\/i0.wp.com\/patrimoine-avesnois.fr\/chemin\/wp-content\/uploads\/2021\/04\/Captur-1.jpg?fit=840%2C630\" alt=\"\" class=\"wp-image-12470\"\/><figcaption>Endroit o\u00f9 devait se dresser le Moulin \u00e0 vent de Jean-Joseph MANDRON&nbsp;<a href=\"https:\/\/www.google.fr\/maps\/@50.2816649,3.8001961,3a,90y,73.7h,91.36t\/data=!3m6!1e1!3m4!1sucadnP8Op1kY1GlHV4NMIg!2e0!7i13312!8i6656\" target=\"_blank\" rel=\"noreferrer noopener\">Rue de Mecquignies<\/a><\/figcaption><\/figure><\/div>\n\n\n\n<p>Jean-Joseph MANDRON n\u00e9 le 28 janvier 1779 \u00e0 Louvignies-Bavay, \u00e9poux de Catherine LEGAT est meunier et cultivateur \u00e0 Mecquignies. Ses parents et son fr\u00e8re Pierre-Joseph mari\u00e9 ave Constance Bernardine DECROUEZ poss\u00e8dent le moulin \u00e0 eau de Louvignies-Bavay. MANDRON loue son moulin \u00e0 vent en 1803 \u00e0 Bernard Pecqueux (1) puis en en 1805 \u00e0 Jean-Baptiste Hiolle et Catherine Dorpe (2). Le Moulin \u00e0 vent de Mecquignies disparait avant 1820 car le couple MANDRON LEGAT est dit meunier domicili\u00e9 \u00e0 Avesnes lors du mariage de leur fils Jean-Baptiste le 13 D\u00e9cembre 1820 \u00e0 Haut-Lieu avec D\u00e9sir\u00e9e Wautier. Ils marient leur fille Catherine en 1830 \u00e0 Avesnelles avec Jean Philippe DEBIEVRE. Ils sont alors meuniers en cette commune. Il est vrai que leur fils d\u00e9tient le moulin \u00e0 vent d\u2019Avesnelles. Jean-Joseph MANDRON d\u00e9c\u00e8de 12&nbsp;janvier&nbsp;1834 \u00e0 Avesnelles. Son acte de d\u00e9c\u00e8s le mentionne aubergiste.<\/p>\n\n\n\n<p>(1) : ADN 3 Q 73-3 Enregistrement Bureau de Bavay Table des baux An 8-1813 Acte du 20 vent\u00f4se An 11 (11\/03\/1803)<\/p>\n\n\n\n<p>(2) : ADN 3 Q 73-3 Enregistrement Bureau de Bavay Table des baux An 8-1813 Acte du 1er vend\u00e9miaire An 14 (23\/09\/1805)<\/p>\n\n\n\n<p class=\"has-text-align-center\">*****<\/p>\n\n\n\n<p>2 Le Moulin \u00e0 vent de Benoni G\u00c9RIN<\/p>\n\n\n\n<div class=\"wp-block-image\"><figure class=\"aligncenter\"><img decoding=\"async\" src=\"https:\/\/i0.wp.com\/patrimoine-avesnois.fr\/chemin\/wp-content\/uploads\/2021\/04\/Capture-81.jpg?resize=840%2C630\" alt=\"\" class=\"wp-image-12484\"\/><figcaption><em>Cadastre de Mecquignies An 11 ADN P 30\/233 Moulin C 59&nbsp;<\/em><a rel=\"noreferrer noopener\" href=\"https:\/\/archivesdepartementales.lenord.fr\/ark:\/33518\/c4j3qmt087bx\/ffb3f3c4-e0d9-4fbf-ac8e-77e2d6e8b968\" target=\"_blank\">Vue 3\/3<\/a><\/figcaption><\/figure><\/div>\n\n\n\n<div class=\"wp-block-image\"><figure class=\"aligncenter\"><img decoding=\"async\" src=\"https:\/\/i2.wp.com\/patrimoine-avesnois.fr\/chemin\/wp-content\/uploads\/2021\/04\/Capture-82.jpg?resize=840%2C630\" alt=\"\" class=\"wp-image-12485\"\/><figcaption><em>Cadastre de Mecquignies An 12 ADN P 30\/233 Moulin C 59<\/em>&nbsp;<a href=\"https:\/\/archivesdepartementales.lenord.fr\/ark:\/33518\/c4j3qmt087bx\/2d1695fe-9bea-4663-b23d-930825446327\" target=\"_blank\" rel=\"noreferrer noopener\">Vue 1\/3<\/a><\/figcaption><\/figure><\/div>\n\n\n\n<div class=\"wp-block-image\"><figure class=\"aligncenter\"><img decoding=\"async\" src=\"https:\/\/i2.wp.com\/patrimoine-avesnois.fr\/chemin\/wp-content\/uploads\/2021\/04\/image-27.png?resize=840%2C630\" alt=\"\" class=\"wp-image-12490\"\/><figcaption>A l\u2019origine le Moulin \u00e0 vent de Benoni G\u00c9RIN se trouvait sur la gauche de ce chemin \u00e0 environ 300 m\u00e8tres avant d\u2019\u00eatre d\u00e9plac\u00e9 beaucoup plus dans les terres.<a rel=\"noreferrer noopener\" href=\"https:\/\/www.google.fr\/maps\/@50.2704415,3.8051707,3a,90y,258.81h,85.64t\/data=!3m6!1e1!3m4!1s3Cxh21pDJVh4OaoL8uuFfQ!2e0!7i13312!8i6656\" target=\"_blank\">&nbsp;Ch\u00e8vrerie des sabotiers<\/a><\/figcaption><\/figure><\/div>\n\n\n\n<div class=\"wp-block-image\"><figure class=\"aligncenter\"><img decoding=\"async\" src=\"https:\/\/i1.wp.com\/patrimoine-avesnois.fr\/chemin\/wp-content\/uploads\/2021\/04\/Capture-83.jpg?resize=840%2C630\" alt=\"\" class=\"wp-image-12491\"\/><figcaption>Endroit approximatif o\u00f9 se dressait le Moulin \u00e0 vent de&nbsp;<em>Benoni G\u00c9RIN<\/em>&nbsp;apr\u00e8s son d\u00e9placement en l\u2019An 12<\/figcaption><\/figure><\/div>\n\n\n\n<p>Visiblement ce moulin \u00e0 vent repr\u00e9sent\u00e9 sur la parcelle C N\u00b0 59 a \u00e9t\u00e9 d\u00e9plac\u00e9 entre l\u2019An 11 et l\u2019An 12. Situ\u00e9 au pr\u00e9alable au bord du chemin de la Couv il est ensuite bien en retrait dans les terres. Benoni-Joseph G\u00c9RIN (\u00b01751 +1838) est \u00e0 l\u2019origine de ce Moulin \u00e0 vent. Le Bureau des Finances lui accorde en effet le 31 d\u00e9cembre 1778 l\u2019autorisation d\u2019\u00e9riger un moulin \u00e0 vent \u00e0 farine \u00e0 Mecquignies. G\u00c9RIN demande confirmation de cette sentence et le 6 mai 1779 D\u00e9bonnaire Deforges de Paris renvoie cette requ\u00eate \u00e0 l\u2019intentant Calonne qui l\u2019adresse \u00e0 M de S\u00e9nac. La confirmation est \u00e9tablie le 9 octobre 1779 sous r\u00e9serve que le meunier paie une redevance annuelle de 6 florins (1). Benoni-Joseph G\u00c9RIN est mari\u00e9 depuis 1774 avec Marie Doroth\u00e9e POIRETTE (\u00b01750 +1823). En 1807 deux familles diff\u00e9rentes d\u00e9tiennent le moulin par moiti\u00e9, d\u2019une part Joachim-Benoit G\u00c9RIN (\u00b0 1762 + ?) qui est cousin germain \u00e0 Benoni et d\u2019autre part Thomassine DECROUEZ qui le re\u00e7oit en donation de ses parents Jean-Baptiste DECROUEZ, brasseur \u00e0 Saint-Waast-la-Vall\u00e9e et Marie-Rosaline BRAYERE. Thomassine mari\u00e9e&nbsp;le&nbsp;9&nbsp;avril&nbsp;1806 \u00e0 Saint-Waast-la-Vall\u00e9e avec&nbsp;Alexandre MIRLAND, cultivateur, d\u00e9c\u00e8de le 1er d\u00e9cembre 1807 \u00e0 Mecquignies. Elle laisse son h\u00e9ritage, donc la moiti\u00e9 du moulin qu\u2019elle poss\u00e8de \u00e0 son fils Constantin Alexandre n\u00e9 le 23 novembre 1807 et l\u2019usufruit \u00e0 son mari et tuteur de l\u2019enfant (2). Le moulin \u00e0 vent est lou\u00e9 le 5 juin 1808 pour 3 ans \u00e0 Benoit-Joachim G\u00e9rin et \u00e0 Adrien Pr\u00e9vost (3). Cependant Joachim-Benoit G\u00c9RIN propri\u00e9taire de la moiti\u00e9 du moulin loue celui-ci en 1809 \u00e0 Antoine Hote (4). Il semble donc que les deux propri\u00e9taires accordent des baux \u00e0 des locataires diff\u00e9rents. En Mai 1817 Alexandre MIRLAND loue le moulin \u00e0 Pierre Banse, Alexandre et Philibert Wattier de Houdain (5). Entre juin et octobre 1817 le moulin est vendu \u00e0 Guislain-Joseph PR\u00c9VOST qui est le p\u00e8re d\u2019Adrien locataire en 1808. Guislain-Joseph PR\u00c9VOST (\u00b01736 +1819 Saint-Waast-la-Vall\u00e9e) mari\u00e9 avec Marie-Th\u00e9r\u00e8se ROUSSEAU (\u00b01745 Gommegnies + 1782 Gommegnies) domicili\u00e9 \u00e0 Gommegnies loue le moulin \u00e0 Casimir et Guislain Bresson meuniers \u00e0 Gommegnies en date du 18 novembre 1817 (6). Il d\u00e9c\u00e8de le 17 d\u00e9cembre 1819 \u00e0 Saint-Waast-la-Vall\u00e9e laissant comme h\u00e9ritiers Antoine-Joseph, d\u2019abord meunier \u00e0 Bermeries puis gar\u00e7on meunier \u00e0 Hon-Hergies, Louis-Joseph meunier \u00e0 Saint-Waast et Ferdinand tourneur \u00e0 Villereau (7). Les trois h\u00e9ritiers louent alors le moulin \u00e0 vent pour la derni\u00e8re fois en 1820 \u00e0 D\u00e9sir\u00e9 BOUCHER (8). Le moulin disparait avant 1830.<\/p>\n\n\n\n<p>(1) : ADN C 19059 Pour information Andr\u00e9 Charles D\u00e9bonnaire de Forges est Conseiller au Parlement de Paris en 1761, ma\u00eetre des requ\u00eates en 1768,puis intendant des domaines de la couronne. Il sera guillotin\u00e9 en 1793.&nbsp;<a rel=\"noreferrer noopener\" href=\"https:\/\/fr.wikipedia.org\/wiki\/Gabriel_S%C3%A9nac_de_Meilhan\" target=\"_blank\">Gabriel S\u00e9nac de Meilhan<\/a>&nbsp;est intendant du Hainaut en 1778.&nbsp;<a rel=\"noreferrer noopener\" href=\"https:\/\/fr.wikipedia.org\/wiki\/Charles-Alexandre_de_Calonne\" target=\"_blank\">Charles-Alexandre Calonne&nbsp;<\/a>est intendant de Flandre et Artois depuis 1778.<\/p>\n\n\n\n<p>(2) : ADN 3 Q 69-10 Enregistrement Bureau de Bavay Successions 17\/12\/1811-24\/09\/1815<\/p>\n\n\n\n<p>(3) : ADN 3 Q 73-2 Enregistrement Bureau de Bavay Table des baux 05\/1808-10\/1810. Bail pour 3 ans aupr\u00e8s de Maitre G\u00e9rin notaire \u00e0 Bavay.<\/p>\n\n\n\n<p>(4) : ADN 3 Q 73-2 Enregistrement Bureau de Bavay Table des baux 05\/1808-10\/1810.<\/p>\n\n\n\n<p>(5) : ADN 3 Q 73-5 Enregistrement Bureau de Bavay Table des baux 1815-1825<\/p>\n\n\n\n<p>(6) : ADN 3 Q 73-5 Enregistrement Bureau de Bavay Table des baux 1815-1825<\/p>\n\n\n\n<p>(7) : ADN 3 Q 69-12 Enregistrement Bureau de Bavay Successions 19\/01\/1819-13\/09\/1822<\/p>\n\n\n\n<p>(8) : ADN 3 Q 73-5 Enregistrement Bureau de Bavay Table des baux 1815-1825<\/p>\n\n\n\n<p class=\"has-text-align-center\">*****<\/p>\n\n\n\n<p>3 Le Moulin \u00e0 vent de Pierre G\u00c9RIN<\/p>\n\n\n\n<div class=\"wp-block-image\"><figure class=\"aligncenter\"><img decoding=\"async\" src=\"https:\/\/i0.wp.com\/patrimoine-avesnois.fr\/chemin\/wp-content\/uploads\/2021\/04\/Captur-3.jpg?resize=840%2C630\" alt=\"\" class=\"wp-image-12475\"\/><figcaption><em>Cadastre de Mecquignies 1831 ADN P 31\/744 Moulin Pierre GERIN \u00e9rig\u00e9 en 1847 sur la parcelle S A 380&nbsp;<\/em><a rel=\"noreferrer noopener\" href=\"https:\/\/archivesdepartementales.lenord.fr\/ark:\/33518\/jdmq6cxk58tr\/96b4a7c4-7a83-4acc-af0e-6f05b6969c70\" target=\"_blank\">Vue 2\/10<\/a><\/figcaption><\/figure><\/div>\n\n\n\n<div class=\"wp-block-image\"><figure class=\"aligncenter\"><img decoding=\"async\" src=\"https:\/\/i1.wp.com\/patrimoine-avesnois.fr\/chemin\/wp-content\/uploads\/2021\/04\/Capture-80.jpg?fit=840%2C630\" alt=\"\" class=\"wp-image-12482\"\/><figcaption>Endroit o\u00f9 se dressait le Moulin \u00e0 vent de Pierre GERIN (<a href=\"https:\/\/www.google.fr\/maps\/place\/Mecquignies\/@50.2748762,3.8054363,2267m\/data=!3m1!1e3!4m5!3m4!1s0x47c26095cdb79d6d:0x40af13e816460c0!8m2!3d50.271492!4d3.804576\" target=\"_blank\" rel=\"noreferrer noopener\">Au Gogniau<\/a>)<\/figcaption><\/figure><\/div>\n\n\n\n<p>Le cadastre de Mecquignies nous indique la construction en 1847 d\u2019un moulin \u00e0 vent \u00e0 farine appartenant \u00e0 G\u00c9RIN Pierre-Joseph fils \u00e0 Mecquignies qui le loue le 1er septembre 1847 \u00e0 Qu\u00e9vy et Caulier (1) (2). En 1854 Ferdinand COLLARD, meunier \u00e0 Mecquignies puis \u00e0 Houdain en est le nouveau propri\u00e9taire. Il vend le moulin \u00e0 vent en 1858 \u00e0 Vulgis LEROY, meunier \u00e0 Saint-Waast-la-Vall\u00e9e qui le d\u00e9place alors sur sa commune (3).<\/p>\n\n\n\n<p>(1) : ADN 3 Q 73-7 Enregistrement Bureau de Bavay Table des baux 1840-1854<\/p>\n\n\n\n<p>(2) Selon l\u2019\u00e9tat civil Juv\u00e9nal Qu\u00e9vy, journalier et Pierre Caulier \u00e9picier sont beaux-fr\u00e8res domicili\u00e9s \u00e0 Bavay.<\/p>\n\n\n\n<p>(3) : ADN S 5987 Voir sur ce site le Moulin \u00e0 vent de Saint-Waast-la-Vall\u00e9e<\/p>\n\n\n\n<p class=\"has-text-align-center\">*****<\/p>\n\n\n\n<p>4 Le Moulin \u00e0 vent de Florent DEMAREST<\/p>\n\n\n\n<div class=\"wp-block-image\"><figure class=\"aligncenter\"><img decoding=\"async\" src=\"https:\/\/i0.wp.com\/patrimoine-avesnois.fr\/chemin\/wp-content\/uploads\/2021\/04\/image-24.png?fit=840%2C630\" alt=\"\" class=\"wp-image-12473\"\/><figcaption>Cadastre de Mecquignies 1831 ADN P 31\/744 Moulin DEMAREST \u00e9rig\u00e9 en 1862 sur la parcelle S A 447&nbsp;<a rel=\"noreferrer noopener\" href=\"https:\/\/archivesdepartementales.lenord.fr\/ark:\/33518\/jdmq6cxk58tr\/96b4a7c4-7a83-4acc-af0e-6f05b6969c70\" target=\"_blank\">Vue 2\/10<\/a><\/figcaption><\/figure><\/div>\n\n\n\n<p>Nous avons vu que Daniel DEMAREST(Z), cultivateur \u00e0 Louvignies-Bavay (Buvigny) reconstruit en 1851 un moulin \u00e0 vent sur cette commune. C\u2019est ce m\u00eame moulin que son fils Florent DEMAREST fait d\u00e9placer sur la commune de Mecquignies en 1862 (1). En 1868 le moulin appartient \u00e0 Charles PONSIN meunier \u00e0 Mecquignies mari\u00e9 avec Eulalie LEMAIRE.<\/p>\n\n\n\n<div class=\"wp-block-image\"><figure class=\"aligncenter\"><img decoding=\"async\" src=\"https:\/\/i2.wp.com\/patrimoine-avesnois.fr\/chemin\/wp-content\/uploads\/2021\/04\/image-25.png?resize=840%2C125\" alt=\"\" class=\"wp-image-12476\"\/><figcaption>Journal de Fourmies \u00e9dition du&nbsp;<a href=\"https:\/\/gallica.bnf.fr\/ark:\/12148\/bpt6k6368942h\/f2.item.r=Charles%20Ponsin%20MEUNIER.zoom\" target=\"_blank\" rel=\"noreferrer noopener\">29 mai 1881<\/a><\/figcaption><\/figure><\/div>\n\n\n\n<p>PONSIN a des d\u00e9m\u00eal\u00e9s avec la justice et est condamn\u00e9 en audience du 25 mai 1881 par le tribunal correctionnel d\u2019Avesnes \u00e0 six mois de prison pour menaces de mort avec ordre. Il s\u2019ensuit que PONSIN est d\u00e9clar\u00e9 en faillite et que sa femme demande la s\u00e9paration de biens contre son mari.<\/p>\n\n\n\n<div class=\"wp-block-image\"><figure class=\"aligncenter\"><img decoding=\"async\" src=\"https:\/\/i0.wp.com\/patrimoine-avesnois.fr\/chemin\/wp-content\/uploads\/2021\/04\/Capture-78.jpg?resize=840%2C628\" alt=\"\" class=\"wp-image-12479\"\/><figcaption>Endroit o\u00f9 se dressait le Moulin \u00e0 vent de Florent DEMARST \u00e0 Mecquignies&nbsp;<a href=\"https:\/\/www.google.fr\/maps\/@50.2793374,3.7985245,3a,90y,271.16h,73.12t\/data=!3m6!1e1!3m4!1sYENIvHxzYSuAe3iziebG-Q!2e0!7i16384!8i8192\" target=\"_blank\" rel=\"noreferrer noopener\">Chemin du Moulin<\/a><\/figcaption><\/figure><\/div>\n\n\n\n<p>Le moulin est alors acquis par Ernest GRAVIS notaire \u00e0 Bavay qui le loue le 1e d\u00e9cembre 1887 \u00e0 Prudent Fi\u00e9vet (2). Ernest GRAVIS mari\u00e9 avec Anna-Louise-Amandine DELHAYE d\u00e9c\u00e8de le&nbsp;25&nbsp;septembre&nbsp;1898 \u00e0 Bavay \u00e0 l\u2019\u00e2ge de 75&nbsp;ans. Ses trois filles Anna \u00e9pouse de Charles Barbieux notaire \u00e0 Saint-Amand-les-Eaux, Sophie \u00e9pouse de Alfred TRECA notaire \u00e0 Bavay et Gabrielle \u00e9pouse de Pierre MANDRON fabricant de chicor\u00e9e \u00e0 Louvignies-Bavay h\u00e9ritent du moulin \u00e0 vent (3). Selon le cadastre il est d\u00e9moli en 1902.<\/p>\n\n\n\n<p>(1) : Matrices Cadastrales Mecquignies ADN 35 P 973 B NB 1833-1913<\/p>\n\n\n\n<p>(2) : ADN 3 Q 73-12 Enregistrement Bureau de Bavay Table des baux 1883-1890<\/p>\n\n\n\n<p>(3) : ADN 3 Q 69-72 Enregistrement Bureau de Bavay Successions 1899<\/p>\n","protected":false},"excerpt":{"rendered":"<p>Les Quatre Moulins \u00e0 vent de Mecquignies : La localisation et l\u2019histoire des moulins \u00e0 vent de Mecquignies est assez complexe et j\u2019accepterai volontiers des compl\u00e9ments d\u2019informations voire des rectificatifs. Je les d\u00e9signerai par le nom du premier propri\u00e9taire connu. Commen\u00e7ons par celui qui est le plus ancien : le Moulin Mandron 1 Le Moulin &hellip; <a href=\"http:\/\/patrimoine-avesnois.fr\/moulins-vent\/mecquignies\/\" class=\"more-link\">Continuer la lecture<span class=\"screen-reader-text\"> de &laquo;&nbsp;Mecquignies&nbsp;&raquo;<\/span><\/a><\/p>\n","protected":false},"author":2,"featured_media":0,"parent":0,"menu_order":0,"comment_status":"closed","ping_status":"closed","template":"","meta":{"footnotes":""},"class_list":["post-102","page","type-page","status-publish","hentry"],"jetpack_sharing_enabled":true,"_links":{"self":[{"href":"http:\/\/patrimoine-avesnois.fr\/moulins-vent\/wp-json\/wp\/v2\/pages\/102","targetHints":{"allow":["GET"]}}],"collection":[{"href":"http:\/\/patrimoine-avesnois.fr\/moulins-vent\/wp-json\/wp\/v2\/pages"}],"about":[{"href":"http:\/\/patrimoine-avesnois.fr\/moulins-vent\/wp-json\/wp\/v2\/types\/page"}],"author":[{"embeddable":true,"href":"http:\/\/patrimoine-avesnois.fr\/moulins-vent\/wp-json\/wp\/v2\/users\/2"}],"replies":[{"embeddable":true,"href":"http:\/\/patrimoine-avesnois.fr\/moulins-vent\/wp-json\/wp\/v2\/comments?post=102"}],"version-history":[{"count":1,"href":"http:\/\/patrimoine-avesnois.fr\/moulins-vent\/wp-json\/wp\/v2\/pages\/102\/revisions"}],"predecessor-version":[{"id":103,"href":"http:\/\/patrimoine-avesnois.fr\/moulins-vent\/wp-json\/wp\/v2\/pages\/102\/revisions\/103"}],"wp:attachment":[{"href":"http:\/\/patrimoine-avesnois.fr\/moulins-vent\/wp-json\/wp\/v2\/media?parent=102"}],"curies":[{"name":"wp","href":"https:\/\/api.w.org\/{rel}","templated":true}]}}