{"id":118,"date":"2021-05-04T12:57:28","date_gmt":"2021-05-04T10:57:28","guid":{"rendered":"http:\/\/patrimoine-avesnois.fr\/moulins-vent\/?page_id=118"},"modified":"2021-05-04T12:57:28","modified_gmt":"2021-05-04T10:57:28","slug":"prisches","status":"publish","type":"page","link":"http:\/\/patrimoine-avesnois.fr\/moulins-vent\/prisches\/","title":{"rendered":"Prisches"},"content":{"rendered":"\n<p class=\"has-bright-red-color has-text-color has-medium-font-size\"><strong>Le Moulin \u00e0 vent de Prisches :<\/strong><\/p>\n\n\n\n<div class=\"wp-block-image\"><figure class=\"aligncenter\"><img decoding=\"async\" src=\"https:\/\/i2.wp.com\/patrimoine-avesnois.fr\/chemin\/wp-content\/uploads\/2021\/04\/Capture-5.jpg?resize=840%2C630\" alt=\"\" class=\"wp-image-12274\"\/><figcaption>Position approximative de l\u2019ancien Moulin \u00e0 vent de Prisches<\/figcaption><\/figure><\/div>\n\n\n\n<p>Le Moulin \u00e0 vent de Prisches est situ\u00e9 au Campiau. En 1340 il est br\u00fbl\u00e9 lorsque le comte Guillaume II de Hainaut d\u00e9clare la guerre \u00e0 la France. Il est reb\u00e2ti \u00e0 plusieurs reprises et appartient en 1703 au duc d\u2019Orl\u00e9ans et ce jusqu\u2019\u00e0 la R\u00e9volution de 1789. Probablement vendu comme bien national, il est la propri\u00e9t\u00e9 en 1808 de Pierre Joseph MAHY, meunier \u00e0 Prisches et mari\u00e9 vers 1788 avec Marie Rose BAUDRY. Il est \u00e9galement propri\u00e9taire du moulin \u00e0 eau sur la Rivierette. Il d\u00e9c\u00e8de le 20 novembre 1812. Le moulin \u00e0 vent entre dans sa succession : ses enfants (Louis) Joseph, Catherine, Sophie, Benoite et Marie Rose fianc\u00e9e \u00e0 Constant MOZIN, meunier \u00e0 Grand-Fayt en h\u00e9ritent (1). En 1814 une partie du moulin est vendue au s\u00e9nateur Wirth de Landrecies (2). En 1843 Constant MOZIN et son \u00e9pouse Marie Rose MAHY vendent le moulin du Campiau \u00e0 Andr\u00e9 Joseph LOCQUENEUX, mar\u00e9chal de camp(3), qui le loue le jour m\u00eame \u00e0 l\u2019ancien propri\u00e9taire (4). Le moulin \u00e0 vent de Prisches disparait dans un incendie en 1851 (5).<\/p>\n\n\n\n<p>(1) : ADN 3 Q 297-6 Enregistrement Bureau de Landrecies Table des vendeurs 1812-1818<\/p>\n\n\n\n<p>(2) : ADN 3 Q 297-6 Enregistrement Bureau de Landrecies Table des vendeurs 1812-1818<\/p>\n\n\n\n<p>(3) : ADN 3 Q 298-12 Enregistrement Bureau de Landrecies Table des acqu\u00e9reurs 1840-1843 Acte du 10\/01\/1843<\/p>\n\n\n\n<p>(4) : ADN 3 Q 299-5 Enregistrement Bureau de Landrecies Table des baux 1828-1844<\/p>\n\n\n\n<p>(5) : ADN Matrices cadastrales 35 P 1107 B NB 1821 1883 Section D 315<\/p>\n","protected":false},"excerpt":{"rendered":"<p>Le Moulin \u00e0 vent de Prisches : Le Moulin \u00e0 vent de Prisches est situ\u00e9 au Campiau. En 1340 il est br\u00fbl\u00e9 lorsque le comte Guillaume II de Hainaut d\u00e9clare la guerre \u00e0 la France. Il est reb\u00e2ti \u00e0 plusieurs reprises et appartient en 1703 au duc d\u2019Orl\u00e9ans et ce jusqu\u2019\u00e0 la R\u00e9volution de 1789. &hellip; <a href=\"http:\/\/patrimoine-avesnois.fr\/moulins-vent\/prisches\/\" class=\"more-link\">Continuer la lecture<span class=\"screen-reader-text\"> de &laquo;&nbsp;Prisches&nbsp;&raquo;<\/span><\/a><\/p>\n","protected":false},"author":2,"featured_media":0,"parent":0,"menu_order":0,"comment_status":"closed","ping_status":"closed","template":"","meta":{"footnotes":""},"class_list":["post-118","page","type-page","status-publish","hentry"],"jetpack_sharing_enabled":true,"_links":{"self":[{"href":"http:\/\/patrimoine-avesnois.fr\/moulins-vent\/wp-json\/wp\/v2\/pages\/118","targetHints":{"allow":["GET"]}}],"collection":[{"href":"http:\/\/patrimoine-avesnois.fr\/moulins-vent\/wp-json\/wp\/v2\/pages"}],"about":[{"href":"http:\/\/patrimoine-avesnois.fr\/moulins-vent\/wp-json\/wp\/v2\/types\/page"}],"author":[{"embeddable":true,"href":"http:\/\/patrimoine-avesnois.fr\/moulins-vent\/wp-json\/wp\/v2\/users\/2"}],"replies":[{"embeddable":true,"href":"http:\/\/patrimoine-avesnois.fr\/moulins-vent\/wp-json\/wp\/v2\/comments?post=118"}],"version-history":[{"count":1,"href":"http:\/\/patrimoine-avesnois.fr\/moulins-vent\/wp-json\/wp\/v2\/pages\/118\/revisions"}],"predecessor-version":[{"id":119,"href":"http:\/\/patrimoine-avesnois.fr\/moulins-vent\/wp-json\/wp\/v2\/pages\/118\/revisions\/119"}],"wp:attachment":[{"href":"http:\/\/patrimoine-avesnois.fr\/moulins-vent\/wp-json\/wp\/v2\/media?parent=118"}],"curies":[{"name":"wp","href":"https:\/\/api.w.org\/{rel}","templated":true}]}}