{"id":124,"date":"2021-05-04T13:01:27","date_gmt":"2021-05-04T11:01:27","guid":{"rendered":"http:\/\/patrimoine-avesnois.fr\/moulins-vent\/?page_id=124"},"modified":"2021-05-04T13:01:27","modified_gmt":"2021-05-04T11:01:27","slug":"robersart","status":"publish","type":"page","link":"http:\/\/patrimoine-avesnois.fr\/moulins-vent\/robersart\/","title":{"rendered":"Robersart"},"content":{"rendered":"\n<p class=\"has-bright-red-color has-text-color has-medium-font-size\"><strong>Le Moulin \u00e0 vent de Robersart :<\/strong><\/p>\n\n\n\n<div class=\"wp-block-image\"><figure class=\"aligncenter\"><img decoding=\"async\" src=\"https:\/\/i1.wp.com\/patrimoine-avesnois.fr\/chemin\/wp-content\/uploads\/2021\/04\/Capture-25.jpg?resize=840%2C632\" alt=\"\" class=\"wp-image-12320\"\/><figcaption>Cadastre de Robersart An 13 ADN P 30 \/ 300 Moulin \u00e0 vent S B 75&nbsp;<a rel=\"noreferrer noopener\" href=\"https:\/\/archivesdepartementales.lenord.fr\/ark:\/33518\/4x57g38qlzdw\/be06894c-6a34-45aa-9844-6f65a8c82540\" target=\"_blank\">Vue 2\/3<\/a><\/figcaption><\/figure><\/div>\n\n\n\n<div class=\"wp-block-image\"><figure class=\"aligncenter\"><img decoding=\"async\" src=\"https:\/\/i1.wp.com\/patrimoine-avesnois.fr\/chemin\/wp-content\/uploads\/2021\/04\/Capture-26.jpg?resize=840%2C630\" alt=\"\" class=\"wp-image-12321\"\/><figcaption>Position fictive du Moulin \u00e0 vent de Robersart sur une carte actuelle<\/figcaption><\/figure><\/div>\n\n\n\n<div class=\"wp-block-image\"><figure class=\"aligncenter\"><img decoding=\"async\" src=\"https:\/\/i2.wp.com\/patrimoine-avesnois.fr\/chemin\/wp-content\/uploads\/2021\/04\/Capture-27.jpg?resize=840%2C630\" alt=\"\" class=\"wp-image-12322\"\/><figcaption>Endroit o\u00f9 se dressait le Moulin \u00e0 vent de Robersart&nbsp;<a href=\"https:\/\/www.google.fr\/maps\/@50.1499241,3.6501614,3a,90y,13.35h,58.24t\/data=!3m6!1e1!3m4!1sLY8LRh5EafKW3ENMyZqX8Q!2e0!7i16384!8i8192\" target=\"_blank\" rel=\"noreferrer noopener\">Rue du Ch\u00eane<\/a><\/figcaption><\/figure><\/div>\n\n\n\n<p>Le Moulin \u00e0 vent de Robersart pr\u00e9sent sur la carte de Cassini est un moulin banal d\u00e9tenu par le seigneur local. La veuve BOURSIER le poss\u00e8de ensuite avant qu\u2019il soit vendu le 8 Germinal An 7 (28 mars 1799) \u00e0 Charles GUYOT. Le 23 novembre 1807 le moulin de l\u2019\u00e9migr\u00e9e veuve BOURSIER est de nouveau vendu \u00e0 BOURSIER, le bien revenant donc \u00e0 la famille (1). La veuve n\u00e9e DIDIER Reine-Melchior d\u00e9c\u00e8de en 1809 et laisse le moulin \u00e0 vent de Robersart \u00e0 sa fille unique D\u00e9sir\u00e9e-F\u00e9bronie-Jos\u00e9phine mari\u00e9e en 1804 \u00e0 Valenciennes avec Am\u00e9d\u00e9e HAMOIR (\u00b01783 +1867) (2). Celui-ci loue le moulin \u00e0 Adrien Hallez vieux (3) (\u00b01762 +1841) \u00e0 Robersart dont le p\u00e8re Jean-Louis \u00e9tait \u00e9galement meunier en 1748 et Ma\u00eetre meunier en 1773. Le moulin est d\u00e9moli en 1857.<\/p>\n\n\n\n<p>(1) : ADN 1 Q 1001.<\/p>\n\n\n\n<p>(2) : ADN 3 Q 406-10 Enregistrement Bureau Le Quesnoy Table des vendeurs 1810<\/p>\n\n\n\n<p>(5) : Matrices cadastrales 35 P 1174 B NB 1833 1914<\/p>\n\n\n\n<p><\/p>\n","protected":false},"excerpt":{"rendered":"<p>Le Moulin \u00e0 vent de Robersart : Le Moulin \u00e0 vent de Robersart pr\u00e9sent sur la carte de Cassini est un moulin banal d\u00e9tenu par le seigneur local. La veuve BOURSIER le poss\u00e8de ensuite avant qu\u2019il soit vendu le 8 Germinal An 7 (28 mars 1799) \u00e0 Charles GUYOT. Le 23 novembre 1807 le moulin &hellip; <a href=\"http:\/\/patrimoine-avesnois.fr\/moulins-vent\/robersart\/\" class=\"more-link\">Continuer la lecture<span class=\"screen-reader-text\"> de &laquo;&nbsp;Robersart&nbsp;&raquo;<\/span><\/a><\/p>\n","protected":false},"author":2,"featured_media":0,"parent":0,"menu_order":0,"comment_status":"closed","ping_status":"closed","template":"","meta":{"footnotes":""},"class_list":["post-124","page","type-page","status-publish","hentry"],"jetpack_sharing_enabled":true,"_links":{"self":[{"href":"http:\/\/patrimoine-avesnois.fr\/moulins-vent\/wp-json\/wp\/v2\/pages\/124","targetHints":{"allow":["GET"]}}],"collection":[{"href":"http:\/\/patrimoine-avesnois.fr\/moulins-vent\/wp-json\/wp\/v2\/pages"}],"about":[{"href":"http:\/\/patrimoine-avesnois.fr\/moulins-vent\/wp-json\/wp\/v2\/types\/page"}],"author":[{"embeddable":true,"href":"http:\/\/patrimoine-avesnois.fr\/moulins-vent\/wp-json\/wp\/v2\/users\/2"}],"replies":[{"embeddable":true,"href":"http:\/\/patrimoine-avesnois.fr\/moulins-vent\/wp-json\/wp\/v2\/comments?post=124"}],"version-history":[{"count":1,"href":"http:\/\/patrimoine-avesnois.fr\/moulins-vent\/wp-json\/wp\/v2\/pages\/124\/revisions"}],"predecessor-version":[{"id":125,"href":"http:\/\/patrimoine-avesnois.fr\/moulins-vent\/wp-json\/wp\/v2\/pages\/124\/revisions\/125"}],"wp:attachment":[{"href":"http:\/\/patrimoine-avesnois.fr\/moulins-vent\/wp-json\/wp\/v2\/media?parent=124"}],"curies":[{"name":"wp","href":"https:\/\/api.w.org\/{rel}","templated":true}]}}