{"id":29,"date":"2021-05-04T11:10:49","date_gmt":"2021-05-04T09:10:49","guid":{"rendered":"http:\/\/patrimoine-avesnois.fr\/moulins-vent\/?page_id=29"},"modified":"2023-01-15T11:28:31","modified_gmt":"2023-01-15T10:28:31","slug":"berlaimont","status":"publish","type":"page","link":"http:\/\/patrimoine-avesnois.fr\/moulins-vent\/berlaimont\/","title":{"rendered":"Berlaimont"},"content":{"rendered":"\n<p class=\"has-bright-red-color has-text-color has-medium-font-size\"><strong>Les moulins \u00e0 vent de Berlaimont&nbsp;:<\/strong><\/p>\n\n\n<div class=\"wp-block-image\">\n<figure class=\"aligncenter\"><img decoding=\"async\" src=\"https:\/\/i1.wp.com\/patrimoine-avesnois.fr\/chemin\/wp-content\/uploads\/2021\/03\/Berlaimont-1812.jpg?fit=840%2C511\" alt=\"\" class=\"wp-image-11928\"\/><figcaption class=\"wp-element-caption\">Cadastre Berlaimont 1812 ADN P 31 \/ 665&nbsp;<a href=\"https:\/\/archivesdepartementales.lenord.fr\/ark:\/33518\/r65j3b4fm91x\/4ff8f4b4-ce34-4ae2-b38e-e51cdeb9b121\" target=\"_blank\" rel=\"noreferrer noopener\">Vue 3\/22<\/a><\/figcaption><\/figure>\n<\/div>\n\n<div class=\"wp-block-image\">\n<figure class=\"aligncenter\"><img decoding=\"async\" src=\"https:\/\/i2.wp.com\/patrimoine-avesnois.fr\/chemin\/wp-content\/uploads\/2021\/03\/Berlaimont-1810-1.jpg?fit=840%2C630\" alt=\"\" class=\"wp-image-11931\"\/><figcaption class=\"wp-element-caption\">Endroit o\u00f9 se dressait l\u2019un des moulins \u00e0 vent de Berlaimont (Au fond de la pature derri\u00e8re la haie)<br><a rel=\"noreferrer noopener\" href=\"https:\/\/www.google.fr\/maps\/@50.2076991,3.8035365,3a,90y,8.29h,88.82t\/data=!3m6!1e1!3m4!1seXpD0igROM74FnPkhvRxVA!2e0!7i16384!8i8192\" target=\"_blank\">D 951 Rue Wibaille Dupont<\/a><\/figcaption><\/figure>\n<\/div>\n\n\n<p>Un premier moulin \u00e0 vent est construit vers 1810 et un second vers 1818.<\/p>\n\n\n\n<p>1 Le plus ancien apparait pour la premi\u00e8re fois sur le cadastre de 1812 sur la section A 469, \u00e0 proximit\u00e9 du calvaire en direction de la Grande Carri\u00e8re. Jean Baptiste DUEZ (\u00b01760 Haucourt en Cambr\u00e9sis + 1830 Pr\u00e9seau) mari\u00e9 \u00e0 Rosalie NICODEME (\u00b0 1765 1845 Pr\u00e9seau) en est le propri\u00e9taire. Leur fils Benjamin, meunier au Pr\u00e9seau, se marie le 4 juillet 1827 \u00e0 Berlaimont avec M\u00e9lanie BREDA. Le meunier de Berlaimont d\u00e9c\u00e8de le 14 f\u00e9vrier 1846 laissant une veuve et deux enfants mineurs qui h\u00e9ritent d\u2019un \u00ab&nbsp;moulin \u00e0 vent d\u2019un revenu brut de trois cent francs lequel est fix\u00e9 sur piliers et fait partie de la maison&nbsp;\u00bb (1).<\/p>\n\n\n\n<p>En 1848 le moulin a \u00e9t\u00e9 vendu et appartient alors \u00e0 Jean Baptiste FLAMENT, meunier \u00e0 Berlaimont (2). Le moulin est d\u00e9mont\u00e9 en 1852.<\/p>\n\n\n\n<p>(1)&nbsp;: ADN 3 Q 94-12 Berlaimont Successions 29\/03\/1845-27\/08\/1846<\/p>\n\n\n\n<p>(2)&nbsp;: Matrices cadastrales 35 P 181&nbsp;182 B NB 1821 1864<\/p>\n\n\n\n<p class=\"has-text-align-center\">***<\/p>\n\n\n<div class=\"wp-block-image\">\n<figure class=\"aligncenter\"><img decoding=\"async\" src=\"https:\/\/i2.wp.com\/patrimoine-avesnois.fr\/chemin\/wp-content\/uploads\/2021\/03\/Berlaimont-A-660.jpg?fit=840%2C600\" alt=\"\" class=\"wp-image-11934\"\/><figcaption class=\"wp-element-caption\">Cadastre Berlaimont 1861 ADN P 31 \/ 665 SA 660<a rel=\"noreferrer noopener\" href=\"https:\/\/archivesdepartementales.lenord.fr\/ark:\/33518\/r65j3b4fm91x\/88b7aee0-0627-401f-87c3-aaf5bce3a436\" target=\"_blank\">&nbsp;Vue 14\/22<\/a><\/figcaption><\/figure>\n<\/div>\n\n<div class=\"wp-block-image\">\n<figure class=\"aligncenter\"><img decoding=\"async\" src=\"https:\/\/i2.wp.com\/patrimoine-avesnois.fr\/chemin\/wp-content\/uploads\/2021\/03\/Capture.jpg?resize=840%2C598\" alt=\"\" class=\"wp-image-11935\"\/><figcaption class=\"wp-element-caption\">Endroit o\u00f9 se dressait le second moulin \u00e0 vent de Berlaimont (derri\u00e8re les arbres au fond d\u2019une pature)<br><a href=\"https:\/\/www.google.fr\/maps\/@50.2084853,3.8156305,3a,90y,11.06h,80.77t\/data=!3m6!1e1!3m4!1scpbidupBG-_sR749fmBMMA!2e0!7i13312!8i6656\" target=\"_blank\" rel=\"noreferrer noopener\">Rue des Courtils<\/a><\/figcaption><\/figure>\n<\/div>\n\n\n<p>2 Le second moulin a une vie toute particuli\u00e8re. Un arr\u00eat\u00e9 pr\u00e9fectoral du 21 juin 1816 autorise Mme Vve Nicolas PHILIPPE (n\u00e9e Elisabeth BELLAIN) \u00e0 construire un moulin \u00e0 vent (1). On le retrouve dans ses propri\u00e9t\u00e9s en 1821 sur la section A 534 Bis (2). Elle fait construire une maison sur la parcelle voisine A 354 en 1830 (2). Cette construction a probablement pour effet de d\u00e9placer le moulin qui se retrouve sur la parcelle A 219. Mme PHILIPPE d\u00e9c\u00e8de en 1838 et l\u00e8gue sa maison et le moulin \u00e0 vent \u00e9rig\u00e9 sur vingt cinq ares de terre estim\u00e9 450 francs de revenu \u00e0 Nicolas, Elisabeth et Virginie ses enfants (3). Nicolas fils est meunier (4). Les matrices indiquent ensuite que le moulin en 1848 appartient \u00e0 Pierre DUTRIEUX, cultivateur \u00e0 Berlaimont \u00e9poux de Marie Amande Victoire FRERE. Le couple d\u00e9c\u00e8de en 1864 et le moulin revient aux sept enfants\u00a0: Augustin, Charles, Ferdinand, Marcq, Pierre, Adolphine et D\u00e9sir\u00e9e. Ils d\u00e9cident de le mettre en vente de gr\u00e9 \u00e0 gr\u00e9 et le journal L\u2019Observateur d\u2019Avesnes paru le 30 avril 1865 annonce la vente \u00ab\u00a0d\u2019un moulin \u00e0 vent en tr\u00e8s bon \u00e9tat, mont\u00e9 de 2 paires de meules dont une anglaise avec ses accessoires, \u00e9rig\u00e9 sur 23 ares de terrain\u00a0\u00bb. Le meunier Constantin AUDIN mari\u00e9 \u00e0 Marie Aur\u00e9lie BAUDEZ s\u2019en fait l\u2019acqu\u00e9reur en 1867 (5) mais le revend en 1873 \u00e0 F\u00e9lix DURIEUX, meunier \u00e0 Berlaimont puis \u00e0 Saint-Aubin. Le moulin n\u2019existe plus en 1880. F\u00e9lix DURIEUX mari\u00e9 \u00e0 Martine FLAMENT devient alors cantonnier au halage de Berlaimont.<\/p>\n\n\n\n<p>(1)&nbsp;: ADN K 398<\/p>\n\n\n\n<p>(2)&nbsp;: ADN Matrices cadastrales 35 P 181&nbsp;182 1821 1864<\/p>\n\n\n\n<p>(3)&nbsp;: ADN 3 Q 94-8 Berlaimont Successions 07\/11\/1836- 27\/11\/1838<\/p>\n\n\n\n<p>(4)&nbsp;: Acte de d\u00e9c\u00e8s de sa m\u00e8re Bellain Elisabeth en date du 28\/01\/1838&nbsp;: ADN NMD 1802 1845 Vue 1080\/1342<\/p>\n\n\n\n<p>(5)&nbsp;: ADN Matrices cadastrales 35 P 183 B NB 1867 1913 Moulin SA 660<\/p>\n","protected":false},"excerpt":{"rendered":"<p>Les moulins \u00e0 vent de Berlaimont&nbsp;: Un premier moulin \u00e0 vent est construit vers 1810 et un second vers 1818. 1 Le plus ancien apparait pour la premi\u00e8re fois sur le cadastre de 1812 sur la section A 469, \u00e0 proximit\u00e9 du calvaire en direction de la Grande Carri\u00e8re. Jean Baptiste DUEZ (\u00b01760 Haucourt en &hellip; <a href=\"http:\/\/patrimoine-avesnois.fr\/moulins-vent\/berlaimont\/\" class=\"more-link\">Continuer la lecture<span class=\"screen-reader-text\"> de &laquo;&nbsp;Berlaimont&nbsp;&raquo;<\/span><\/a><\/p>\n","protected":false},"author":2,"featured_media":0,"parent":0,"menu_order":0,"comment_status":"closed","ping_status":"closed","template":"","meta":{"footnotes":""},"class_list":["post-29","page","type-page","status-publish","hentry"],"jetpack_sharing_enabled":true,"_links":{"self":[{"href":"http:\/\/patrimoine-avesnois.fr\/moulins-vent\/wp-json\/wp\/v2\/pages\/29","targetHints":{"allow":["GET"]}}],"collection":[{"href":"http:\/\/patrimoine-avesnois.fr\/moulins-vent\/wp-json\/wp\/v2\/pages"}],"about":[{"href":"http:\/\/patrimoine-avesnois.fr\/moulins-vent\/wp-json\/wp\/v2\/types\/page"}],"author":[{"embeddable":true,"href":"http:\/\/patrimoine-avesnois.fr\/moulins-vent\/wp-json\/wp\/v2\/users\/2"}],"replies":[{"embeddable":true,"href":"http:\/\/patrimoine-avesnois.fr\/moulins-vent\/wp-json\/wp\/v2\/comments?post=29"}],"version-history":[{"count":5,"href":"http:\/\/patrimoine-avesnois.fr\/moulins-vent\/wp-json\/wp\/v2\/pages\/29\/revisions"}],"predecessor-version":[{"id":255,"href":"http:\/\/patrimoine-avesnois.fr\/moulins-vent\/wp-json\/wp\/v2\/pages\/29\/revisions\/255"}],"wp:attachment":[{"href":"http:\/\/patrimoine-avesnois.fr\/moulins-vent\/wp-json\/wp\/v2\/media?parent=29"}],"curies":[{"name":"wp","href":"https:\/\/api.w.org\/{rel}","templated":true}]}}