{"id":31,"date":"2021-05-04T11:12:19","date_gmt":"2021-05-04T09:12:19","guid":{"rendered":"http:\/\/patrimoine-avesnois.fr\/moulins-vent\/?page_id=31"},"modified":"2021-05-04T11:12:19","modified_gmt":"2021-05-04T09:12:19","slug":"bermeries","status":"publish","type":"page","link":"http:\/\/patrimoine-avesnois.fr\/moulins-vent\/bermeries\/","title":{"rendered":"Bermeries"},"content":{"rendered":"\n<p class=\"has-bright-red-color has-text-color has-medium-font-size\"><strong>Le moulin \u00e0 vent de Bermeries&nbsp;:<\/strong><\/p>\n\n\n\n<div class=\"wp-block-image\"><figure class=\"aligncenter\"><img decoding=\"async\" src=\"https:\/\/i1.wp.com\/patrimoine-avesnois.fr\/chemin\/wp-content\/uploads\/2021\/03\/Capture-1.jpg?resize=840%2C630\" alt=\"\" class=\"wp-image-11939\"\/><figcaption>Cadastre Bermeries ADN P 31 \/ 666&nbsp;<a href=\"https:\/\/archivesdepartementales.lenord.fr\/ark:\/33518\/8pwjqtxnm6sb\/18b0d032-ee4f-418f-a0de-68112b356b4c\" target=\"_blank\" rel=\"noreferrer noopener\">Vue 1\/10<\/a><\/figcaption><\/figure><\/div>\n\n\n\n<div class=\"wp-block-image\"><figure class=\"aligncenter\"><img decoding=\"async\" src=\"https:\/\/i1.wp.com\/patrimoine-avesnois.fr\/chemin\/wp-content\/uploads\/2021\/03\/Capture-2.jpg?fit=840%2C600\" alt=\"\" class=\"wp-image-11940\"\/><figcaption>Endroit o\u00f9 se dressait le moulin \u00e0 vent de Bermeries (le long du chemin de terre)<br><a href=\"https:\/\/www.google.fr\/maps\/@50.2898369,3.7503017,3a,75y,3.38h,77.02t\/data=!3m6!1e1!3m4!1smyO8gadxzmwkJsgfhLWCFw!2e0!7i16384!8i8192\" target=\"_blank\" rel=\"noreferrer noopener\">D 942 Route de Le Quesnoy<\/a><\/figcaption><\/figure><\/div>\n\n\n\n<p>Situ\u00e9 pr\u00e8s de la ferme de Cambron, il est situ\u00e9 au bord du \u00ab Vieux Chemin du Quesnoy \u00bb en direction de la cense Ruelle et appartient en 1831 \u00e0 Auguste MANESSE. A son d\u00e9c\u00e8s en 1834 le moulin passe \u00e0 ses fr\u00e8res et s\u0153urs&nbsp;(1). Les h\u00e9ritiers vendent le 5 juin 1837 leur part \u00e0 leur fr\u00e8re Martial MANESSE maire de Bermeries (2) qui devient alors propri\u00e9taire de nombreux biens&nbsp; (habitations, fermes, distillerie de geni\u00e8vre, abattoir, graisserie, bergerie, terres etc) et notamment \u00ab&nbsp;d\u2019un moulin \u00e0 vent \u00e0 faire farine dit le Moulin de Cambron avec tout le mat\u00e9riel&nbsp;\u00bb. Le fermier d\u00e9c\u00e8de en 1844 et le 17 mars&nbsp; 1845 sa veuve Denise Henriette FAUVILLE et sa fille unique Lydie Denise Augustine vendent le moulin \u00e0 Pierre DUBOIS, cultivateur \u00e0 Amfroipret (3). En 1849 le moulin est vendu \u00e0 Hypolite POSTIAU (1805 1880), meunier \u00e0 Bermeries (4). Le moulin est renvers\u00e9 par l\u2019ouragan de 1876 et d\u00e9moli.<\/p>\n\n\n\n<p>(1) : ADN 3 Q 71-15 Enregistrement Bavay Table des acqu\u00e9reurs 1833 1835<\/p>\n\n\n\n<p>(2)&nbsp;: ADN 3 Q 71-16 Enregistrement Bavay Table des acqu\u00e9reurs 1837 1840<\/p>\n\n\n\n<p>(3)&nbsp;: ADN 3 Q 71-20 Enregistrement Bavay Table des acqu\u00e9reurs 1845 1848<\/p>\n\n\n\n<p>(4)&nbsp;: Matrices cadastrales 35 P 195 B NB 1850 1912<\/p>\n","protected":false},"excerpt":{"rendered":"<p>Le moulin \u00e0 vent de Bermeries&nbsp;: Situ\u00e9 pr\u00e8s de la ferme de Cambron, il est situ\u00e9 au bord du \u00ab Vieux Chemin du Quesnoy \u00bb en direction de la cense Ruelle et appartient en 1831 \u00e0 Auguste MANESSE. A son d\u00e9c\u00e8s en 1834 le moulin passe \u00e0 ses fr\u00e8res et s\u0153urs&nbsp;(1). Les h\u00e9ritiers vendent le &hellip; <a href=\"http:\/\/patrimoine-avesnois.fr\/moulins-vent\/bermeries\/\" class=\"more-link\">Continuer la lecture<span class=\"screen-reader-text\"> de &laquo;&nbsp;Bermeries&nbsp;&raquo;<\/span><\/a><\/p>\n","protected":false},"author":2,"featured_media":0,"parent":0,"menu_order":0,"comment_status":"closed","ping_status":"closed","template":"","meta":{"footnotes":""},"class_list":["post-31","page","type-page","status-publish","hentry"],"jetpack_sharing_enabled":true,"_links":{"self":[{"href":"http:\/\/patrimoine-avesnois.fr\/moulins-vent\/wp-json\/wp\/v2\/pages\/31","targetHints":{"allow":["GET"]}}],"collection":[{"href":"http:\/\/patrimoine-avesnois.fr\/moulins-vent\/wp-json\/wp\/v2\/pages"}],"about":[{"href":"http:\/\/patrimoine-avesnois.fr\/moulins-vent\/wp-json\/wp\/v2\/types\/page"}],"author":[{"embeddable":true,"href":"http:\/\/patrimoine-avesnois.fr\/moulins-vent\/wp-json\/wp\/v2\/users\/2"}],"replies":[{"embeddable":true,"href":"http:\/\/patrimoine-avesnois.fr\/moulins-vent\/wp-json\/wp\/v2\/comments?post=31"}],"version-history":[{"count":1,"href":"http:\/\/patrimoine-avesnois.fr\/moulins-vent\/wp-json\/wp\/v2\/pages\/31\/revisions"}],"predecessor-version":[{"id":32,"href":"http:\/\/patrimoine-avesnois.fr\/moulins-vent\/wp-json\/wp\/v2\/pages\/31\/revisions\/32"}],"wp:attachment":[{"href":"http:\/\/patrimoine-avesnois.fr\/moulins-vent\/wp-json\/wp\/v2\/media?parent=31"}],"curies":[{"name":"wp","href":"https:\/\/api.w.org\/{rel}","templated":true}]}}