{"id":33,"date":"2021-05-04T11:13:55","date_gmt":"2021-05-04T09:13:55","guid":{"rendered":"http:\/\/patrimoine-avesnois.fr\/moulins-vent\/?page_id=33"},"modified":"2021-05-04T11:13:55","modified_gmt":"2021-05-04T09:13:55","slug":"bettrechies","status":"publish","type":"page","link":"http:\/\/patrimoine-avesnois.fr\/moulins-vent\/bettrechies\/","title":{"rendered":"Bettrechies"},"content":{"rendered":"\n<p class=\"has-bright-red-color has-text-color has-medium-font-size\"><strong>Le Moulin \u00e0 vent de Bettrechies :<\/strong><\/p>\n\n\n\n<div class=\"wp-block-image\"><figure class=\"aligncenter\"><img decoding=\"async\" src=\"https:\/\/i1.wp.com\/patrimoine-avesnois.fr\/chemin\/wp-content\/uploads\/2021\/03\/Capture-3.jpg?resize=840%2C627\" alt=\"\" class=\"wp-image-11944\"\/><figcaption>Carte de Cassini 1758 Moulin de Bettrechies<\/figcaption><\/figure><\/div>\n\n\n\n<div class=\"wp-block-image\"><figure class=\"aligncenter\"><img decoding=\"async\" src=\"https:\/\/i2.wp.com\/patrimoine-avesnois.fr\/chemin\/wp-content\/uploads\/2021\/03\/Capture-4.jpg?resize=840%2C630\" alt=\"\" class=\"wp-image-11945\"\/><figcaption>Cadastre Bettrechies 1806 ADN P 30 \/ 048&nbsp;<a rel=\"noreferrer noopener\" href=\"https:\/\/archivesdepartementales.lenord.fr\/ark:\/33518\/lj2nzshc87rm\/64b34483-c44e-4b9a-bd2b-2f4e737ba437\" target=\"_blank\">Vue 1\/3<\/a><\/figcaption><\/figure><\/div>\n\n\n\n<div class=\"wp-block-image\"><figure class=\"aligncenter\"><img decoding=\"async\" src=\"https:\/\/i1.wp.com\/patrimoine-avesnois.fr\/chemin\/wp-content\/uploads\/2021\/03\/Capture-5.jpg?resize=840%2C628\" alt=\"\" class=\"wp-image-11946\"\/><figcaption><em>Position fictive du moulin \u00e0 vent de Bettrechies sur une carte actuelle<\/em><\/figcaption><\/figure><\/div>\n\n\n\n<div class=\"wp-block-image\"><figure class=\"aligncenter\"><img decoding=\"async\" src=\"https:\/\/i0.wp.com\/patrimoine-avesnois.fr\/chemin\/wp-content\/uploads\/2021\/03\/Capture-6.jpg?resize=840%2C629\" alt=\"\" class=\"wp-image-11947\"\/><figcaption>Endroit o\u00f9 se dressait le moulin \u00e0 vent de Bettrechies (A l\u2019emplacement de la ferme)&nbsp;<a href=\"https:\/\/www.google.fr\/maps\/@50.3271719,3.7378425,3a,90y,216.02h,72.32t\/data=!3m6!1e1!3m4!1s_kSIS7OcmcooqSaBzBgDyA!2e0!7i13312!8i6656\" target=\"_blank\" rel=\"noreferrer noopener\">26 Rue de Meaurain<\/a><\/figcaption><\/figure><\/div>\n\n\n\n<p>Le moulin \u00e0 vent de Bettrechies figure d\u00e9j\u00e0 sur la carte de Cassini et doit donc \u00eatre seigneurial. Il apparait \u00e9galement sur le cadastre consulaire de 1806 \u00e0 la section&nbsp;<a rel=\"noreferrer noopener\" href=\"https:\/\/archivesdepartementales.lenord.fr\/ark:\/33518\/lj2nzshc87rm\/40ec008f-3d55-4090-b600-33c69b739136\" target=\"_blank\">B 1<\/a>. Il appartient au meunier Antoine Joseph Eug\u00e8ne FIEVET (\u00b01751 +1813) et \u00e0 son \u00e9pouse Marie Louise Joseph LECLERCQ (\u00b01758 Erquennes +1815). Celle-ci laisse dans sa succession le v\u00e9tuste moulin \u00e0 vent \u00e0 ses 8 enfants : Eug\u00e8ne-Alexandre, meunier, Albert, Vincent, Nicolas, Bernardine, Catherine, Nathalie et Marie Eug\u00e9nie (1). Ceux-ci vendent le moulin le 24 mars 1817 \u00e0 Jean DUBOIS, propri\u00e9taire \u00e0 Gommegnies (2). Le moulin n\u2019apparait plus sur le cadastre de 1831.<\/p>\n\n\n\n<p>(1) : ADN 3 Q 69-11 Enregistrement Bavay Successions 25\/09\/1815-19\/01\/1819<\/p>\n\n\n\n<p>(2) : ADN 3 Q 70-9 Enregistrement Bavay Table des vendeurs 1816 1817<\/p>\n","protected":false},"excerpt":{"rendered":"<p>Le Moulin \u00e0 vent de Bettrechies : Le moulin \u00e0 vent de Bettrechies figure d\u00e9j\u00e0 sur la carte de Cassini et doit donc \u00eatre seigneurial. Il apparait \u00e9galement sur le cadastre consulaire de 1806 \u00e0 la section&nbsp;B 1. Il appartient au meunier Antoine Joseph Eug\u00e8ne FIEVET (\u00b01751 +1813) et \u00e0 son \u00e9pouse Marie Louise Joseph &hellip; <a href=\"http:\/\/patrimoine-avesnois.fr\/moulins-vent\/bettrechies\/\" class=\"more-link\">Continuer la lecture<span class=\"screen-reader-text\"> de &laquo;&nbsp;Bettrechies&nbsp;&raquo;<\/span><\/a><\/p>\n","protected":false},"author":2,"featured_media":0,"parent":0,"menu_order":0,"comment_status":"closed","ping_status":"closed","template":"","meta":{"footnotes":""},"class_list":["post-33","page","type-page","status-publish","hentry"],"jetpack_sharing_enabled":true,"_links":{"self":[{"href":"http:\/\/patrimoine-avesnois.fr\/moulins-vent\/wp-json\/wp\/v2\/pages\/33","targetHints":{"allow":["GET"]}}],"collection":[{"href":"http:\/\/patrimoine-avesnois.fr\/moulins-vent\/wp-json\/wp\/v2\/pages"}],"about":[{"href":"http:\/\/patrimoine-avesnois.fr\/moulins-vent\/wp-json\/wp\/v2\/types\/page"}],"author":[{"embeddable":true,"href":"http:\/\/patrimoine-avesnois.fr\/moulins-vent\/wp-json\/wp\/v2\/users\/2"}],"replies":[{"embeddable":true,"href":"http:\/\/patrimoine-avesnois.fr\/moulins-vent\/wp-json\/wp\/v2\/comments?post=33"}],"version-history":[{"count":1,"href":"http:\/\/patrimoine-avesnois.fr\/moulins-vent\/wp-json\/wp\/v2\/pages\/33\/revisions"}],"predecessor-version":[{"id":34,"href":"http:\/\/patrimoine-avesnois.fr\/moulins-vent\/wp-json\/wp\/v2\/pages\/33\/revisions\/34"}],"wp:attachment":[{"href":"http:\/\/patrimoine-avesnois.fr\/moulins-vent\/wp-json\/wp\/v2\/media?parent=33"}],"curies":[{"name":"wp","href":"https:\/\/api.w.org\/{rel}","templated":true}]}}