{"id":41,"date":"2021-05-04T11:19:28","date_gmt":"2021-05-04T09:19:28","guid":{"rendered":"http:\/\/patrimoine-avesnois.fr\/moulins-vent\/?page_id=41"},"modified":"2021-05-04T11:19:28","modified_gmt":"2021-05-04T09:19:28","slug":"cerfontaine","status":"publish","type":"page","link":"http:\/\/patrimoine-avesnois.fr\/moulins-vent\/cerfontaine\/","title":{"rendered":"Cerfontaine"},"content":{"rendered":"\n<p class=\"has-bright-red-color has-text-color has-medium-font-size\"><strong>Le Moulin de Cerfontaine :<\/strong><\/p>\n\n\n\n<div class=\"wp-block-image\"><figure class=\"aligncenter\"><img decoding=\"async\" src=\"https:\/\/i2.wp.com\/patrimoine-avesnois.fr\/chemin\/wp-content\/uploads\/2021\/03\/Capture-19.jpg?fit=840%2C630\" alt=\"\" class=\"wp-image-11968\"\/><figcaption>Le Moulin \u00e0 vent du Diable de Cerfontaine.&nbsp;<a rel=\"noreferrer noopener\" href=\"https:\/\/www.google.com\/maps\/@50.2607231,4.018786,3a,75y,301.73h,73.62t\/data=!3m6!1e1!3m4!1sHQsY_w1DDtRPYr2jIvkYBQ!2e0!7i13312!8i6656\" target=\"_blank\">Impasse Le Moulin<\/a><\/figcaption><\/figure><\/div>\n\n\n\n<p>Etienne LEGAY fait tout d\u2019abord construire en 1816 \u00ab&nbsp;au Bois de Gravette&nbsp;\u00bb un moulin \u00e0 vent en bois sur pivot destin\u00e9 \u00e0 moudre le bl\u00e9 (1) . Sa situation \u00e9tant mal appropri\u00e9e, son fils Nicolas se voit autoriser le 28 septembre 1840 (2) \u00e0 b\u00e2tir un nouveau moulin en brique de l\u2019autre c\u00f4t\u00e9 du village au lieu-dit \u00ab&nbsp;le Diable&nbsp;\u00bb d\u2019o\u00f9 son nom. A une altitude de 70 m\u00e8tres, il b\u00e9n\u00e9ficie ainsi d\u2019un bon vent. Nicolas LEGAY (1795+ 1877) s\u2019\u00e9tait mari\u00e9 sans contrat le 16 novembre 1825 \u00e0 Qui\u00e9velon avec Marie Louise RENAUX. Celle-ci d\u00e9c\u00e8de en 1873 et laisse \u00e0 chacun de ses trois enfants Louis Antoine, meunier, Marie Louise et F\u00e9licie le quart du moulin (3). Louis Antoine d\u00e9c\u00e8de en 1877 et le moulin revient \u00e0 sa s\u0153ur Marie Louise \u00e9pouse d\u2019Anthime Poirette (4). Le moulin cesse son activit\u00e9 vers 1885, la toiture couverte alors d\u2019une plateforme en zinc. Le 24 mars 1904 d\u00e9c\u00e8de Marie Louise laissant \u00e0 sa fille Emilia un moulin \u00e0 vent transform\u00e9 en habitation (5). Antime Poirette d\u00e9c\u00e8de le 26 avril 1912 \u2013 Lieu-dit \u00ab&nbsp;Le Moulin&nbsp;\u00bb. Lors de la 1 \u00e8re guerre mondiale, il a servi de poste d\u2019observation aux Fran\u00e7ais. En 1924 le moulin appartient \u00e0 un pr\u00e9pos\u00e9 des douanes Jean JAGER (\u00b01873 Vieux-Reng + 1956 Cerfontaine) \u00e9poux de Adelina BERTRAND (\u00b01878 + 1957) (6). Les Allemands en 1940 y install\u00e8rent une mitrailleuse. En 1948 le second \u00e9tage est supprim\u00e9 r\u00e9duisant la hauteur \u00e0 6 m (bulletin municipal de 1998). Il est encore visible de nos jours, avec sa grosse tour au mur \u00e9pais de 1.50 m \u00e0 la base.<\/p>\n\n\n\n<p>(1) : ADN K 398<\/p>\n\n\n\n<p>(2) : ADN K 419<\/p>\n\n\n\n<p>(3) : ADN 3 Q 373-45 Enregistrement Bureau de Maubeuge Successions 1873<\/p>\n\n\n\n<p>(4) : ADN 3 Q 373-48 Enregistrement Bureau de Maubeuge Successions 1877<\/p>\n\n\n\n<p>(5) : ADN 3 Q 373-104 Enregistrement Bureau de Maubeuge Successions du 19\/09\/1903 au 15\/04\/1904<\/p>\n\n\n\n<p>(6) : ADN Matrices cadastrales 35 P 312 B NB 1911 1938<\/p>\n","protected":false},"excerpt":{"rendered":"<p>Le Moulin de Cerfontaine : Etienne LEGAY fait tout d\u2019abord construire en 1816 \u00ab&nbsp;au Bois de Gravette&nbsp;\u00bb un moulin \u00e0 vent en bois sur pivot destin\u00e9 \u00e0 moudre le bl\u00e9 (1) . Sa situation \u00e9tant mal appropri\u00e9e, son fils Nicolas se voit autoriser le 28 septembre 1840 (2) \u00e0 b\u00e2tir un nouveau moulin en brique &hellip; <a href=\"http:\/\/patrimoine-avesnois.fr\/moulins-vent\/cerfontaine\/\" class=\"more-link\">Continuer la lecture<span class=\"screen-reader-text\"> de &laquo;&nbsp;Cerfontaine&nbsp;&raquo;<\/span><\/a><\/p>\n","protected":false},"author":2,"featured_media":0,"parent":0,"menu_order":0,"comment_status":"closed","ping_status":"closed","template":"","meta":{"footnotes":""},"class_list":["post-41","page","type-page","status-publish","hentry"],"jetpack_sharing_enabled":true,"_links":{"self":[{"href":"http:\/\/patrimoine-avesnois.fr\/moulins-vent\/wp-json\/wp\/v2\/pages\/41","targetHints":{"allow":["GET"]}}],"collection":[{"href":"http:\/\/patrimoine-avesnois.fr\/moulins-vent\/wp-json\/wp\/v2\/pages"}],"about":[{"href":"http:\/\/patrimoine-avesnois.fr\/moulins-vent\/wp-json\/wp\/v2\/types\/page"}],"author":[{"embeddable":true,"href":"http:\/\/patrimoine-avesnois.fr\/moulins-vent\/wp-json\/wp\/v2\/users\/2"}],"replies":[{"embeddable":true,"href":"http:\/\/patrimoine-avesnois.fr\/moulins-vent\/wp-json\/wp\/v2\/comments?post=41"}],"version-history":[{"count":1,"href":"http:\/\/patrimoine-avesnois.fr\/moulins-vent\/wp-json\/wp\/v2\/pages\/41\/revisions"}],"predecessor-version":[{"id":42,"href":"http:\/\/patrimoine-avesnois.fr\/moulins-vent\/wp-json\/wp\/v2\/pages\/41\/revisions\/42"}],"wp:attachment":[{"href":"http:\/\/patrimoine-avesnois.fr\/moulins-vent\/wp-json\/wp\/v2\/media?parent=41"}],"curies":[{"name":"wp","href":"https:\/\/api.w.org\/{rel}","templated":true}]}}