{"id":66,"date":"2021-05-04T11:59:31","date_gmt":"2021-05-04T09:59:31","guid":{"rendered":"http:\/\/patrimoine-avesnois.fr\/moulins-vent\/?page_id=66"},"modified":"2021-05-04T11:59:31","modified_gmt":"2021-05-04T09:59:31","slug":"gognies-chaussee","status":"publish","type":"page","link":"http:\/\/patrimoine-avesnois.fr\/moulins-vent\/gognies-chaussee\/","title":{"rendered":"Gognies-Chauss\u00e9e"},"content":{"rendered":"\n<p class=\"has-bright-red-color has-text-color has-medium-font-size\"><strong>Le Moulin \u00e0 vent de Gognies-Chauss\u00e9e :<\/strong><\/p>\n\n\n\n<div class=\"wp-block-image\"><figure class=\"aligncenter\"><img decoding=\"async\" src=\"https:\/\/i2.wp.com\/patrimoine-avesnois.fr\/chemin\/wp-content\/uploads\/2021\/03\/Capture-74.jpg?resize=840%2C630\" alt=\"\" class=\"wp-image-12074\"\/><figcaption>Cadastre Gognies-Chauss\u00e9e An 13 ADN P 30 \/ 149&nbsp;<a href=\"https:\/\/archivesdepartementales.lenord.fr\/ark:\/33518\/fqzpkbg04sh3\/6f0b2345-5385-482f-9d54-5e1ec0b623d3\" target=\"_blank\" rel=\"noreferrer noopener\">Vue 2\/2<\/a><\/figcaption><\/figure><\/div>\n\n\n\n<div class=\"wp-block-image\"><figure class=\"aligncenter\"><img decoding=\"async\" src=\"https:\/\/i1.wp.com\/patrimoine-avesnois.fr\/chemin\/wp-content\/uploads\/2021\/03\/Capture-75.jpg?resize=840%2C630\" alt=\"\" class=\"wp-image-12075\"\/><figcaption>Cadastre Gognies-Chauss\u00e9e 1841 ADN P 31 \/ 711<a href=\"https:\/\/archivesdepartementales.lenord.fr\/ark:\/33518\/t04qzgfpkv3s\/63362b4b-0e87-4bf1-aa98-10844e85cb98\" target=\"_blank\" rel=\"noreferrer noopener\">&nbsp;Vue 7\/14<\/a><\/figcaption><\/figure><\/div>\n\n\n\n<div class=\"wp-block-image\"><figure class=\"aligncenter\"><img decoding=\"async\" src=\"https:\/\/i1.wp.com\/patrimoine-avesnois.fr\/chemin\/wp-content\/uploads\/2021\/03\/Capture-76.jpg?fit=840%2C630\" alt=\"\" class=\"wp-image-12076\"\/><figcaption>Position fictive o\u00f9 se dressait le moulin \u00e0 vent de Gognies-Chauss\u00e9e<\/figcaption><\/figure><\/div>\n\n\n\n<div class=\"wp-block-image\"><figure class=\"aligncenter\"><img decoding=\"async\" src=\"https:\/\/i1.wp.com\/patrimoine-avesnois.fr\/chemin\/wp-content\/uploads\/2021\/03\/Capture-78.jpg?fit=840%2C630\" alt=\"\" class=\"wp-image-12078\"\/><figcaption>Endroit o\u00f9 se dressait le moulin \u00e0 vent de Gognies-Chauss\u00e9e (dans la p\u00e2ture pr\u00e8s de la maison)&nbsp;<a href=\"https:\/\/www.google.fr\/maps\/@50.3353879,3.9587194,3a,90y,158.17h,86.14t\/data=!3m6!1e1!3m4!1sISMCLw74AnYzBdURvCTb3Q!2e0!7i16384!8i8192\" target=\"_blank\" rel=\"noreferrer noopener\">Rue Albert d\u2019Hendecourt<\/a><\/figcaption><\/figure><\/div>\n\n\n\n<p>L\u2019enqu\u00eate de 1809 nous signale la pr\u00e9sence d\u2019un moulin \u00e0 vent \u00e0 Gognies-Chauss\u00e9e. \u00ab Le moulin sert \u00e0 moudre les grains pour brasseries, distilleries et engrais de bestiaux \u00bb (1). Il est repr\u00e9sent\u00e9 sur le cadastre de l\u2019An 13 et d\u00e9pend du ch\u00e2teau du Gontreulle. Il appartient \u00e0 Honor\u00e9 De Vinchant de GONTREUIL dont le p\u00e8re Charles Philippe Joseph Agathon ( \u00b01755 Mons + 1798 Vienne) est comte de Gontreuil et G\u00e9n\u00e9ral Major. Honor\u00e9 d\u00e9c\u00e8de en 1806 \u00e0 Mons \u00e0 l\u2019\u00e2ge de 22 ans. Sa s\u0153ur Constance Eug\u00e9nie Louise, demeurant \u00e0 Bruxelles h\u00e9rite du ch\u00e2teau, d\u2019une maison de ferme, de deux autres maisons et d\u2019un moulin \u00e0 vent avec une maison occup\u00e9e par Joseph et Jacques Willot (2). Elle se marie en 1810 avec Pierre Michel Charles de KNYFF et elle d\u00e9c\u00e8de en 1865 \u00e0 Bruxelles. Selon le cadastre, le moulin \u00e0 vent de Gognies-Chauss\u00e9e est en ruine depuis 1855 et l\u2019occupant de la maison est S\u00e9raphin Colard .<\/p>\n\n\n\n<p>(1) : Energie et Subsistances Enqu\u00eates sur les moulins \u00e0 bl\u00e9 An II 1809 Inventaire Archives Nationales 21110<\/p>\n\n\n\n<p>(2) : ADN 3 Q 373-8 Enregistrement Bureau de Maubeuge Successions 18 brumaire An 14-13\/03\/1808<\/p>\n","protected":false},"excerpt":{"rendered":"<p>Le Moulin \u00e0 vent de Gognies-Chauss\u00e9e : L\u2019enqu\u00eate de 1809 nous signale la pr\u00e9sence d\u2019un moulin \u00e0 vent \u00e0 Gognies-Chauss\u00e9e. \u00ab Le moulin sert \u00e0 moudre les grains pour brasseries, distilleries et engrais de bestiaux \u00bb (1). Il est repr\u00e9sent\u00e9 sur le cadastre de l\u2019An 13 et d\u00e9pend du ch\u00e2teau du Gontreulle. Il appartient \u00e0 &hellip; <a href=\"http:\/\/patrimoine-avesnois.fr\/moulins-vent\/gognies-chaussee\/\" class=\"more-link\">Continuer la lecture<span class=\"screen-reader-text\"> de &laquo;&nbsp;Gognies-Chauss\u00e9e&nbsp;&raquo;<\/span><\/a><\/p>\n","protected":false},"author":2,"featured_media":0,"parent":0,"menu_order":0,"comment_status":"closed","ping_status":"closed","template":"","meta":{"footnotes":""},"class_list":["post-66","page","type-page","status-publish","hentry"],"jetpack_sharing_enabled":true,"_links":{"self":[{"href":"http:\/\/patrimoine-avesnois.fr\/moulins-vent\/wp-json\/wp\/v2\/pages\/66","targetHints":{"allow":["GET"]}}],"collection":[{"href":"http:\/\/patrimoine-avesnois.fr\/moulins-vent\/wp-json\/wp\/v2\/pages"}],"about":[{"href":"http:\/\/patrimoine-avesnois.fr\/moulins-vent\/wp-json\/wp\/v2\/types\/page"}],"author":[{"embeddable":true,"href":"http:\/\/patrimoine-avesnois.fr\/moulins-vent\/wp-json\/wp\/v2\/users\/2"}],"replies":[{"embeddable":true,"href":"http:\/\/patrimoine-avesnois.fr\/moulins-vent\/wp-json\/wp\/v2\/comments?post=66"}],"version-history":[{"count":1,"href":"http:\/\/patrimoine-avesnois.fr\/moulins-vent\/wp-json\/wp\/v2\/pages\/66\/revisions"}],"predecessor-version":[{"id":67,"href":"http:\/\/patrimoine-avesnois.fr\/moulins-vent\/wp-json\/wp\/v2\/pages\/66\/revisions\/67"}],"wp:attachment":[{"href":"http:\/\/patrimoine-avesnois.fr\/moulins-vent\/wp-json\/wp\/v2\/media?parent=66"}],"curies":[{"name":"wp","href":"https:\/\/api.w.org\/{rel}","templated":true}]}}