{"id":74,"date":"2021-05-04T12:09:18","date_gmt":"2021-05-04T10:09:18","guid":{"rendered":"http:\/\/patrimoine-avesnois.fr\/moulins-vent\/?page_id=74"},"modified":"2021-05-04T12:09:18","modified_gmt":"2021-05-04T10:09:18","slug":"houdain-lez-bavay","status":"publish","type":"page","link":"http:\/\/patrimoine-avesnois.fr\/moulins-vent\/houdain-lez-bavay\/","title":{"rendered":"Houdain-lez-Bavay"},"content":{"rendered":"\n<p class=\"has-bright-red-color has-text-color has-medium-font-size\"><strong>Les Moulins \u00e0 vent de Houdain-lez-Bavay :<\/strong><\/p>\n\n\n\n<p>1 Le Moulin \u00e0 vent Giblot :<\/p>\n\n\n\n<div class=\"wp-block-image\"><figure class=\"aligncenter\"><img decoding=\"async\" src=\"https:\/\/i2.wp.com\/patrimoine-avesnois.fr\/chemin\/wp-content\/uploads\/2021\/03\/Capture-109.jpg?resize=840%2C630\" alt=\"\" class=\"wp-image-12135\"\/><figcaption>Cadastre Houdain-lez-Bavay 1806 ADN P 30 \/ 180 Moulin S C 96&nbsp;<a rel=\"noreferrer noopener\" href=\"https:\/\/archivesdepartementales.lenord.fr\/ark:\/33518\/fvxc02w8b741\/b830b9d0-a88d-4524-9fcf-24483805f0a6\" target=\"_blank\">Vue 6\/7<\/a><\/figcaption><\/figure><\/div>\n\n\n\n<div class=\"wp-block-image\"><figure class=\"aligncenter\"><img decoding=\"async\" src=\"https:\/\/i0.wp.com\/patrimoine-avesnois.fr\/chemin\/wp-content\/uploads\/2021\/03\/Capture-110.jpg?resize=840%2C630\" alt=\"\" class=\"wp-image-12136\"\/><figcaption>Cadastre Houdain-lez-Bavay 1831 ADN P 31 \/ 721 Moulin S C 799&nbsp;<a href=\"https:\/\/archivesdepartementales.lenord.fr\/ark:\/33518\/x4rzh3jpcwd2\/59e66f9f-5c00-40b7-98cb-a6c75748da18\" target=\"_blank\" rel=\"noreferrer noopener\">Vue 9\/26<\/a><\/figcaption><\/figure><\/div>\n\n\n\n<div class=\"wp-block-image\"><figure class=\"aligncenter\"><img decoding=\"async\" src=\"https:\/\/i0.wp.com\/patrimoine-avesnois.fr\/chemin\/wp-content\/uploads\/2021\/03\/Capture-112-2.jpg?resize=840%2C630\" alt=\"\" class=\"wp-image-12141\"\/><figcaption>Cadastre Houdain-lez-Bavay 1913 ADN P 31 \/ 721 Moulin Giblot S U 2422&nbsp;<a rel=\"noreferrer noopener\" href=\"https:\/\/archivesdepartementales.lenord.fr\/ark:\/33518\/x4rzh3jpcwd2\/b2443b43-7889-4717-b36c-80e863e991bc\" target=\"_blank\">Vue 25\/26<\/a><\/figcaption><\/figure><\/div>\n\n\n\n<div class=\"wp-block-image\"><figure class=\"aligncenter\"><img decoding=\"async\" src=\"https:\/\/i1.wp.com\/patrimoine-avesnois.fr\/chemin\/wp-content\/uploads\/2021\/03\/Capture-117.jpg?resize=840%2C628\" alt=\"\" class=\"wp-image-12145\"\/><figcaption>Situation du Moulin Giblot Rue du Moulin<\/figcaption><\/figure><\/div>\n\n\n\n<div class=\"wp-block-image\"><figure class=\"aligncenter\"><img decoding=\"async\" src=\"https:\/\/i1.wp.com\/upload.wikimedia.org\/wikipedia\/commons\/thumb\/f\/f5\/Houdain-lez-Bavay_%28Nord%2C_Fr%29_moulin_%C3%A0_vent_en_ruine.JPG\/1280px-Houdain-lez-Bavay_%28Nord%2C_Fr%29_moulin_%C3%A0_vent_en_ruine.JPG?resize=640%2C480&amp;ssl=1\" alt=\"\"\/><figcaption>Vestige du moulin Giblot<\/figcaption><\/figure><\/div>\n\n\n\n<p>Le moulin Giblot du nom d\u2019un christ appel\u00e9 le Bon dieu de Giblot \u00e9tait d\u00e9j\u00e0 cit\u00e9 en 1739 lors d\u2019un octroi. Il appartient au g\u00e9n\u00e9ral FERRAND (Jean Henry BERRYE) charg\u00e9 de la d\u00e9fense de la place de Valenciennes en 1793. Il loue le moulin en 1805 \u00e0 Jean Joseph Masson, meunier, et \u00e0 sa femme Marie Victoire Bondeau devant le notaire Pascal Cl\u00e9ment GERIN (1). Ce dernier en devint propri\u00e9taire \u00e0 la mort de l\u2019ex-g\u00e9n\u00e9ral de division. GERIN d\u00e9c\u00e9d\u00e9 en 1812, sa veuve Joachime DELCROIX renouvelle le bail de location du moulin \u00e0 Jean Fran\u00e7ois Masson le 24 mars 1818 (2). Elle loue de nouveau le moulin en 1825 \u00e0 Fran\u00e7ois Anceau et Charles frongneu (3). Deux nouvelles locations de sa part ont lieu en 1826 et 1834 au sieur Brisson (4). En 1834 elle perd sa fille Joachime qu\u2019elle a eu d\u2019un premier mariage avec Fr\u00e9dericq EVRARD. En 1849 le moulin est d\u00e9tenu par Flore Joachime EVRARD (\u00b0 1831 + 1907) la fille de Joachime EVRARD et donc la petite fille de Joachime DELCROIX (5).<\/p>\n\n\n\n<p>En 1853 le moulin appartient \u00e0 Val\u00e8re Sylv\u00e8re LEVENT (\u00b0 1829 + 1877), ma\u00eetre de forges qui est mari\u00e9 \u00e0 Flore Joachime EVRARD (\u00b0 1831 + 1907). Il loue le moulin \u00e0 Raymond Legrand en 1853, \u00e0 L\u00e9on Postiau en 1856, \u00e0 Eug\u00e8ne Marchant en 1860 et en 1871 (6). LEVENT devient maire et conseiller G\u00e9n\u00e9ral en 1871. Apr\u00e8s son d\u00e9c\u00e8s en 1877, le moulin est lou\u00e9 en 1881 \u00e0 la fois par Philippe LEGRAND \u00e0 Augustin Leloup (le 12 f\u00e9vrier) et \u00e0 la fois par la veuve LEVENT \u00e0 Eug\u00e8ne Marchant (le 16 mars) (7). Je pense que Philippe LEGRAND est un mandataire. Le moulin aurait servi \u00e0 scier du marbre. En 1905 il est d\u00e9j\u00e0 en ruine. Le moulin reste dans la famille des LEVENT car la petite fille de Val\u00e8re Sylv\u00e8re et de Flore Joachime pr\u00e9nomm\u00e9e Jeanne Flore Aliz\u00e9 (\u00b0 1890 + 1957) mari\u00e9e en 1912 \u00e0 Bavay avec Octave MASSART d\u00e9tient le moulin (8). Il appartient dans les ann\u00e9es 1960 \u00e0 leur fille Marie-Th\u00e9r\u00e8se Jeanne. La tour subsiste encore, avec un grand trou caus\u00e9 par un bombardement allemand en 1940. Il m\u00e9riterait d\u2019\u00eatre restaur\u00e9 eu \u00e9gard \u00e0 son pass\u00e9 et son int\u00e9r\u00eat architectural.<\/p>\n\n\n\n<p>(1) : ADN 3 Q 73-3 Enregistrement Bureau de Bavay Table des baux An 8-1813 Acte du 4 brumaire An 14<\/p>\n\n\n\n<p>(2) : ADN 3 Q 73-5 Enregistrement Bureau de Bavay Table des baux 1815-1825<\/p>\n\n\n\n<p>(3) : ADN 3 Q 73-5 Enregistrement Bureau de Bavay Table des baux 1815-1825 Acte du 22\/05\/1825<\/p>\n\n\n\n<p>(4) : ADN 3 Q 73-6 Enregistrement Bureau de Bavay Table des baux 1826-1840 Actes du 28\/03\/1828 et du 09\/04\/1834<\/p>\n\n\n\n<p>(5) : ADN 35 P 755 Matrices cadastrales B NB 1833 1914<\/p>\n\n\n\n<p>(6) : ADN 3 Q 73-7 Enregistrement Bureau de Bavay Table des baux 1840-1854 Acte du 25\/07\/1853 ** ADN 3 Q 73-8 Table des baux 1855-1865 Actes du 15\/04\/1856 et 15\/09\/1860** ADN 3 Q 73-9 Table des baux 1871-1882 Acte du 30\/11\/1871<\/p>\n\n\n\n<p>(7) : ADN 3 Q 73-9 Enregistrement Bureau de Bavay Table des baux 1871-1882 Actes du 12\/02\/1881 concernant la location \u00e0 Leloup et du 16\/03\/1881 concernant la location \u00e0 Marchant<\/p>\n\n\n\n<p>(8) : ADN 35 P 761 TI 1928<\/p>\n\n\n\n<p class=\"has-text-align-center\">*****<\/p>\n\n\n\n<p>2 Le Moulin \u00e0 vent Richard :<\/p>\n\n\n\n<div class=\"wp-block-image\"><figure class=\"aligncenter\"><img decoding=\"async\" src=\"https:\/\/i0.wp.com\/patrimoine-avesnois.fr\/chemin\/wp-content\/uploads\/2021\/03\/Capture-115.jpg?fit=840%2C502\" alt=\"\" class=\"wp-image-12143\"\/><figcaption>Cadastre Houdain-lez-Bavay 1913 ADN P 31 \/ 721 Moulin Richard S U 2316&nbsp;<a href=\"https:\/\/archivesdepartementales.lenord.fr\/ark:\/33518\/x4rzh3jpcwd2\/b2443b43-7889-4717-b36c-80e863e991bc\" target=\"_blank\" rel=\"noreferrer noopener\">Vue 25\/26<\/a><\/figcaption><\/figure><\/div>\n\n\n\n<div class=\"wp-block-image\"><figure class=\"aligncenter\"><img decoding=\"async\" src=\"https:\/\/i2.wp.com\/patrimoine-avesnois.fr\/chemin\/wp-content\/uploads\/2021\/03\/Capture-116.jpg?resize=840%2C629\" alt=\"\" class=\"wp-image-12144\"\/><figcaption>Situation du Moulin Richard Rue de la Roue d\u2019Or<\/figcaption><\/figure><\/div>\n\n\n\n<div class=\"wp-block-image\"><figure class=\"aligncenter\"><img decoding=\"async\" src=\"https:\/\/i1.wp.com\/patrimoine-avesnois.fr\/chemin\/wp-content\/uploads\/2021\/03\/Capture-118.jpg?resize=840%2C538\" alt=\"\" class=\"wp-image-12148\"\/><figcaption>Moulin Richard Carte Postale de 1907 Site Delcampe<\/figcaption><\/figure><\/div>\n\n\n\n<div class=\"wp-block-image\"><figure class=\"aligncenter\"><img decoding=\"async\" src=\"https:\/\/i1.wp.com\/www.moulins-a-vent.net\/Photo\/houdainlesbavay_richard.jpg?w=840&amp;ssl=1\" alt=\"Moulin Ricahrd - Houdain lez Bavay\"\/><figcaption>Le moulin Fran\u00e7ois Richard et sa tour tronconique<\/figcaption><\/figure><\/div>\n\n\n\n<p>Vers 1860, Fran\u00e7ois RICHARD \u00e9rige un moulin \u00e0 pivot, provenant des remparts de Le Quesnoy. Il est renvers\u00e9 par un ouragan en 1868. Son propri\u00e9taire reconstruit alors un moulin en brique, la date \u00e9tant inscrite sur la tour. Fran\u00e7ois RICHARD \u00e9poux de Constance Augustine CELLIER d\u00e9c\u00e8de le 6 d\u00e9cembre 1879. Sa veuve renon\u00e7ant \u00e0 la donation que lui avait faite son mari le 2 octobre 1868, la succession revient \u00e0 ses trois enfants L\u00e9onie, Fran\u00e7ois et Charles meunier \u00e0 Houdain (1). Le moulin \u00e9quip\u00e9 de deux meules, l\u2019une \u00e0 bl\u00e9 et l\u2019autre \u00e0 orge s\u2019arr\u00eate vers 1907 et les ailes sont enlev\u00e9es vers 1913 (2).<\/p>\n\n\n\n<p>(1) : ADN 3 Q 69-50 Enregistrement Bureau de Bavay Successions 1878 1880<\/p>\n\n\n\n<p>(2) Renseignements glan\u00e9s par M Jean Bruggeman de l\u2019ARAM aupr\u00e8s du dernier meunier Ferdinand Charles RICHARD en 1968<\/p>\n","protected":false},"excerpt":{"rendered":"<p>Les Moulins \u00e0 vent de Houdain-lez-Bavay : 1 Le Moulin \u00e0 vent Giblot : Le moulin Giblot du nom d\u2019un christ appel\u00e9 le Bon dieu de Giblot \u00e9tait d\u00e9j\u00e0 cit\u00e9 en 1739 lors d\u2019un octroi. Il appartient au g\u00e9n\u00e9ral FERRAND (Jean Henry BERRYE) charg\u00e9 de la d\u00e9fense de la place de Valenciennes en 1793. Il &hellip; <a href=\"http:\/\/patrimoine-avesnois.fr\/moulins-vent\/houdain-lez-bavay\/\" class=\"more-link\">Continuer la lecture<span class=\"screen-reader-text\"> de &laquo;&nbsp;Houdain-lez-Bavay&nbsp;&raquo;<\/span><\/a><\/p>\n","protected":false},"author":2,"featured_media":0,"parent":0,"menu_order":0,"comment_status":"closed","ping_status":"closed","template":"","meta":{"footnotes":""},"class_list":["post-74","page","type-page","status-publish","hentry"],"jetpack_sharing_enabled":true,"_links":{"self":[{"href":"http:\/\/patrimoine-avesnois.fr\/moulins-vent\/wp-json\/wp\/v2\/pages\/74","targetHints":{"allow":["GET"]}}],"collection":[{"href":"http:\/\/patrimoine-avesnois.fr\/moulins-vent\/wp-json\/wp\/v2\/pages"}],"about":[{"href":"http:\/\/patrimoine-avesnois.fr\/moulins-vent\/wp-json\/wp\/v2\/types\/page"}],"author":[{"embeddable":true,"href":"http:\/\/patrimoine-avesnois.fr\/moulins-vent\/wp-json\/wp\/v2\/users\/2"}],"replies":[{"embeddable":true,"href":"http:\/\/patrimoine-avesnois.fr\/moulins-vent\/wp-json\/wp\/v2\/comments?post=74"}],"version-history":[{"count":1,"href":"http:\/\/patrimoine-avesnois.fr\/moulins-vent\/wp-json\/wp\/v2\/pages\/74\/revisions"}],"predecessor-version":[{"id":75,"href":"http:\/\/patrimoine-avesnois.fr\/moulins-vent\/wp-json\/wp\/v2\/pages\/74\/revisions\/75"}],"wp:attachment":[{"href":"http:\/\/patrimoine-avesnois.fr\/moulins-vent\/wp-json\/wp\/v2\/media?parent=74"}],"curies":[{"name":"wp","href":"https:\/\/api.w.org\/{rel}","templated":true}]}}