{"id":76,"date":"2021-05-04T12:10:53","date_gmt":"2021-05-04T10:10:53","guid":{"rendered":"http:\/\/patrimoine-avesnois.fr\/moulins-vent\/?page_id=76"},"modified":"2021-05-04T12:10:53","modified_gmt":"2021-05-04T10:10:53","slug":"la-longueville","status":"publish","type":"page","link":"http:\/\/patrimoine-avesnois.fr\/moulins-vent\/la-longueville\/","title":{"rendered":"La Longueville"},"content":{"rendered":"\n<p class=\"has-bright-red-color has-text-color has-medium-font-size\"><strong>Le Moulin \u00e0 vent de La Longueville :<\/strong><\/p>\n\n\n\n<div class=\"wp-block-image\"><figure class=\"aligncenter\"><img decoding=\"async\" src=\"https:\/\/i0.wp.com\/patrimoine-avesnois.fr\/chemin\/wp-content\/uploads\/2021\/03\/Capture-144.jpg?resize=840%2C630\" alt=\"\" class=\"wp-image-12214\"\/><figcaption>Cadastre La Longueville 1821 ADN P 31 \/ 726 Moulin \u00e0 vent S D 258&nbsp;<a href=\"https:\/\/archivesdepartementales.lenord.fr\/ark:\/33518\/x51kv63pg4m9\/d642ddeb-6a49-4b5a-980f-484cb48c7305\" target=\"_blank\" rel=\"noreferrer noopener\">Vue 14\/36<\/a><\/figcaption><\/figure><\/div>\n\n\n\n<div class=\"wp-block-image\"><figure class=\"aligncenter\"><img decoding=\"async\" src=\"https:\/\/i2.wp.com\/patrimoine-avesnois.fr\/chemin\/wp-content\/uploads\/2021\/03\/Capture-145.jpg?resize=840%2C630\" alt=\"\" class=\"wp-image-12215\"\/><figcaption>Position fictive du Moulin \u00e0 vent de La Longueville<\/figcaption><\/figure><\/div>\n\n\n\n<div class=\"wp-block-image\"><figure class=\"aligncenter\"><img decoding=\"async\" src=\"https:\/\/i0.wp.com\/patrimoine-avesnois.fr\/chemin\/wp-content\/uploads\/2021\/03\/Capture-147.jpg?resize=840%2C630\" alt=\"\" class=\"wp-image-12219\"\/><figcaption>Endroit o\u00f9 se dressait le Moulin \u00e0 vent de La Longueville (derri\u00e8re la maison)&nbsp;<a rel=\"noreferrer noopener\" href=\"https:\/\/www.google.fr\/maps\/@50.2851957,3.8686207,3a,90y,145.13h,86.59t\/data=!3m6!1e1!3m4!1sZ6ThGewI7aey_7BAN531CA!2e0!7i16384!8i8192\" target=\"_blank\">Rue des Chasseurs \u00e0 Pieds<\/a><\/figcaption><\/figure><\/div>\n\n\n\n<p>Le Moulin \u00e0 vent de La Longueville est construit vers 1818 par Archange BOUILLIET qui exerce le m\u00e9tier de cordonnier. C\u2019est un moulin tour lou\u00e9 \u00e0 No\u00ebl et D\u00e9sir\u00e9 Boucher, p\u00e8re et fils le 27 janvier 1819 puis \u00e0 Antoine Wilmart le 2 juin de la m\u00eame ann\u00e9e (1). Archange BOUILLIET d\u00e9c\u00e8de le 24 d\u00e9cembre 1820 en laissant le moulin \u00e0 ses enfants (2). Apr\u00e8s avoir lou\u00e9 le moulin \u00e0 vent \u00e0 Sieur Pecqueux, la veuve BOUILLIET n\u00e9e PELSET Henriette le vend \u00e0 Andr\u00e9 MARTIN, maire de Maubeuge en 1823 (3). Le moulin est alors lou\u00e9 la m\u00eame ann\u00e9e \u00e0 Albert Pr\u00e9vot puis en 1834 \u00e0 Th\u00e9odore Voraux (4). Andr\u00e9 MARTIN d\u00e9c\u00e8de le 12 F\u00e9vrier 1849 et ses filles \u00e0 savoir Pauline mari\u00e9e \u00e0 Louis Colin, Victoire Lucie mari\u00e9e \u00e0 Jean Baptiste Nicolas Schouller et Marie Cl\u00e9mence mari\u00e9e \u00e0 Robert Auguste Winceslas Jacquemant du Donjon, h\u00e9ritent entre autres du moulin (5). Elles vendent alors le moulin \u00e0 vent le 12 Octobre 1849 \u00e0 Napol\u00e9on HONOREZ (6), propri\u00e9taire \u00e0 Hautmont qui le loue \u00e0 Hug\u00e9 en 1852 et en 1859 (7). Le locataire Louis Adolphe HUG\u00c9 mari\u00e9 en 1845 \u00e0 Ad\u00e9line Catherine POSTICAN ach\u00e8te le moulin vers 1865 pour \u00eatre lou\u00e9 \u00e0 Adolphe Cousin en 1883 (8). Le moulin appartient vers 1877 \u00e0 son fils Louis Emile (9) mari\u00e9 en 1875 \u00e0 Marie Elisa PR\u00c9VOT, meunier, qui le vend en 1886 \u00e0 Jules COLART journalier \u00e0 Douzies (10). Sur la matrice cadastrale Jules COLART est meunier \u00e0 La Longueville en 1878 et fait construire une nouvelle habitation en 1892. Le moulin \u00e0 vent disparait vers 1900 tandis que la maison appartient en 1923 \u00e0 Henri ALLION de Flaumont mari\u00e9 \u00e0 Adeline Renelde COLLART.<\/p>\n\n\n\n<p>(1) : ADN 3 Q 73-5 Enregistrement Bureau de Bavay Table des baux 1815-1825<\/p>\n\n\n\n<p>(2) : ADN 3 Q 69-12 et 13 Enregistrement Bureau de Bavay Successions 19\/01\/1819-13\/09\/1822 et 14\/09\/1822-10\/05\/1825<\/p>\n\n\n\n<p>(3) : ADN 3 Q 73-5 Enregistrement Bureau de Bavay Table des baux 1815 1825 Acte du 12 Mars 1823<\/p>\n\n\n\n<p>(4) : ADN 3 Q 73-6 Enregistrement Bureau de Bavay Table des baux 1826-1840 Acte du 20 Novembre 1834<\/p>\n\n\n\n<p>(5) : ADN 3 Q 69-24 Enregistrement Bureau de Bavay Successions 03\/12\/1847-06\/12\/1849<\/p>\n\n\n\n<p>(6) : ADN 3 Q 71-21 Enregistrement Bureau de Bavay Table des acqu\u00e9reurs 1849-1852<\/p>\n\n\n\n<p>(7) : ADN 3 Q 73-7 et 8 Enregistrement Bureau de Bavay Table des baux Actes du 31\/06\/1852 et du 24\/10\/1859<\/p>\n\n\n\n<p>(8) : ADN 3 Q 73-12 Enregistrement Bureau de Bavay Table des baux 1883-1890<\/p>\n\n\n\n<p>(9) : ADN Matrices Cadastrales 35 P 857 \u00e0 859 B NB 1824 1913<\/p>\n\n\n\n<p>(10) : ADN 3 Q 69-90 Enregistrement Bureau de Bavay Successions 1908 la vente du moulin est indiqu\u00e9e dans la succession de Louis \u00c9mile HUG\u00c9 d\u00e9c\u00e9d\u00e9 le 13\/04\/1908<\/p>\n","protected":false},"excerpt":{"rendered":"<p>Le Moulin \u00e0 vent de La Longueville : Le Moulin \u00e0 vent de La Longueville est construit vers 1818 par Archange BOUILLIET qui exerce le m\u00e9tier de cordonnier. C\u2019est un moulin tour lou\u00e9 \u00e0 No\u00ebl et D\u00e9sir\u00e9 Boucher, p\u00e8re et fils le 27 janvier 1819 puis \u00e0 Antoine Wilmart le 2 juin de la m\u00eame &hellip; <a href=\"http:\/\/patrimoine-avesnois.fr\/moulins-vent\/la-longueville\/\" class=\"more-link\">Continuer la lecture<span class=\"screen-reader-text\"> de &laquo;&nbsp;La Longueville&nbsp;&raquo;<\/span><\/a><\/p>\n","protected":false},"author":2,"featured_media":0,"parent":0,"menu_order":0,"comment_status":"closed","ping_status":"closed","template":"","meta":{"footnotes":""},"class_list":["post-76","page","type-page","status-publish","hentry"],"jetpack_sharing_enabled":true,"_links":{"self":[{"href":"http:\/\/patrimoine-avesnois.fr\/moulins-vent\/wp-json\/wp\/v2\/pages\/76","targetHints":{"allow":["GET"]}}],"collection":[{"href":"http:\/\/patrimoine-avesnois.fr\/moulins-vent\/wp-json\/wp\/v2\/pages"}],"about":[{"href":"http:\/\/patrimoine-avesnois.fr\/moulins-vent\/wp-json\/wp\/v2\/types\/page"}],"author":[{"embeddable":true,"href":"http:\/\/patrimoine-avesnois.fr\/moulins-vent\/wp-json\/wp\/v2\/users\/2"}],"replies":[{"embeddable":true,"href":"http:\/\/patrimoine-avesnois.fr\/moulins-vent\/wp-json\/wp\/v2\/comments?post=76"}],"version-history":[{"count":1,"href":"http:\/\/patrimoine-avesnois.fr\/moulins-vent\/wp-json\/wp\/v2\/pages\/76\/revisions"}],"predecessor-version":[{"id":77,"href":"http:\/\/patrimoine-avesnois.fr\/moulins-vent\/wp-json\/wp\/v2\/pages\/76\/revisions\/77"}],"wp:attachment":[{"href":"http:\/\/patrimoine-avesnois.fr\/moulins-vent\/wp-json\/wp\/v2\/media?parent=76"}],"curies":[{"name":"wp","href":"https:\/\/api.w.org\/{rel}","templated":true}]}}