{"id":78,"date":"2021-05-04T12:13:42","date_gmt":"2021-05-04T10:13:42","guid":{"rendered":"http:\/\/patrimoine-avesnois.fr\/moulins-vent\/?page_id=78"},"modified":"2021-05-04T12:13:42","modified_gmt":"2021-05-04T10:13:42","slug":"landrecies","status":"publish","type":"page","link":"http:\/\/patrimoine-avesnois.fr\/moulins-vent\/landrecies\/","title":{"rendered":"Landrecies"},"content":{"rendered":"\n<p class=\"has-bright-red-color has-text-color has-medium-font-size\"><strong>Les Moulins \u00e0 vent de Landrecies (3) :<\/strong><\/p>\n\n\n\n<p>Landrecies d\u00e9tient au XVIII e si\u00e8cle un moulin \u00e0 eau tr\u00e8s ancien et trois moulins \u00e0 vent (1).<\/p>\n\n\n\n<p>1 Le Moulin \u00e0 vent du Bastion de la Ville<\/p>\n\n\n\n<p>Le premier moulin \u00e0 vent est un moulin \u00e0 pivot appartenant au domaine royal. Il est \u00e9rig\u00e9 sur un bastion de la ville entre 1724 et 1730 selon des plans de l\u2019\u00e9poque (Carte Naudin 1720 Carte projet 1724 Plan 1730) :<\/p>\n\n\n\n<div class=\"wp-block-image\"><figure class=\"aligncenter\"><img decoding=\"async\" src=\"https:\/\/i2.wp.com\/patrimoine-avesnois.fr\/chemin\/wp-content\/uploads\/2021\/03\/image-16.png?resize=714%2C586\" alt=\"\" class=\"wp-image-12153\"\/><figcaption>Carte Naudin 1720<\/figcaption><\/figure><\/div>\n\n\n\n<div class=\"wp-block-image\"><figure class=\"aligncenter\"><img decoding=\"async\" src=\"https:\/\/i2.wp.com\/patrimoine-avesnois.fr\/chemin\/wp-content\/uploads\/2021\/03\/image-15.png?resize=675%2C645\" alt=\"\" class=\"wp-image-12152\"\/><figcaption>Plan Landrecies Projet 1724 : Carte du site&nbsp;<a rel=\"noreferrer noopener\" href=\"https:\/\/www.musee-du-genie-angers.fr\/fpdb\/10242622-doc-fiche-12.pdf\" target=\"_blank\">\u2018\u2019Landrecies\u2019\u2019Le plan-relief du mus\u00e9e du G\u00e9nie<\/a><\/figcaption><\/figure><\/div>\n\n\n\n<div class=\"wp-block-image\"><figure class=\"aligncenter\"><img decoding=\"async\" src=\"https:\/\/i0.wp.com\/www2.culture.gouv.fr\/Wave\/image\/memoire\/0826\/sap01_tcf06288_p.jpg?resize=840%2C640\" alt=\"\"\/><figcaption>Repr\u00e9sentation de Landrecies avec le Moulin \u00e0 vent du Bastion<\/figcaption><\/figure><\/div>\n\n\n\n<div class=\"wp-block-image\"><figure class=\"aligncenter\"><img decoding=\"async\" src=\"https:\/\/i2.wp.com\/patrimoine-avesnois.fr\/chemin\/wp-content\/uploads\/2021\/03\/Capture-119.jpg?resize=840%2C630\" alt=\"\" class=\"wp-image-12157\"\/><figcaption>Cadastre Landrecies An 12 ADN P 30 \/ 191 Moulin de la Ville S E 7&nbsp;<a rel=\"noreferrer noopener\" href=\"https:\/\/archivesdepartementales.lenord.fr\/ark:\/33518\/drbnqf9s4hxw\/f2e6cb88-7ee4-497c-bb45-a5e198bdbcc7\" target=\"_blank\">Vue 1\/4<\/a><\/figcaption><\/figure><\/div>\n\n\n\n<div class=\"wp-block-image\"><figure class=\"aligncenter\"><img decoding=\"async\" src=\"https:\/\/i0.wp.com\/patrimoine-avesnois.fr\/chemin\/wp-content\/uploads\/2021\/03\/Capture-120.jpg?resize=840%2C629\" alt=\"\" class=\"wp-image-12158\"\/><figcaption>Cadastre Landrecies 1831 ADN P 31 \/ 727 Moulin Jamin S D 480&nbsp;<a href=\"https:\/\/archivesdepartementales.lenord.fr\/ark:\/33518\/cg1br34lm8tq\/6ea8627d-c88e-49d4-b0bc-7e051ab5d45f\" target=\"_blank\" rel=\"noreferrer noopener\">Vue 8\/43<\/a><\/figcaption><\/figure><\/div>\n\n\n\n<div class=\"wp-block-image\"><figure class=\"aligncenter\"><img decoding=\"async\" src=\"https:\/\/i2.wp.com\/patrimoine-avesnois.fr\/chemin\/wp-content\/uploads\/2021\/03\/Capture-128.jpg?resize=840%2C630\" alt=\"\" class=\"wp-image-12173\"\/><figcaption>Position fictive du Moulin \u00e0 vent du Bastion de la Ville sur une carte actuelle<\/figcaption><\/figure><\/div>\n\n\n\n<div class=\"wp-block-image\"><figure class=\"aligncenter\"><img decoding=\"async\" src=\"https:\/\/i2.wp.com\/patrimoine-avesnois.fr\/chemin\/wp-content\/uploads\/2021\/03\/Capture-129.jpg?resize=840%2C630\" alt=\"\" class=\"wp-image-12175\"\/><figcaption>Endroit o\u00f9 se dressait le Moulin \u00e0 vent du Bastion de la Ville&nbsp;<a href=\"https:\/\/www.google.fr\/maps\/@50.1177678,3.6891981,3a,90y,323.62h,76.77t\/data=!3m6!1e1!3m4!1sZC-vOjdVAz24BmN0FYHpkA!2e0!7i16384!8i8192\" target=\"_blank\" rel=\"noreferrer noopener\">Rue de la Folie<\/a><\/figcaption><\/figure><\/div>\n\n\n\n<p>Le Moulin du Bastion de la Ville est d\u00e9plac\u00e9 vers 1770 le long de la rue de Catillon \u00e0 Landrecies appel\u00e9e de nos rue de la Folie. Il est alors sur une terre de la manse abbatiale de Fesmy et le gouverneur de la ville en jouit \u00e0 titre d\u2019arrentement. A la mort de l\u2019abb\u00e9 et du gouverneur le moulin redevient une possession royale selon l\u2019arr\u00eat du Conseil du 1er octobre 1779. Un autre arr\u00eat du Conseil dat\u00e9 du 26 septembre 1788 ordonne la possession du moulin par la Ville \u00e0 charge de payer une redevance annuelle au domaine de sa Majest\u00e9 (2). Sur le cadastre de 1831 le moulin est appel\u00e9 le Moulin Jasmin.<\/p>\n\n\n\n<p>(1) : Histoire d\u2019une forteresse : Landrecies par Philippe Fournier page 162 Edition Perrin et Cie 1911<\/p>\n\n\n\n<p>(2) ADN S\u00e9rie C 16823<\/p>\n\n\n\n<p class=\"has-text-align-center\">*****<\/p>\n\n\n\n<p>2 Le Moulin \u00e0 vent d\u2019En Haut<\/p>\n\n\n\n<div class=\"wp-block-image\"><figure class=\"aligncenter\"><img decoding=\"async\" src=\"https:\/\/i1.wp.com\/patrimoine-avesnois.fr\/chemin\/wp-content\/uploads\/2021\/03\/Capture-123.jpg?resize=840%2C632\" alt=\"\" class=\"wp-image-12161\"\/><figcaption>Le Moulin Les Etoquis de Landrecies&nbsp;<a href=\"https:\/\/gallica.bnf.fr\/ark:\/12148\/btv1b53095239r\/f1.item.zoom\" target=\"_blank\" rel=\"noreferrer noopener\">Carte de Cassini<\/a><\/figcaption><\/figure><\/div>\n\n\n\n<p>En 1711 le moulin \u00e0 eau de Landrecies appartient \u00e0 Michel Fran\u00e7ois CORDIER de ROUCOURT (\u00b01676 + 1736) Piqueur au 1er vol pour milan de la fauconnerie de Sa Majest\u00e9 mari\u00e9 \u00e0 Le Quesnoy avec Caroline de LANDAS +1743 \u00e0 Louvignies-Quesnoy (1). Sa veuve fait \u00e9riger deux moulins \u00e0 vent \u00ab pour pallier les inconv\u00e9nients du moulin \u00e0 eau \u00bb, \u00ab l\u2019un au Faubourg du Quesnoy, l\u2019autre au Faubourg de France proche le terroir de la Folie \u00bb (2). Ils sont construits par arr\u00eat du Conseil du 20 Ao\u00fbt 1737, l\u2019un pour la farine et l\u2019autre pour faire de l\u2019huile \u00bb (3). On en retrouve un sur la carte de Cassini de 1758 aux Etoquis, bordant la route qui conduit \u00e0 Fontaine-au-Bois. C\u2019est donc celui du Faubourg du Quesnoy (Faubourg Soy\u00e8res de nos jours).<\/p>\n\n\n\n<div class=\"wp-block-image\"><figure class=\"aligncenter\"><img decoding=\"async\" src=\"https:\/\/i0.wp.com\/patrimoine-avesnois.fr\/chemin\/wp-content\/uploads\/2021\/03\/Capture-125.jpg?resize=840%2C630\" alt=\"\" class=\"wp-image-12163\"\/><figcaption><em>Cadastre Landrecies An 12 ADN P 30 \/ 191 Moulin d<\/em>\u2018En Haut S B 117&nbsp;<a href=\"https:\/\/archivesdepartementales.lenord.fr\/ark:\/33518\/drbnqf9s4hxw\/f2e6cb88-7ee4-497c-bb45-a5e198bdbcc7\" target=\"_blank\" rel=\"noreferrer noopener\">Vue 1\/4<\/a><\/figcaption><\/figure><\/div>\n\n\n\n<div class=\"wp-block-image\"><figure class=\"aligncenter\"><img decoding=\"async\" src=\"https:\/\/i2.wp.com\/patrimoine-avesnois.fr\/chemin\/wp-content\/uploads\/2021\/03\/Capture-126.jpg?resize=840%2C630\" alt=\"\" class=\"wp-image-12166\"\/><figcaption>Position fictive du Moulin \u00e0 vent d\u2019En Haut sur une carte actuelle<\/figcaption><\/figure><\/div>\n\n\n\n<div class=\"wp-block-image\"><figure class=\"aligncenter\"><img decoding=\"async\" src=\"https:\/\/i0.wp.com\/patrimoine-avesnois.fr\/chemin\/wp-content\/uploads\/2021\/03\/Capture-127.jpg?resize=840%2C629\" alt=\"\" class=\"wp-image-12167\"\/><figcaption>Endroit o\u00f9 se dressait le Moulin \u00e0 vent d\u2019En Haut&nbsp;<a href=\"https:\/\/www.google.com\/maps\/@50.1349214,3.6842885,3a,90y,98.81h,64.6t\/data=!3m6!1e1!3m4!1sqkxBt43_bsucPPLwFJRLRA!2e0!7i16384!8i8192\" target=\"_blank\" rel=\"noreferrer noopener\">Chemin de la Souris<\/a><\/figcaption><\/figure><\/div>\n\n\n\n<p>Il est d\u00e9mont\u00e9 ou d\u00e9truit pour raisons ou conflits militaires. On le retrouve en 1804 un peu plus au Nord Est en direction d\u2019un petit chemin conduisant \u00e0 la for\u00eat de Mormal. Il pourrait avoir appartenu \u00e0 Robert MERCIER qui vend un moulin \u00e0 vent le 24 janvier 1803 \u00e0 Charles Michel CORDIER de ROUCOURT, fils de Michel Fran\u00e7ois et de caroline LANDAS (4). Le moulin disparait avant 1831.<\/p>\n\n\n\n<p>(1) : Voir mon site Moulins en Avesnois au fil de l\u2019eau :&nbsp;<a rel=\"noreferrer noopener\" href=\"http:\/\/www.moulins-avesnois.fr\/la-sambre-et-ses-moulins\/\" target=\"_blank\">La Sambre et ses Moulins<\/a><\/p>\n\n\n\n<p>(2) : ADN S\u00e9rie C Finances 58 dossier 2<\/p>\n\n\n\n<p>(3) : ADN C 23 dossier 4 et C Finances 58 dossier 2<\/p>\n\n\n\n<p>(4) : ADN 3 Q 297-2 Enregistrement Bureau de Landrecies Table des vendeurs An 6-An 13 acte du 4 Pluvi\u00f4se An 11<\/p>\n\n\n\n<p class=\"has-text-align-center\">*****<\/p>\n\n\n\n<p>3 Le Moulin \u00e0 vent de La Folie<\/p>\n\n\n\n<p>Un moulin \u00e0 vent \u00e0 La Folie est d\u00e9j\u00e0 repr\u00e9sent\u00e9 sur les Albums de Cro\u00ff vers 1600; celui qui nous int\u00e9resse est celui de 1737.<\/p>\n\n\n\n<div class=\"wp-block-image\"><figure class=\"aligncenter\"><img decoding=\"async\" src=\"https:\/\/i0.wp.com\/patrimoine-avesnois.fr\/chemin\/wp-content\/uploads\/2021\/03\/Capture-130.jpg?resize=840%2C630\" alt=\"\" class=\"wp-image-12177\"\/><figcaption>Cadastre Landrecies 1831 ADN P 31 \/ 227 Moulin de la Folie S D 892&nbsp;<a rel=\"noreferrer noopener\" href=\"https:\/\/archivesdepartementales.lenord.fr\/ark:\/33518\/cg1br34lm8tq\/d5ed56e1-e3d8-475d-b7f9-941e0007e924\" target=\"_blank\">Vue 1\/43<\/a><\/figcaption><\/figure><\/div>\n\n\n\n<div class=\"wp-block-image\"><figure class=\"aligncenter\"><img decoding=\"async\" src=\"https:\/\/i1.wp.com\/patrimoine-avesnois.fr\/chemin\/wp-content\/uploads\/2021\/03\/Capture-131.jpg?resize=840%2C629\" alt=\"\" class=\"wp-image-12178\"\/><figcaption>Position fictive du Moulin \u00e0 vent de la Folie sur une carte actuelle<\/figcaption><\/figure><\/div>\n\n\n\n<div class=\"wp-block-image\"><figure class=\"aligncenter\"><img decoding=\"async\" src=\"https:\/\/i0.wp.com\/patrimoine-avesnois.fr\/chemin\/wp-content\/uploads\/2021\/03\/Capture-133.jpg?resize=840%2C629\" alt=\"\" class=\"wp-image-12180\"\/><figcaption>Endroit o\u00f9 se dressait le Moulin \u00e0 vent de la Folie&nbsp;<a href=\"https:\/\/www.google.fr\/maps\/@50.1055489,3.6745335,3a,75y,82.79h,83.25t\/data=!3m6!1e1!3m4!1stbzwfovB0q5CS6F06jLFnQ!2e0!7i13312!8i6656\" target=\"_blank\" rel=\"noreferrer noopener\">Rue Petit Versailles<\/a><\/figcaption><\/figure><\/div>\n\n\n\n<p>Ce second moulin \u00e0 vent construit par la veuve CORDIER de ROUCOURT et situ\u00e9 au \u00ab Faubourg de France proche le terroir de la Folie \u00bb n\u2019est pas mentionn\u00e9 sur la carte de Cassini : a t-il \u00e9t\u00e9 d\u00e9mont\u00e9 ? Il est probablement d\u00e9plac\u00e9 par la suite pour se retrouver plus au sud du territoire de Landrecies au lieu-dit La Folie. On le retrouve \u00e0 la fois sur le cadastre de l\u2019An 12 \u00e0 la section S E 63 et sur celui de 1831 Section D 892. Il est d\u00e9tenu par Marie Joseph DESPREZ qui le loue en 1796 \u00e0 Isidore Joseph Rivart, fils de feu Jean-Baptiste, \u00e9migr\u00e9 et ancien propri\u00e9taire du moulin \u00e0 eau (1). Par la suite le moulin semble \u00eatre d\u00e9tenu par plusieurs propri\u00e9taires et change tr\u00e8s r\u00e9guli\u00e8rement de mains : Honor\u00e9 COPY de Troisvilles le vend en 1804 \u00e0 Antoine GAVERIAUX de Le Cateau (2) qui le revend en 1812 \u00e0 Benjamin BAUDRY (3). Il y aussi une vente en 1807 de Barth\u00e9l\u00e9my HUVILLE \u00e0 Jean Baptiste CHATELAIN qui le revend en 1809 \u00e0 Thomas DUPONT (4). En 1837 c\u2019est un Thomas BAUDRY qui le vend \u00e0 Benoit MARCHAND. Le moulin disparait vers 1850.<\/p>\n\n\n\n<p>(1) : ADN 3 Q 299-1 Enregistrement Bureau de Landrecies Table des baux An 2-An 5 Acte du 29 Fructidor An 4<\/p>\n\n\n\n<p>(2) : ADN 3 Q 297-2 Enregistrement Bureau de Landrecies Table des vendeurs An 6-An 13 Acte du 27 Germinal An 12<\/p>\n\n\n\n<p>(3) : ADN 3 Q 181-15 Enregistrement Bureau de Le Cateau Table des vendeurs 1811-1812 Acte du 13 Avril 1812<\/p>\n\n\n\n<p>(4) : ADN 3 Q 297-4 Enregistrement Bureau de Landrecies Table des vendeurs 1807-1812 Actes du 19 Mai 1807 et du 9 Mars 1809<\/p>\n","protected":false},"excerpt":{"rendered":"<p>Les Moulins \u00e0 vent de Landrecies (3) : Landrecies d\u00e9tient au XVIII e si\u00e8cle un moulin \u00e0 eau tr\u00e8s ancien et trois moulins \u00e0 vent (1). 1 Le Moulin \u00e0 vent du Bastion de la Ville Le premier moulin \u00e0 vent est un moulin \u00e0 pivot appartenant au domaine royal. Il est \u00e9rig\u00e9 sur un &hellip; <a href=\"http:\/\/patrimoine-avesnois.fr\/moulins-vent\/landrecies\/\" class=\"more-link\">Continuer la lecture<span class=\"screen-reader-text\"> de &laquo;&nbsp;Landrecies&nbsp;&raquo;<\/span><\/a><\/p>\n","protected":false},"author":2,"featured_media":0,"parent":0,"menu_order":0,"comment_status":"closed","ping_status":"closed","template":"","meta":{"footnotes":""},"class_list":["post-78","page","type-page","status-publish","hentry"],"jetpack_sharing_enabled":true,"_links":{"self":[{"href":"http:\/\/patrimoine-avesnois.fr\/moulins-vent\/wp-json\/wp\/v2\/pages\/78","targetHints":{"allow":["GET"]}}],"collection":[{"href":"http:\/\/patrimoine-avesnois.fr\/moulins-vent\/wp-json\/wp\/v2\/pages"}],"about":[{"href":"http:\/\/patrimoine-avesnois.fr\/moulins-vent\/wp-json\/wp\/v2\/types\/page"}],"author":[{"embeddable":true,"href":"http:\/\/patrimoine-avesnois.fr\/moulins-vent\/wp-json\/wp\/v2\/users\/2"}],"replies":[{"embeddable":true,"href":"http:\/\/patrimoine-avesnois.fr\/moulins-vent\/wp-json\/wp\/v2\/comments?post=78"}],"version-history":[{"count":1,"href":"http:\/\/patrimoine-avesnois.fr\/moulins-vent\/wp-json\/wp\/v2\/pages\/78\/revisions"}],"predecessor-version":[{"id":79,"href":"http:\/\/patrimoine-avesnois.fr\/moulins-vent\/wp-json\/wp\/v2\/pages\/78\/revisions\/79"}],"wp:attachment":[{"href":"http:\/\/patrimoine-avesnois.fr\/moulins-vent\/wp-json\/wp\/v2\/media?parent=78"}],"curies":[{"name":"wp","href":"https:\/\/api.w.org\/{rel}","templated":true}]}}