{"id":92,"date":"2021-05-04T12:26:14","date_gmt":"2021-05-04T10:26:14","guid":{"rendered":"http:\/\/patrimoine-avesnois.fr\/moulins-vent\/?page_id=92"},"modified":"2021-05-04T12:26:14","modified_gmt":"2021-05-04T10:26:14","slug":"louvroil","status":"publish","type":"page","link":"http:\/\/patrimoine-avesnois.fr\/moulins-vent\/louvroil\/","title":{"rendered":"Louvroil"},"content":{"rendered":"\n<p class=\"has-bright-red-color has-text-color has-medium-font-size\"><strong>Les deux Moulins \u00e0 vent de Louvroil :<\/strong><\/p>\n\n\n\n<div class=\"wp-block-image\"><figure class=\"aligncenter\"><img decoding=\"async\" src=\"https:\/\/i2.wp.com\/patrimoine-avesnois.fr\/chemin\/wp-content\/uploads\/2021\/03\/Capturee.jpg?resize=840%2C630\" alt=\"\" class=\"wp-image-12232\"\/><figcaption>Cadastre Louvroil An 12 ADN P 30 \/ 212&nbsp;<a href=\"https:\/\/archivesdepartementales.lenord.fr\/ark:\/33518\/lwzhn9cbqtvj\/08bc2f89-cf91-4877-96f8-303924ab954d\" target=\"_blank\" rel=\"noreferrer noopener\">Vue 1\/1<\/a><\/figcaption><\/figure><\/div>\n\n\n\n<div class=\"wp-block-image\"><figure class=\"aligncenter\"><img decoding=\"async\" src=\"https:\/\/i1.wp.com\/patrimoine-avesnois.fr\/chemin\/wp-content\/uploads\/2021\/03\/Capture-157.jpg?resize=840%2C630\" alt=\"\" class=\"wp-image-12235\"\/><figcaption>Cadastre Louvroil 1844 ADN P 31 \/ 737 Moulin \u00e0 vent S A 393&nbsp;<a href=\"https:\/\/archivesdepartementales.lenord.fr\/ark:\/33518\/cplbzwtmvhj1\/23cc9b00-6276-4ffc-b184-516e6f885e37\" target=\"_blank\" rel=\"noreferrer noopener\">Vue 7\/12<\/a><\/figcaption><\/figure><\/div>\n\n\n\n<div class=\"wp-block-image\"><figure class=\"aligncenter\"><img decoding=\"async\" src=\"https:\/\/i1.wp.com\/patrimoine-avesnois.fr\/chemin\/wp-content\/uploads\/2021\/03\/Capture-158.jpg?resize=840%2C630\" alt=\"\" class=\"wp-image-12236\"\/><figcaption>Endroit o\u00f9 se dressait le Moulin \u00e0 vent du Seigneur de Louvroil&nbsp;<a href=\"https:\/\/www.google.fr\/maps\/@50.263525,3.959661,3a,90y,136.55h,88.91t\/data=!3m6!1e1!3m4!1sg7ml_25s5YuAPQHgBijE_g!2e0!7i16384!8i8192\" target=\"_blank\" rel=\"noreferrer noopener\">Rue Jean Marie Gachot<\/a><\/figcaption><\/figure><\/div>\n\n\n\n<p>Un seul Moulin \u00e0 vent est \u00e9rig\u00e9 sur le territoire de Louvroil avant la R\u00e9volution. Il appartient \u00e0 Ferdinand Joseph Pascal DU BELLOY (\u00b0 1738 Mons + 1782 Maubeuge), Ecuyer, Officier au r\u00e9giment Royal Su\u00e9dois, Seigneur de Louvroil et mari\u00e9 avec Marie Joseph F\u00e9licit\u00e9 Sophie de BRETONNEAU. Il est sur le cadastre de l\u2019An 12. En 1810 il appartient \u00e0 L\u00e9opold LHOTELLERIE(\u00b0 1734 Gognies-Chauss\u00e9e + 1814 Maubeuge), n\u00e9gociant, marchand savonnier \u00e0 Maubeuge. Son \u00e9pouse Catherine LEROY d\u00e9c\u00e8de le 1er octobre 1811 et laisse la moiti\u00e9 du moulin \u00e0 ses deux enfants Marie Josephe D\u00e9sir\u00e9e et L\u00e9opold (1). Selon le cadastre en 1824 le moulin est d\u00e9mont\u00e9 puis reconstruit par un d\u00e9nomm\u00e9 NAVEAU qui est entrepreneur et propri\u00e9taire du moulin. Il le vend tr\u00e8s vite puisqu\u2019en 1827 VERDAVAINE de Maubeuge le d\u00e9tient. En 1835 c\u2019est Victor CAILLEAU de Valenciennes qui en est le propri\u00e9taire puis en 1838 Antoine COUTURE d\u2019Elesmes puis meunier \u00e0 Louvroil qui entre en possession du moulin \u00e0 vent (2). Sa succession en 1859 nous apprend que sa maison et le moulin reviennent \u00e0 ses enfants Xavier, Flore, Philippine \u00e9pouse Fran\u00e7ois Navez et Elisa femme de Louis Chapeau (3). Ils font paraitre une annonce de vente dans le Journal L\u2019Observateur du 3 Juillet 1859 d\u2019 \u00ab moulin en pierres et briques avec cave, garni de deux paires de meules , de deux bluttoirs cylindriques, deux tournants, \u00e9cousseaux et autres appareils \u00bb. Alexis LAMBRET l\u2019ach\u00e8te le 18 ao\u00fbt de la m\u00eame ann\u00e9e et le met en location. Il d\u00e9c\u00e8de le 11 Janvier 1867. Sa fille unique Elisa h\u00e9rite en nu propri\u00e9t\u00e9 du moulin tandis que sa veuve Eug\u00e9nie MARECHAL en a la jouissance (4). Le Journal L\u2019Observateur du 11 Ao\u00fbt 1867 annonce de nouveau la vente du moulin \u00e0 vent \u00ab mont\u00e9 \u00e0 l\u2019anglaise avec trois paires de meules \u00bb. Henri SOUMILLON, meunier \u00e0 Louvroil l\u2019ach\u00e8te, le fait fonctionner au moins jusqu\u2019en 1873 puis cesse de le faire tourner vers 1880.<\/p>\n\n\n\n<p>(1) : ADN 3 Q 373-11 Enregistrement Bureau de Maubeuge Successions 1811-1816<\/p>\n\n\n\n<p>(2) : ADN Matrices cadastrales 35 P 885 B NB 1822 1846<\/p>\n\n\n\n<p>(3) : ADN 3 Q 373-28 Enregistrement Bureau de Maubeuge Successions 18\/09\/1858-07\/02\/1860<\/p>\n\n\n\n<p>(4) : ADN 3 Q 373-37 Enregistrement Bureau de Maubeuge Successions 29\/06\/1866-11\/05\/1867<\/p>\n\n\n\n<p class=\"has-text-align-center\">*****<\/p>\n\n\n\n<div class=\"wp-block-image\"><figure class=\"aligncenter\"><img decoding=\"async\" src=\"https:\/\/i2.wp.com\/patrimoine-avesnois.fr\/chemin\/wp-content\/uploads\/2021\/03\/Captur.jpg?resize=840%2C629\" alt=\"\" class=\"wp-image-12239\"\/><figcaption>Cadastre Louvroil 1844 ADN P 31 \/ 737 Moulin \u00e0 vent S A 63&nbsp;<a href=\"https:\/\/archivesdepartementales.lenord.fr\/ark:\/33518\/cplbzwtmvhj1\/b00270d4-a359-4330-acae-452c77710ba2\" target=\"_blank\" rel=\"noreferrer noopener\">Vue 6\/12<\/a><\/figcaption><\/figure><\/div>\n\n\n\n<div class=\"wp-block-image\"><figure class=\"aligncenter\"><img decoding=\"async\" src=\"https:\/\/i1.wp.com\/patrimoine-avesnois.fr\/chemin\/wp-content\/uploads\/2021\/03\/Capture-159.jpg?resize=840%2C630\" alt=\"\" class=\"wp-image-12240\"\/><figcaption>Position fictive du second moulin \u00e0 vent \u00e0 Louvril sur une carte actuelle<\/figcaption><\/figure><\/div>\n\n\n\n<div class=\"wp-block-image\"><figure class=\"aligncenter\"><img decoding=\"async\" src=\"https:\/\/i0.wp.com\/patrimoine-avesnois.fr\/chemin\/wp-content\/uploads\/2021\/03\/Capture-161.jpg?resize=840%2C630\" alt=\"\" class=\"wp-image-12242\"\/><figcaption>Position fictive du second moulin \u00e0 vent \u00e0 Louvril sur une carte actuelle (Vue rapproch\u00e9e)<\/figcaption><\/figure><\/div>\n\n\n\n<div class=\"wp-block-image\"><figure class=\"aligncenter\"><img decoding=\"async\" src=\"https:\/\/i0.wp.com\/patrimoine-avesnois.fr\/chemin\/wp-content\/uploads\/2021\/03\/Capture-160.jpg?resize=840%2C630\" alt=\"\" class=\"wp-image-12241\"\/><figcaption>Endroit o\u00f9 se dressait le second Moulin \u00e0 vent de Louvroil (en contre-bas de la<a href=\"https:\/\/www.google.fr\/maps\/@50.2640418,3.9531188,3a,75y,20.54h,82.39t\/data=!3m6!1e1!3m4!1sbbBwyH7wnNYypn7uaLwZRg!2e0!7i16384!8i8192\" target=\"_blank\" rel=\"noreferrer noopener\">&nbsp;D 195<\/a>)<\/figcaption><\/figure><\/div>\n\n\n\n<p>Au moment o\u00f9 le premier moulin \u00e0 vent cesse de fonctionner vers 1880, se construit en 1877 selon le cadastre un nouveau moulin \u00e0 vent. Il se dresse sur la parcelle A 83 appartenant \u00e0 BECK fr\u00e8res et Cie \u00e0 Louvroil. En plus du moulin la parcelle comprend une maison, un pavillon et une serre. Selon Jean Bruggeman de l\u2019ARAM le moulin sert \u00e0 pomper de l\u2019eau pour la serre. Il disparait tr\u00e8s vite car le cadastre le dit d\u00e9moli en 1879.<\/p>\n","protected":false},"excerpt":{"rendered":"<p>Les deux Moulins \u00e0 vent de Louvroil : Un seul Moulin \u00e0 vent est \u00e9rig\u00e9 sur le territoire de Louvroil avant la R\u00e9volution. Il appartient \u00e0 Ferdinand Joseph Pascal DU BELLOY (\u00b0 1738 Mons + 1782 Maubeuge), Ecuyer, Officier au r\u00e9giment Royal Su\u00e9dois, Seigneur de Louvroil et mari\u00e9 avec Marie Joseph F\u00e9licit\u00e9 Sophie de BRETONNEAU. &hellip; <a href=\"http:\/\/patrimoine-avesnois.fr\/moulins-vent\/louvroil\/\" class=\"more-link\">Continuer la lecture<span class=\"screen-reader-text\"> de &laquo;&nbsp;Louvroil&nbsp;&raquo;<\/span><\/a><\/p>\n","protected":false},"author":2,"featured_media":0,"parent":0,"menu_order":0,"comment_status":"closed","ping_status":"closed","template":"","meta":{"footnotes":""},"class_list":["post-92","page","type-page","status-publish","hentry"],"jetpack_sharing_enabled":true,"_links":{"self":[{"href":"http:\/\/patrimoine-avesnois.fr\/moulins-vent\/wp-json\/wp\/v2\/pages\/92","targetHints":{"allow":["GET"]}}],"collection":[{"href":"http:\/\/patrimoine-avesnois.fr\/moulins-vent\/wp-json\/wp\/v2\/pages"}],"about":[{"href":"http:\/\/patrimoine-avesnois.fr\/moulins-vent\/wp-json\/wp\/v2\/types\/page"}],"author":[{"embeddable":true,"href":"http:\/\/patrimoine-avesnois.fr\/moulins-vent\/wp-json\/wp\/v2\/users\/2"}],"replies":[{"embeddable":true,"href":"http:\/\/patrimoine-avesnois.fr\/moulins-vent\/wp-json\/wp\/v2\/comments?post=92"}],"version-history":[{"count":1,"href":"http:\/\/patrimoine-avesnois.fr\/moulins-vent\/wp-json\/wp\/v2\/pages\/92\/revisions"}],"predecessor-version":[{"id":93,"href":"http:\/\/patrimoine-avesnois.fr\/moulins-vent\/wp-json\/wp\/v2\/pages\/92\/revisions\/93"}],"wp:attachment":[{"href":"http:\/\/patrimoine-avesnois.fr\/moulins-vent\/wp-json\/wp\/v2\/media?parent=92"}],"curies":[{"name":"wp","href":"https:\/\/api.w.org\/{rel}","templated":true}]}}