{"id":94,"date":"2021-05-04T12:27:11","date_gmt":"2021-05-04T10:27:11","guid":{"rendered":"http:\/\/patrimoine-avesnois.fr\/moulins-vent\/?page_id=94"},"modified":"2021-05-04T12:27:11","modified_gmt":"2021-05-04T10:27:11","slug":"marbaix","status":"publish","type":"page","link":"http:\/\/patrimoine-avesnois.fr\/moulins-vent\/marbaix\/","title":{"rendered":"Marbaix"},"content":{"rendered":"\n<p class=\"has-bright-red-color has-text-color has-medium-font-size\"><strong>Le Moulin \u00e0 vent de Marbaix :<\/strong><\/p>\n\n\n\n<div class=\"wp-block-image\"><figure class=\"aligncenter\"><img decoding=\"async\" src=\"https:\/\/i0.wp.com\/oratoiresetchapelles-avesnois.fr\/wp-content\/uploads\/2017\/05\/IMG_1049-768x1024.jpg?resize=576%2C768\" alt=\"Chapelle N.D de Hal\"\/><figcaption><em>Chapelle N.D de Hal<\/em>&nbsp;<a rel=\"noreferrer noopener\" href=\"https:\/\/www.google.fr\/maps\/place\/26+Rue+Baptiste,+59440+Marbaix\/@50.1309367,3.8417903,15z\/data=!4m5!3m4!1s0x47c264dafbd82a43:0xbad29c22bb491bf9!8m2!3d50.1319787!4d3.8507448\" target=\"_blank\">Rue Baptiste<\/a>&nbsp;\u00e0 Marbaix. Le Moulin \u00e0 vent de l\u2019abbaye de Maroilles se trouvait \u00e0 proximit\u00e9.<\/figcaption><\/figure><\/div>\n\n\n\n<p>Le 4 Mai 1768 Dom Maurice DOSSIGNIES repr\u00e9sentant l\u2019abbaye de Maroilles et Nicolas G\u00e9niaux signent une convention-devis afin de construire pour le compte de l\u2019abbaye, qui le 16 avril de la m\u00eame ann\u00e9e avait renonc\u00e9 \u00e0 son droit de banalit\u00e9, un moulin \u00e0 vent en bois sur pivot. Muni de deux paires de meules, la superficie de sa cage sera de 5,35 m sur 3,76 m et sera mont\u00e9 sur \u00ab huit d\u00e9s en pierre bleue pour le mettre \u00e0 l\u2019abri de tous les vents\u2026 dont les deux plus \u00e9lev\u00e9s seront de 1 m de hauteur \u00bb. Le moulin \u00e0 vent sera construit \u00ab sur le trieux proche de la grande chapelle \u00e0 Marbaix (1) \u00bb. Ce renseignement permet de le localiser car la grande chapelle est la chapelle N D de Hal (1681) Rue Baptiste . L\u2019abbaye de Maroilles le dit termin\u00e9 et pr\u00eat \u00e0 tourner dans un courrier du 17 F\u00e9vrier 1769 (2). Le moulin est vendu comme bien national le 26 avril 1791 \u00e0 Pierre LEVEAU (3). Il appartient ensuite \u00e0 Jean Joseph, Edouard, Humbert, Catherine et Am\u00e9lie MOSIN qui le vendent en 1822 \u00e0 Joseph PASSAGE propri\u00e9taire \u00e0 Avesnes (4). Celui-ci le loue alors \u00e0 No\u00ebl et Jean Baptiste Deresme (5). Le moulin \u00e0 vent n\u2019existe plus en 1835 car Jean PASSAGE vend l\u2019emplacement du moulin \u00e0 Pierre Roland (6).<\/p>\n\n\n\n<p>(1) : ADN 1 H 117<\/p>\n\n\n\n<p>(2) : ADN Bureau des Finances C 23 dossiers 2 et 3<\/p>\n\n\n\n<p>(3) : ADN 1 Q 16<\/p>\n\n\n\n<p>(4) : ADN 3 Q 29-20 Enregistrement Bureau d\u2019Avesnes Table des vendeurs 1822-1823 Acte du 14\/08\/1822<\/p>\n\n\n\n<p>(5) : ADN 3 Q 31-5 Enregistrement Bueau d\u2019Avesnes Table des baux 1813-1828 Acte du 16\/09\/1822<\/p>\n\n\n\n<p>(6) : ADN 3 Q 30-16 Enregistrement Bureau d\u2019Avesnes Table des acqu\u00e9reurs 1834-1836 Acte du 7\/01\/1835<\/p>\n","protected":false},"excerpt":{"rendered":"<p>Le Moulin \u00e0 vent de Marbaix : Le 4 Mai 1768 Dom Maurice DOSSIGNIES repr\u00e9sentant l\u2019abbaye de Maroilles et Nicolas G\u00e9niaux signent une convention-devis afin de construire pour le compte de l\u2019abbaye, qui le 16 avril de la m\u00eame ann\u00e9e avait renonc\u00e9 \u00e0 son droit de banalit\u00e9, un moulin \u00e0 vent en bois sur pivot. &hellip; <a href=\"http:\/\/patrimoine-avesnois.fr\/moulins-vent\/marbaix\/\" class=\"more-link\">Continuer la lecture<span class=\"screen-reader-text\"> de &laquo;&nbsp;Marbaix&nbsp;&raquo;<\/span><\/a><\/p>\n","protected":false},"author":2,"featured_media":0,"parent":0,"menu_order":0,"comment_status":"closed","ping_status":"closed","template":"","meta":{"footnotes":""},"class_list":["post-94","page","type-page","status-publish","hentry"],"jetpack_sharing_enabled":true,"_links":{"self":[{"href":"http:\/\/patrimoine-avesnois.fr\/moulins-vent\/wp-json\/wp\/v2\/pages\/94","targetHints":{"allow":["GET"]}}],"collection":[{"href":"http:\/\/patrimoine-avesnois.fr\/moulins-vent\/wp-json\/wp\/v2\/pages"}],"about":[{"href":"http:\/\/patrimoine-avesnois.fr\/moulins-vent\/wp-json\/wp\/v2\/types\/page"}],"author":[{"embeddable":true,"href":"http:\/\/patrimoine-avesnois.fr\/moulins-vent\/wp-json\/wp\/v2\/users\/2"}],"replies":[{"embeddable":true,"href":"http:\/\/patrimoine-avesnois.fr\/moulins-vent\/wp-json\/wp\/v2\/comments?post=94"}],"version-history":[{"count":1,"href":"http:\/\/patrimoine-avesnois.fr\/moulins-vent\/wp-json\/wp\/v2\/pages\/94\/revisions"}],"predecessor-version":[{"id":95,"href":"http:\/\/patrimoine-avesnois.fr\/moulins-vent\/wp-json\/wp\/v2\/pages\/94\/revisions\/95"}],"wp:attachment":[{"href":"http:\/\/patrimoine-avesnois.fr\/moulins-vent\/wp-json\/wp\/v2\/media?parent=94"}],"curies":[{"name":"wp","href":"https:\/\/api.w.org\/{rel}","templated":true}]}}