{"id":96,"date":"2021-05-04T12:28:19","date_gmt":"2021-05-04T10:28:19","guid":{"rendered":"http:\/\/patrimoine-avesnois.fr\/moulins-vent\/?page_id=96"},"modified":"2021-05-04T12:28:19","modified_gmt":"2021-05-04T10:28:19","slug":"maresches","status":"publish","type":"page","link":"http:\/\/patrimoine-avesnois.fr\/moulins-vent\/maresches\/","title":{"rendered":"Maresches"},"content":{"rendered":"\n<p class=\"has-bright-red-color has-text-color has-medium-font-size\"><strong>Le Moulin \u00e0 vent de Maresches :<\/strong><\/p>\n\n\n\n<div class=\"wp-block-image\"><figure class=\"aligncenter\"><img decoding=\"async\" src=\"https:\/\/i2.wp.com\/patrimoine-avesnois.fr\/chemin\/wp-content\/uploads\/2021\/04\/Capture.jpg?resize=840%2C630\" alt=\"\" class=\"wp-image-12249\"\/><figcaption>Cadastre Maresches 1826 ADN P 31 \/ 740 Moulin \u00e0 vent S A 781&nbsp;<a href=\"https:\/\/archivesdepartementales.lenord.fr\/ark:\/33518\/5jb8pq40r9tn\/78ddce5d-e875-422c-b0f3-201af9f74905\" target=\"_blank\" rel=\"noreferrer noopener\">Vue 3\/11<\/a><\/figcaption><\/figure><\/div>\n\n\n\n<div class=\"wp-block-image\"><figure class=\"aligncenter\"><img decoding=\"async\" src=\"https:\/\/i0.wp.com\/patrimoine-avesnois.fr\/chemin\/wp-content\/uploads\/2021\/04\/Capture-1.jpg?resize=840%2C630\" alt=\"\" class=\"wp-image-12250\"\/><figcaption>Position fictive du Moulin \u00e0 vent de Maresches sur une carte actuelle<\/figcaption><\/figure><\/div>\n\n\n\n<div class=\"wp-block-image\"><figure class=\"aligncenter\"><img decoding=\"async\" src=\"https:\/\/i2.wp.com\/patrimoine-avesnois.fr\/chemin\/wp-content\/uploads\/2021\/04\/Capture-2.jpg?resize=840%2C630\" alt=\"\" class=\"wp-image-12251\"\/><figcaption>Endroit o\u00f9 se dressait le Moulin \u00e0 vent de Maresches&nbsp;<a href=\"https:\/\/www.google.fr\/maps\/@50.2925294,3.5874718,3a,75y,32.19h,69.05t\/data=!3m6!1e1!3m4!1sEKR3DtbaxohpsCrh_5NbJA!2e0!7i16384!8i8192\" target=\"_blank\" rel=\"noreferrer noopener\">Rue L\u00e9on Malard<\/a><\/figcaption><\/figure><\/div>\n\n\n\n<p>Le 18 Mai 1818 une autorisation de construire un moulin \u00e0 vent \u00e0 farine \u00e0 Maresches est accord\u00e9e \u00e0 Jean Baptiste CARPENTIER (1). Il est n\u00e9 en 1731 \u00e0 Villers-Pol, mari\u00e9 en 1801 \u00e0 Mareches avec Marie Joseph Renelde FREMAUT. Il est d\u2019abord mulquinier puis meunier en 1818. Il d\u00e9c\u00e8de en 1832. Un de ses fils Jean Baptiste est \u00e9galement meunier en 1838 lors de son mariage avec Marie Claire MARECHAL. En 1849 \u00e0 la naissance de l\u2019un de ses enfants il est encore meunier mais par la suite il est dit en 1858 cultivateur puis marchand \u00e9picier revendeur. Le moulin \u00e0 vent de Maresches est donc d\u00e9mont\u00e9 vers 1850.<\/p>\n\n\n\n<p>(1) : ADN K 309<\/p>\n","protected":false},"excerpt":{"rendered":"<p>Le Moulin \u00e0 vent de Maresches : Le 18 Mai 1818 une autorisation de construire un moulin \u00e0 vent \u00e0 farine \u00e0 Maresches est accord\u00e9e \u00e0 Jean Baptiste CARPENTIER (1). Il est n\u00e9 en 1731 \u00e0 Villers-Pol, mari\u00e9 en 1801 \u00e0 Mareches avec Marie Joseph Renelde FREMAUT. Il est d\u2019abord mulquinier puis meunier en 1818. &hellip; <a href=\"http:\/\/patrimoine-avesnois.fr\/moulins-vent\/maresches\/\" class=\"more-link\">Continuer la lecture<span class=\"screen-reader-text\"> de &laquo;&nbsp;Maresches&nbsp;&raquo;<\/span><\/a><\/p>\n","protected":false},"author":2,"featured_media":0,"parent":0,"menu_order":0,"comment_status":"closed","ping_status":"closed","template":"","meta":{"footnotes":""},"class_list":["post-96","page","type-page","status-publish","hentry"],"jetpack_sharing_enabled":true,"_links":{"self":[{"href":"http:\/\/patrimoine-avesnois.fr\/moulins-vent\/wp-json\/wp\/v2\/pages\/96","targetHints":{"allow":["GET"]}}],"collection":[{"href":"http:\/\/patrimoine-avesnois.fr\/moulins-vent\/wp-json\/wp\/v2\/pages"}],"about":[{"href":"http:\/\/patrimoine-avesnois.fr\/moulins-vent\/wp-json\/wp\/v2\/types\/page"}],"author":[{"embeddable":true,"href":"http:\/\/patrimoine-avesnois.fr\/moulins-vent\/wp-json\/wp\/v2\/users\/2"}],"replies":[{"embeddable":true,"href":"http:\/\/patrimoine-avesnois.fr\/moulins-vent\/wp-json\/wp\/v2\/comments?post=96"}],"version-history":[{"count":1,"href":"http:\/\/patrimoine-avesnois.fr\/moulins-vent\/wp-json\/wp\/v2\/pages\/96\/revisions"}],"predecessor-version":[{"id":97,"href":"http:\/\/patrimoine-avesnois.fr\/moulins-vent\/wp-json\/wp\/v2\/pages\/96\/revisions\/97"}],"wp:attachment":[{"href":"http:\/\/patrimoine-avesnois.fr\/moulins-vent\/wp-json\/wp\/v2\/media?parent=96"}],"curies":[{"name":"wp","href":"https:\/\/api.w.org\/{rel}","templated":true}]}}