{"id":98,"date":"2021-05-04T12:29:53","date_gmt":"2021-05-04T10:29:53","guid":{"rendered":"http:\/\/patrimoine-avesnois.fr\/moulins-vent\/?page_id=98"},"modified":"2024-11-29T13:19:43","modified_gmt":"2024-11-29T12:19:43","slug":"marpent","status":"publish","type":"page","link":"http:\/\/patrimoine-avesnois.fr\/moulins-vent\/marpent\/","title":{"rendered":"Marpent"},"content":{"rendered":"\n<p class=\"has-bright-red-color has-text-color has-medium-font-size\"><strong>Le Moulin \u00e0 vent de Marpent :<\/strong><\/p>\n\n\n<div class=\"wp-block-image\">\n<figure class=\"aligncenter size-large is-resized\"><img data-recalc-dims=\"1\" loading=\"lazy\" decoding=\"async\" width=\"720\" height=\"1024\" src=\"https:\/\/i0.wp.com\/patrimoine-avesnois.fr\/moulins-vent\/wp-content\/uploads\/2024\/11\/Marpent-720x1024.jpg?resize=720%2C1024&#038;ssl=1\" alt=\"\" class=\"wp-image-263\" style=\"width:480px;height:auto\" srcset=\"https:\/\/i0.wp.com\/patrimoine-avesnois.fr\/moulins-vent\/wp-content\/uploads\/2024\/11\/Marpent-scaled.jpg?resize=720%2C1024 720w, https:\/\/i0.wp.com\/patrimoine-avesnois.fr\/moulins-vent\/wp-content\/uploads\/2024\/11\/Marpent-scaled.jpg?resize=211%2C300 211w, https:\/\/i0.wp.com\/patrimoine-avesnois.fr\/moulins-vent\/wp-content\/uploads\/2024\/11\/Marpent-scaled.jpg?resize=768%2C1092 768w, https:\/\/i0.wp.com\/patrimoine-avesnois.fr\/moulins-vent\/wp-content\/uploads\/2024\/11\/Marpent-scaled.jpg?resize=1080%2C1536 1080w, https:\/\/i0.wp.com\/patrimoine-avesnois.fr\/moulins-vent\/wp-content\/uploads\/2024\/11\/Marpent-scaled.jpg?resize=1440%2C2048 1440w, https:\/\/i0.wp.com\/patrimoine-avesnois.fr\/moulins-vent\/wp-content\/uploads\/2024\/11\/Marpent-scaled.jpg?resize=1200%2C1707 1200w, https:\/\/i0.wp.com\/patrimoine-avesnois.fr\/moulins-vent\/wp-content\/uploads\/2024\/11\/Marpent-scaled.jpg?w=1800 1800w, https:\/\/i0.wp.com\/patrimoine-avesnois.fr\/moulins-vent\/wp-content\/uploads\/2024\/11\/Marpent-scaled.jpg?w=1680 1680w\" sizes=\"auto, (max-width: 720px) 85vw, 720px\" \/><figcaption class=\"wp-element-caption\">Le Moulin de la Parapette \u00e0 Marpent<\/figcaption><\/figure>\n<\/div>\n\n<div class=\"wp-block-image\">\n<figure class=\"aligncenter\"><img decoding=\"async\" src=\"https:\/\/i0.wp.com\/patrimoine-avesnois.fr\/chemin\/wp-content\/uploads\/2021\/04\/Capture-3.jpg?resize=840%2C631\" alt=\"\" class=\"wp-image-12260\"\/><figcaption class=\"wp-element-caption\">Le Moulin de la Parapette \u00e0 Marpent<a href=\"https:\/\/www.google.fr\/maps\/@50.2988975,4.073113,3a,75y,177.01h,88.15t\/data=!3m9!1e1!3m7!1sY1d-QZvY5ehmR1hOK1iE4g!2e0!7i13312!8i6656!9m2!1b1!2i50\" target=\"_blank\" rel=\"noreferrer noopener\">&nbsp;Cit\u00e9 L\u00e9o Lagrange<\/a><\/figcaption><\/figure>\n<\/div>\n\n\n<p>Le Moulin \u00e0 vent de Marpent appel\u00e9 commun\u00e9ment le Moulin de la Parapette est un Moulin Tour en moellons de pierre bleue. Il est ant\u00e9rieur \u00e0 1758 car il figure sur la carte de Cassini. Jean FISSIAU mari\u00e9 \u00e0 Fran\u00e7oise Philippine CANTINEAU est alors meunier \u00e0 Marpent. Ce moulin appel\u00e9 \u00e0 l\u2019\u00e9poque le Moulin de la Folie d\u2019En Haut (il est en effet \u00e0 l\u2019emplacement du point le plus haut de la commune) est d\u00e9tenu vers 1775 par Lambert Antoine Eug\u00e8ne Lagase de B\u00c9COURT, maitre de forge \u00e0 Jeumont (1). <\/p>\n\n\n\n<p>Dans l&rsquo;\u00e9tat des moulins des cantons de Maubeuge \u00e9tabli le 25 Messidor An IV (1796) on rel\u00e8ve pour Marpent deux moulins tenus par les citoyens Jean LECLERCQ et Joseph VITIL. Peu de temps apr\u00e8s, il n&rsquo;est plus fait mention que du seul moulin de la Parapette.<\/p>\n\n\n\n<p>Modeste COLLART (\u00b0 1781 + 1851), meunier originaire de Jeumont en est le propri\u00e9taire en 1807. Il est alors acquis vers 1810 par Catherine LEJUSTE, fille de Thomas et de Marie Catherine Godin puis d\u00e9tenu en 1828 par son fr\u00e8re Antoine LEJUSTE qui le vend vers 1835 \u00e0 Antoine BUREAU (\u00b0 1800 Boussois + 1883 &nbsp;Longueil-Sainte-Marie, Oise).<\/p>\n\n\n<div class=\"wp-block-image\">\n<figure class=\"aligncenter\"><img decoding=\"async\" src=\"https:\/\/i0.wp.com\/patrimoine-avesnois.fr\/chemin\/wp-content\/uploads\/2021\/04\/image-1.png?resize=788%2C630\" alt=\"\" class=\"wp-image-12258\"\/><figcaption class=\"wp-element-caption\">Acte de naissance de Fran\u00e7ois Joachim LEJUSTE le 28\/12\/1836 en sa maison La Folie d\u2019En Haut ADN NMD [1793-1850] Vue 635\/818<\/figcaption><\/figure>\n<\/div>\n\n\n<p>Le fils d\u2019Antoine BUREAU Fran\u00e7ois Joachim (\u00b01832 + 1887) est cultivateur et meunier du Moulin \u00e0 vent de Marpent en 1865 \u00e0 (2). Selon le cadastre il est en ruine en 1877. Achet\u00e9 en 1880 par Louis Emile BAUCHET, cet aubergiste de Jeumont le transforme en habitation. Cette transformation explique pourquoi la pr\u00e9sence de fen\u00eatres en haut de la tour, laquelle a donc \u00e9t\u00e9 rehauss\u00e9e. Toujours selon le cadastre le moulin \u00e0 vent de Marpent appartient en 1924 \u00e0 Georges PRUVOST directeur de la Banque g\u00e9n\u00e9rale du Nord \u00e0 Jeumont mari\u00e9 en 1922 \u00e0 Marpent avec Madeleine Maria MORTIER, ensuite en 1925 \u00e0 Jules HANON fondeur en fonte \u00e0 Jeumont puis \u00e0 Marpent. Cyrille GUIPONNI est d\u00e9tenteur du moulin de la Parapette en 1940 puis en 1964 sa veuve n\u00e9e Isetta ALBERTI. Apr\u00e8s son d\u00e9c\u00e8s le moulin est abandonn\u00e9. Il est acquis en 1990 par le commune. Plusieurs projets de r\u00e9habilitation men\u00e9s \u00e0 la fois par la mairie et l\u2019association \u00ab&nbsp;Les Amis du Moulin&nbsp;\u00bb \u00e9chouent jusqu\u2019\u00e0 la mise en place en 2005 de nouveaux plans : le moulin est inaugur\u00e9 en 2013, et se voit attribuer des ailes de type Berton (syst\u00e8me de volets longitudinaux sur toute la longueur de la voile) ayant une envergure de 14 m\u00e8tres. Pour l\u2019anecdote ce moulin de la Parapette est le seul moulin typiquement vend\u00e9en de l\u2019Avesnois : il doit la configuration de ses ailes par l\u2019envoi d\u2019une carte postale du moulin de Rair\u00e9 en Vend\u00e9e falsifi\u00e9e au niveau du cachet avec le nom de Marpent.<\/p>\n\n\n\n<p>(1) : ADN C 18812<\/p>\n\n\n\n<p>(2) : ADN Matrices cadastrales 35 P 939 B NB 1847 1913<\/p>\n","protected":false},"excerpt":{"rendered":"<p>Le Moulin \u00e0 vent de Marpent : Le Moulin \u00e0 vent de Marpent appel\u00e9 commun\u00e9ment le Moulin de la Parapette est un Moulin Tour en moellons de pierre bleue. Il est ant\u00e9rieur \u00e0 1758 car il figure sur la carte de Cassini. Jean FISSIAU mari\u00e9 \u00e0 Fran\u00e7oise Philippine CANTINEAU est alors meunier \u00e0 Marpent. Ce &hellip; <a href=\"http:\/\/patrimoine-avesnois.fr\/moulins-vent\/marpent\/\" class=\"more-link\">Continuer la lecture<span class=\"screen-reader-text\"> de &laquo;&nbsp;Marpent&nbsp;&raquo;<\/span><\/a><\/p>\n","protected":false},"author":2,"featured_media":0,"parent":0,"menu_order":0,"comment_status":"closed","ping_status":"closed","template":"","meta":{"footnotes":""},"class_list":["post-98","page","type-page","status-publish","hentry"],"jetpack_sharing_enabled":true,"_links":{"self":[{"href":"http:\/\/patrimoine-avesnois.fr\/moulins-vent\/wp-json\/wp\/v2\/pages\/98","targetHints":{"allow":["GET"]}}],"collection":[{"href":"http:\/\/patrimoine-avesnois.fr\/moulins-vent\/wp-json\/wp\/v2\/pages"}],"about":[{"href":"http:\/\/patrimoine-avesnois.fr\/moulins-vent\/wp-json\/wp\/v2\/types\/page"}],"author":[{"embeddable":true,"href":"http:\/\/patrimoine-avesnois.fr\/moulins-vent\/wp-json\/wp\/v2\/users\/2"}],"replies":[{"embeddable":true,"href":"http:\/\/patrimoine-avesnois.fr\/moulins-vent\/wp-json\/wp\/v2\/comments?post=98"}],"version-history":[{"count":4,"href":"http:\/\/patrimoine-avesnois.fr\/moulins-vent\/wp-json\/wp\/v2\/pages\/98\/revisions"}],"predecessor-version":[{"id":267,"href":"http:\/\/patrimoine-avesnois.fr\/moulins-vent\/wp-json\/wp\/v2\/pages\/98\/revisions\/267"}],"wp:attachment":[{"href":"http:\/\/patrimoine-avesnois.fr\/moulins-vent\/wp-json\/wp\/v2\/media?parent=98"}],"curies":[{"name":"wp","href":"https:\/\/api.w.org\/{rel}","templated":true}]}}